{"id":1460,"date":"2020-12-16T15:56:58","date_gmt":"2020-12-16T18:56:58","guid":{"rendered":"https:\/\/homologacao.pacoteshyatt.com.br\/rio-de-janeiro\/?page_id=1460"},"modified":"2021-01-11T14:14:10","modified_gmt":"2021-01-11T17:14:10","slug":"restaurante-shiso","status":"publish","type":"page","link":"https:\/\/homologacao.pacoteshyatt.com.br\/rio-de-janeiro\/grand-hyatt-rio-de-janeiro\/gastronomia\/restaurante-shiso\/","title":{"rendered":"Restaurante Shiso"},"content":{"rendered":"\n<div class=\"wp-container-6a060fa0dadad wp-block-group intro-content-home text-center\"><div class=\"wp-block-group__inner-container\"><div class=\"wp-bootstrap-blocks-container container mb-2\">\n\t\n<div class=\"wp-bootstrap-blocks-row row\">\n\t\n\n<div class=\"col-12 col-md-12 inner-intro-content\">\n\t\t\t\n\n<div class=\"wp-container-6a060fa0da888 wp-block-group inner-content\"><div class=\"wp-block-group__inner-container\">\n<h1>SHISO<\/h1>\n\n\n\n<p>Uma verdadeira viagem pela cultura oriental. Perfeito para soborear um jantar intimista com sabores mais marcantes em um ambiente sofisticado com drinques eseciais feitos \u00e0 base de bebidas japonesas. <\/p>\n\n\n\n<p><\/p>\n\n\n\n<div class=\"wp-container-6a060fa0da453 wp-block-group\"><div class=\"wp-block-group__inner-container\">\n<p><a class=\"btn\" href=\"https:\/\/homologacao.pacoteshyatt.com.br\/rio-de-janeiro\/wp-admin\/post.php?post=845&amp;action=edit#\">ACESSE O MENU DO SHISO<\/a><\/p>\n<\/div><\/div>\n<\/div><\/div>\n\n\t<\/div>\n\n<\/div>\n\n<\/div>\n<\/div><\/div>\n\n\n        <div class=\"fancionam-section\">\n            <div class=\"container\">\n                <div class=\"innre-fancionam-col\">\n                    <div class=\"fanci-col-inner text-center\">\n                        <h2>Funcionamento<\/h2>\n                        <div class=\"row\">\n                            <div class=\"col-12 \">\n                                <div class=\"inner-content\">\n                                    <h3>Jantar<\/h3>\n                                    <p>Ter\u00e7a a domingo das 19h<br\/>Final de semana e feriados das 19h \u00e0s 00h<br\/>Segunda a domingo a partir das 19h<\/p>\n                                <\/div>\n                            <\/div>\n                                                    <\/div>\n                                            <\/div>\n                <\/div>\n            <\/div>\n        <\/div>\n        \n\n        <div class=\"destaques-section d-md-block\">\n            <div class=\"container\">\n                <div class=\"row\">\n                    <div class=\"inner-destaques-col col-12\">\n                        <div class=\"all-section-title\">\n                            <h2>Destaques<\/h2>\n                        <\/div>\n                                                    <div class=\"swiper-container\">\n                               <div class=\"swiper-wrapper\">\n                                                                      <div class=\"swiper-slide product type-product post-45 status-publish first instock product_cat-gastronomia product_cat-portas-abertas has-post-thumbnail virtual purchasable product-type-variable\" >\n                                       <div>\n                                           <a href=\"https:\/\/homologacao.pacoteshyatt.com.br\/rio-de-janeiro\/product\/delicioso-cafe-da-manha\/\" class=\"woocommerce-LoopProduct-link woocommerce-loop-product__link\"><img class=\"catalog-image\" src=\"https:\/\/homologacao.pacoteshyatt.com.br\/rio-de-janeiro\/wp-content\/uploads\/sites\/2\/2020\/10\/423-616x400.jpg\"\/><\/a>                                           <div class=\"product-details\">\n                                               <a href=\"https:\/\/homologacao.pacoteshyatt.com.br\/rio-de-janeiro\/product\/delicioso-cafe-da-manha\/\" class=\"woocommerce-LoopProduct-link woocommerce-loop-product__link\"><h2 class=\"woocommerce-loop-product__title\">Caf\u00e9 da Manh\u00e3<\/h2><\/a>                                           <\/div>\n                                       <\/div>\n                                       <div>\n                                           <div class=\"product-details\">\n                                               \n<div class=\"price\"><span class=\"part\">&nbsp;<\/span><strong class=\"price\">&#82;&#36; 106.50<\/strong><\/div>\n<div class=\"d-flex justify-content-between align-items-center mb-2 mr-3\">\n<a href=\"https:\/\/homologacao.pacoteshyatt.com.br\/rio-de-janeiro\/product\/delicioso-cafe-da-manha\/\" class=\"btn button product_type_variable add_to_cart_button\" >Saiba Mais<\/a><span class=\"cart-icon pr-2\"><a href=\"https:\/\/homologacao.pacoteshyatt.com.br\/rio-de-janeiro\/product\/delicioso-cafe-da-manha\/\" data-quantity=\"1\" class=\"button product_type_variable add_to_cart_button\" data-product_id=\"45\" data-product_sku=\"\" aria-label=\"Selecione as op\u00e7\u00f5es para &ldquo;Caf\u00e9 da Manh\u00e3&rdquo;\" rel=\"nofollow\"><\/a><\/span><\/div>\n                                           <\/div>\n                                       <\/div>\n                                   <\/div>\n                                                                      <div class=\"swiper-slide product type-product post-636 status-publish instock product_cat-gastronomia product_cat-portas-abertas has-post-thumbnail sale virtual purchasable product-type-simple\" >\n                                       <div>\n                                           <a href=\"https:\/\/homologacao.pacoteshyatt.com.br\/rio-de-janeiro\/product\/omakase-com-harmonizacao-de-saques\/\" class=\"woocommerce-LoopProduct-link woocommerce-loop-product__link\"><img class=\"catalog-image\" src=\"https:\/\/homologacao.pacoteshyatt.com.br\/rio-de-janeiro\/wp-content\/uploads\/sites\/2\/2020\/10\/Shiso-sal-616x400.png\"\/><\/a>                                           <div class=\"product-details\">\n                                               <a href=\"https:\/\/homologacao.pacoteshyatt.com.br\/rio-de-janeiro\/product\/omakase-com-harmonizacao-de-saques\/\" class=\"woocommerce-LoopProduct-link woocommerce-loop-product__link\"><h2 class=\"woocommerce-loop-product__title\">Omakase &#8211; Menu 5 tempos<\/h2><\/a>                                           <\/div>\n                                       <\/div>\n                                       <div>\n                                           <div class=\"product-details\">\n                                               \n<div class=\"price\"><span class=\"part\">&nbsp;<\/span><div class=\"off-outer\"><del>&#82;&#36; 450.00<\/del><span class=\"off\">11% OFF<\/span><\/div><strong class=\"price\">&#82;&#36; 400.00<\/strong><\/div>\n<div class=\"d-flex justify-content-between align-items-center mb-2 mr-3\">\n<a href=\"https:\/\/homologacao.pacoteshyatt.com.br\/rio-de-janeiro\/product\/omakase-com-harmonizacao-de-saques\/\" class=\"btn button product_type_simple add_to_cart_button ajax_add_to_cart\" >Saiba Mais<\/a><span class=\"cart-icon pr-2\"><a href=\"?add-to-cart=636\" data-quantity=\"1\" class=\"button product_type_simple add_to_cart_button ajax_add_to_cart\" data-product_id=\"636\" data-product_sku=\"\" aria-label=\"Adicionar &ldquo;Omakase - Menu 5 tempos&rdquo; no seu carrinho\" rel=\"nofollow\"><\/a><\/span><\/div>\n                                           <\/div>\n                                       <\/div>\n                                   <\/div>\n                                                                  <\/div>\n                           <\/div>\n                           <div class=\"swiper-button-next\"><\/div>\n                           <div class=\"swiper-button-prev\"><\/div>\n                                        <\/div>\n                <\/div>\n            <\/div>\n        <\/div>\n                       \n        \n\n        <div class=\"service-section\">\n            <div class=\"container\">\n                <div class=\"row\">\n                    <div class=\"inner-service-col col-12\">\n                                                <div class=\"all-section-title\">\n                            <h2>Nossos Restaurantes<\/h2>\n                        <\/div>\n                                                <div class=\"d-flex flex-wrap inner-service-section justify-content-center\">\n                                    <div class=\"col-6 col-sm-4 col-lg-3 custom-3-col\">\n                                <a href=\"\" class=\"service-image\">\n                                    <div class=\"inner-service-image\">\n                                        <img src=\"https:\/\/homologacao.pacoteshyatt.com.br\/rio-de-janeiro\/wp-content\/uploads\/sites\/2\/2020\/12\/cafe-tano-e1607738446988.jpg\" alt=\"TANO\">\n                                    <\/div>\n                                    <div class=\"btn-col\">\n                                        <span class=\"btn with-border\">| TANO<\/span>\n                                    <\/div>\n                                <\/a>\n                            <\/div>\n                                        <div class=\"col-6 col-sm-4 col-lg-3 custom-3-col\">\n                                <a href=\"\" class=\"service-image\">\n                                    <div class=\"inner-service-image\">\n                                        <img src=\"https:\/\/homologacao.pacoteshyatt.com.br\/rio-de-janeiro\/wp-content\/uploads\/sites\/2\/2020\/12\/canto_1.jpg\" alt=\"CANT\u00d4\">\n                                    <\/div>\n                                    <div class=\"btn-col\">\n                                        <span class=\"btn with-border\">| CANT\u00d4<\/span>\n                                    <\/div>\n                                <\/a>\n                            <\/div>\n                                        <div class=\"col-6 col-sm-4 col-lg-3 custom-3-col\">\n                                <a href=\"\" class=\"service-image\">\n                                    <div class=\"inner-service-image\">\n                                        <img src=\"https:\/\/homologacao.pacoteshyatt.com.br\/rio-de-janeiro\/wp-content\/uploads\/sites\/2\/2020\/12\/quiosque_1.jpg\" alt=\"QUIOSQUE 24h\">\n                                    <\/div>\n                                    <div class=\"btn-col\">\n                                        <span class=\"btn with-border\">| QUIOSQUE 24h<\/span>\n                                    <\/div>\n                                <\/a>\n                            <\/div>\n                                    <\/div>\n                    <\/div>\n                <\/div>\n            <\/div>\n        <\/div>\n        ","protected":false},"excerpt":{"rendered":"","protected":false},"author":1,"featured_media":0,"parent":655,"menu_order":0,"comment_status":"closed","ping_status":"closed","template":"","meta":[],"yoast_head":"<!-- This site is optimized with the Yoast SEO plugin v17.2.1 - https:\/\/yoast.com\/wordpress\/plugins\/seo\/ -->\n<title>Restaurante Shiso - GRAND HYATT RIO DE JANEIRO<\/title>\n<meta name=\"robots\" content=\"noindex, follow, max-snippet:-1, max-image-preview:large, max-video-preview:-1\" \/>\n<meta property=\"og:locale\" content=\"pt_BR\" \/>\n<meta property=\"og:type\" content=\"article\" \/>\n<meta property=\"og:title\" content=\"Restaurante Shiso - GRAND HYATT RIO DE JANEIRO\" \/>\n<meta property=\"og:url\" content=\"https:\/\/homologacao.pacoteshyatt.com.br\/rio-de-janeiro\/grand-hyatt-rio-de-janeiro\/gastronomia\/restaurante-shiso\/\" \/>\n<meta property=\"og:site_name\" content=\"GRAND HYATT RIO DE JANEIRO\" \/>\n<meta property=\"article:modified_time\" content=\"2021-01-11T17:14:10+00:00\" \/>\n<meta name=\"twitter:card\" content=\"summary_large_image\" \/>\n<script type=\"application\/ld+json\" class=\"yoast-schema-graph\">{\"@context\":\"https:\/\/schema.org\",\"@graph\":[{\"@type\":\"WebSite\",\"@id\":\"https:\/\/homologacao.pacoteshyatt.com.br\/rio-de-janeiro\/#website\",\"url\":\"https:\/\/homologacao.pacoteshyatt.com.br\/rio-de-janeiro\/\",\"name\":\"GRAND HYATT RIO DE JANEIRO\",\"description\":\"S\\u00f3 mais um site Hot\\u00e9is Grand Hyatt Rio de Janeiro e S\\u00e3o Paulo sites\",\"potentialAction\":[{\"@type\":\"SearchAction\",\"target\":{\"@type\":\"EntryPoint\",\"urlTemplate\":\"https:\/\/homologacao.pacoteshyatt.com.br\/rio-de-janeiro\/?s={search_term_string}\"},\"query-input\":\"required name=search_term_string\"}],\"inLanguage\":\"pt-BR\"},{\"@type\":\"WebPage\",\"@id\":\"https:\/\/homologacao.pacoteshyatt.com.br\/rio-de-janeiro\/grand-hyatt-rio-de-janeiro\/gastronomia\/restaurante-shiso\/#webpage\",\"url\":\"https:\/\/homologacao.pacoteshyatt.com.br\/rio-de-janeiro\/grand-hyatt-rio-de-janeiro\/gastronomia\/restaurante-shiso\/\",\"name\":\"Restaurante Shiso - GRAND HYATT RIO DE JANEIRO\",\"isPartOf\":{\"@id\":\"https:\/\/homologacao.pacoteshyatt.com.br\/rio-de-janeiro\/#website\"},\"datePublished\":\"2020-12-16T18:56:58+00:00\",\"dateModified\":\"2021-01-11T17:14:10+00:00\",\"breadcrumb\":{\"@id\":\"https:\/\/homologacao.pacoteshyatt.com.br\/rio-de-janeiro\/grand-hyatt-rio-de-janeiro\/gastronomia\/restaurante-shiso\/#breadcrumb\"},\"inLanguage\":\"pt-BR\",\"potentialAction\":[{\"@type\":\"ReadAction\",\"target\":[\"https:\/\/homologacao.pacoteshyatt.com.br\/rio-de-janeiro\/grand-hyatt-rio-de-janeiro\/gastronomia\/restaurante-shiso\/\"]}]},{\"@type\":\"BreadcrumbList\",\"@id\":\"https:\/\/homologacao.pacoteshyatt.com.br\/rio-de-janeiro\/grand-hyatt-rio-de-janeiro\/gastronomia\/restaurante-shiso\/#breadcrumb\",\"itemListElement\":[{\"@type\":\"ListItem\",\"position\":1,\"name\":\"Home\",\"item\":\"https:\/\/homologacao.pacoteshyatt.com.br\/rio-de-janeiro\/\"},{\"@type\":\"ListItem\",\"position\":2,\"name\":\"Grand Hyatt Rio de Janeiro\",\"item\":\"https:\/\/homologacao.pacoteshyatt.com.br\/rio-de-janeiro\/\"},{\"@type\":\"ListItem\",\"position\":3,\"name\":\"Gastronomia\",\"item\":\"https:\/\/homologacao.pacoteshyatt.com.br\/rio-de-janeiro\/grand-hyatt-rio-de-janeiro\/gastronomia\/\"},{\"@type\":\"ListItem\",\"position\":4,\"name\":\"Restaurante Shiso\"}]}]}<\/script>\n<!-- \/ Yoast SEO plugin. -->","yoast_head_json":{"title":"Restaurante Shiso - GRAND HYATT RIO DE JANEIRO","robots":{"index":"noindex","follow":"follow","max-snippet":"max-snippet:-1","max-image-preview":"max-image-preview:large","max-video-preview":"max-video-preview:-1"},"og_locale":"pt_BR","og_type":"article","og_title":"Restaurante Shiso - GRAND HYATT RIO DE JANEIRO","og_url":"https:\/\/homologacao.pacoteshyatt.com.br\/rio-de-janeiro\/grand-hyatt-rio-de-janeiro\/gastronomia\/restaurante-shiso\/","og_site_name":"GRAND HYATT RIO DE JANEIRO","article_modified_time":"2021-01-11T17:14:10+00:00","twitter_card":"summary_large_image","schema":{"@context":"https:\/\/schema.org","@graph":[{"@type":"WebSite","@id":"https:\/\/homologacao.pacoteshyatt.com.br\/rio-de-janeiro\/#website","url":"https:\/\/homologacao.pacoteshyatt.com.br\/rio-de-janeiro\/","name":"GRAND HYATT RIO DE JANEIRO","description":"S\u00f3 mais um site Hot\u00e9is Grand Hyatt Rio de Janeiro e S\u00e3o Paulo sites","potentialAction":[{"@type":"SearchAction","target":{"@type":"EntryPoint","urlTemplate":"https:\/\/homologacao.pacoteshyatt.com.br\/rio-de-janeiro\/?s={search_term_string}"},"query-input":"required name=search_term_string"}],"inLanguage":"pt-BR"},{"@type":"WebPage","@id":"https:\/\/homologacao.pacoteshyatt.com.br\/rio-de-janeiro\/grand-hyatt-rio-de-janeiro\/gastronomia\/restaurante-shiso\/#webpage","url":"https:\/\/homologacao.pacoteshyatt.com.br\/rio-de-janeiro\/grand-hyatt-rio-de-janeiro\/gastronomia\/restaurante-shiso\/","name":"Restaurante Shiso - GRAND HYATT RIO DE JANEIRO","isPartOf":{"@id":"https:\/\/homologacao.pacoteshyatt.com.br\/rio-de-janeiro\/#website"},"datePublished":"2020-12-16T18:56:58+00:00","dateModified":"2021-01-11T17:14:10+00:00","breadcrumb":{"@id":"https:\/\/homologacao.pacoteshyatt.com.br\/rio-de-janeiro\/grand-hyatt-rio-de-janeiro\/gastronomia\/restaurante-shiso\/#breadcrumb"},"inLanguage":"pt-BR","potentialAction":[{"@type":"ReadAction","target":["https:\/\/homologacao.pacoteshyatt.com.br\/rio-de-janeiro\/grand-hyatt-rio-de-janeiro\/gastronomia\/restaurante-shiso\/"]}]},{"@type":"BreadcrumbList","@id":"https:\/\/homologacao.pacoteshyatt.com.br\/rio-de-janeiro\/grand-hyatt-rio-de-janeiro\/gastronomia\/restaurante-shiso\/#breadcrumb","itemListElement":[{"@type":"ListItem","position":1,"name":"Home","item":"https:\/\/homologacao.pacoteshyatt.com.br\/rio-de-janeiro\/"},{"@type":"ListItem","position":2,"name":"Grand Hyatt Rio de Janeiro","item":"https:\/\/homologacao.pacoteshyatt.com.br\/rio-de-janeiro\/"},{"@type":"ListItem","position":3,"name":"Gastronomia","item":"https:\/\/homologacao.pacoteshyatt.com.br\/rio-de-janeiro\/grand-hyatt-rio-de-janeiro\/gastronomia\/"},{"@type":"ListItem","position":4,"name":"Restaurante Shiso"}]}]}},"_links":{"self":[{"href":"https:\/\/homologacao.pacoteshyatt.com.br\/rio-de-janeiro\/wp-json\/wp\/v2\/pages\/1460"}],"collection":[{"href":"https:\/\/homologacao.pacoteshyatt.com.br\/rio-de-janeiro\/wp-json\/wp\/v2\/pages"}],"about":[{"href":"https:\/\/homologacao.pacoteshyatt.com.br\/rio-de-janeiro\/wp-json\/wp\/v2\/types\/page"}],"author":[{"embeddable":true,"href":"https:\/\/homologacao.pacoteshyatt.com.br\/rio-de-janeiro\/wp-json\/wp\/v2\/users\/1"}],"replies":[{"embeddable":true,"href":"https:\/\/homologacao.pacoteshyatt.com.br\/rio-de-janeiro\/wp-json\/wp\/v2\/comments?post=1460"}],"version-history":[{"count":10,"href":"https:\/\/homologacao.pacoteshyatt.com.br\/rio-de-janeiro\/wp-json\/wp\/v2\/pages\/1460\/revisions"}],"predecessor-version":[{"id":1830,"href":"https:\/\/homologacao.pacoteshyatt.com.br\/rio-de-janeiro\/wp-json\/wp\/v2\/pages\/1460\/revisions\/1830"}],"up":[{"embeddable":true,"href":"https:\/\/homologacao.pacoteshyatt.com.br\/rio-de-janeiro\/wp-json\/wp\/v2\/pages\/655"}],"wp:attachment":[{"href":"https:\/\/homologacao.pacoteshyatt.com.br\/rio-de-janeiro\/wp-json\/wp\/v2\/media?parent=1460"}],"curies":[{"name":"wp","href":"https:\/\/api.w.org\/{rel}","templated":true}]}}