{"id":179,"date":"2020-10-22T12:05:55","date_gmt":"2020-10-22T15:05:55","guid":{"rendered":"https:\/\/homologacao.pacoteshyatt.com.br\/rio-de-janeiro\/?page_id=179"},"modified":"2020-12-19T15:29:52","modified_gmt":"2020-12-19T18:29:52","slug":"eventos","status":"publish","type":"page","link":"https:\/\/homologacao.pacoteshyatt.com.br\/rio-de-janeiro\/grand-hyatt-rio-de-janeiro\/eventos\/","title":{"rendered":"Espa\u00e7os de Eventos"},"content":{"rendered":"\n<div class=\"wp-container-69fbd0e6ab221 wp-block-group intro-content-home text-center\"><div class=\"wp-block-group__inner-container\"><div class=\"wp-bootstrap-blocks-container container mb-2\">\n\t\n<div class=\"wp-bootstrap-blocks-row row\">\n\t\n\n<div class=\"col-12 col-md-12 inner-intro-content\">\n\t\t\t\n\n<div class=\"wp-container-69fbd0e6aad32 wp-block-group inner-content\"><div class=\"wp-block-group__inner-container\">\n<h1>Espa\u00e7os de Eventos<\/h1>\n\n\n\n<p> Todos os\u00a0ambientes do Grand Hyatt Rio de Janeiro contam com espa\u00e7os integrados com a natureza proporcionando a harmonia perfeita entre o requinte e a informalidade. S\u00e3o mais de 2.000m\u00b2 de espa\u00e7os de eventos, al\u00e9m de servi\u00e7o e infraestrutura 5 estrelas na Barra da Tijuca.  <\/p>\n<\/div><\/div>\n\n\t<\/div>\n\n<\/div>\n\n<\/div>\n<\/div><\/div>\n\n\n\n<div class=\"wp-container-69fbd0e6abcc1 wp-block-group grand-taste-top-section\"><div class=\"wp-block-group__inner-container\"><div class=\"wp-bootstrap-blocks-container container mb-2 product-descrip-section\">\n\t\n<div class=\"wp-bootstrap-blocks-row row inner-taste-col\">\n\t\n\n<div class=\"col-12 col-md-6\">\n\t\t\t\n\n<figure class=\"wp-block-image size-large\"><img loading=\"lazy\" width=\"506\" height=\"313\" src=\"https:\/\/homologacao.pacoteshyatt.com.br\/rio-de-janeiro\/wp-content\/uploads\/sites\/2\/2020\/12\/lagoas.jpg\" alt=\"\" class=\"wp-image-1475\" srcset=\"https:\/\/homologacao.pacoteshyatt.com.br\/rio-de-janeiro\/wp-content\/uploads\/sites\/2\/2020\/12\/lagoas.jpg 506w, https:\/\/homologacao.pacoteshyatt.com.br\/rio-de-janeiro\/wp-content\/uploads\/sites\/2\/2020\/12\/lagoas-300x186.jpg 300w, https:\/\/homologacao.pacoteshyatt.com.br\/rio-de-janeiro\/wp-content\/uploads\/sites\/2\/2020\/12\/lagoas-308x191.jpg 308w, https:\/\/homologacao.pacoteshyatt.com.br\/rio-de-janeiro\/wp-content\/uploads\/sites\/2\/2020\/12\/lagoas-348x215.jpg 348w\" sizes=\"(max-width: 506px) 100vw, 506px\" \/><\/figure>\n\n\t<\/div>\n\n\n\n<div class=\"col-12 col-md-6 description-content\">\n\t\t\t\n\n<h2>Eventos Corporativos<\/h2>\n\n\n\n<p>O espa\u00e7o perfeito para o seu evento corporativo. S\u00e3o espa\u00e7os divididos em salas de reuni\u00f5es com cozinha gourmet, centro de neg\u00f3cios, sal\u00f5es com varandas, equipamentos audiovisuais, entrada e check-in especial para grupos, menus personalizados, gerente de eventos no local e estacionamento com manobrista. <\/p>\n\n\n\n<p><a href=\"https:\/\/homologacao.pacoteshyatt.com.br\/rio-de-janeiro\/grand-hyatt-rio-de-janeiro\/eventos\/eventos-corporativos\/\" class=\"btn\">Conhe\u00e7a!<\/a><\/p>\n\n\t<\/div>\n\n<\/div>\n\n<\/div>\n\n\n<div class=\"wp-bootstrap-blocks-container container mb-2 product-descrip-section\">\n\t\n<div class=\"wp-bootstrap-blocks-row row inner-taste-col\">\n\t\n\n<div class=\"col-12 col-md-6 description-content\">\n\t\t\t\n\n<h2>Eventos Sociais<\/h2>\n\n\n\n<div class=\"wp-container-69fbd0e6ab7ee wp-block-group\"><div class=\"wp-block-group__inner-container\">\n<p>Casamento, festa de anivers\u00e1rio, batizados e comemora\u00e7\u00f5es intimistas. O Grand Hyatt Rio tem o espa\u00e7o perfeito para sua comemora\u00e7\u00e3o. Com a arquitetura do escrit\u00f3rio internacional Yabu Pushelberg e de Arthur casas, gastronomia de alto padr\u00e3o, vistas estonteantes e atendimento exclusivo, a sofistica\u00e7\u00e3o do Grand Hyatt Rio de Janeiro combina perfeitamente com as expectativas do seu grande dia. <br><\/p>\n<\/div><\/div>\n\n\n\n<p> <a href=\"https:\/\/homologacao.pacoteshyatt.com.br\/rio-de-janeiro\/grand-hyatt-rio-de-janeiro\/eventos\/eventos-sociais\/\" class=\"btn\">Saiba mais!<\/a> <\/p>\n\n\t<\/div>\n\n\n\n<div class=\"col-12 col-md-6 p-relative\">\n\t\t\t\n\n<figure class=\"wp-block-image size-large\"><img src=\"https:\/\/homologacao.pacoteshyatt.com.br\/rio-de-janeiro\/wp-content\/uploads\/sites\/2\/2020\/12\/tano-1.jpg\" alt=\"\" class=\"wp-image-1476\"\/><\/figure>\n\n\t<\/div>\n\n<\/div>\n\n<\/div>\n<\/div><\/div>\n","protected":false},"excerpt":{"rendered":"","protected":false},"author":1,"featured_media":0,"parent":30,"menu_order":0,"comment_status":"closed","ping_status":"closed","template":"","meta":[],"yoast_head":"<!-- This site is optimized with the Yoast SEO plugin v17.2.1 - https:\/\/yoast.com\/wordpress\/plugins\/seo\/ -->\n<title>Espa\u00e7os de Eventos - GRAND HYATT RIO DE JANEIRO<\/title>\n<meta name=\"robots\" content=\"noindex, follow, max-snippet:-1, max-image-preview:large, max-video-preview:-1\" \/>\n<meta property=\"og:locale\" content=\"pt_BR\" \/>\n<meta property=\"og:type\" content=\"article\" \/>\n<meta property=\"og:title\" content=\"Espa\u00e7os de Eventos - GRAND HYATT RIO DE JANEIRO\" \/>\n<meta property=\"og:url\" content=\"https:\/\/homologacao.pacoteshyatt.com.br\/rio-de-janeiro\/grand-hyatt-rio-de-janeiro\/eventos\/\" \/>\n<meta property=\"og:site_name\" content=\"GRAND HYATT RIO DE JANEIRO\" \/>\n<meta property=\"article:modified_time\" content=\"2020-12-19T18:29:52+00:00\" \/>\n<meta property=\"og:image\" content=\"https:\/\/homologacao.pacoteshyatt.com.br\/rio-de-janeiro\/wp-content\/uploads\/sites\/2\/2020\/12\/lagoas.jpg\" \/>\n<meta name=\"twitter:card\" content=\"summary_large_image\" \/>\n<meta name=\"twitter:label1\" content=\"Est. reading time\" \/>\n\t<meta name=\"twitter:data1\" content=\"1 minuto\" \/>\n<script type=\"application\/ld+json\" class=\"yoast-schema-graph\">{\"@context\":\"https:\/\/schema.org\",\"@graph\":[{\"@type\":\"WebSite\",\"@id\":\"https:\/\/homologacao.pacoteshyatt.com.br\/rio-de-janeiro\/#website\",\"url\":\"https:\/\/homologacao.pacoteshyatt.com.br\/rio-de-janeiro\/\",\"name\":\"GRAND HYATT RIO DE JANEIRO\",\"description\":\"S\\u00f3 mais um site Hot\\u00e9is Grand Hyatt Rio de Janeiro e S\\u00e3o Paulo sites\",\"potentialAction\":[{\"@type\":\"SearchAction\",\"target\":{\"@type\":\"EntryPoint\",\"urlTemplate\":\"https:\/\/homologacao.pacoteshyatt.com.br\/rio-de-janeiro\/?s={search_term_string}\"},\"query-input\":\"required name=search_term_string\"}],\"inLanguage\":\"pt-BR\"},{\"@type\":\"ImageObject\",\"@id\":\"https:\/\/homologacao.pacoteshyatt.com.br\/rio-de-janeiro\/grand-hyatt-rio-de-janeiro\/eventos\/#primaryimage\",\"inLanguage\":\"pt-BR\",\"url\":\"https:\/\/homologacao.pacoteshyatt.com.br\/rio-de-janeiro\/wp-content\/uploads\/sites\/2\/2020\/12\/lagoas.jpg\",\"contentUrl\":\"https:\/\/homologacao.pacoteshyatt.com.br\/rio-de-janeiro\/wp-content\/uploads\/sites\/2\/2020\/12\/lagoas.jpg\",\"width\":506,\"height\":313},{\"@type\":\"WebPage\",\"@id\":\"https:\/\/homologacao.pacoteshyatt.com.br\/rio-de-janeiro\/grand-hyatt-rio-de-janeiro\/eventos\/#webpage\",\"url\":\"https:\/\/homologacao.pacoteshyatt.com.br\/rio-de-janeiro\/grand-hyatt-rio-de-janeiro\/eventos\/\",\"name\":\"Espa\\u00e7os de Eventos - GRAND HYATT RIO DE JANEIRO\",\"isPartOf\":{\"@id\":\"https:\/\/homologacao.pacoteshyatt.com.br\/rio-de-janeiro\/#website\"},\"primaryImageOfPage\":{\"@id\":\"https:\/\/homologacao.pacoteshyatt.com.br\/rio-de-janeiro\/grand-hyatt-rio-de-janeiro\/eventos\/#primaryimage\"},\"datePublished\":\"2020-10-22T15:05:55+00:00\",\"dateModified\":\"2020-12-19T18:29:52+00:00\",\"breadcrumb\":{\"@id\":\"https:\/\/homologacao.pacoteshyatt.com.br\/rio-de-janeiro\/grand-hyatt-rio-de-janeiro\/eventos\/#breadcrumb\"},\"inLanguage\":\"pt-BR\",\"potentialAction\":[{\"@type\":\"ReadAction\",\"target\":[\"https:\/\/homologacao.pacoteshyatt.com.br\/rio-de-janeiro\/grand-hyatt-rio-de-janeiro\/eventos\/\"]}]},{\"@type\":\"BreadcrumbList\",\"@id\":\"https:\/\/homologacao.pacoteshyatt.com.br\/rio-de-janeiro\/grand-hyatt-rio-de-janeiro\/eventos\/#breadcrumb\",\"itemListElement\":[{\"@type\":\"ListItem\",\"position\":1,\"name\":\"Home\",\"item\":\"https:\/\/homologacao.pacoteshyatt.com.br\/rio-de-janeiro\/\"},{\"@type\":\"ListItem\",\"position\":2,\"name\":\"Grand Hyatt Rio de Janeiro\",\"item\":\"https:\/\/homologacao.pacoteshyatt.com.br\/rio-de-janeiro\/\"},{\"@type\":\"ListItem\",\"position\":3,\"name\":\"Espa\\u00e7os de Eventos\"}]}]}<\/script>\n<!-- \/ Yoast SEO plugin. -->","yoast_head_json":{"title":"Espa\u00e7os de Eventos - GRAND HYATT RIO DE JANEIRO","robots":{"index":"noindex","follow":"follow","max-snippet":"max-snippet:-1","max-image-preview":"max-image-preview:large","max-video-preview":"max-video-preview:-1"},"og_locale":"pt_BR","og_type":"article","og_title":"Espa\u00e7os de Eventos - GRAND HYATT RIO DE JANEIRO","og_url":"https:\/\/homologacao.pacoteshyatt.com.br\/rio-de-janeiro\/grand-hyatt-rio-de-janeiro\/eventos\/","og_site_name":"GRAND HYATT RIO DE JANEIRO","article_modified_time":"2020-12-19T18:29:52+00:00","og_image":[{"url":"https:\/\/homologacao.pacoteshyatt.com.br\/rio-de-janeiro\/wp-content\/uploads\/sites\/2\/2020\/12\/lagoas.jpg"}],"twitter_card":"summary_large_image","twitter_misc":{"Est. reading time":"1 minuto"},"schema":{"@context":"https:\/\/schema.org","@graph":[{"@type":"WebSite","@id":"https:\/\/homologacao.pacoteshyatt.com.br\/rio-de-janeiro\/#website","url":"https:\/\/homologacao.pacoteshyatt.com.br\/rio-de-janeiro\/","name":"GRAND HYATT RIO DE JANEIRO","description":"S\u00f3 mais um site Hot\u00e9is Grand Hyatt Rio de Janeiro e S\u00e3o Paulo sites","potentialAction":[{"@type":"SearchAction","target":{"@type":"EntryPoint","urlTemplate":"https:\/\/homologacao.pacoteshyatt.com.br\/rio-de-janeiro\/?s={search_term_string}"},"query-input":"required name=search_term_string"}],"inLanguage":"pt-BR"},{"@type":"ImageObject","@id":"https:\/\/homologacao.pacoteshyatt.com.br\/rio-de-janeiro\/grand-hyatt-rio-de-janeiro\/eventos\/#primaryimage","inLanguage":"pt-BR","url":"https:\/\/homologacao.pacoteshyatt.com.br\/rio-de-janeiro\/wp-content\/uploads\/sites\/2\/2020\/12\/lagoas.jpg","contentUrl":"https:\/\/homologacao.pacoteshyatt.com.br\/rio-de-janeiro\/wp-content\/uploads\/sites\/2\/2020\/12\/lagoas.jpg","width":506,"height":313},{"@type":"WebPage","@id":"https:\/\/homologacao.pacoteshyatt.com.br\/rio-de-janeiro\/grand-hyatt-rio-de-janeiro\/eventos\/#webpage","url":"https:\/\/homologacao.pacoteshyatt.com.br\/rio-de-janeiro\/grand-hyatt-rio-de-janeiro\/eventos\/","name":"Espa\u00e7os de Eventos - GRAND HYATT RIO DE JANEIRO","isPartOf":{"@id":"https:\/\/homologacao.pacoteshyatt.com.br\/rio-de-janeiro\/#website"},"primaryImageOfPage":{"@id":"https:\/\/homologacao.pacoteshyatt.com.br\/rio-de-janeiro\/grand-hyatt-rio-de-janeiro\/eventos\/#primaryimage"},"datePublished":"2020-10-22T15:05:55+00:00","dateModified":"2020-12-19T18:29:52+00:00","breadcrumb":{"@id":"https:\/\/homologacao.pacoteshyatt.com.br\/rio-de-janeiro\/grand-hyatt-rio-de-janeiro\/eventos\/#breadcrumb"},"inLanguage":"pt-BR","potentialAction":[{"@type":"ReadAction","target":["https:\/\/homologacao.pacoteshyatt.com.br\/rio-de-janeiro\/grand-hyatt-rio-de-janeiro\/eventos\/"]}]},{"@type":"BreadcrumbList","@id":"https:\/\/homologacao.pacoteshyatt.com.br\/rio-de-janeiro\/grand-hyatt-rio-de-janeiro\/eventos\/#breadcrumb","itemListElement":[{"@type":"ListItem","position":1,"name":"Home","item":"https:\/\/homologacao.pacoteshyatt.com.br\/rio-de-janeiro\/"},{"@type":"ListItem","position":2,"name":"Grand Hyatt Rio de Janeiro","item":"https:\/\/homologacao.pacoteshyatt.com.br\/rio-de-janeiro\/"},{"@type":"ListItem","position":3,"name":"Espa\u00e7os de Eventos"}]}]}},"_links":{"self":[{"href":"https:\/\/homologacao.pacoteshyatt.com.br\/rio-de-janeiro\/wp-json\/wp\/v2\/pages\/179"}],"collection":[{"href":"https:\/\/homologacao.pacoteshyatt.com.br\/rio-de-janeiro\/wp-json\/wp\/v2\/pages"}],"about":[{"href":"https:\/\/homologacao.pacoteshyatt.com.br\/rio-de-janeiro\/wp-json\/wp\/v2\/types\/page"}],"author":[{"embeddable":true,"href":"https:\/\/homologacao.pacoteshyatt.com.br\/rio-de-janeiro\/wp-json\/wp\/v2\/users\/1"}],"replies":[{"embeddable":true,"href":"https:\/\/homologacao.pacoteshyatt.com.br\/rio-de-janeiro\/wp-json\/wp\/v2\/comments?post=179"}],"version-history":[{"count":59,"href":"https:\/\/homologacao.pacoteshyatt.com.br\/rio-de-janeiro\/wp-json\/wp\/v2\/pages\/179\/revisions"}],"predecessor-version":[{"id":1479,"href":"https:\/\/homologacao.pacoteshyatt.com.br\/rio-de-janeiro\/wp-json\/wp\/v2\/pages\/179\/revisions\/1479"}],"up":[{"embeddable":true,"href":"https:\/\/homologacao.pacoteshyatt.com.br\/rio-de-janeiro\/wp-json\/wp\/v2\/pages\/30"}],"wp:attachment":[{"href":"https:\/\/homologacao.pacoteshyatt.com.br\/rio-de-janeiro\/wp-json\/wp\/v2\/media?parent=179"}],"curies":[{"name":"wp","href":"https:\/\/api.w.org\/{rel}","templated":true}]}}