{"id":845,"date":"2020-12-07T17:42:30","date_gmt":"2020-12-07T20:42:30","guid":{"rendered":"https:\/\/homologacao.pacoteshyatt.com.br\/rio-de-janeiro\/?page_id=845"},"modified":"2021-01-11T14:11:48","modified_gmt":"2021-01-11T17:11:48","slug":"espaco-tano","status":"publish","type":"page","link":"https:\/\/homologacao.pacoteshyatt.com.br\/rio-de-janeiro\/grand-hyatt-rio-de-janeiro\/gastronomia\/espaco-tano\/","title":{"rendered":"Espa\u00e7o Tano"},"content":{"rendered":"\n<div class=\"wp-container-6a0613022e414 wp-block-group intro-content-home text-center\"><div class=\"wp-block-group__inner-container\"><div class=\"wp-bootstrap-blocks-container container mb-2\">\n\t\n<div class=\"wp-bootstrap-blocks-row row\">\n\t\n\n<div class=\"col-12 col-md-12 inner-intro-content\">\n\t\t\t\n\n<div class=\"wp-container-6a0613022df28 wp-block-group inner-content\"><div class=\"wp-block-group__inner-container\">\n<h1>ESPA\u00c7O TANO<\/h1>\n\n\n\n<p>\u00c9 da cozinha aberta que sai um buf\u00ea generoso para o <strong>caf\u00e9 da manh\u00e3<\/strong>. Digno de um hotel cinco estrelas com buf\u00ea rico em variedades de p\u00e3es, frutas, caf\u00e9 e diversas del\u00edcias produzidas pela confeitaria do Grand Hyatt Rio de Janeiro.<\/p>\n\n\n\n<p>O espa\u00e7o vers\u00e1til com vista para a Lagoa de Marapendi \u00e9 tamb\u00e9m um convite irrecus\u00e1vel para a realiza\u00e7\u00e3o do seu e<strong>vento ou comemora\u00e7\u00f5es<\/strong>.<\/p>\n\n\n\n<div class=\"wp-container-6a0613022da6b wp-block-group\"><div class=\"wp-block-group__inner-container\"><\/div><\/div>\n<\/div><\/div>\n\n\t<\/div>\n\n<\/div>\n\n<\/div>\n<\/div><\/div>\n\n\n        <div class=\"fancionam-section\">\n            <div class=\"container\">\n                <div class=\"innre-fancionam-col\">\n                    <div class=\"fanci-col-inner text-center\">\n                        <h2>Funcionamento<\/h2>\n                        <div class=\"row\">\n                            <div class=\"col-12 \">\n                                <div class=\"inner-content\">\n                                    <h3>Caf\u00e9 da manh\u00e3<\/h3>\n                                    <p>Segunda a Sexta: das 7h \u00e0s 10h30 <\/br> Finais de semana e feriados: das 7h \u00e0s 11h<\/p>\n                                <\/div>\n                            <\/div>\n                                                    <\/div>\n                                            <\/div>\n                <\/div>\n            <\/div>\n        <\/div>\n        \n\n        <div class=\"destaques-section d-md-block\">\n            <div class=\"container\">\n                <div class=\"row\">\n                    <div class=\"inner-destaques-col col-12\">\n                        <div class=\"all-section-title\">\n                            <h2>Destaques<\/h2>\n                        <\/div>\n                                                    <div class=\"swiper-container\">\n                               <div class=\"swiper-wrapper\">\n                                                                      <div class=\"swiper-slide product type-product post-45 status-publish first instock product_cat-gastronomia product_cat-portas-abertas has-post-thumbnail virtual purchasable product-type-variable\" >\n                                       <div>\n                                           <a href=\"https:\/\/homologacao.pacoteshyatt.com.br\/rio-de-janeiro\/product\/delicioso-cafe-da-manha\/\" class=\"woocommerce-LoopProduct-link woocommerce-loop-product__link\"><img class=\"catalog-image\" src=\"https:\/\/homologacao.pacoteshyatt.com.br\/rio-de-janeiro\/wp-content\/uploads\/sites\/2\/2020\/10\/423-616x400.jpg\"\/><\/a>                                           <div class=\"product-details\">\n                                               <a href=\"https:\/\/homologacao.pacoteshyatt.com.br\/rio-de-janeiro\/product\/delicioso-cafe-da-manha\/\" class=\"woocommerce-LoopProduct-link woocommerce-loop-product__link\"><h2 class=\"woocommerce-loop-product__title\">Caf\u00e9 da Manh\u00e3<\/h2><\/a>                                           <\/div>\n                                       <\/div>\n                                       <div>\n                                           <div class=\"product-details\">\n                                               \n<div class=\"price\"><span class=\"part\">&nbsp;<\/span><strong class=\"price\">&#82;&#36; 106.50<\/strong><\/div>\n<div class=\"d-flex justify-content-between align-items-center mb-2 mr-3\">\n<a href=\"https:\/\/homologacao.pacoteshyatt.com.br\/rio-de-janeiro\/product\/delicioso-cafe-da-manha\/\" class=\"btn button product_type_variable add_to_cart_button\" >Saiba Mais<\/a><span class=\"cart-icon pr-2\"><a href=\"https:\/\/homologacao.pacoteshyatt.com.br\/rio-de-janeiro\/product\/delicioso-cafe-da-manha\/\" data-quantity=\"1\" class=\"button product_type_variable add_to_cart_button\" data-product_id=\"45\" data-product_sku=\"\" aria-label=\"Selecione as op\u00e7\u00f5es para &ldquo;Caf\u00e9 da Manh\u00e3&rdquo;\" rel=\"nofollow\"><\/a><\/span><\/div>\n                                           <\/div>\n                                       <\/div>\n                                   <\/div>\n                                                                      <div class=\"swiper-slide product type-product post-636 status-publish instock product_cat-gastronomia product_cat-portas-abertas has-post-thumbnail sale virtual purchasable product-type-simple\" >\n                                       <div>\n                                           <a href=\"https:\/\/homologacao.pacoteshyatt.com.br\/rio-de-janeiro\/product\/omakase-com-harmonizacao-de-saques\/\" class=\"woocommerce-LoopProduct-link woocommerce-loop-product__link\"><img class=\"catalog-image\" src=\"https:\/\/homologacao.pacoteshyatt.com.br\/rio-de-janeiro\/wp-content\/uploads\/sites\/2\/2020\/10\/Shiso-sal-616x400.png\"\/><\/a>                                           <div class=\"product-details\">\n                                               <a href=\"https:\/\/homologacao.pacoteshyatt.com.br\/rio-de-janeiro\/product\/omakase-com-harmonizacao-de-saques\/\" class=\"woocommerce-LoopProduct-link woocommerce-loop-product__link\"><h2 class=\"woocommerce-loop-product__title\">Omakase &#8211; Menu 5 tempos<\/h2><\/a>                                           <\/div>\n                                       <\/div>\n                                       <div>\n                                           <div class=\"product-details\">\n                                               \n<div class=\"price\"><span class=\"part\">&nbsp;<\/span><div class=\"off-outer\"><del>&#82;&#36; 450.00<\/del><span class=\"off\">11% OFF<\/span><\/div><strong class=\"price\">&#82;&#36; 400.00<\/strong><\/div>\n<div class=\"d-flex justify-content-between align-items-center mb-2 mr-3\">\n<a href=\"https:\/\/homologacao.pacoteshyatt.com.br\/rio-de-janeiro\/product\/omakase-com-harmonizacao-de-saques\/\" class=\"btn button product_type_simple add_to_cart_button ajax_add_to_cart\" >Saiba Mais<\/a><span class=\"cart-icon pr-2\"><a href=\"?add-to-cart=636\" data-quantity=\"1\" class=\"button product_type_simple add_to_cart_button ajax_add_to_cart\" data-product_id=\"636\" data-product_sku=\"\" aria-label=\"Adicionar &ldquo;Omakase - Menu 5 tempos&rdquo; no seu carrinho\" rel=\"nofollow\"><\/a><\/span><\/div>\n                                           <\/div>\n                                       <\/div>\n                                   <\/div>\n                                                                  <\/div>\n                           <\/div>\n                           <div class=\"swiper-button-next\"><\/div>\n                           <div class=\"swiper-button-prev\"><\/div>\n                                        <\/div>\n                <\/div>\n            <\/div>\n        <\/div>\n                       \n        \n\n        <div class=\"casamentos-form-section\">\n            <div class=\"container\">\n                <div class=\"row inner-casamentos-form\">\n                    <div role=\"form\" class=\"wpcf7\" id=\"wpcf7-f227-o1\" lang=\"pt-BR\" dir=\"ltr\">\n<div class=\"screen-reader-response\"><p role=\"status\" aria-live=\"polite\" aria-atomic=\"true\"><\/p> <ul><\/ul><\/div>\n<form action=\"\/rio-de-janeiro\/wp-json\/wp\/v2\/pages\/845#wpcf7-f227-o1\" method=\"post\" class=\"wpcf7-form init\" novalidate=\"novalidate\" data-status=\"init\">\n<div style=\"display: none;\">\n<input type=\"hidden\" name=\"_wpcf7\" value=\"227\" \/>\n<input type=\"hidden\" name=\"_wpcf7_version\" value=\"5.5.6\" \/>\n<input type=\"hidden\" name=\"_wpcf7_locale\" value=\"pt_BR\" \/>\n<input type=\"hidden\" name=\"_wpcf7_unit_tag\" value=\"wpcf7-f227-o1\" \/>\n<input type=\"hidden\" name=\"_wpcf7_container_post\" value=\"0\" \/>\n<input type=\"hidden\" name=\"_wpcf7_posted_data_hash\" value=\"\" \/>\n<\/div>\n<div class=\"all-section-title\">\n<h2>Solicitar or\u00e7amento<\/h2>\n<\/div>\n<div class=\"inner-form-col\">\n<ul>\n<li>\n            <label>NOME<\/label><br \/>\n            <span class=\"wpcf7-form-control-wrap nome\"><input type=\"text\" name=\"nome\" value=\"\" size=\"40\" class=\"wpcf7-form-control wpcf7-text\" aria-invalid=\"false\" \/><\/span>\n        <\/li>\n<li>\n            <label>Data do evento<\/label><br \/>\n            <span class=\"wpcf7-form-control-wrap data\"><input type=\"date\" name=\"data\" value=\"\" class=\"wpcf7-form-control wpcf7-date wpcf7-validates-as-date\" aria-invalid=\"false\" \/><\/span>\n        <\/li>\n<li>\n            <label>Telefone<\/label><br \/>\n            <span class=\"wpcf7-form-control-wrap telefone\"><input type=\"tel\" name=\"telefone\" value=\"\" size=\"40\" class=\"wpcf7-form-control wpcf7-text wpcf7-tel wpcf7-validates-as-tel\" aria-invalid=\"false\" \/><\/span>\n        <\/li>\n<li>\n            <label>Hor\u00e1rio<\/label><br \/>\n            <span class=\"wpcf7-form-control-wrap horario\"><input type=\"text\" name=\"horario\" value=\"\" size=\"40\" class=\"wpcf7-form-control wpcf7-text\" aria-invalid=\"false\" \/><\/span>\n        <\/li>\n<li>\n            <label>e-mail<\/label><br \/>\n            <span class=\"wpcf7-form-control-wrap email\"><input type=\"email\" name=\"email\" value=\"\" size=\"40\" class=\"wpcf7-form-control wpcf7-text wpcf7-email wpcf7-validates-as-email\" aria-invalid=\"false\" \/><\/span>\n        <\/li>\n<li>\n            <label>N\u00famero de convidados<\/label><br \/>\n            <span class=\"wpcf7-form-control-wrap convidados\"><input type=\"number\" name=\"convidados\" value=\"\" class=\"wpcf7-form-control wpcf7-number wpcf7-validates-as-number\" aria-invalid=\"false\" \/><\/span>\n        <\/li>\n<li>\n            <label>Cerim\u00f4nia no Local ?<\/label><br \/>\n            <span class=\"wpcf7-form-control-wrap cerimonia_no_local\"><select name=\"cerimonia_no_local\" class=\"wpcf7-form-control wpcf7-select\" aria-invalid=\"false\"><option value=\"Sim\">Sim<\/option><option value=\"N\u00e3o\">N\u00e3o<\/option><\/select><\/span>\n        <\/li>\n<li class=\"full-width text-center\">\n                    <input type=\"submit\" value=\"SOLICITE SEU OR\u00c7AMENTO\" class=\"wpcf7-form-control has-spinner wpcf7-submit btn\" \/>\n        <\/li>\n<\/ul>\n<\/div>\n<p style=\"display: none !important;\"><label>&#916;<textarea name=\"_wpcf7_ak_hp_textarea\" cols=\"45\" rows=\"8\" maxlength=\"100\"><\/textarea><\/label><input type=\"hidden\" id=\"ak_js_1\" name=\"_wpcf7_ak_js\" value=\"197\"\/><script>document.getElementById( \"ak_js_1\" ).setAttribute( \"value\", ( new Date() ).getTime() );<\/script><\/p><div class=\"wpcf7-response-output\" aria-hidden=\"true\"><\/div><\/form><\/div>                <\/div>\n            <\/div>\n        <\/div>\n        \n\n        <div class=\"service-section\">\n            <div class=\"container\">\n                <div class=\"row\">\n                    <div class=\"inner-service-col col-12\">\n                                                <div class=\"all-section-title\">\n                            <h2>Nossos Restaurantes<\/h2>\n                        <\/div>\n                                                <div class=\"d-flex flex-wrap inner-service-section justify-content-center\">\n                                    <div class=\"col-6 col-sm-4 col-lg-3 custom-3-col\">\n                                <a href=\"https:\/\/homologacao.pacoteshyatt.com.br\/rio-de-janeiro\/grand-hyatt-rio-de-janeiro\/gastronomia\/restaurante-shiso\/\" class=\"service-image\">\n                                    <div class=\"inner-service-image\">\n                                        <img src=\"https:\/\/homologacao.pacoteshyatt.com.br\/rio-de-janeiro\/wp-content\/uploads\/sites\/2\/2020\/12\/SHISO.jpg\" alt=\"SHISO\">\n                                    <\/div>\n                                    <div class=\"btn-col\">\n                                        <span class=\"btn with-border\">| SHISO<\/span>\n                                    <\/div>\n                                <\/a>\n                            <\/div>\n                                        <div class=\"col-6 col-sm-4 col-lg-3 custom-3-col\">\n                                <a href=\"https:\/\/homologacao.pacoteshyatt.com.br\/rio-de-janeiro\/grand-hyatt-rio-de-janeiro\/gastronomia\/restaurante-canto\/\" class=\"service-image\">\n                                    <div class=\"inner-service-image\">\n                                        <img src=\"https:\/\/homologacao.pacoteshyatt.com.br\/rio-de-janeiro\/wp-content\/uploads\/sites\/2\/2020\/12\/canto.jpg\" alt=\"CANT\u00d4\">\n                                    <\/div>\n                                    <div class=\"btn-col\">\n                                        <span class=\"btn with-border\">| CANT\u00d4<\/span>\n                                    <\/div>\n                                <\/a>\n                            <\/div>\n                                        <div class=\"col-6 col-sm-4 col-lg-3 custom-3-col\">\n                                <a href=\"https:\/\/homologacao.pacoteshyatt.com.br\/rio-de-janeiro\/product-category\/gastronomia\/\" class=\"service-image\">\n                                    <div class=\"inner-service-image\">\n                                        <img src=\"https:\/\/homologacao.pacoteshyatt.com.br\/rio-de-janeiro\/wp-content\/uploads\/sites\/2\/2020\/12\/quiosque_2-e1609892913946.jpg\" alt=\"QUIOSQUE 24h\">\n                                    <\/div>\n                                    <div class=\"btn-col\">\n                                        <span class=\"btn with-border\">| QUIOSQUE 24h<\/span>\n                                    <\/div>\n                                <\/a>\n                            <\/div>\n                                    <\/div>\n                    <\/div>\n                <\/div>\n            <\/div>\n        <\/div>\n        ","protected":false},"excerpt":{"rendered":"","protected":false},"author":1,"featured_media":0,"parent":655,"menu_order":0,"comment_status":"closed","ping_status":"closed","template":"","meta":[],"yoast_head":"<!-- This site is optimized with the Yoast SEO plugin v17.2.1 - https:\/\/yoast.com\/wordpress\/plugins\/seo\/ -->\n<title>Espa\u00e7o Tano - GRAND HYATT RIO DE JANEIRO<\/title>\n<meta name=\"robots\" content=\"noindex, follow, max-snippet:-1, max-image-preview:large, max-video-preview:-1\" \/>\n<meta property=\"og:locale\" content=\"pt_BR\" \/>\n<meta property=\"og:type\" content=\"article\" \/>\n<meta property=\"og:title\" content=\"Espa\u00e7o Tano - GRAND HYATT RIO DE JANEIRO\" \/>\n<meta property=\"og:url\" content=\"https:\/\/homologacao.pacoteshyatt.com.br\/rio-de-janeiro\/grand-hyatt-rio-de-janeiro\/gastronomia\/espaco-tano\/\" \/>\n<meta property=\"og:site_name\" content=\"GRAND HYATT RIO DE JANEIRO\" \/>\n<meta property=\"article:modified_time\" content=\"2021-01-11T17:11:48+00:00\" \/>\n<meta name=\"twitter:card\" content=\"summary_large_image\" \/>\n<script type=\"application\/ld+json\" class=\"yoast-schema-graph\">{\"@context\":\"https:\/\/schema.org\",\"@graph\":[{\"@type\":\"WebSite\",\"@id\":\"https:\/\/homologacao.pacoteshyatt.com.br\/rio-de-janeiro\/#website\",\"url\":\"https:\/\/homologacao.pacoteshyatt.com.br\/rio-de-janeiro\/\",\"name\":\"GRAND HYATT RIO DE JANEIRO\",\"description\":\"S\\u00f3 mais um site Hot\\u00e9is Grand Hyatt Rio de Janeiro e S\\u00e3o Paulo sites\",\"potentialAction\":[{\"@type\":\"SearchAction\",\"target\":{\"@type\":\"EntryPoint\",\"urlTemplate\":\"https:\/\/homologacao.pacoteshyatt.com.br\/rio-de-janeiro\/?s={search_term_string}\"},\"query-input\":\"required name=search_term_string\"}],\"inLanguage\":\"pt-BR\"},{\"@type\":\"WebPage\",\"@id\":\"https:\/\/homologacao.pacoteshyatt.com.br\/rio-de-janeiro\/grand-hyatt-rio-de-janeiro\/gastronomia\/espaco-tano\/#webpage\",\"url\":\"https:\/\/homologacao.pacoteshyatt.com.br\/rio-de-janeiro\/grand-hyatt-rio-de-janeiro\/gastronomia\/espaco-tano\/\",\"name\":\"Espa\\u00e7o Tano - GRAND HYATT RIO DE JANEIRO\",\"isPartOf\":{\"@id\":\"https:\/\/homologacao.pacoteshyatt.com.br\/rio-de-janeiro\/#website\"},\"datePublished\":\"2020-12-07T20:42:30+00:00\",\"dateModified\":\"2021-01-11T17:11:48+00:00\",\"breadcrumb\":{\"@id\":\"https:\/\/homologacao.pacoteshyatt.com.br\/rio-de-janeiro\/grand-hyatt-rio-de-janeiro\/gastronomia\/espaco-tano\/#breadcrumb\"},\"inLanguage\":\"pt-BR\",\"potentialAction\":[{\"@type\":\"ReadAction\",\"target\":[\"https:\/\/homologacao.pacoteshyatt.com.br\/rio-de-janeiro\/grand-hyatt-rio-de-janeiro\/gastronomia\/espaco-tano\/\"]}]},{\"@type\":\"BreadcrumbList\",\"@id\":\"https:\/\/homologacao.pacoteshyatt.com.br\/rio-de-janeiro\/grand-hyatt-rio-de-janeiro\/gastronomia\/espaco-tano\/#breadcrumb\",\"itemListElement\":[{\"@type\":\"ListItem\",\"position\":1,\"name\":\"Home\",\"item\":\"https:\/\/homologacao.pacoteshyatt.com.br\/rio-de-janeiro\/\"},{\"@type\":\"ListItem\",\"position\":2,\"name\":\"Grand Hyatt Rio de Janeiro\",\"item\":\"https:\/\/homologacao.pacoteshyatt.com.br\/rio-de-janeiro\/\"},{\"@type\":\"ListItem\",\"position\":3,\"name\":\"Gastronomia\",\"item\":\"https:\/\/homologacao.pacoteshyatt.com.br\/rio-de-janeiro\/grand-hyatt-rio-de-janeiro\/gastronomia\/\"},{\"@type\":\"ListItem\",\"position\":4,\"name\":\"Espa\\u00e7o Tano\"}]}]}<\/script>\n<!-- \/ Yoast SEO plugin. -->","yoast_head_json":{"title":"Espa\u00e7o Tano - GRAND HYATT RIO DE JANEIRO","robots":{"index":"noindex","follow":"follow","max-snippet":"max-snippet:-1","max-image-preview":"max-image-preview:large","max-video-preview":"max-video-preview:-1"},"og_locale":"pt_BR","og_type":"article","og_title":"Espa\u00e7o Tano - GRAND HYATT RIO DE JANEIRO","og_url":"https:\/\/homologacao.pacoteshyatt.com.br\/rio-de-janeiro\/grand-hyatt-rio-de-janeiro\/gastronomia\/espaco-tano\/","og_site_name":"GRAND HYATT RIO DE JANEIRO","article_modified_time":"2021-01-11T17:11:48+00:00","twitter_card":"summary_large_image","schema":{"@context":"https:\/\/schema.org","@graph":[{"@type":"WebSite","@id":"https:\/\/homologacao.pacoteshyatt.com.br\/rio-de-janeiro\/#website","url":"https:\/\/homologacao.pacoteshyatt.com.br\/rio-de-janeiro\/","name":"GRAND HYATT RIO DE JANEIRO","description":"S\u00f3 mais um site Hot\u00e9is Grand Hyatt Rio de Janeiro e S\u00e3o Paulo sites","potentialAction":[{"@type":"SearchAction","target":{"@type":"EntryPoint","urlTemplate":"https:\/\/homologacao.pacoteshyatt.com.br\/rio-de-janeiro\/?s={search_term_string}"},"query-input":"required name=search_term_string"}],"inLanguage":"pt-BR"},{"@type":"WebPage","@id":"https:\/\/homologacao.pacoteshyatt.com.br\/rio-de-janeiro\/grand-hyatt-rio-de-janeiro\/gastronomia\/espaco-tano\/#webpage","url":"https:\/\/homologacao.pacoteshyatt.com.br\/rio-de-janeiro\/grand-hyatt-rio-de-janeiro\/gastronomia\/espaco-tano\/","name":"Espa\u00e7o Tano - GRAND HYATT RIO DE JANEIRO","isPartOf":{"@id":"https:\/\/homologacao.pacoteshyatt.com.br\/rio-de-janeiro\/#website"},"datePublished":"2020-12-07T20:42:30+00:00","dateModified":"2021-01-11T17:11:48+00:00","breadcrumb":{"@id":"https:\/\/homologacao.pacoteshyatt.com.br\/rio-de-janeiro\/grand-hyatt-rio-de-janeiro\/gastronomia\/espaco-tano\/#breadcrumb"},"inLanguage":"pt-BR","potentialAction":[{"@type":"ReadAction","target":["https:\/\/homologacao.pacoteshyatt.com.br\/rio-de-janeiro\/grand-hyatt-rio-de-janeiro\/gastronomia\/espaco-tano\/"]}]},{"@type":"BreadcrumbList","@id":"https:\/\/homologacao.pacoteshyatt.com.br\/rio-de-janeiro\/grand-hyatt-rio-de-janeiro\/gastronomia\/espaco-tano\/#breadcrumb","itemListElement":[{"@type":"ListItem","position":1,"name":"Home","item":"https:\/\/homologacao.pacoteshyatt.com.br\/rio-de-janeiro\/"},{"@type":"ListItem","position":2,"name":"Grand Hyatt Rio de Janeiro","item":"https:\/\/homologacao.pacoteshyatt.com.br\/rio-de-janeiro\/"},{"@type":"ListItem","position":3,"name":"Gastronomia","item":"https:\/\/homologacao.pacoteshyatt.com.br\/rio-de-janeiro\/grand-hyatt-rio-de-janeiro\/gastronomia\/"},{"@type":"ListItem","position":4,"name":"Espa\u00e7o Tano"}]}]}},"_links":{"self":[{"href":"https:\/\/homologacao.pacoteshyatt.com.br\/rio-de-janeiro\/wp-json\/wp\/v2\/pages\/845"}],"collection":[{"href":"https:\/\/homologacao.pacoteshyatt.com.br\/rio-de-janeiro\/wp-json\/wp\/v2\/pages"}],"about":[{"href":"https:\/\/homologacao.pacoteshyatt.com.br\/rio-de-janeiro\/wp-json\/wp\/v2\/types\/page"}],"author":[{"embeddable":true,"href":"https:\/\/homologacao.pacoteshyatt.com.br\/rio-de-janeiro\/wp-json\/wp\/v2\/users\/1"}],"replies":[{"embeddable":true,"href":"https:\/\/homologacao.pacoteshyatt.com.br\/rio-de-janeiro\/wp-json\/wp\/v2\/comments?post=845"}],"version-history":[{"count":42,"href":"https:\/\/homologacao.pacoteshyatt.com.br\/rio-de-janeiro\/wp-json\/wp\/v2\/pages\/845\/revisions"}],"predecessor-version":[{"id":1812,"href":"https:\/\/homologacao.pacoteshyatt.com.br\/rio-de-janeiro\/wp-json\/wp\/v2\/pages\/845\/revisions\/1812"}],"up":[{"embeddable":true,"href":"https:\/\/homologacao.pacoteshyatt.com.br\/rio-de-janeiro\/wp-json\/wp\/v2\/pages\/655"}],"wp:attachment":[{"href":"https:\/\/homologacao.pacoteshyatt.com.br\/rio-de-janeiro\/wp-json\/wp\/v2\/media?parent=845"}],"curies":[{"name":"wp","href":"https:\/\/api.w.org\/{rel}","templated":true}]}}