{"id":940,"date":"2020-12-08T13:32:42","date_gmt":"2020-12-08T16:32:42","guid":{"rendered":"https:\/\/homologacao.pacoteshyatt.com.br\/rio-de-janeiro\/?page_id=940"},"modified":"2020-12-19T18:41:05","modified_gmt":"2020-12-19T21:41:05","slug":"penthouse","status":"publish","type":"page","link":"https:\/\/homologacao.pacoteshyatt.com.br\/rio-de-janeiro\/grand-hyatt-rio-de-janeiro\/o-resort\/hospedagem\/penthouse\/","title":{"rendered":"Penthouse"},"content":{"rendered":"\n<p><\/p>\n\n\n\n<div class=\"wp-container-6a06500e2cf92 wp-block-group intro-content-home text-center\"><div class=\"wp-block-group__inner-container\"><div class=\"wp-bootstrap-blocks-container container mb-2\">\n\t\n<div class=\"wp-bootstrap-blocks-row row\">\n\t\n\n<div class=\"col-12 col-md-12 inner-intro-content\">\n\t\t\t\n\n<div class=\"wp-container-6a06500e2ca91 wp-block-group inner-content\"><div class=\"wp-block-group__inner-container\">\n<h1>Penthouse<\/h1>\n\n\n\n<p>De tirar o f\u00f4lego. Passe dias inesquec\u00edveis na \u00fanica su\u00edte da am\u00e9rica latina com piscina de borda infinita. Desfrute tamb\u00e9m de dois walk-in closets, mesa de jantar, cozinha gourmet e amplo terra\u00e7o com vista para a praia da Barra e Lagoa de Marapendi.<\/p>\n\n\n\n<div class=\"wp-container-6a06500e2c58e wp-block-group\"><div class=\"wp-block-group__inner-container\"><\/div><\/div>\n<\/div><\/div>\n\n\t<\/div>\n\n<\/div>\n\n<\/div>\n<\/div><\/div>\n\n\n\n<div class=\"wp-container-6a06500e2f3b2 wp-block-group grand-taste-top-section\"><div class=\"wp-block-group__inner-container\"><div class=\"wp-bootstrap-blocks-container container mb-2 product-descrip-section\">\n\t\n<div class=\"wp-bootstrap-blocks-row row inner-taste-col\">\n\t\n\n<div class=\"col-12 col-md-6\">\n\t\t\t\n\n<figure class=\"wp-block-embed-youtube aligncenter wp-block-embed is-type-video is-provider-youtube wp-embed-aspect-16-9 wp-has-aspect-ratio\"><div class=\"wp-block-embed__wrapper\">\n<iframe loading=\"lazy\" title=\"Grand Hyatt Rio de Janeiro\" width=\"500\" height=\"281\" src=\"https:\/\/www.youtube.com\/embed\/LlFJiCl0ZZM?start=26&#038;feature=oembed\" frameborder=\"0\" allow=\"accelerometer; autoplay; clipboard-write; encrypted-media; gyroscope; picture-in-picture\" allowfullscreen><\/iframe>\n<\/div><\/figure>\n\n\t<\/div>\n\n\n\n<div class=\"col-12 col-md-6 description-content\">\n\t\t\t\n\n<p>Surpreenda-se com a extraordin\u00e1ria Penthouse do Grand Hyatt Rio. Essa impressionante acomoda\u00e7\u00e3o de 195m\u00b2 oferece a vista mais deslumbrante da cidade, a partir do seu terra\u00e7o que tem quase a mesma \u00e1rea total da su\u00edte. Aproveite o ar livre em sua piscina privativa com borda infinita &#8211; a \u00fanica su\u00edte no Rio de Janeiro com uma.&nbsp;O quarto principal inclui 2 espa\u00e7osos walk-in closet e uma incr\u00edvel banheira de imers\u00e3o com TV. Deleite-se em uma estadia 5 estrelas, com servi\u00e7os excepcionais e desfrute o melhor do apartamento.<\/p>\n\n\n\n<p>Ainda contrate um Chef para preparar suas refei\u00e7\u00f5es na exclusiva cozinha gourmet com mesa de jantar e saboreie uma refei\u00e7\u00e3o luxuosa.*<\/p>\n\n\n\n<p>*Mediante disponibilidade.<\/p>\n\n\n\n<p><\/p>\n\n\t<\/div>\n\n<\/div>\n\n\n\n<div class=\"wp-container-6a06500e2ef25 wp-block-group\"><div class=\"wp-block-group__inner-container\">                <div class=\"gallery-top-col\">\n                    <div class=\"swiper-container gallery-top\">\n                        <div class=\"swiper-wrapper\">\n                                                            <div class=\"swiper-slide\">\n                                    <img width=\"494\" height=\"270\" src=\"https:\/\/homologacao.pacoteshyatt.com.br\/rio-de-janeiro\/wp-content\/uploads\/sites\/2\/2020\/12\/pent_1.jpg\" class=\"attachment-611x621 size-611x621\" alt=\"\" loading=\"lazy\" srcset=\"https:\/\/homologacao.pacoteshyatt.com.br\/rio-de-janeiro\/wp-content\/uploads\/sites\/2\/2020\/12\/pent_1.jpg 494w, https:\/\/homologacao.pacoteshyatt.com.br\/rio-de-janeiro\/wp-content\/uploads\/sites\/2\/2020\/12\/pent_1-300x164.jpg 300w, https:\/\/homologacao.pacoteshyatt.com.br\/rio-de-janeiro\/wp-content\/uploads\/sites\/2\/2020\/12\/pent_1-308x168.jpg 308w, https:\/\/homologacao.pacoteshyatt.com.br\/rio-de-janeiro\/wp-content\/uploads\/sites\/2\/2020\/12\/pent_1-348x190.jpg 348w\" sizes=\"(max-width: 494px) 100vw, 494px\" \/>                                <\/div>\n                                                            <div class=\"swiper-slide\">\n                                    <img width=\"494\" height=\"270\" src=\"https:\/\/homologacao.pacoteshyatt.com.br\/rio-de-janeiro\/wp-content\/uploads\/sites\/2\/2020\/12\/pent_5.jpg\" class=\"attachment-611x621 size-611x621\" alt=\"\" loading=\"lazy\" srcset=\"https:\/\/homologacao.pacoteshyatt.com.br\/rio-de-janeiro\/wp-content\/uploads\/sites\/2\/2020\/12\/pent_5.jpg 494w, https:\/\/homologacao.pacoteshyatt.com.br\/rio-de-janeiro\/wp-content\/uploads\/sites\/2\/2020\/12\/pent_5-300x164.jpg 300w, https:\/\/homologacao.pacoteshyatt.com.br\/rio-de-janeiro\/wp-content\/uploads\/sites\/2\/2020\/12\/pent_5-308x168.jpg 308w, https:\/\/homologacao.pacoteshyatt.com.br\/rio-de-janeiro\/wp-content\/uploads\/sites\/2\/2020\/12\/pent_5-348x190.jpg 348w\" sizes=\"(max-width: 494px) 100vw, 494px\" \/>                                <\/div>\n                                                            <div class=\"swiper-slide\">\n                                    <img width=\"494\" height=\"270\" src=\"https:\/\/homologacao.pacoteshyatt.com.br\/rio-de-janeiro\/wp-content\/uploads\/sites\/2\/2020\/12\/pent_4.jpg\" class=\"attachment-611x621 size-611x621\" alt=\"\" loading=\"lazy\" srcset=\"https:\/\/homologacao.pacoteshyatt.com.br\/rio-de-janeiro\/wp-content\/uploads\/sites\/2\/2020\/12\/pent_4.jpg 494w, https:\/\/homologacao.pacoteshyatt.com.br\/rio-de-janeiro\/wp-content\/uploads\/sites\/2\/2020\/12\/pent_4-300x164.jpg 300w, https:\/\/homologacao.pacoteshyatt.com.br\/rio-de-janeiro\/wp-content\/uploads\/sites\/2\/2020\/12\/pent_4-308x168.jpg 308w, https:\/\/homologacao.pacoteshyatt.com.br\/rio-de-janeiro\/wp-content\/uploads\/sites\/2\/2020\/12\/pent_4-348x190.jpg 348w\" sizes=\"(max-width: 494px) 100vw, 494px\" \/>                                <\/div>\n                                                            <div class=\"swiper-slide\">\n                                    <img width=\"494\" height=\"270\" src=\"https:\/\/homologacao.pacoteshyatt.com.br\/rio-de-janeiro\/wp-content\/uploads\/sites\/2\/2020\/12\/pent_3.jpg\" class=\"attachment-611x621 size-611x621\" alt=\"\" loading=\"lazy\" srcset=\"https:\/\/homologacao.pacoteshyatt.com.br\/rio-de-janeiro\/wp-content\/uploads\/sites\/2\/2020\/12\/pent_3.jpg 494w, https:\/\/homologacao.pacoteshyatt.com.br\/rio-de-janeiro\/wp-content\/uploads\/sites\/2\/2020\/12\/pent_3-300x164.jpg 300w, https:\/\/homologacao.pacoteshyatt.com.br\/rio-de-janeiro\/wp-content\/uploads\/sites\/2\/2020\/12\/pent_3-308x168.jpg 308w, https:\/\/homologacao.pacoteshyatt.com.br\/rio-de-janeiro\/wp-content\/uploads\/sites\/2\/2020\/12\/pent_3-348x190.jpg 348w\" sizes=\"(max-width: 494px) 100vw, 494px\" \/>                                <\/div>\n                                                            <div class=\"swiper-slide\">\n                                    <img width=\"494\" height=\"270\" src=\"https:\/\/homologacao.pacoteshyatt.com.br\/rio-de-janeiro\/wp-content\/uploads\/sites\/2\/2020\/12\/pent_2.jpg\" class=\"attachment-611x621 size-611x621\" alt=\"\" loading=\"lazy\" srcset=\"https:\/\/homologacao.pacoteshyatt.com.br\/rio-de-janeiro\/wp-content\/uploads\/sites\/2\/2020\/12\/pent_2.jpg 494w, https:\/\/homologacao.pacoteshyatt.com.br\/rio-de-janeiro\/wp-content\/uploads\/sites\/2\/2020\/12\/pent_2-300x164.jpg 300w, https:\/\/homologacao.pacoteshyatt.com.br\/rio-de-janeiro\/wp-content\/uploads\/sites\/2\/2020\/12\/pent_2-308x168.jpg 308w, https:\/\/homologacao.pacoteshyatt.com.br\/rio-de-janeiro\/wp-content\/uploads\/sites\/2\/2020\/12\/pent_2-348x190.jpg 348w\" sizes=\"(max-width: 494px) 100vw, 494px\" \/>                                <\/div>\n                                                    <\/div>\n                    <\/div>\n                    <div class=\"swiper-button-next swiper-button-white\"><\/div>\n                    <div class=\"swiper-button-prev swiper-button-white\"><\/div>\n                <\/div>\n                <div class=\"gallery-thumbs-col\">\n                    <div class=\"swiper-container gallery-thumbs\">\n                        <div class=\"swiper-wrapper\">\n                                                            <div class=\"swiper-slide\">\n                                   <img width=\"153\" height=\"84\" src=\"https:\/\/homologacao.pacoteshyatt.com.br\/rio-de-janeiro\/wp-content\/uploads\/sites\/2\/2020\/12\/pent_1.jpg\" class=\"attachment-153x104 size-153x104\" alt=\"\" loading=\"lazy\" srcset=\"https:\/\/homologacao.pacoteshyatt.com.br\/rio-de-janeiro\/wp-content\/uploads\/sites\/2\/2020\/12\/pent_1.jpg 494w, https:\/\/homologacao.pacoteshyatt.com.br\/rio-de-janeiro\/wp-content\/uploads\/sites\/2\/2020\/12\/pent_1-300x164.jpg 300w, https:\/\/homologacao.pacoteshyatt.com.br\/rio-de-janeiro\/wp-content\/uploads\/sites\/2\/2020\/12\/pent_1-308x168.jpg 308w, https:\/\/homologacao.pacoteshyatt.com.br\/rio-de-janeiro\/wp-content\/uploads\/sites\/2\/2020\/12\/pent_1-348x190.jpg 348w\" sizes=\"(max-width: 153px) 100vw, 153px\" \/>                                <\/div>\n                                                            <div class=\"swiper-slide\">\n                                   <img width=\"153\" height=\"84\" src=\"https:\/\/homologacao.pacoteshyatt.com.br\/rio-de-janeiro\/wp-content\/uploads\/sites\/2\/2020\/12\/pent_5.jpg\" class=\"attachment-153x104 size-153x104\" alt=\"\" loading=\"lazy\" srcset=\"https:\/\/homologacao.pacoteshyatt.com.br\/rio-de-janeiro\/wp-content\/uploads\/sites\/2\/2020\/12\/pent_5.jpg 494w, https:\/\/homologacao.pacoteshyatt.com.br\/rio-de-janeiro\/wp-content\/uploads\/sites\/2\/2020\/12\/pent_5-300x164.jpg 300w, https:\/\/homologacao.pacoteshyatt.com.br\/rio-de-janeiro\/wp-content\/uploads\/sites\/2\/2020\/12\/pent_5-308x168.jpg 308w, https:\/\/homologacao.pacoteshyatt.com.br\/rio-de-janeiro\/wp-content\/uploads\/sites\/2\/2020\/12\/pent_5-348x190.jpg 348w\" sizes=\"(max-width: 153px) 100vw, 153px\" \/>                                <\/div>\n                                                            <div class=\"swiper-slide\">\n                                   <img width=\"153\" height=\"84\" src=\"https:\/\/homologacao.pacoteshyatt.com.br\/rio-de-janeiro\/wp-content\/uploads\/sites\/2\/2020\/12\/pent_4.jpg\" class=\"attachment-153x104 size-153x104\" alt=\"\" loading=\"lazy\" srcset=\"https:\/\/homologacao.pacoteshyatt.com.br\/rio-de-janeiro\/wp-content\/uploads\/sites\/2\/2020\/12\/pent_4.jpg 494w, https:\/\/homologacao.pacoteshyatt.com.br\/rio-de-janeiro\/wp-content\/uploads\/sites\/2\/2020\/12\/pent_4-300x164.jpg 300w, https:\/\/homologacao.pacoteshyatt.com.br\/rio-de-janeiro\/wp-content\/uploads\/sites\/2\/2020\/12\/pent_4-308x168.jpg 308w, https:\/\/homologacao.pacoteshyatt.com.br\/rio-de-janeiro\/wp-content\/uploads\/sites\/2\/2020\/12\/pent_4-348x190.jpg 348w\" sizes=\"(max-width: 153px) 100vw, 153px\" \/>                                <\/div>\n                                                            <div class=\"swiper-slide\">\n                                   <img width=\"153\" height=\"84\" src=\"https:\/\/homologacao.pacoteshyatt.com.br\/rio-de-janeiro\/wp-content\/uploads\/sites\/2\/2020\/12\/pent_3.jpg\" class=\"attachment-153x104 size-153x104\" alt=\"\" loading=\"lazy\" srcset=\"https:\/\/homologacao.pacoteshyatt.com.br\/rio-de-janeiro\/wp-content\/uploads\/sites\/2\/2020\/12\/pent_3.jpg 494w, https:\/\/homologacao.pacoteshyatt.com.br\/rio-de-janeiro\/wp-content\/uploads\/sites\/2\/2020\/12\/pent_3-300x164.jpg 300w, https:\/\/homologacao.pacoteshyatt.com.br\/rio-de-janeiro\/wp-content\/uploads\/sites\/2\/2020\/12\/pent_3-308x168.jpg 308w, https:\/\/homologacao.pacoteshyatt.com.br\/rio-de-janeiro\/wp-content\/uploads\/sites\/2\/2020\/12\/pent_3-348x190.jpg 348w\" sizes=\"(max-width: 153px) 100vw, 153px\" \/>                                <\/div>\n                                                            <div class=\"swiper-slide\">\n                                   <img width=\"153\" height=\"84\" src=\"https:\/\/homologacao.pacoteshyatt.com.br\/rio-de-janeiro\/wp-content\/uploads\/sites\/2\/2020\/12\/pent_2.jpg\" class=\"attachment-153x104 size-153x104\" alt=\"\" loading=\"lazy\" srcset=\"https:\/\/homologacao.pacoteshyatt.com.br\/rio-de-janeiro\/wp-content\/uploads\/sites\/2\/2020\/12\/pent_2.jpg 494w, https:\/\/homologacao.pacoteshyatt.com.br\/rio-de-janeiro\/wp-content\/uploads\/sites\/2\/2020\/12\/pent_2-300x164.jpg 300w, https:\/\/homologacao.pacoteshyatt.com.br\/rio-de-janeiro\/wp-content\/uploads\/sites\/2\/2020\/12\/pent_2-308x168.jpg 308w, https:\/\/homologacao.pacoteshyatt.com.br\/rio-de-janeiro\/wp-content\/uploads\/sites\/2\/2020\/12\/pent_2-348x190.jpg 348w\" sizes=\"(max-width: 153px) 100vw, 153px\" \/>                                <\/div>\n                                                    <\/div>\n                    <\/div>\n                <\/div>\n        <\/div><\/div>\n\n<\/div>\n<\/div><\/div>\n\n\n\n<div class=\"wp-container-6a06500e329ca wp-block-group\"><div class=\"wp-block-group__inner-container\">        <div class=\"service-section\">\n            <div class=\"container\">\n                <div class=\"row\">\n                    <div class=\"inner-service-col col-12\">\n                                                <div class=\"all-section-title\">\n                            <h2>Conhe\u00e7a!<\/h2>\n                        <\/div>\n                                                <div class=\"d-flex flex-wrap inner-service-section justify-content-center\">\n                                    <div class=\"col-6 col-sm-4 col-lg-3 custom-3-col\">\n                                <a href=\"https:\/\/homologacao.pacoteshyatt.com.br\/rio-de-janeiro\/hospedagem\/grand-room\/\" class=\"service-image\">\n                                    <div class=\"inner-service-image\">\n                                        <img src=\"https:\/\/homologacao.pacoteshyatt.com.br\/rio-de-janeiro\/wp-content\/uploads\/sites\/2\/2020\/12\/GRAND-ROOM.jpg\" alt=\"GRAND ROOM\">\n                                    <\/div>\n                                    <div class=\"btn-col\">\n                                        <span class=\"btn with-border\">| GRAND ROOM<\/span>\n                                    <\/div>\n                                <\/a>\n                            <\/div>\n                                        <div class=\"col-6 col-sm-4 col-lg-3 custom-3-col\">\n                                <a href=\"https:\/\/homologacao.pacoteshyatt.com.br\/rio-de-janeiro\/hospedagem\/suites\/\" class=\"service-image\">\n                                    <div class=\"inner-service-image\">\n                                        <img src=\"https:\/\/homologacao.pacoteshyatt.com.br\/rio-de-janeiro\/wp-content\/uploads\/sites\/2\/2020\/10\/Diplomat-Suite-Bedroom.jpg\" alt=\"SU\u00cdTES\">\n                                    <\/div>\n                                    <div class=\"btn-col\">\n                                        <span class=\"btn with-border\">| SU\u00cdTES<\/span>\n                                    <\/div>\n                                <\/a>\n                            <\/div>\n                                        <div class=\"col-6 col-sm-4 col-lg-3 custom-3-col\">\n                                <a href=\"https:\/\/homologacao.pacoteshyatt.com.br\/rio-de-janeiro\/hospedagem\/acesso-clube\/\" class=\"service-image\">\n                                    <div class=\"inner-service-image\">\n                                        <img src=\"https:\/\/homologacao.pacoteshyatt.com.br\/rio-de-janeiro\/wp-content\/uploads\/sites\/2\/2020\/12\/1.jpg\" alt=\"GRAND CLUB\">\n                                    <\/div>\n                                    <div class=\"btn-col\">\n                                        <span class=\"btn with-border\">| GRAND CLUB<\/span>\n                                    <\/div>\n                                <\/a>\n                            <\/div>\n                                    <\/div>\n                    <\/div>\n                <\/div>\n            <\/div>\n        <\/div>\n        <\/div><\/div>\n\n\n\n<p><\/p>\n\n\n\n<div class=\"wp-container-6a06500e32e34 wp-block-group\"><div class=\"wp-block-group__inner-container\"><\/div><\/div>\n\n\n\n<p><\/p>\n","protected":false},"excerpt":{"rendered":"","protected":false},"author":1,"featured_media":0,"parent":913,"menu_order":0,"comment_status":"closed","ping_status":"closed","template":"","meta":[],"yoast_head":"<!-- This site is optimized with the Yoast SEO plugin v17.2.1 - https:\/\/yoast.com\/wordpress\/plugins\/seo\/ -->\n<title>Penthouse - GRAND HYATT RIO DE JANEIRO<\/title>\n<meta name=\"robots\" content=\"noindex, follow, max-snippet:-1, max-image-preview:large, max-video-preview:-1\" \/>\n<meta property=\"og:locale\" content=\"pt_BR\" \/>\n<meta property=\"og:type\" content=\"article\" \/>\n<meta property=\"og:title\" content=\"Penthouse - GRAND HYATT RIO DE JANEIRO\" \/>\n<meta property=\"og:url\" content=\"https:\/\/homologacao.pacoteshyatt.com.br\/rio-de-janeiro\/grand-hyatt-rio-de-janeiro\/o-resort\/hospedagem\/penthouse\/\" \/>\n<meta property=\"og:site_name\" content=\"GRAND HYATT RIO DE JANEIRO\" \/>\n<meta property=\"article:modified_time\" content=\"2020-12-19T21:41:05+00:00\" \/>\n<meta name=\"twitter:card\" content=\"summary_large_image\" \/>\n<meta name=\"twitter:label1\" content=\"Est. reading time\" \/>\n\t<meta name=\"twitter:data1\" content=\"1 minuto\" \/>\n<script type=\"application\/ld+json\" class=\"yoast-schema-graph\">{\"@context\":\"https:\/\/schema.org\",\"@graph\":[{\"@type\":\"WebSite\",\"@id\":\"https:\/\/homologacao.pacoteshyatt.com.br\/rio-de-janeiro\/#website\",\"url\":\"https:\/\/homologacao.pacoteshyatt.com.br\/rio-de-janeiro\/\",\"name\":\"GRAND HYATT RIO DE JANEIRO\",\"description\":\"S\\u00f3 mais um site Hot\\u00e9is Grand Hyatt Rio de Janeiro e S\\u00e3o Paulo sites\",\"potentialAction\":[{\"@type\":\"SearchAction\",\"target\":{\"@type\":\"EntryPoint\",\"urlTemplate\":\"https:\/\/homologacao.pacoteshyatt.com.br\/rio-de-janeiro\/?s={search_term_string}\"},\"query-input\":\"required name=search_term_string\"}],\"inLanguage\":\"pt-BR\"},{\"@type\":\"WebPage\",\"@id\":\"https:\/\/homologacao.pacoteshyatt.com.br\/rio-de-janeiro\/grand-hyatt-rio-de-janeiro\/o-resort\/hospedagem\/penthouse\/#webpage\",\"url\":\"https:\/\/homologacao.pacoteshyatt.com.br\/rio-de-janeiro\/grand-hyatt-rio-de-janeiro\/o-resort\/hospedagem\/penthouse\/\",\"name\":\"Penthouse - GRAND HYATT RIO DE JANEIRO\",\"isPartOf\":{\"@id\":\"https:\/\/homologacao.pacoteshyatt.com.br\/rio-de-janeiro\/#website\"},\"datePublished\":\"2020-12-08T16:32:42+00:00\",\"dateModified\":\"2020-12-19T21:41:05+00:00\",\"breadcrumb\":{\"@id\":\"https:\/\/homologacao.pacoteshyatt.com.br\/rio-de-janeiro\/grand-hyatt-rio-de-janeiro\/o-resort\/hospedagem\/penthouse\/#breadcrumb\"},\"inLanguage\":\"pt-BR\",\"potentialAction\":[{\"@type\":\"ReadAction\",\"target\":[\"https:\/\/homologacao.pacoteshyatt.com.br\/rio-de-janeiro\/grand-hyatt-rio-de-janeiro\/o-resort\/hospedagem\/penthouse\/\"]}]},{\"@type\":\"BreadcrumbList\",\"@id\":\"https:\/\/homologacao.pacoteshyatt.com.br\/rio-de-janeiro\/grand-hyatt-rio-de-janeiro\/o-resort\/hospedagem\/penthouse\/#breadcrumb\",\"itemListElement\":[{\"@type\":\"ListItem\",\"position\":1,\"name\":\"Home\",\"item\":\"https:\/\/homologacao.pacoteshyatt.com.br\/rio-de-janeiro\/\"},{\"@type\":\"ListItem\",\"position\":2,\"name\":\"Grand Hyatt Rio de Janeiro\",\"item\":\"https:\/\/homologacao.pacoteshyatt.com.br\/rio-de-janeiro\/\"},{\"@type\":\"ListItem\",\"position\":3,\"name\":\"O Resort\",\"item\":\"https:\/\/homologacao.pacoteshyatt.com.br\/rio-de-janeiro\/grand-hyatt-rio-de-janeiro\/o-resort\/\"},{\"@type\":\"ListItem\",\"position\":4,\"name\":\"Hospedagem\",\"item\":\"https:\/\/homologacao.pacoteshyatt.com.br\/rio-de-janeiro\/grand-hyatt-rio-de-janeiro\/o-resort\/hospedagem\/\"},{\"@type\":\"ListItem\",\"position\":5,\"name\":\"Penthouse\"}]}]}<\/script>\n<!-- \/ Yoast SEO plugin. -->","yoast_head_json":{"title":"Penthouse - GRAND HYATT RIO DE JANEIRO","robots":{"index":"noindex","follow":"follow","max-snippet":"max-snippet:-1","max-image-preview":"max-image-preview:large","max-video-preview":"max-video-preview:-1"},"og_locale":"pt_BR","og_type":"article","og_title":"Penthouse - GRAND HYATT RIO DE JANEIRO","og_url":"https:\/\/homologacao.pacoteshyatt.com.br\/rio-de-janeiro\/grand-hyatt-rio-de-janeiro\/o-resort\/hospedagem\/penthouse\/","og_site_name":"GRAND HYATT RIO DE JANEIRO","article_modified_time":"2020-12-19T21:41:05+00:00","twitter_card":"summary_large_image","twitter_misc":{"Est. reading time":"1 minuto"},"schema":{"@context":"https:\/\/schema.org","@graph":[{"@type":"WebSite","@id":"https:\/\/homologacao.pacoteshyatt.com.br\/rio-de-janeiro\/#website","url":"https:\/\/homologacao.pacoteshyatt.com.br\/rio-de-janeiro\/","name":"GRAND HYATT RIO DE JANEIRO","description":"S\u00f3 mais um site Hot\u00e9is Grand Hyatt Rio de Janeiro e S\u00e3o Paulo sites","potentialAction":[{"@type":"SearchAction","target":{"@type":"EntryPoint","urlTemplate":"https:\/\/homologacao.pacoteshyatt.com.br\/rio-de-janeiro\/?s={search_term_string}"},"query-input":"required name=search_term_string"}],"inLanguage":"pt-BR"},{"@type":"WebPage","@id":"https:\/\/homologacao.pacoteshyatt.com.br\/rio-de-janeiro\/grand-hyatt-rio-de-janeiro\/o-resort\/hospedagem\/penthouse\/#webpage","url":"https:\/\/homologacao.pacoteshyatt.com.br\/rio-de-janeiro\/grand-hyatt-rio-de-janeiro\/o-resort\/hospedagem\/penthouse\/","name":"Penthouse - GRAND HYATT RIO DE JANEIRO","isPartOf":{"@id":"https:\/\/homologacao.pacoteshyatt.com.br\/rio-de-janeiro\/#website"},"datePublished":"2020-12-08T16:32:42+00:00","dateModified":"2020-12-19T21:41:05+00:00","breadcrumb":{"@id":"https:\/\/homologacao.pacoteshyatt.com.br\/rio-de-janeiro\/grand-hyatt-rio-de-janeiro\/o-resort\/hospedagem\/penthouse\/#breadcrumb"},"inLanguage":"pt-BR","potentialAction":[{"@type":"ReadAction","target":["https:\/\/homologacao.pacoteshyatt.com.br\/rio-de-janeiro\/grand-hyatt-rio-de-janeiro\/o-resort\/hospedagem\/penthouse\/"]}]},{"@type":"BreadcrumbList","@id":"https:\/\/homologacao.pacoteshyatt.com.br\/rio-de-janeiro\/grand-hyatt-rio-de-janeiro\/o-resort\/hospedagem\/penthouse\/#breadcrumb","itemListElement":[{"@type":"ListItem","position":1,"name":"Home","item":"https:\/\/homologacao.pacoteshyatt.com.br\/rio-de-janeiro\/"},{"@type":"ListItem","position":2,"name":"Grand Hyatt Rio de Janeiro","item":"https:\/\/homologacao.pacoteshyatt.com.br\/rio-de-janeiro\/"},{"@type":"ListItem","position":3,"name":"O Resort","item":"https:\/\/homologacao.pacoteshyatt.com.br\/rio-de-janeiro\/grand-hyatt-rio-de-janeiro\/o-resort\/"},{"@type":"ListItem","position":4,"name":"Hospedagem","item":"https:\/\/homologacao.pacoteshyatt.com.br\/rio-de-janeiro\/grand-hyatt-rio-de-janeiro\/o-resort\/hospedagem\/"},{"@type":"ListItem","position":5,"name":"Penthouse"}]}]}},"_links":{"self":[{"href":"https:\/\/homologacao.pacoteshyatt.com.br\/rio-de-janeiro\/wp-json\/wp\/v2\/pages\/940"}],"collection":[{"href":"https:\/\/homologacao.pacoteshyatt.com.br\/rio-de-janeiro\/wp-json\/wp\/v2\/pages"}],"about":[{"href":"https:\/\/homologacao.pacoteshyatt.com.br\/rio-de-janeiro\/wp-json\/wp\/v2\/types\/page"}],"author":[{"embeddable":true,"href":"https:\/\/homologacao.pacoteshyatt.com.br\/rio-de-janeiro\/wp-json\/wp\/v2\/users\/1"}],"replies":[{"embeddable":true,"href":"https:\/\/homologacao.pacoteshyatt.com.br\/rio-de-janeiro\/wp-json\/wp\/v2\/comments?post=940"}],"version-history":[{"count":20,"href":"https:\/\/homologacao.pacoteshyatt.com.br\/rio-de-janeiro\/wp-json\/wp\/v2\/pages\/940\/revisions"}],"predecessor-version":[{"id":1608,"href":"https:\/\/homologacao.pacoteshyatt.com.br\/rio-de-janeiro\/wp-json\/wp\/v2\/pages\/940\/revisions\/1608"}],"up":[{"embeddable":true,"href":"https:\/\/homologacao.pacoteshyatt.com.br\/rio-de-janeiro\/wp-json\/wp\/v2\/pages\/913"}],"wp:attachment":[{"href":"https:\/\/homologacao.pacoteshyatt.com.br\/rio-de-janeiro\/wp-json\/wp\/v2\/media?parent=940"}],"curies":[{"name":"wp","href":"https:\/\/api.w.org\/{rel}","templated":true}]}}