{"id":45,"date":"2020-10-19T15:13:41","date_gmt":"2020-10-19T18:13:41","guid":{"rendered":"https:\/\/homologacao.pacoteshyatt.com.br\/rio-de-janeiro\/?post_type=product&#038;p=45"},"modified":"2022-10-28T15:03:39","modified_gmt":"2022-10-28T18:03:39","slug":"delicioso-cafe-da-manha","status":"publish","type":"product","link":"https:\/\/homologacao.pacoteshyatt.com.br\/rio-de-janeiro\/product\/delicioso-cafe-da-manha\/","title":{"rendered":"Caf\u00e9 da Manh\u00e3"},"content":{"rendered":"<div>\n<p>Desfrute de\u00a0um\u00a0<strong>caf\u00e9 da manh\u00e3 completo<\/strong>\u00a0com a sofistica\u00e7\u00e3o 5 estrelas do Grand Hyatt Rio de Janeiro!<\/p>\n<p>Desfrute de nossa deliciosa experi\u00eancia\u00a0<strong>de caf\u00e9 da manh\u00e3\u00a0<\/strong>no Tano, repleto\u00a0das mais variadas frutas brasileiras,\u00a0sele\u00e7\u00e3o de p\u00e3es, queijos, geleias, doces e muito mais.<\/p>\n<p>Encante-se com o ambiente climatizado, cercado pelo azul do mar da Barra da Tijuca e o verde da encantadora Lagoa de Marapendi.<\/p>\n<p><strong>Adquira agora e fa\u00e7a sua reserva pelo telefone (21) 3797 9524.<\/strong><\/p>\n<\/div>\n<p>&nbsp;<\/p>\n<p>&nbsp;<\/p>\n<div class=\"j_more\">\n<div>\n<div>\n<div>\n<div>\n<p>&nbsp;<\/p>\n<\/div>\n<\/div>\n<\/div>\n<\/div>\n<\/div>\n","protected":false},"excerpt":{"rendered":"<p>Desfrute de\u00a0um\u00a0caf\u00e9 da manh\u00e3 completo\u00a0com a sofistica\u00e7\u00e3o 5 estrelas do Grand Hyatt Rio de Janeiro! Desfrute de nossa deliciosa experi\u00eancia\u00a0de caf\u00e9 da manh\u00e3\u00a0no Tano, repleto\u00a0das mais variadas frutas brasileiras,\u00a0sele\u00e7\u00e3o de p\u00e3es, queijos, geleias, doces e muito mais. Encante-se com o ambiente climatizado, cercado pelo azul do mar da Barra da Tijuca e o verde da [&hellip;]<\/p>\n","protected":false},"featured_media":48,"template":"","meta":[],"product_cat":[20,49],"product_tag":[],"bundled_by":[],"bundle_stock_status":"instock","bundle_stock_quantity":null,"bundle_virtual":false,"bundle_layout":"","bundle_add_to_cart_form_location":"","bundle_editable_in_cart":false,"bundle_sold_individually_context":"","bundle_item_grouping":"","bundle_min_size":"","bundle_max_size":"","bundled_items":[],"yoast_head":"<!-- This site is optimized with the Yoast SEO plugin v17.2.1 - https:\/\/yoast.com\/wordpress\/plugins\/seo\/ -->\n<title>Caf\u00e9 da Manh\u00e3 - GRAND HYATT RIO DE JANEIRO<\/title>\n<meta name=\"robots\" content=\"noindex, follow, max-snippet:-1, max-image-preview:large, max-video-preview:-1\" \/>\n<meta property=\"og:locale\" content=\"pt_BR\" \/>\n<meta property=\"og:type\" content=\"article\" \/>\n<meta property=\"og:title\" content=\"Caf\u00e9 da Manh\u00e3 - GRAND HYATT RIO DE JANEIRO\" \/>\n<meta property=\"og:description\" content=\"Desfrute de\u00a0um\u00a0caf\u00e9 da manh\u00e3 completo\u00a0com a sofistica\u00e7\u00e3o 5 estrelas do Grand Hyatt Rio de Janeiro! Desfrute de nossa deliciosa experi\u00eancia\u00a0de caf\u00e9 da manh\u00e3\u00a0no Tano, repleto\u00a0das mais variadas frutas brasileiras,\u00a0sele\u00e7\u00e3o de p\u00e3es, queijos, geleias, doces e muito mais. Encante-se com o ambiente climatizado, cercado pelo azul do mar da Barra da Tijuca e o verde da [&hellip;]\" \/>\n<meta property=\"og:url\" content=\"https:\/\/homologacao.pacoteshyatt.com.br\/rio-de-janeiro\/product\/delicioso-cafe-da-manha\/\" \/>\n<meta property=\"og:site_name\" content=\"GRAND HYATT RIO DE JANEIRO\" \/>\n<meta property=\"article:modified_time\" content=\"2022-10-28T18:03:39+00:00\" \/>\n<meta property=\"og:image\" content=\"https:\/\/homologacao.pacoteshyatt.com.br\/rio-de-janeiro\/wp-content\/uploads\/sites\/2\/2020\/10\/423.jpg\" \/>\n\t<meta property=\"og:image:width\" content=\"1919\" \/>\n\t<meta property=\"og:image:height\" content=\"434\" \/>\n<meta name=\"twitter:card\" content=\"summary_large_image\" \/>\n<script type=\"application\/ld+json\" class=\"yoast-schema-graph\">{\"@context\":\"https:\/\/schema.org\",\"@graph\":[{\"@type\":\"WebSite\",\"@id\":\"https:\/\/homologacao.pacoteshyatt.com.br\/rio-de-janeiro\/#website\",\"url\":\"https:\/\/homologacao.pacoteshyatt.com.br\/rio-de-janeiro\/\",\"name\":\"GRAND HYATT RIO DE JANEIRO\",\"description\":\"S\\u00f3 mais um site Hot\\u00e9is Grand Hyatt Rio de Janeiro e S\\u00e3o Paulo sites\",\"potentialAction\":[{\"@type\":\"SearchAction\",\"target\":{\"@type\":\"EntryPoint\",\"urlTemplate\":\"https:\/\/homologacao.pacoteshyatt.com.br\/rio-de-janeiro\/?s={search_term_string}\"},\"query-input\":\"required name=search_term_string\"}],\"inLanguage\":\"pt-BR\"},{\"@type\":\"ImageObject\",\"@id\":\"https:\/\/homologacao.pacoteshyatt.com.br\/rio-de-janeiro\/product\/delicioso-cafe-da-manha\/#primaryimage\",\"inLanguage\":\"pt-BR\",\"url\":\"https:\/\/homologacao.pacoteshyatt.com.br\/rio-de-janeiro\/wp-content\/uploads\/sites\/2\/2020\/10\/423.jpg\",\"contentUrl\":\"https:\/\/homologacao.pacoteshyatt.com.br\/rio-de-janeiro\/wp-content\/uploads\/sites\/2\/2020\/10\/423.jpg\",\"width\":1919,\"height\":434},{\"@type\":\"WebPage\",\"@id\":\"https:\/\/homologacao.pacoteshyatt.com.br\/rio-de-janeiro\/product\/delicioso-cafe-da-manha\/#webpage\",\"url\":\"https:\/\/homologacao.pacoteshyatt.com.br\/rio-de-janeiro\/product\/delicioso-cafe-da-manha\/\",\"name\":\"Caf\\u00e9 da Manh\\u00e3 - GRAND HYATT RIO DE JANEIRO\",\"isPartOf\":{\"@id\":\"https:\/\/homologacao.pacoteshyatt.com.br\/rio-de-janeiro\/#website\"},\"primaryImageOfPage\":{\"@id\":\"https:\/\/homologacao.pacoteshyatt.com.br\/rio-de-janeiro\/product\/delicioso-cafe-da-manha\/#primaryimage\"},\"datePublished\":\"2020-10-19T18:13:41+00:00\",\"dateModified\":\"2022-10-28T18:03:39+00:00\",\"breadcrumb\":{\"@id\":\"https:\/\/homologacao.pacoteshyatt.com.br\/rio-de-janeiro\/product\/delicioso-cafe-da-manha\/#breadcrumb\"},\"inLanguage\":\"pt-BR\",\"potentialAction\":[{\"@type\":\"ReadAction\",\"target\":[\"https:\/\/homologacao.pacoteshyatt.com.br\/rio-de-janeiro\/product\/delicioso-cafe-da-manha\/\"]}]},{\"@type\":\"BreadcrumbList\",\"@id\":\"https:\/\/homologacao.pacoteshyatt.com.br\/rio-de-janeiro\/product\/delicioso-cafe-da-manha\/#breadcrumb\",\"itemListElement\":[{\"@type\":\"ListItem\",\"position\":1,\"name\":\"Home\",\"item\":\"https:\/\/homologacao.pacoteshyatt.com.br\/rio-de-janeiro\/\"},{\"@type\":\"ListItem\",\"position\":2,\"name\":\"Produtos\",\"item\":\"https:\/\/homologacao.pacoteshyatt.com.br\/rio-de-janeiro\/shop\/\"},{\"@type\":\"ListItem\",\"position\":3,\"name\":\"Caf\\u00e9 da Manh\\u00e3\"}]}]}<\/script>\n<!-- \/ Yoast SEO plugin. -->","yoast_head_json":{"title":"Caf\u00e9 da Manh\u00e3 - GRAND HYATT RIO DE JANEIRO","robots":{"index":"noindex","follow":"follow","max-snippet":"max-snippet:-1","max-image-preview":"max-image-preview:large","max-video-preview":"max-video-preview:-1"},"og_locale":"pt_BR","og_type":"article","og_title":"Caf\u00e9 da Manh\u00e3 - GRAND HYATT RIO DE JANEIRO","og_description":"Desfrute de\u00a0um\u00a0caf\u00e9 da manh\u00e3 completo\u00a0com a sofistica\u00e7\u00e3o 5 estrelas do Grand Hyatt Rio de Janeiro! Desfrute de nossa deliciosa experi\u00eancia\u00a0de caf\u00e9 da manh\u00e3\u00a0no Tano, repleto\u00a0das mais variadas frutas brasileiras,\u00a0sele\u00e7\u00e3o de p\u00e3es, queijos, geleias, doces e muito mais. Encante-se com o ambiente climatizado, cercado pelo azul do mar da Barra da Tijuca e o verde da [&hellip;]","og_url":"https:\/\/homologacao.pacoteshyatt.com.br\/rio-de-janeiro\/product\/delicioso-cafe-da-manha\/","og_site_name":"GRAND HYATT RIO DE JANEIRO","article_modified_time":"2022-10-28T18:03:39+00:00","og_image":[{"width":1919,"height":434,"url":"https:\/\/homologacao.pacoteshyatt.com.br\/rio-de-janeiro\/wp-content\/uploads\/sites\/2\/2020\/10\/423.jpg","path":"\/srv\/www\/htdocs\/homologacao.pacoteshyatt.com.br\/wp-content\/uploads\/sites\/2\/2020\/10\/423.jpg","size":"full","id":48,"alt":"","pixels":832846,"type":"image\/jpeg"}],"twitter_card":"summary_large_image","schema":{"@context":"https:\/\/schema.org","@graph":[{"@type":"WebSite","@id":"https:\/\/homologacao.pacoteshyatt.com.br\/rio-de-janeiro\/#website","url":"https:\/\/homologacao.pacoteshyatt.com.br\/rio-de-janeiro\/","name":"GRAND HYATT RIO DE JANEIRO","description":"S\u00f3 mais um site Hot\u00e9is Grand Hyatt Rio de Janeiro e S\u00e3o Paulo sites","potentialAction":[{"@type":"SearchAction","target":{"@type":"EntryPoint","urlTemplate":"https:\/\/homologacao.pacoteshyatt.com.br\/rio-de-janeiro\/?s={search_term_string}"},"query-input":"required name=search_term_string"}],"inLanguage":"pt-BR"},{"@type":"ImageObject","@id":"https:\/\/homologacao.pacoteshyatt.com.br\/rio-de-janeiro\/product\/delicioso-cafe-da-manha\/#primaryimage","inLanguage":"pt-BR","url":"https:\/\/homologacao.pacoteshyatt.com.br\/rio-de-janeiro\/wp-content\/uploads\/sites\/2\/2020\/10\/423.jpg","contentUrl":"https:\/\/homologacao.pacoteshyatt.com.br\/rio-de-janeiro\/wp-content\/uploads\/sites\/2\/2020\/10\/423.jpg","width":1919,"height":434},{"@type":"WebPage","@id":"https:\/\/homologacao.pacoteshyatt.com.br\/rio-de-janeiro\/product\/delicioso-cafe-da-manha\/#webpage","url":"https:\/\/homologacao.pacoteshyatt.com.br\/rio-de-janeiro\/product\/delicioso-cafe-da-manha\/","name":"Caf\u00e9 da Manh\u00e3 - GRAND HYATT RIO DE JANEIRO","isPartOf":{"@id":"https:\/\/homologacao.pacoteshyatt.com.br\/rio-de-janeiro\/#website"},"primaryImageOfPage":{"@id":"https:\/\/homologacao.pacoteshyatt.com.br\/rio-de-janeiro\/product\/delicioso-cafe-da-manha\/#primaryimage"},"datePublished":"2020-10-19T18:13:41+00:00","dateModified":"2022-10-28T18:03:39+00:00","breadcrumb":{"@id":"https:\/\/homologacao.pacoteshyatt.com.br\/rio-de-janeiro\/product\/delicioso-cafe-da-manha\/#breadcrumb"},"inLanguage":"pt-BR","potentialAction":[{"@type":"ReadAction","target":["https:\/\/homologacao.pacoteshyatt.com.br\/rio-de-janeiro\/product\/delicioso-cafe-da-manha\/"]}]},{"@type":"BreadcrumbList","@id":"https:\/\/homologacao.pacoteshyatt.com.br\/rio-de-janeiro\/product\/delicioso-cafe-da-manha\/#breadcrumb","itemListElement":[{"@type":"ListItem","position":1,"name":"Home","item":"https:\/\/homologacao.pacoteshyatt.com.br\/rio-de-janeiro\/"},{"@type":"ListItem","position":2,"name":"Produtos","item":"https:\/\/homologacao.pacoteshyatt.com.br\/rio-de-janeiro\/shop\/"},{"@type":"ListItem","position":3,"name":"Caf\u00e9 da Manh\u00e3"}]}]}},"_links":{"self":[{"href":"https:\/\/homologacao.pacoteshyatt.com.br\/rio-de-janeiro\/wp-json\/wp\/v2\/product\/45"}],"collection":[{"href":"https:\/\/homologacao.pacoteshyatt.com.br\/rio-de-janeiro\/wp-json\/wp\/v2\/product"}],"about":[{"href":"https:\/\/homologacao.pacoteshyatt.com.br\/rio-de-janeiro\/wp-json\/wp\/v2\/types\/product"}],"wp:featuredmedia":[{"embeddable":true,"href":"https:\/\/homologacao.pacoteshyatt.com.br\/rio-de-janeiro\/wp-json\/wp\/v2\/media\/48"}],"wp:attachment":[{"href":"https:\/\/homologacao.pacoteshyatt.com.br\/rio-de-janeiro\/wp-json\/wp\/v2\/media?parent=45"}],"wp:term":[{"taxonomy":"product_cat","embeddable":true,"href":"https:\/\/homologacao.pacoteshyatt.com.br\/rio-de-janeiro\/wp-json\/wp\/v2\/product_cat?post=45"},{"taxonomy":"product_tag","embeddable":true,"href":"https:\/\/homologacao.pacoteshyatt.com.br\/rio-de-janeiro\/wp-json\/wp\/v2\/product_tag?post=45"}],"curies":[{"name":"wp","href":"https:\/\/api.w.org\/{rel}","templated":true}]}}