{"id":61,"date":"2020-10-20T22:16:31","date_gmt":"2020-10-21T01:16:31","guid":{"rendered":"https:\/\/homologacao.pacoteshyatt.com.br\/rio-de-janeiro\/?post_type=product&#038;p=61"},"modified":"2021-01-19T19:45:11","modified_gmt":"2021-01-19T22:45:11","slug":"drenagem-linfatica","status":"publish","type":"product","link":"https:\/\/homologacao.pacoteshyatt.com.br\/rio-de-janeiro\/product\/drenagem-linfatica\/","title":{"rendered":"Drenagem Linf\u00e1tica"},"content":{"rendered":"<p>A drenagem linf\u00e1tica \u00e9 uma t\u00e9cnica de <strong>massagem corporal<\/strong>, de dura\u00e7\u00e3o de 60 ou 90 minutos, que estimula o sistema linf\u00e1tico, com movimentos suaves e precisos, <strong>visando \u00e0 elimina\u00e7\u00e3o de l\u00edquidos, toxinas e edemas<\/strong>.<\/p>\n<p>As manobras s\u00e3o realizadas em dire\u00e7\u00e3o aos linfonodos, proporcionando a a redu\u00e7\u00e3o de edemas, melhora da hidrata\u00e7\u00e3o e nutri\u00e7\u00e3o das c\u00e9lulas, acelera a cicatriza\u00e7\u00e3o de ferimentos, aumenta a capacidade de absor\u00e7\u00e3o de hematomas e equimoses, melhora o retorno de sensibilidade em cirurgias, reduz a reten\u00e7\u00e3o de l\u00edquido nos tecidos e ajuda na melhora aparente da celulite.<\/p>\n<p>&nbsp;<\/p>\n<p>&nbsp;<\/p>\n","protected":false},"excerpt":{"rendered":"<p>A drenagem linf\u00e1tica \u00e9 uma t\u00e9cnica de massagem corporal, de dura\u00e7\u00e3o de 60 ou 90 minutos, que estimula o sistema linf\u00e1tico, com movimentos suaves e precisos, visando \u00e0 elimina\u00e7\u00e3o de l\u00edquidos, toxinas e edemas. As manobras s\u00e3o realizadas em dire\u00e7\u00e3o aos linfonodos, proporcionando a a redu\u00e7\u00e3o de edemas, melhora da hidrata\u00e7\u00e3o e nutri\u00e7\u00e3o das c\u00e9lulas, [&hellip;]<\/p>\n","protected":false},"featured_media":752,"template":"","meta":[],"product_cat":[19,23],"product_tag":[],"bundled_by":[],"bundle_stock_status":"instock","bundle_stock_quantity":null,"bundle_virtual":false,"bundle_layout":"","bundle_add_to_cart_form_location":"","bundle_editable_in_cart":false,"bundle_sold_individually_context":"","bundle_item_grouping":"","bundle_min_size":"","bundle_max_size":"","bundled_items":[],"yoast_head":"<!-- This site is optimized with the Yoast SEO plugin v17.2.1 - https:\/\/yoast.com\/wordpress\/plugins\/seo\/ -->\n<title>Drenagem Linf\u00e1tica - GRAND HYATT RIO DE JANEIRO<\/title>\n<meta name=\"robots\" content=\"noindex, follow, max-snippet:-1, max-image-preview:large, max-video-preview:-1\" \/>\n<meta property=\"og:locale\" content=\"pt_BR\" \/>\n<meta property=\"og:type\" content=\"article\" \/>\n<meta property=\"og:title\" content=\"Drenagem Linf\u00e1tica - GRAND HYATT RIO DE JANEIRO\" \/>\n<meta property=\"og:description\" content=\"A drenagem linf\u00e1tica \u00e9 uma t\u00e9cnica de massagem corporal, de dura\u00e7\u00e3o de 60 ou 90 minutos, que estimula o sistema linf\u00e1tico, com movimentos suaves e precisos, visando \u00e0 elimina\u00e7\u00e3o de l\u00edquidos, toxinas e edemas. As manobras s\u00e3o realizadas em dire\u00e7\u00e3o aos linfonodos, proporcionando a a redu\u00e7\u00e3o de edemas, melhora da hidrata\u00e7\u00e3o e nutri\u00e7\u00e3o das c\u00e9lulas, [&hellip;]\" \/>\n<meta property=\"og:url\" content=\"https:\/\/homologacao.pacoteshyatt.com.br\/rio-de-janeiro\/product\/drenagem-linfatica\/\" \/>\n<meta property=\"og:site_name\" content=\"GRAND HYATT RIO DE JANEIRO\" \/>\n<meta property=\"article:modified_time\" content=\"2021-01-19T22:45:11+00:00\" \/>\n<meta property=\"og:image\" content=\"https:\/\/homologacao.pacoteshyatt.com.br\/rio-de-janeiro\/wp-content\/uploads\/sites\/2\/2020\/10\/2448.jpg\" \/>\n\t<meta property=\"og:image:width\" content=\"308\" \/>\n\t<meta property=\"og:image:height\" content=\"200\" \/>\n<meta name=\"twitter:card\" content=\"summary_large_image\" \/>\n<meta name=\"twitter:label1\" content=\"Est. reading time\" \/>\n\t<meta name=\"twitter:data1\" content=\"1 minuto\" \/>\n<script type=\"application\/ld+json\" class=\"yoast-schema-graph\">{\"@context\":\"https:\/\/schema.org\",\"@graph\":[{\"@type\":\"WebSite\",\"@id\":\"https:\/\/homologacao.pacoteshyatt.com.br\/rio-de-janeiro\/#website\",\"url\":\"https:\/\/homologacao.pacoteshyatt.com.br\/rio-de-janeiro\/\",\"name\":\"GRAND HYATT RIO DE JANEIRO\",\"description\":\"S\\u00f3 mais um site Hot\\u00e9is Grand Hyatt Rio de Janeiro e S\\u00e3o Paulo sites\",\"potentialAction\":[{\"@type\":\"SearchAction\",\"target\":{\"@type\":\"EntryPoint\",\"urlTemplate\":\"https:\/\/homologacao.pacoteshyatt.com.br\/rio-de-janeiro\/?s={search_term_string}\"},\"query-input\":\"required name=search_term_string\"}],\"inLanguage\":\"pt-BR\"},{\"@type\":\"ImageObject\",\"@id\":\"https:\/\/homologacao.pacoteshyatt.com.br\/rio-de-janeiro\/product\/drenagem-linfatica\/#primaryimage\",\"inLanguage\":\"pt-BR\",\"url\":\"https:\/\/homologacao.pacoteshyatt.com.br\/rio-de-janeiro\/wp-content\/uploads\/sites\/2\/2020\/10\/2448.jpg\",\"contentUrl\":\"https:\/\/homologacao.pacoteshyatt.com.br\/rio-de-janeiro\/wp-content\/uploads\/sites\/2\/2020\/10\/2448.jpg\",\"width\":308,\"height\":200},{\"@type\":\"WebPage\",\"@id\":\"https:\/\/homologacao.pacoteshyatt.com.br\/rio-de-janeiro\/product\/drenagem-linfatica\/#webpage\",\"url\":\"https:\/\/homologacao.pacoteshyatt.com.br\/rio-de-janeiro\/product\/drenagem-linfatica\/\",\"name\":\"Drenagem Linf\\u00e1tica - GRAND HYATT RIO DE JANEIRO\",\"isPartOf\":{\"@id\":\"https:\/\/homologacao.pacoteshyatt.com.br\/rio-de-janeiro\/#website\"},\"primaryImageOfPage\":{\"@id\":\"https:\/\/homologacao.pacoteshyatt.com.br\/rio-de-janeiro\/product\/drenagem-linfatica\/#primaryimage\"},\"datePublished\":\"2020-10-21T01:16:31+00:00\",\"dateModified\":\"2021-01-19T22:45:11+00:00\",\"breadcrumb\":{\"@id\":\"https:\/\/homologacao.pacoteshyatt.com.br\/rio-de-janeiro\/product\/drenagem-linfatica\/#breadcrumb\"},\"inLanguage\":\"pt-BR\",\"potentialAction\":[{\"@type\":\"ReadAction\",\"target\":[\"https:\/\/homologacao.pacoteshyatt.com.br\/rio-de-janeiro\/product\/drenagem-linfatica\/\"]}]},{\"@type\":\"BreadcrumbList\",\"@id\":\"https:\/\/homologacao.pacoteshyatt.com.br\/rio-de-janeiro\/product\/drenagem-linfatica\/#breadcrumb\",\"itemListElement\":[{\"@type\":\"ListItem\",\"position\":1,\"name\":\"Home\",\"item\":\"https:\/\/homologacao.pacoteshyatt.com.br\/rio-de-janeiro\/\"},{\"@type\":\"ListItem\",\"position\":2,\"name\":\"Produtos\",\"item\":\"https:\/\/homologacao.pacoteshyatt.com.br\/rio-de-janeiro\/shop\/\"},{\"@type\":\"ListItem\",\"position\":3,\"name\":\"Drenagem Linf\\u00e1tica\"}]}]}<\/script>\n<!-- \/ Yoast SEO plugin. -->","yoast_head_json":{"title":"Drenagem Linf\u00e1tica - GRAND HYATT RIO DE JANEIRO","robots":{"index":"noindex","follow":"follow","max-snippet":"max-snippet:-1","max-image-preview":"max-image-preview:large","max-video-preview":"max-video-preview:-1"},"og_locale":"pt_BR","og_type":"article","og_title":"Drenagem Linf\u00e1tica - GRAND HYATT RIO DE JANEIRO","og_description":"A drenagem linf\u00e1tica \u00e9 uma t\u00e9cnica de massagem corporal, de dura\u00e7\u00e3o de 60 ou 90 minutos, que estimula o sistema linf\u00e1tico, com movimentos suaves e precisos, visando \u00e0 elimina\u00e7\u00e3o de l\u00edquidos, toxinas e edemas. As manobras s\u00e3o realizadas em dire\u00e7\u00e3o aos linfonodos, proporcionando a a redu\u00e7\u00e3o de edemas, melhora da hidrata\u00e7\u00e3o e nutri\u00e7\u00e3o das c\u00e9lulas, [&hellip;]","og_url":"https:\/\/homologacao.pacoteshyatt.com.br\/rio-de-janeiro\/product\/drenagem-linfatica\/","og_site_name":"GRAND HYATT RIO DE JANEIRO","article_modified_time":"2021-01-19T22:45:11+00:00","og_image":[{"width":308,"height":200,"url":"https:\/\/homologacao.pacoteshyatt.com.br\/rio-de-janeiro\/wp-content\/uploads\/sites\/2\/2020\/10\/2448.jpg","path":"\/home\/Hyatt\/homologacao.pacoteshyatt.com.br\/public_html\/wp-content\/uploads\/sites\/2\/2020\/10\/2448.jpg","size":"full","id":752,"alt":"","pixels":61600,"type":"image\/jpeg"}],"twitter_card":"summary_large_image","twitter_misc":{"Est. reading time":"1 minuto"},"schema":{"@context":"https:\/\/schema.org","@graph":[{"@type":"WebSite","@id":"https:\/\/homologacao.pacoteshyatt.com.br\/rio-de-janeiro\/#website","url":"https:\/\/homologacao.pacoteshyatt.com.br\/rio-de-janeiro\/","name":"GRAND HYATT RIO DE JANEIRO","description":"S\u00f3 mais um site Hot\u00e9is Grand Hyatt Rio de Janeiro e S\u00e3o Paulo sites","potentialAction":[{"@type":"SearchAction","target":{"@type":"EntryPoint","urlTemplate":"https:\/\/homologacao.pacoteshyatt.com.br\/rio-de-janeiro\/?s={search_term_string}"},"query-input":"required name=search_term_string"}],"inLanguage":"pt-BR"},{"@type":"ImageObject","@id":"https:\/\/homologacao.pacoteshyatt.com.br\/rio-de-janeiro\/product\/drenagem-linfatica\/#primaryimage","inLanguage":"pt-BR","url":"https:\/\/homologacao.pacoteshyatt.com.br\/rio-de-janeiro\/wp-content\/uploads\/sites\/2\/2020\/10\/2448.jpg","contentUrl":"https:\/\/homologacao.pacoteshyatt.com.br\/rio-de-janeiro\/wp-content\/uploads\/sites\/2\/2020\/10\/2448.jpg","width":308,"height":200},{"@type":"WebPage","@id":"https:\/\/homologacao.pacoteshyatt.com.br\/rio-de-janeiro\/product\/drenagem-linfatica\/#webpage","url":"https:\/\/homologacao.pacoteshyatt.com.br\/rio-de-janeiro\/product\/drenagem-linfatica\/","name":"Drenagem Linf\u00e1tica - GRAND HYATT RIO DE JANEIRO","isPartOf":{"@id":"https:\/\/homologacao.pacoteshyatt.com.br\/rio-de-janeiro\/#website"},"primaryImageOfPage":{"@id":"https:\/\/homologacao.pacoteshyatt.com.br\/rio-de-janeiro\/product\/drenagem-linfatica\/#primaryimage"},"datePublished":"2020-10-21T01:16:31+00:00","dateModified":"2021-01-19T22:45:11+00:00","breadcrumb":{"@id":"https:\/\/homologacao.pacoteshyatt.com.br\/rio-de-janeiro\/product\/drenagem-linfatica\/#breadcrumb"},"inLanguage":"pt-BR","potentialAction":[{"@type":"ReadAction","target":["https:\/\/homologacao.pacoteshyatt.com.br\/rio-de-janeiro\/product\/drenagem-linfatica\/"]}]},{"@type":"BreadcrumbList","@id":"https:\/\/homologacao.pacoteshyatt.com.br\/rio-de-janeiro\/product\/drenagem-linfatica\/#breadcrumb","itemListElement":[{"@type":"ListItem","position":1,"name":"Home","item":"https:\/\/homologacao.pacoteshyatt.com.br\/rio-de-janeiro\/"},{"@type":"ListItem","position":2,"name":"Produtos","item":"https:\/\/homologacao.pacoteshyatt.com.br\/rio-de-janeiro\/shop\/"},{"@type":"ListItem","position":3,"name":"Drenagem Linf\u00e1tica"}]}]}},"_links":{"self":[{"href":"https:\/\/homologacao.pacoteshyatt.com.br\/rio-de-janeiro\/wp-json\/wp\/v2\/product\/61"}],"collection":[{"href":"https:\/\/homologacao.pacoteshyatt.com.br\/rio-de-janeiro\/wp-json\/wp\/v2\/product"}],"about":[{"href":"https:\/\/homologacao.pacoteshyatt.com.br\/rio-de-janeiro\/wp-json\/wp\/v2\/types\/product"}],"wp:featuredmedia":[{"embeddable":true,"href":"https:\/\/homologacao.pacoteshyatt.com.br\/rio-de-janeiro\/wp-json\/wp\/v2\/media\/752"}],"wp:attachment":[{"href":"https:\/\/homologacao.pacoteshyatt.com.br\/rio-de-janeiro\/wp-json\/wp\/v2\/media?parent=61"}],"wp:term":[{"taxonomy":"product_cat","embeddable":true,"href":"https:\/\/homologacao.pacoteshyatt.com.br\/rio-de-janeiro\/wp-json\/wp\/v2\/product_cat?post=61"},{"taxonomy":"product_tag","embeddable":true,"href":"https:\/\/homologacao.pacoteshyatt.com.br\/rio-de-janeiro\/wp-json\/wp\/v2\/product_tag?post=61"}],"curies":[{"name":"wp","href":"https:\/\/api.w.org\/{rel}","templated":true}]}}