{"id":619,"date":"2020-11-25T10:52:33","date_gmt":"2020-11-25T13:52:33","guid":{"rendered":"https:\/\/homologacao.pacoteshyatt.com.br\/rio-de-janeiro\/?post_type=product&#038;p=619"},"modified":"2021-05-21T10:45:53","modified_gmt":"2021-05-21T13:45:53","slug":"noite-de-nupcias","status":"publish","type":"product","link":"https:\/\/homologacao.pacoteshyatt.com.br\/rio-de-janeiro\/product\/noite-de-nupcias\/","title":{"rendered":"Noite de N\u00fapcias"},"content":{"rendered":"<p>Ap\u00f3s festejar o grande dia com os amigos e a fam\u00edlia, chega a hora de comemorar o momento mais importante da vida do casal.<\/p>\n<p>Desfrute a sua\u00a0<strong>Noite de N\u00fapcias\u00a0<\/strong>de\u00a0frente para os mais lindos e rom\u00e2nticos cen\u00e1rios do Rio. Torne esse momento especial e \u00fanico em uma ocasi\u00e3o memor\u00e1vel.<\/p>\n<p>Aproveite a facilidade do parcelamento.\u00a0Valores\u00a0a partir de R$ 2.185 em at\u00e9 3 vezes sem juros.<\/p>\n","protected":false},"excerpt":{"rendered":"<p>Ap\u00f3s festejar o grande dia com os amigos e a fam\u00edlia, chega a hora de comemorar o momento mais importante da vida do casal. Desfrute a sua\u00a0Noite de N\u00fapcias\u00a0de\u00a0frente para os mais lindos e rom\u00e2nticos cen\u00e1rios do Rio. Torne esse momento especial e \u00fanico em uma ocasi\u00e3o memor\u00e1vel. Aproveite a facilidade do parcelamento.\u00a0Valores\u00a0a partir de [&hellip;]<\/p>\n","protected":false},"featured_media":1781,"template":"","meta":[],"product_cat":[48,46],"product_tag":[],"bundled_by":[],"bundle_stock_status":"instock","bundle_stock_quantity":null,"bundle_virtual":false,"bundle_layout":"","bundle_add_to_cart_form_location":"","bundle_editable_in_cart":false,"bundle_sold_individually_context":"","bundle_item_grouping":"","bundle_min_size":"","bundle_max_size":"","bundled_items":[],"yoast_head":"<!-- This site is optimized with the Yoast SEO plugin v17.2.1 - https:\/\/yoast.com\/wordpress\/plugins\/seo\/ -->\n<title>Noite de N\u00fapcias - GRAND HYATT RIO DE JANEIRO<\/title>\n<meta name=\"robots\" content=\"noindex, follow, max-snippet:-1, max-image-preview:large, max-video-preview:-1\" \/>\n<meta property=\"og:locale\" content=\"pt_BR\" \/>\n<meta property=\"og:type\" content=\"article\" \/>\n<meta property=\"og:title\" content=\"Noite de N\u00fapcias - GRAND HYATT RIO DE JANEIRO\" \/>\n<meta property=\"og:description\" content=\"Ap\u00f3s festejar o grande dia com os amigos e a fam\u00edlia, chega a hora de comemorar o momento mais importante da vida do casal. Desfrute a sua\u00a0Noite de N\u00fapcias\u00a0de\u00a0frente para os mais lindos e rom\u00e2nticos cen\u00e1rios do Rio. Torne esse momento especial e \u00fanico em uma ocasi\u00e3o memor\u00e1vel. Aproveite a facilidade do parcelamento.\u00a0Valores\u00a0a partir de [&hellip;]\" \/>\n<meta property=\"og:url\" content=\"https:\/\/homologacao.pacoteshyatt.com.br\/rio-de-janeiro\/product\/noite-de-nupcias\/\" \/>\n<meta property=\"og:site_name\" content=\"GRAND HYATT RIO DE JANEIRO\" \/>\n<meta property=\"article:modified_time\" content=\"2021-05-21T13:45:53+00:00\" \/>\n<meta property=\"og:image\" content=\"https:\/\/homologacao.pacoteshyatt.com.br\/rio-de-janeiro\/wp-content\/uploads\/sites\/2\/2021\/01\/HYATT_TBF_3725-e1610066268796.jpg\" \/>\n\t<meta property=\"og:image:width\" content=\"977\" \/>\n\t<meta property=\"og:image:height\" content=\"665\" \/>\n<meta name=\"twitter:card\" content=\"summary_large_image\" \/>\n<script type=\"application\/ld+json\" class=\"yoast-schema-graph\">{\"@context\":\"https:\/\/schema.org\",\"@graph\":[{\"@type\":\"WebSite\",\"@id\":\"https:\/\/homologacao.pacoteshyatt.com.br\/rio-de-janeiro\/#website\",\"url\":\"https:\/\/homologacao.pacoteshyatt.com.br\/rio-de-janeiro\/\",\"name\":\"GRAND HYATT RIO DE JANEIRO\",\"description\":\"S\\u00f3 mais um site Hot\\u00e9is Grand Hyatt Rio de Janeiro e S\\u00e3o Paulo sites\",\"potentialAction\":[{\"@type\":\"SearchAction\",\"target\":{\"@type\":\"EntryPoint\",\"urlTemplate\":\"https:\/\/homologacao.pacoteshyatt.com.br\/rio-de-janeiro\/?s={search_term_string}\"},\"query-input\":\"required name=search_term_string\"}],\"inLanguage\":\"pt-BR\"},{\"@type\":\"ImageObject\",\"@id\":\"https:\/\/homologacao.pacoteshyatt.com.br\/rio-de-janeiro\/product\/noite-de-nupcias\/#primaryimage\",\"inLanguage\":\"pt-BR\",\"url\":\"https:\/\/homologacao.pacoteshyatt.com.br\/rio-de-janeiro\/wp-content\/uploads\/sites\/2\/2021\/01\/HYATT_TBF_3725-e1610066268796.jpg\",\"contentUrl\":\"https:\/\/homologacao.pacoteshyatt.com.br\/rio-de-janeiro\/wp-content\/uploads\/sites\/2\/2021\/01\/HYATT_TBF_3725-e1610066268796.jpg\",\"width\":977,\"height\":665,\"caption\":\"www.tbfoto.com.br HYATT - RJ\/RJ - 17\/07\/2017 Foto: Tadeu Brunelli ATENCAO: Toda foto deve ser publicada com o credito do autor, na sua integra sem cortes ou modificacoes, de acordo com a Lei N\\u00ba 9.610 de 19\/02\/1998.\"},{\"@type\":\"WebPage\",\"@id\":\"https:\/\/homologacao.pacoteshyatt.com.br\/rio-de-janeiro\/product\/noite-de-nupcias\/#webpage\",\"url\":\"https:\/\/homologacao.pacoteshyatt.com.br\/rio-de-janeiro\/product\/noite-de-nupcias\/\",\"name\":\"Noite de N\\u00fapcias - GRAND HYATT RIO DE JANEIRO\",\"isPartOf\":{\"@id\":\"https:\/\/homologacao.pacoteshyatt.com.br\/rio-de-janeiro\/#website\"},\"primaryImageOfPage\":{\"@id\":\"https:\/\/homologacao.pacoteshyatt.com.br\/rio-de-janeiro\/product\/noite-de-nupcias\/#primaryimage\"},\"datePublished\":\"2020-11-25T13:52:33+00:00\",\"dateModified\":\"2021-05-21T13:45:53+00:00\",\"breadcrumb\":{\"@id\":\"https:\/\/homologacao.pacoteshyatt.com.br\/rio-de-janeiro\/product\/noite-de-nupcias\/#breadcrumb\"},\"inLanguage\":\"pt-BR\",\"potentialAction\":[{\"@type\":\"ReadAction\",\"target\":[\"https:\/\/homologacao.pacoteshyatt.com.br\/rio-de-janeiro\/product\/noite-de-nupcias\/\"]}]},{\"@type\":\"BreadcrumbList\",\"@id\":\"https:\/\/homologacao.pacoteshyatt.com.br\/rio-de-janeiro\/product\/noite-de-nupcias\/#breadcrumb\",\"itemListElement\":[{\"@type\":\"ListItem\",\"position\":1,\"name\":\"Home\",\"item\":\"https:\/\/homologacao.pacoteshyatt.com.br\/rio-de-janeiro\/\"},{\"@type\":\"ListItem\",\"position\":2,\"name\":\"Produtos\",\"item\":\"https:\/\/homologacao.pacoteshyatt.com.br\/rio-de-janeiro\/shop\/\"},{\"@type\":\"ListItem\",\"position\":3,\"name\":\"Noite de N\\u00fapcias\"}]}]}<\/script>\n<!-- \/ Yoast SEO plugin. -->","yoast_head_json":{"title":"Noite de N\u00fapcias - GRAND HYATT RIO DE JANEIRO","robots":{"index":"noindex","follow":"follow","max-snippet":"max-snippet:-1","max-image-preview":"max-image-preview:large","max-video-preview":"max-video-preview:-1"},"og_locale":"pt_BR","og_type":"article","og_title":"Noite de N\u00fapcias - GRAND HYATT RIO DE JANEIRO","og_description":"Ap\u00f3s festejar o grande dia com os amigos e a fam\u00edlia, chega a hora de comemorar o momento mais importante da vida do casal. Desfrute a sua\u00a0Noite de N\u00fapcias\u00a0de\u00a0frente para os mais lindos e rom\u00e2nticos cen\u00e1rios do Rio. Torne esse momento especial e \u00fanico em uma ocasi\u00e3o memor\u00e1vel. Aproveite a facilidade do parcelamento.\u00a0Valores\u00a0a partir de [&hellip;]","og_url":"https:\/\/homologacao.pacoteshyatt.com.br\/rio-de-janeiro\/product\/noite-de-nupcias\/","og_site_name":"GRAND HYATT RIO DE JANEIRO","article_modified_time":"2021-05-21T13:45:53+00:00","og_image":[{"width":977,"height":665,"url":"https:\/\/homologacao.pacoteshyatt.com.br\/rio-de-janeiro\/wp-content\/uploads\/sites\/2\/2021\/01\/HYATT_TBF_3725-e1610066268796.jpg","path":"\/home\/Hyatt\/homologacao.pacoteshyatt.com.br\/public_html\/wp-content\/uploads\/sites\/2\/2021\/01\/HYATT_TBF_3725-e1610066268796.jpg","size":"full","id":1781,"alt":"","pixels":649705,"type":"image\/jpeg"}],"twitter_card":"summary_large_image","schema":{"@context":"https:\/\/schema.org","@graph":[{"@type":"WebSite","@id":"https:\/\/homologacao.pacoteshyatt.com.br\/rio-de-janeiro\/#website","url":"https:\/\/homologacao.pacoteshyatt.com.br\/rio-de-janeiro\/","name":"GRAND HYATT RIO DE JANEIRO","description":"S\u00f3 mais um site Hot\u00e9is Grand Hyatt Rio de Janeiro e S\u00e3o Paulo sites","potentialAction":[{"@type":"SearchAction","target":{"@type":"EntryPoint","urlTemplate":"https:\/\/homologacao.pacoteshyatt.com.br\/rio-de-janeiro\/?s={search_term_string}"},"query-input":"required name=search_term_string"}],"inLanguage":"pt-BR"},{"@type":"ImageObject","@id":"https:\/\/homologacao.pacoteshyatt.com.br\/rio-de-janeiro\/product\/noite-de-nupcias\/#primaryimage","inLanguage":"pt-BR","url":"https:\/\/homologacao.pacoteshyatt.com.br\/rio-de-janeiro\/wp-content\/uploads\/sites\/2\/2021\/01\/HYATT_TBF_3725-e1610066268796.jpg","contentUrl":"https:\/\/homologacao.pacoteshyatt.com.br\/rio-de-janeiro\/wp-content\/uploads\/sites\/2\/2021\/01\/HYATT_TBF_3725-e1610066268796.jpg","width":977,"height":665,"caption":"www.tbfoto.com.br HYATT - RJ\/RJ - 17\/07\/2017 Foto: Tadeu Brunelli ATENCAO: Toda foto deve ser publicada com o credito do autor, na sua integra sem cortes ou modificacoes, de acordo com a Lei N\u00ba 9.610 de 19\/02\/1998."},{"@type":"WebPage","@id":"https:\/\/homologacao.pacoteshyatt.com.br\/rio-de-janeiro\/product\/noite-de-nupcias\/#webpage","url":"https:\/\/homologacao.pacoteshyatt.com.br\/rio-de-janeiro\/product\/noite-de-nupcias\/","name":"Noite de N\u00fapcias - GRAND HYATT RIO DE JANEIRO","isPartOf":{"@id":"https:\/\/homologacao.pacoteshyatt.com.br\/rio-de-janeiro\/#website"},"primaryImageOfPage":{"@id":"https:\/\/homologacao.pacoteshyatt.com.br\/rio-de-janeiro\/product\/noite-de-nupcias\/#primaryimage"},"datePublished":"2020-11-25T13:52:33+00:00","dateModified":"2021-05-21T13:45:53+00:00","breadcrumb":{"@id":"https:\/\/homologacao.pacoteshyatt.com.br\/rio-de-janeiro\/product\/noite-de-nupcias\/#breadcrumb"},"inLanguage":"pt-BR","potentialAction":[{"@type":"ReadAction","target":["https:\/\/homologacao.pacoteshyatt.com.br\/rio-de-janeiro\/product\/noite-de-nupcias\/"]}]},{"@type":"BreadcrumbList","@id":"https:\/\/homologacao.pacoteshyatt.com.br\/rio-de-janeiro\/product\/noite-de-nupcias\/#breadcrumb","itemListElement":[{"@type":"ListItem","position":1,"name":"Home","item":"https:\/\/homologacao.pacoteshyatt.com.br\/rio-de-janeiro\/"},{"@type":"ListItem","position":2,"name":"Produtos","item":"https:\/\/homologacao.pacoteshyatt.com.br\/rio-de-janeiro\/shop\/"},{"@type":"ListItem","position":3,"name":"Noite de N\u00fapcias"}]}]}},"_links":{"self":[{"href":"https:\/\/homologacao.pacoteshyatt.com.br\/rio-de-janeiro\/wp-json\/wp\/v2\/product\/619"}],"collection":[{"href":"https:\/\/homologacao.pacoteshyatt.com.br\/rio-de-janeiro\/wp-json\/wp\/v2\/product"}],"about":[{"href":"https:\/\/homologacao.pacoteshyatt.com.br\/rio-de-janeiro\/wp-json\/wp\/v2\/types\/product"}],"wp:featuredmedia":[{"embeddable":true,"href":"https:\/\/homologacao.pacoteshyatt.com.br\/rio-de-janeiro\/wp-json\/wp\/v2\/media\/1781"}],"wp:attachment":[{"href":"https:\/\/homologacao.pacoteshyatt.com.br\/rio-de-janeiro\/wp-json\/wp\/v2\/media?parent=619"}],"wp:term":[{"taxonomy":"product_cat","embeddable":true,"href":"https:\/\/homologacao.pacoteshyatt.com.br\/rio-de-janeiro\/wp-json\/wp\/v2\/product_cat?post=619"},{"taxonomy":"product_tag","embeddable":true,"href":"https:\/\/homologacao.pacoteshyatt.com.br\/rio-de-janeiro\/wp-json\/wp\/v2\/product_tag?post=619"}],"curies":[{"name":"wp","href":"https:\/\/api.w.org\/{rel}","templated":true}]}}