{"id":525,"date":"2020-12-02T12:48:46","date_gmt":"2020-12-02T15:48:46","guid":{"rendered":"https:\/\/homologacao.pacoteshyatt.com.br\/sao-paulo\/?page_id=525"},"modified":"2022-08-18T18:19:12","modified_gmt":"2022-08-18T21:19:12","slug":"cha-de-lingerie","status":"publish","type":"page","link":"https:\/\/homologacao.pacoteshyatt.com.br\/sao-paulo\/casamentos\/cha-de-lingerie\/","title":{"rendered":"Ch\u00e1 de Lingerie"},"content":{"rendered":"\n<div class=\"wp-container-69f85d49c28db wp-block-group casamentos-top-section\"><div class=\"wp-block-group__inner-container\"><div class=\"wp-bootstrap-blocks-container container mb-2 product-descrip-section intro-content-home \">\n\t\n<div class=\"wp-bootstrap-blocks-row row inner-casamentos-col\">\n\t\n\n<div class=\"col-12 col-md-12 inner-intro-content extra-with-content py-5\">\n\t\t\t\n\n<h1 class=\"has-text-align-center mb-4 has-pink-color has-text-color\">CH\u00c1 DE LINGERIE<\/h1>\n\n\n\n<p class=\"has-text-align-center\">Aproveite seu ch\u00e1 de lingerie em grande estilo! Traga suas amigas, madrinhas e familiares para viver momentos inesquec\u00edveis em nossas su\u00edtes, enquanto desfrutam as mais belas vistas da cidade antes de subir ao altar.<\/p>\n\n\n\n<p class=\"has-text-align-center\"><strong>O Ch\u00e1 de Lingerie inclui:<\/strong><\/p>\n\n\n\n<p>&#8211; At\u00e9 15 pessoas&nbsp;em Su\u00edte Diplomata;<\/p>\n\n\n\n<p>&#8211;&nbsp;<strong>Dura\u00e7\u00e3o de at\u00e9 05 horas<\/strong>;<\/p>\n\n\n\n<p>&#8211;<strong>&nbsp;Decora\u00e7\u00e3o especial<\/strong>;<\/p>\n\n\n\n<p>&#8211;&nbsp;<strong>Menu exclusivo<\/strong>&nbsp;com finger food;<\/p>\n\n\n\n<p>&#8211; Bebidas n\u00e3o alco\u00f3licas;<\/p>\n\n\n\n<p>&#8211; 02 tipos de<strong>&nbsp;drinks<\/strong>&nbsp;(alco\u00f3lico) &#8211; Opcional<\/p>\n\n\n\n<p>&#8211; Estacionamento para 1 ve\u00edculo.<\/p>\n\n\t<\/div>\n\n\n\n<div class=\"col-12\">\n\t\t\t\n\n<p><\/p>\n\n\t<\/div>\n\n<\/div>\n\n<\/div>\n<\/div><\/div>\n\n\n        <div class=\"service-section\">\n            <div class=\"container\">\n                <div class=\"row\">\n                    <div class=\"inner-service-col col-12\">\n                                                    <div class=\"all-section-title\">\n                                <h2>PREPARE-SE PARA SEU MINI WEDDING<\/h2>\n                            <\/div>\n                                                <div class=\"d-flex flex-wrap inner-service-section justify-content-center\">\n                                    <div class=\"col-6 col-sm-4 col-lg-3 custom-3-col\">\n                                <a href=\"https:\/\/homologacao.pacoteshyatt.com.br\/sao-paulo\/porque-escolher-um-hotel\/\" class=\"service-image\">\n                                    <div class=\"inner-service-image\">\n                                        <img src=\"https:\/\/homologacao.pacoteshyatt.com.br\/sao-paulo\/wp-content\/uploads\/sites\/3\/2020\/12\/5-1.jpg\" alt=\"PORQUE ESCOLHER UM HOTEL?\">\n                                    <\/div>\n                                    <div class=\"btn-col\">\n                                        <span class=\"btn with-border\">| PORQUE ESCOLHER UM HOTEL?<\/span>\n                                    <\/div>\n                                <\/a>\n                            <\/div>\n                                        <div class=\"col-6 col-sm-4 col-lg-3 custom-3-col\">\n                                <a href=\"https:\/\/homologacao.pacoteshyatt.com.br\/sao-paulo\/casamentos\/conheca-nossos-espacos\/\" class=\"service-image\">\n                                    <div class=\"inner-service-image\">\n                                        <img src=\"https:\/\/homologacao.pacoteshyatt.com.br\/sao-paulo\/wp-content\/uploads\/sites\/3\/2020\/12\/4.jpg\" alt=\"CONHE\u00c7A NOSSOS ESPA\u00c7OS\">\n                                    <\/div>\n                                    <div class=\"btn-col\">\n                                        <span class=\"btn with-border\">| CONHE\u00c7A NOSSOS ESPA\u00c7OS<\/span>\n                                    <\/div>\n                                <\/a>\n                            <\/div>\n                                        <div class=\"col-6 col-sm-4 col-lg-3 custom-3-col\">\n                                <a href=\"https:\/\/homologacao.pacoteshyatt.com.br\/sao-paulo\/casamentos\/espaco-ideal\/\" class=\"service-image\">\n                                    <div class=\"inner-service-image\">\n                                        <img src=\"https:\/\/homologacao.pacoteshyatt.com.br\/sao-paulo\/wp-content\/uploads\/sites\/3\/2020\/12\/8-1.jpg\" alt=\"CEN\u00c1RIO IDEAL\">\n                                    <\/div>\n                                    <div class=\"btn-col\">\n                                        <span class=\"btn with-border\">| CEN\u00c1RIO IDEAL<\/span>\n                                    <\/div>\n                                <\/a>\n                            <\/div>\n                                    <\/div>\n                    <\/div>\n                <\/div>\n            <\/div>\n        <\/div>\n        \n\n        <div class=\"casamentos-form-section\">\n            <div class=\"container\">\n                <div class=\"row inner-casamentos-form\">\n                    <div role=\"form\" class=\"wpcf7\" id=\"wpcf7-f341-o1\" lang=\"pt-BR\" dir=\"ltr\">\n<div class=\"screen-reader-response\"><p role=\"status\" aria-live=\"polite\" aria-atomic=\"true\"><\/p> <ul><\/ul><\/div>\n<form action=\"\/sao-paulo\/wp-json\/wp\/v2\/pages\/525#wpcf7-f341-o1\" method=\"post\" class=\"wpcf7-form init cf7mls-no-scroll cf7mls-no-moving-animation\" novalidate=\"novalidate\" data-status=\"init\">\n<div style=\"display: none;\">\n<input type=\"hidden\" name=\"_wpcf7\" value=\"341\" \/>\n<input type=\"hidden\" name=\"_wpcf7_version\" value=\"5.5.6\" \/>\n<input type=\"hidden\" name=\"_wpcf7_locale\" value=\"pt_BR\" \/>\n<input type=\"hidden\" name=\"_wpcf7_unit_tag\" value=\"wpcf7-f341-o1\" \/>\n<input type=\"hidden\" name=\"_wpcf7_container_post\" value=\"0\" \/>\n<input type=\"hidden\" name=\"_wpcf7_posted_data_hash\" value=\"\" \/>\n<\/div>\n<div class=\"all-section-title\">\n<h2>Solicitar or\u00e7amento<\/h2>\n<\/div>\n<div class=\"inner-form-col\">\n<ul>\n<li>\n            <label>Nome:<\/label><br \/>\n            <span class=\"wpcf7-form-control-wrap nome\"><input type=\"text\" name=\"nome\" value=\"\" size=\"40\" class=\"wpcf7-form-control wpcf7-text wpcf7-validates-as-required\" aria-required=\"true\" aria-invalid=\"false\" \/><\/span>\n        <\/li>\n<li>\n            <label>Sobrenome<\/label><br \/>\n            <span class=\"wpcf7-form-control-wrap sobrenome\"><input type=\"text\" name=\"sobrenome\" value=\"\" size=\"40\" class=\"wpcf7-form-control wpcf7-text wpcf7-validates-as-required\" aria-required=\"true\" aria-invalid=\"false\" \/><\/span>\n        <\/li>\n<li>\n            <label>Data do evento<\/label><br \/>\n            <span class=\"wpcf7-form-control-wrap data\"><input type=\"date\" name=\"data\" value=\"\" class=\"wpcf7-form-control wpcf7-date wpcf7-validates-as-required wpcf7-validates-as-date\" aria-required=\"true\" aria-invalid=\"false\" \/><\/span>\n        <\/li>\n<li>\n            <label>Telefone<\/label><br \/>\n            <span class=\"wpcf7-form-control-wrap telefone\"><input type=\"tel\" name=\"telefone\" value=\"\" size=\"40\" class=\"wpcf7-form-control wpcf7-text wpcf7-tel wpcf7-validates-as-required wpcf7-validates-as-tel\" aria-required=\"true\" aria-invalid=\"false\" \/><\/span>\n        <\/li>\n<li>\n            <label>Hor\u00e1rio<\/label><br \/>\n            <span class=\"wpcf7-form-control-wrap horario\"><input type=\"text\" name=\"horario\" value=\"\" size=\"40\" class=\"wpcf7-form-control wpcf7-text\" aria-invalid=\"false\" \/><\/span>\n        <\/li>\n<li>\n            <label>e-mail<\/label><br \/>\n            <span class=\"wpcf7-form-control-wrap email\"><input type=\"email\" name=\"email\" value=\"\" size=\"40\" class=\"wpcf7-form-control wpcf7-text wpcf7-email wpcf7-validates-as-required wpcf7-validates-as-email\" aria-required=\"true\" aria-invalid=\"false\" \/><\/span>\n        <\/li>\n<li class=\"full-width text-center\">\n                    <input type=\"submit\" value=\"SOLICITE SEU OR\u00c7AMENTO\" class=\"wpcf7-form-control has-spinner wpcf7-submit btn\" \/>\n        <\/li>\n<\/ul>\n<\/div>\n<div class=\"wpcf7-response-output\" aria-hidden=\"true\"><\/div><\/form><\/div>                <\/div>\n            <\/div>\n        <\/div>\n        \n\n        <div class=\"destaques-section d-md-block\">\n            <div class=\"container\">\n                <div class=\"row\">\n                    <div class=\"inner-destaques-col col-12\">\n                        <div class=\"all-section-title\">\n                            <h2><\/h2>\n                        <\/div>\n                                                    <div class=\"swiper-container\">\n                               <div class=\"swiper-wrapper\">\n                                                                  <\/div>\n                           <\/div>\n                           <div class=\"swiper-button-next\"><\/div>\n                           <div class=\"swiper-button-prev\"><\/div>\n                                        <\/div>\n                <\/div>\n            <\/div>\n        <\/div>\n                       \n        ","protected":false},"excerpt":{"rendered":"<p>Que tal celebrar essa nova fase rodeada de suas amigas, madrinhas e familiares, em um evento exclusivo e inesquec\u00edvel?<\/p>\n","protected":false},"author":1,"featured_media":526,"parent":426,"menu_order":0,"comment_status":"closed","ping_status":"closed","template":"","meta":[],"yoast_head":"<!-- This site is optimized with the Yoast SEO plugin v17.2.1 - https:\/\/yoast.com\/wordpress\/plugins\/seo\/ -->\n<title>Ch\u00e1 de Lingerie - GRAND HYATT S\u00c3O PAULO<\/title>\n<meta name=\"robots\" content=\"noindex, follow, max-snippet:-1, max-image-preview:large, max-video-preview:-1\" \/>\n<meta property=\"og:locale\" content=\"pt_BR\" \/>\n<meta property=\"og:type\" content=\"article\" \/>\n<meta property=\"og:title\" content=\"Ch\u00e1 de Lingerie - GRAND HYATT S\u00c3O PAULO\" \/>\n<meta property=\"og:description\" content=\"Que tal celebrar essa nova fase rodeada de suas amigas, madrinhas e familiares, em um evento exclusivo e inesquec\u00edvel?\" \/>\n<meta property=\"og:url\" content=\"https:\/\/homologacao.pacoteshyatt.com.br\/sao-paulo\/casamentos\/cha-de-lingerie\/\" \/>\n<meta property=\"og:site_name\" content=\"GRAND HYATT S\u00c3O PAULO\" \/>\n<meta property=\"article:modified_time\" content=\"2022-08-18T21:19:12+00:00\" \/>\n<meta property=\"og:image\" content=\"https:\/\/homologacao.pacoteshyatt.com.br\/sao-paulo\/wp-content\/uploads\/sites\/3\/2020\/12\/18.jpg\" \/>\n\t<meta property=\"og:image:width\" content=\"312\" \/>\n\t<meta property=\"og:image:height\" content=\"212\" \/>\n<meta name=\"twitter:card\" content=\"summary_large_image\" \/>\n<meta name=\"twitter:label1\" content=\"Est. reading time\" \/>\n\t<meta name=\"twitter:data1\" content=\"1 minuto\" \/>\n<script type=\"application\/ld+json\" class=\"yoast-schema-graph\">{\"@context\":\"https:\/\/schema.org\",\"@graph\":[{\"@type\":\"WebSite\",\"@id\":\"https:\/\/homologacao.pacoteshyatt.com.br\/sao-paulo\/#website\",\"url\":\"https:\/\/homologacao.pacoteshyatt.com.br\/sao-paulo\/\",\"name\":\"GRAND HYATT S\\u00c3O PAULO\",\"description\":\"S\\u00f3 mais um site Hot\\u00e9is Grand Hyatt Rio de Janeiro e S\\u00e3o Paulo sites\",\"potentialAction\":[{\"@type\":\"SearchAction\",\"target\":{\"@type\":\"EntryPoint\",\"urlTemplate\":\"https:\/\/homologacao.pacoteshyatt.com.br\/sao-paulo\/?s={search_term_string}\"},\"query-input\":\"required name=search_term_string\"}],\"inLanguage\":\"pt-BR\"},{\"@type\":\"ImageObject\",\"@id\":\"https:\/\/homologacao.pacoteshyatt.com.br\/sao-paulo\/casamentos\/cha-de-lingerie\/#primaryimage\",\"inLanguage\":\"pt-BR\",\"url\":\"https:\/\/homologacao.pacoteshyatt.com.br\/sao-paulo\/wp-content\/uploads\/sites\/3\/2020\/12\/18.jpg\",\"contentUrl\":\"https:\/\/homologacao.pacoteshyatt.com.br\/sao-paulo\/wp-content\/uploads\/sites\/3\/2020\/12\/18.jpg\",\"width\":312,\"height\":212},{\"@type\":\"WebPage\",\"@id\":\"https:\/\/homologacao.pacoteshyatt.com.br\/sao-paulo\/casamentos\/cha-de-lingerie\/#webpage\",\"url\":\"https:\/\/homologacao.pacoteshyatt.com.br\/sao-paulo\/casamentos\/cha-de-lingerie\/\",\"name\":\"Ch\\u00e1 de Lingerie - GRAND HYATT S\\u00c3O PAULO\",\"isPartOf\":{\"@id\":\"https:\/\/homologacao.pacoteshyatt.com.br\/sao-paulo\/#website\"},\"primaryImageOfPage\":{\"@id\":\"https:\/\/homologacao.pacoteshyatt.com.br\/sao-paulo\/casamentos\/cha-de-lingerie\/#primaryimage\"},\"datePublished\":\"2020-12-02T15:48:46+00:00\",\"dateModified\":\"2022-08-18T21:19:12+00:00\",\"breadcrumb\":{\"@id\":\"https:\/\/homologacao.pacoteshyatt.com.br\/sao-paulo\/casamentos\/cha-de-lingerie\/#breadcrumb\"},\"inLanguage\":\"pt-BR\",\"potentialAction\":[{\"@type\":\"ReadAction\",\"target\":[\"https:\/\/homologacao.pacoteshyatt.com.br\/sao-paulo\/casamentos\/cha-de-lingerie\/\"]}]},{\"@type\":\"BreadcrumbList\",\"@id\":\"https:\/\/homologacao.pacoteshyatt.com.br\/sao-paulo\/casamentos\/cha-de-lingerie\/#breadcrumb\",\"itemListElement\":[{\"@type\":\"ListItem\",\"position\":1,\"name\":\"Home\",\"item\":\"https:\/\/homologacao.pacoteshyatt.com.br\/sao-paulo\/\"},{\"@type\":\"ListItem\",\"position\":2,\"name\":\"Casamentos\",\"item\":\"https:\/\/homologacao.pacoteshyatt.com.br\/sao-paulo\/casamentos\/\"},{\"@type\":\"ListItem\",\"position\":3,\"name\":\"Ch\\u00e1 de Lingerie\"}]}]}<\/script>\n<!-- \/ Yoast SEO plugin. -->","yoast_head_json":{"title":"Ch\u00e1 de Lingerie - GRAND HYATT S\u00c3O PAULO","robots":{"index":"noindex","follow":"follow","max-snippet":"max-snippet:-1","max-image-preview":"max-image-preview:large","max-video-preview":"max-video-preview:-1"},"og_locale":"pt_BR","og_type":"article","og_title":"Ch\u00e1 de Lingerie - GRAND HYATT S\u00c3O PAULO","og_description":"Que tal celebrar essa nova fase rodeada de suas amigas, madrinhas e familiares, em um evento exclusivo e inesquec\u00edvel?","og_url":"https:\/\/homologacao.pacoteshyatt.com.br\/sao-paulo\/casamentos\/cha-de-lingerie\/","og_site_name":"GRAND HYATT S\u00c3O PAULO","article_modified_time":"2022-08-18T21:19:12+00:00","og_image":[{"width":312,"height":212,"url":"https:\/\/homologacao.pacoteshyatt.com.br\/sao-paulo\/wp-content\/uploads\/sites\/3\/2020\/12\/18.jpg","path":"\/srv\/www\/htdocs\/homologacao.pacoteshyatt.com.br\/wp-content\/uploads\/sites\/3\/2020\/12\/18.jpg","size":"full","id":526,"alt":"","pixels":66144,"type":"image\/jpeg"}],"twitter_card":"summary_large_image","twitter_misc":{"Est. reading time":"1 minuto"},"schema":{"@context":"https:\/\/schema.org","@graph":[{"@type":"WebSite","@id":"https:\/\/homologacao.pacoteshyatt.com.br\/sao-paulo\/#website","url":"https:\/\/homologacao.pacoteshyatt.com.br\/sao-paulo\/","name":"GRAND HYATT S\u00c3O PAULO","description":"S\u00f3 mais um site Hot\u00e9is Grand Hyatt Rio de Janeiro e S\u00e3o Paulo sites","potentialAction":[{"@type":"SearchAction","target":{"@type":"EntryPoint","urlTemplate":"https:\/\/homologacao.pacoteshyatt.com.br\/sao-paulo\/?s={search_term_string}"},"query-input":"required name=search_term_string"}],"inLanguage":"pt-BR"},{"@type":"ImageObject","@id":"https:\/\/homologacao.pacoteshyatt.com.br\/sao-paulo\/casamentos\/cha-de-lingerie\/#primaryimage","inLanguage":"pt-BR","url":"https:\/\/homologacao.pacoteshyatt.com.br\/sao-paulo\/wp-content\/uploads\/sites\/3\/2020\/12\/18.jpg","contentUrl":"https:\/\/homologacao.pacoteshyatt.com.br\/sao-paulo\/wp-content\/uploads\/sites\/3\/2020\/12\/18.jpg","width":312,"height":212},{"@type":"WebPage","@id":"https:\/\/homologacao.pacoteshyatt.com.br\/sao-paulo\/casamentos\/cha-de-lingerie\/#webpage","url":"https:\/\/homologacao.pacoteshyatt.com.br\/sao-paulo\/casamentos\/cha-de-lingerie\/","name":"Ch\u00e1 de Lingerie - GRAND HYATT S\u00c3O PAULO","isPartOf":{"@id":"https:\/\/homologacao.pacoteshyatt.com.br\/sao-paulo\/#website"},"primaryImageOfPage":{"@id":"https:\/\/homologacao.pacoteshyatt.com.br\/sao-paulo\/casamentos\/cha-de-lingerie\/#primaryimage"},"datePublished":"2020-12-02T15:48:46+00:00","dateModified":"2022-08-18T21:19:12+00:00","breadcrumb":{"@id":"https:\/\/homologacao.pacoteshyatt.com.br\/sao-paulo\/casamentos\/cha-de-lingerie\/#breadcrumb"},"inLanguage":"pt-BR","potentialAction":[{"@type":"ReadAction","target":["https:\/\/homologacao.pacoteshyatt.com.br\/sao-paulo\/casamentos\/cha-de-lingerie\/"]}]},{"@type":"BreadcrumbList","@id":"https:\/\/homologacao.pacoteshyatt.com.br\/sao-paulo\/casamentos\/cha-de-lingerie\/#breadcrumb","itemListElement":[{"@type":"ListItem","position":1,"name":"Home","item":"https:\/\/homologacao.pacoteshyatt.com.br\/sao-paulo\/"},{"@type":"ListItem","position":2,"name":"Casamentos","item":"https:\/\/homologacao.pacoteshyatt.com.br\/sao-paulo\/casamentos\/"},{"@type":"ListItem","position":3,"name":"Ch\u00e1 de Lingerie"}]}]}},"_links":{"self":[{"href":"https:\/\/homologacao.pacoteshyatt.com.br\/sao-paulo\/wp-json\/wp\/v2\/pages\/525"}],"collection":[{"href":"https:\/\/homologacao.pacoteshyatt.com.br\/sao-paulo\/wp-json\/wp\/v2\/pages"}],"about":[{"href":"https:\/\/homologacao.pacoteshyatt.com.br\/sao-paulo\/wp-json\/wp\/v2\/types\/page"}],"author":[{"embeddable":true,"href":"https:\/\/homologacao.pacoteshyatt.com.br\/sao-paulo\/wp-json\/wp\/v2\/users\/1"}],"replies":[{"embeddable":true,"href":"https:\/\/homologacao.pacoteshyatt.com.br\/sao-paulo\/wp-json\/wp\/v2\/comments?post=525"}],"version-history":[{"count":23,"href":"https:\/\/homologacao.pacoteshyatt.com.br\/sao-paulo\/wp-json\/wp\/v2\/pages\/525\/revisions"}],"predecessor-version":[{"id":1250,"href":"https:\/\/homologacao.pacoteshyatt.com.br\/sao-paulo\/wp-json\/wp\/v2\/pages\/525\/revisions\/1250"}],"up":[{"embeddable":true,"href":"https:\/\/homologacao.pacoteshyatt.com.br\/sao-paulo\/wp-json\/wp\/v2\/pages\/426"}],"wp:featuredmedia":[{"embeddable":true,"href":"https:\/\/homologacao.pacoteshyatt.com.br\/sao-paulo\/wp-json\/wp\/v2\/media\/526"}],"wp:attachment":[{"href":"https:\/\/homologacao.pacoteshyatt.com.br\/sao-paulo\/wp-json\/wp\/v2\/media?parent=525"}],"curies":[{"name":"wp","href":"https:\/\/api.w.org\/{rel}","templated":true}]}}