{"id":635,"date":"2020-12-04T10:20:41","date_gmt":"2020-12-04T13:20:41","guid":{"rendered":"https:\/\/homologacao.pacoteshyatt.com.br\/sao-paulo\/?page_id=635"},"modified":"2021-01-17T18:10:12","modified_gmt":"2021-01-17T21:10:12","slug":"padrao","status":"publish","type":"page","link":"https:\/\/homologacao.pacoteshyatt.com.br\/sao-paulo\/padrao\/","title":{"rendered":"Padr\u00e3o"},"content":{"rendered":"\n<div class=\"wp-container-6a0836f77e68d wp-block-group intro-content-home text-center\"><div class=\"wp-block-group__inner-container\"><div class=\"wp-bootstrap-blocks-container container mb-2\">\n\t\n<div class=\"wp-bootstrap-blocks-row row\">\n\t\n\n<div class=\"col-12 col-md-12 inner-intro-content\">\n\t\t\t\n\n<div class=\"wp-container-6a0836f77e142 wp-block-group inner-content\"><div class=\"wp-block-group__inner-container\">\n<h1>Padr\u00e3o<\/h1>\n\n\n\n<p>Nossos apartamentos padr\u00e3o possuem 41m\u00b2 e oferecem um design moderno que une luz natural, sofistica\u00e7\u00e3o e conforto.<\/p>\n<\/div><\/div>\n\n\t<\/div>\n\n<\/div>\n\n<\/div>\n<\/div><\/div>\n\n\n\n<div class=\"wp-container-6a0836f788c35 wp-block-group grand-taste-top-section\"><div class=\"wp-block-group__inner-container\"><div class=\"wp-bootstrap-blocks-container container mb-2 product-descrip-section\">\n\t\n<div class=\"wp-bootstrap-blocks-row row inner-taste-col\">\n\t\n\n<div class=\"col-12 col-md-6\">\n\t\t\t\n                <div class=\"gallery-top-col\">\n                    <div class=\"swiper-container gallery-top\">\n                        <div class=\"swiper-wrapper\">\n                                                            <div class=\"swiper-slide\">\n                                                                    <\/div>\n                                                            <div class=\"swiper-slide\">\n                                                                    <\/div>\n                                                            <div class=\"swiper-slide\">\n                                                                    <\/div>\n                                                            <div class=\"swiper-slide\">\n                                                                    <\/div>\n                                                            <div class=\"swiper-slide\">\n                                                                    <\/div>\n                                                            <div class=\"swiper-slide\">\n                                                                    <\/div>\n                                                            <div class=\"swiper-slide\">\n                                                                    <\/div>\n                                                            <div class=\"swiper-slide\">\n                                                                    <\/div>\n                                                            <div class=\"swiper-slide\">\n                                                                    <\/div>\n                                                    <\/div>\n                    <\/div>\n                    <div class=\"swiper-button-next swiper-button-white\"><\/div>\n                    <div class=\"swiper-button-prev swiper-button-white\"><\/div>\n                <\/div>\n                <div class=\"gallery-thumbs-col\">\n                    <div class=\"swiper-container gallery-thumbs\">\n                        <div class=\"swiper-wrapper\">\n                                                            <div class=\"swiper-slide\">\n                                                                   <\/div>\n                                                            <div class=\"swiper-slide\">\n                                                                   <\/div>\n                                                            <div class=\"swiper-slide\">\n                                                                   <\/div>\n                                                            <div class=\"swiper-slide\">\n                                                                   <\/div>\n                                                            <div class=\"swiper-slide\">\n                                                                   <\/div>\n                                                            <div class=\"swiper-slide\">\n                                                                   <\/div>\n                                                            <div class=\"swiper-slide\">\n                                                                   <\/div>\n                                                            <div class=\"swiper-slide\">\n                                                                   <\/div>\n                                                            <div class=\"swiper-slide\">\n                                                                   <\/div>\n                                                    <\/div>\n                    <\/div>\n                <\/div>\n        \n\t<\/div>\n\n\n\n<div class=\"col-12 col-md-6 description-content\">\n\t\t\t\n\n<h1>Apartamento Padr\u00e3o<\/h1>\n\n\n\n<p><strong>Algumas das comodidades dispon\u00edveis:<\/strong><\/p>\n\n\n\n<p><strong>NO APARTAMENTO:<\/strong>&nbsp;Cofre Digital; TV LED 43\u2019 e TV a cabo; mesa de trabalho; ar condicionado com &nbsp; controle individual e Wi-Fi Gratuito.<\/p>\n\n\n\n<p><strong>NO BANHEIRO:<\/strong>&nbsp; Produtos de banho Granado; banheira e duchas separadas; secador de cabelo.<\/p>\n\n\n\n<p>*Apartamentos dispon\u00edveis com uma cama de casal ou duas camas de solteiro.<\/p>\n\n\n\n<p><br><\/p>\n\n\t<\/div>\n\n<\/div>\n\n<\/div>\n\n\n<div class=\"wp-bootstrap-blocks-container container mb-2 product-descrip-section\">\n\t\n<div class=\"wp-bootstrap-blocks-row row inner-taste-col\">\n\t\n\n<div class=\"col-12 col-md-6\">\n\t\t\t\n                <div class=\"gallery-top-col\">\n                    <div class=\"swiper-container gallery-top\">\n                        <div class=\"swiper-wrapper\">\n                                                            <div class=\"swiper-slide\">\n                                                                    <\/div>\n                                                            <div class=\"swiper-slide\">\n                                                                    <\/div>\n                                                            <div class=\"swiper-slide\">\n                                                                    <\/div>\n                                                            <div class=\"swiper-slide\">\n                                                                    <\/div>\n                                                            <div class=\"swiper-slide\">\n                                                                    <\/div>\n                                                            <div class=\"swiper-slide\">\n                                                                    <\/div>\n                                                            <div class=\"swiper-slide\">\n                                                                    <\/div>\n                                                    <\/div>\n                    <\/div>\n                    <div class=\"swiper-button-next swiper-button-white\"><\/div>\n                    <div class=\"swiper-button-prev swiper-button-white\"><\/div>\n                <\/div>\n                <div class=\"gallery-thumbs-col\">\n                    <div class=\"swiper-container gallery-thumbs\">\n                        <div class=\"swiper-wrapper\">\n                                                            <div class=\"swiper-slide\">\n                                                                   <\/div>\n                                                            <div class=\"swiper-slide\">\n                                                                   <\/div>\n                                                            <div class=\"swiper-slide\">\n                                                                   <\/div>\n                                                            <div class=\"swiper-slide\">\n                                                                   <\/div>\n                                                            <div class=\"swiper-slide\">\n                                                                   <\/div>\n                                                            <div class=\"swiper-slide\">\n                                                                   <\/div>\n                                                            <div class=\"swiper-slide\">\n                                                                   <\/div>\n                                                    <\/div>\n                    <\/div>\n                <\/div>\n        \n\t<\/div>\n\n\n\n<div class=\"col-12 col-md-6 description-content\">\n\t\t\t\n\n<h1>Apartamento Vista Ponte<\/h1>\n\n\n\n<p><strong>Algumas das comodidades dispon\u00edveis:<\/strong><\/p>\n\n\n\n<p><strong>NO APARTAMENTO:<\/strong>&nbsp;Vista para a Ponte Estaiada**; cofre Digital; TV LED 43\u2019 e TV a cabo; mesa de &nbsp; trabalho; ar condicionado com controle individual e Wi-Fi Gratuito. &nbsp;<\/p>\n\n\n\n<p><strong>NO BANHEIRO:<\/strong>&nbsp; Produtos de banho Granado; banheira e duchas separadas e secador de cabelo.<\/p>\n\n\n\n<p>*Apartamentos dispon\u00edveis com uma cama de casal ou duas camas de solteiro.<\/p>\n\n\n\n<p>**Com custo adicional.<\/p>\n\n\n\n<p><\/p>\n\n\n\n<p><br><\/p>\n\n\t<\/div>\n\n<\/div>\n\n<\/div>\n<\/div><\/div>\n\n\n        <div class=\"service-section\">\n            <div class=\"container\">\n                <div class=\"row\">\n                    <div class=\"inner-service-col col-12\">\n                                                    <div class=\"all-section-title\">\n                                <h2>Conhe\u00e7a nossas op\u00e7\u00f5es de hospedagem<\/h2>\n                            <\/div>\n                                                <div class=\"d-flex flex-wrap inner-service-section justify-content-center\">\n                                    <div class=\"col-6 col-sm-4 col-lg-3 custom-3-col\">\n                                <a href=\"https:\/\/homologacao.pacoteshyatt.com.br\/sao-paulo\/padrao\/\" class=\"service-image\">\n                                    <div class=\"inner-service-image\">\n                                        <img src=\"https:\/\/homologacao.pacoteshyatt.com.br\/sao-paulo\/wp-content\/uploads\/sites\/3\/2020\/12\/10-2.jpg\" alt=\"PADR\u00e3o\">\n                                    <\/div>\n                                    <div class=\"btn-col\">\n                                        <span class=\"btn with-border\">| PADR\u00e3o<\/span>\n                                    <\/div>\n                                <\/a>\n                            <\/div>\n                                        <div class=\"col-6 col-sm-4 col-lg-3 custom-3-col\">\n                                <a href=\"https:\/\/homologacao.pacoteshyatt.com.br\/sao-paulo\/club\/\" class=\"service-image\">\n                                    <div class=\"inner-service-image\">\n                                        <img src=\"https:\/\/homologacao.pacoteshyatt.com.br\/sao-paulo\/wp-content\/uploads\/sites\/3\/2020\/12\/11-1.jpg\" alt=\"CLUB\">\n                                    <\/div>\n                                    <div class=\"btn-col\">\n                                        <span class=\"btn with-border\">| CLUB<\/span>\n                                    <\/div>\n                                <\/a>\n                            <\/div>\n                                        <div class=\"col-6 col-sm-4 col-lg-3 custom-3-col\">\n                                <a href=\"https:\/\/homologacao.pacoteshyatt.com.br\/sao-paulo\/suites\/\" class=\"service-image\">\n                                    <div class=\"inner-service-image\">\n                                        <img src=\"https:\/\/homologacao.pacoteshyatt.com.br\/sao-paulo\/wp-content\/uploads\/sites\/3\/2020\/12\/12-1.jpg\" alt=\"SU\u00cdTES\">\n                                    <\/div>\n                                    <div class=\"btn-col\">\n                                        <span class=\"btn with-border\">| SU\u00cdTES<\/span>\n                                    <\/div>\n                                <\/a>\n                            <\/div>\n                                    <\/div>\n                    <\/div>\n                <\/div>\n            <\/div>\n        <\/div>\n        ","protected":false},"excerpt":{"rendered":"","protected":false},"author":1,"featured_media":639,"parent":0,"menu_order":0,"comment_status":"closed","ping_status":"closed","template":"","meta":[],"yoast_head":"<!-- This site is optimized with the Yoast SEO plugin v17.2.1 - https:\/\/yoast.com\/wordpress\/plugins\/seo\/ -->\n<title>Padr\u00e3o - GRAND HYATT S\u00c3O PAULO<\/title>\n<meta name=\"robots\" content=\"noindex, follow, max-snippet:-1, max-image-preview:large, max-video-preview:-1\" \/>\n<meta property=\"og:locale\" content=\"pt_BR\" \/>\n<meta property=\"og:type\" content=\"article\" \/>\n<meta property=\"og:title\" content=\"Padr\u00e3o - GRAND HYATT S\u00c3O PAULO\" \/>\n<meta property=\"og:url\" content=\"https:\/\/homologacao.pacoteshyatt.com.br\/sao-paulo\/padrao\/\" \/>\n<meta property=\"og:site_name\" content=\"GRAND HYATT S\u00c3O PAULO\" \/>\n<meta property=\"article:modified_time\" content=\"2021-01-17T21:10:12+00:00\" \/>\n<meta property=\"og:image\" content=\"https:\/\/homologacao.pacoteshyatt.com.br\/sao-paulo\/wp-content\/uploads\/sites\/3\/2020\/12\/Screen-Shot-2020-12-04-at-10.27.04-AM.png\" \/>\n\t<meta property=\"og:image:width\" content=\"770\" \/>\n\t<meta property=\"og:image:height\" content=\"424\" \/>\n<meta name=\"twitter:card\" content=\"summary_large_image\" \/>\n<meta name=\"twitter:label1\" content=\"Est. reading time\" \/>\n\t<meta name=\"twitter:data1\" content=\"1 minuto\" \/>\n<script type=\"application\/ld+json\" class=\"yoast-schema-graph\">{\"@context\":\"https:\/\/schema.org\",\"@graph\":[{\"@type\":\"WebSite\",\"@id\":\"https:\/\/homologacao.pacoteshyatt.com.br\/sao-paulo\/#website\",\"url\":\"https:\/\/homologacao.pacoteshyatt.com.br\/sao-paulo\/\",\"name\":\"GRAND HYATT S\\u00c3O PAULO\",\"description\":\"S\\u00f3 mais um site Hot\\u00e9is Grand Hyatt Rio de Janeiro e S\\u00e3o Paulo sites\",\"potentialAction\":[{\"@type\":\"SearchAction\",\"target\":{\"@type\":\"EntryPoint\",\"urlTemplate\":\"https:\/\/homologacao.pacoteshyatt.com.br\/sao-paulo\/?s={search_term_string}\"},\"query-input\":\"required name=search_term_string\"}],\"inLanguage\":\"pt-BR\"},{\"@type\":\"ImageObject\",\"@id\":\"https:\/\/homologacao.pacoteshyatt.com.br\/sao-paulo\/padrao\/#primaryimage\",\"inLanguage\":\"pt-BR\",\"url\":\"https:\/\/homologacao.pacoteshyatt.com.br\/sao-paulo\/wp-content\/uploads\/sites\/3\/2020\/12\/Screen-Shot-2020-12-04-at-10.27.04-AM.png\",\"contentUrl\":\"https:\/\/homologacao.pacoteshyatt.com.br\/sao-paulo\/wp-content\/uploads\/sites\/3\/2020\/12\/Screen-Shot-2020-12-04-at-10.27.04-AM.png\",\"width\":770,\"height\":424},{\"@type\":\"WebPage\",\"@id\":\"https:\/\/homologacao.pacoteshyatt.com.br\/sao-paulo\/padrao\/#webpage\",\"url\":\"https:\/\/homologacao.pacoteshyatt.com.br\/sao-paulo\/padrao\/\",\"name\":\"Padr\\u00e3o - GRAND HYATT S\\u00c3O PAULO\",\"isPartOf\":{\"@id\":\"https:\/\/homologacao.pacoteshyatt.com.br\/sao-paulo\/#website\"},\"primaryImageOfPage\":{\"@id\":\"https:\/\/homologacao.pacoteshyatt.com.br\/sao-paulo\/padrao\/#primaryimage\"},\"datePublished\":\"2020-12-04T13:20:41+00:00\",\"dateModified\":\"2021-01-17T21:10:12+00:00\",\"breadcrumb\":{\"@id\":\"https:\/\/homologacao.pacoteshyatt.com.br\/sao-paulo\/padrao\/#breadcrumb\"},\"inLanguage\":\"pt-BR\",\"potentialAction\":[{\"@type\":\"ReadAction\",\"target\":[\"https:\/\/homologacao.pacoteshyatt.com.br\/sao-paulo\/padrao\/\"]}]},{\"@type\":\"BreadcrumbList\",\"@id\":\"https:\/\/homologacao.pacoteshyatt.com.br\/sao-paulo\/padrao\/#breadcrumb\",\"itemListElement\":[{\"@type\":\"ListItem\",\"position\":1,\"name\":\"Home\",\"item\":\"https:\/\/homologacao.pacoteshyatt.com.br\/sao-paulo\/\"},{\"@type\":\"ListItem\",\"position\":2,\"name\":\"Padr\\u00e3o\"}]}]}<\/script>\n<!-- \/ Yoast SEO plugin. -->","yoast_head_json":{"title":"Padr\u00e3o - GRAND HYATT S\u00c3O PAULO","robots":{"index":"noindex","follow":"follow","max-snippet":"max-snippet:-1","max-image-preview":"max-image-preview:large","max-video-preview":"max-video-preview:-1"},"og_locale":"pt_BR","og_type":"article","og_title":"Padr\u00e3o - GRAND HYATT S\u00c3O PAULO","og_url":"https:\/\/homologacao.pacoteshyatt.com.br\/sao-paulo\/padrao\/","og_site_name":"GRAND HYATT S\u00c3O PAULO","article_modified_time":"2021-01-17T21:10:12+00:00","og_image":[{"width":770,"height":424,"url":"https:\/\/homologacao.pacoteshyatt.com.br\/sao-paulo\/wp-content\/uploads\/sites\/3\/2020\/12\/Screen-Shot-2020-12-04-at-10.27.04-AM.png","path":"\/home\/Hyatt\/homologacao.pacoteshyatt.com.br\/public_html\/wp-content\/uploads\/sites\/3\/2020\/12\/Screen-Shot-2020-12-04-at-10.27.04-AM.png","size":"full","id":639,"alt":"","pixels":326480,"type":"image\/png"}],"twitter_card":"summary_large_image","twitter_misc":{"Est. reading time":"1 minuto"},"schema":{"@context":"https:\/\/schema.org","@graph":[{"@type":"WebSite","@id":"https:\/\/homologacao.pacoteshyatt.com.br\/sao-paulo\/#website","url":"https:\/\/homologacao.pacoteshyatt.com.br\/sao-paulo\/","name":"GRAND HYATT S\u00c3O PAULO","description":"S\u00f3 mais um site Hot\u00e9is Grand Hyatt Rio de Janeiro e S\u00e3o Paulo sites","potentialAction":[{"@type":"SearchAction","target":{"@type":"EntryPoint","urlTemplate":"https:\/\/homologacao.pacoteshyatt.com.br\/sao-paulo\/?s={search_term_string}"},"query-input":"required name=search_term_string"}],"inLanguage":"pt-BR"},{"@type":"ImageObject","@id":"https:\/\/homologacao.pacoteshyatt.com.br\/sao-paulo\/padrao\/#primaryimage","inLanguage":"pt-BR","url":"https:\/\/homologacao.pacoteshyatt.com.br\/sao-paulo\/wp-content\/uploads\/sites\/3\/2020\/12\/Screen-Shot-2020-12-04-at-10.27.04-AM.png","contentUrl":"https:\/\/homologacao.pacoteshyatt.com.br\/sao-paulo\/wp-content\/uploads\/sites\/3\/2020\/12\/Screen-Shot-2020-12-04-at-10.27.04-AM.png","width":770,"height":424},{"@type":"WebPage","@id":"https:\/\/homologacao.pacoteshyatt.com.br\/sao-paulo\/padrao\/#webpage","url":"https:\/\/homologacao.pacoteshyatt.com.br\/sao-paulo\/padrao\/","name":"Padr\u00e3o - GRAND HYATT S\u00c3O PAULO","isPartOf":{"@id":"https:\/\/homologacao.pacoteshyatt.com.br\/sao-paulo\/#website"},"primaryImageOfPage":{"@id":"https:\/\/homologacao.pacoteshyatt.com.br\/sao-paulo\/padrao\/#primaryimage"},"datePublished":"2020-12-04T13:20:41+00:00","dateModified":"2021-01-17T21:10:12+00:00","breadcrumb":{"@id":"https:\/\/homologacao.pacoteshyatt.com.br\/sao-paulo\/padrao\/#breadcrumb"},"inLanguage":"pt-BR","potentialAction":[{"@type":"ReadAction","target":["https:\/\/homologacao.pacoteshyatt.com.br\/sao-paulo\/padrao\/"]}]},{"@type":"BreadcrumbList","@id":"https:\/\/homologacao.pacoteshyatt.com.br\/sao-paulo\/padrao\/#breadcrumb","itemListElement":[{"@type":"ListItem","position":1,"name":"Home","item":"https:\/\/homologacao.pacoteshyatt.com.br\/sao-paulo\/"},{"@type":"ListItem","position":2,"name":"Padr\u00e3o"}]}]}},"_links":{"self":[{"href":"https:\/\/homologacao.pacoteshyatt.com.br\/sao-paulo\/wp-json\/wp\/v2\/pages\/635"}],"collection":[{"href":"https:\/\/homologacao.pacoteshyatt.com.br\/sao-paulo\/wp-json\/wp\/v2\/pages"}],"about":[{"href":"https:\/\/homologacao.pacoteshyatt.com.br\/sao-paulo\/wp-json\/wp\/v2\/types\/page"}],"author":[{"embeddable":true,"href":"https:\/\/homologacao.pacoteshyatt.com.br\/sao-paulo\/wp-json\/wp\/v2\/users\/1"}],"replies":[{"embeddable":true,"href":"https:\/\/homologacao.pacoteshyatt.com.br\/sao-paulo\/wp-json\/wp\/v2\/comments?post=635"}],"version-history":[{"count":31,"href":"https:\/\/homologacao.pacoteshyatt.com.br\/sao-paulo\/wp-json\/wp\/v2\/pages\/635\/revisions"}],"predecessor-version":[{"id":1050,"href":"https:\/\/homologacao.pacoteshyatt.com.br\/sao-paulo\/wp-json\/wp\/v2\/pages\/635\/revisions\/1050"}],"wp:featuredmedia":[{"embeddable":true,"href":"https:\/\/homologacao.pacoteshyatt.com.br\/sao-paulo\/wp-json\/wp\/v2\/media\/639"}],"wp:attachment":[{"href":"https:\/\/homologacao.pacoteshyatt.com.br\/sao-paulo\/wp-json\/wp\/v2\/media?parent=635"}],"curies":[{"name":"wp","href":"https:\/\/api.w.org\/{rel}","templated":true}]}}