{"id":700,"date":"2020-12-04T11:34:38","date_gmt":"2020-12-04T14:34:38","guid":{"rendered":"https:\/\/homologacao.pacoteshyatt.com.br\/sao-paulo\/?page_id=700"},"modified":"2021-01-17T18:11:51","modified_gmt":"2021-01-17T21:11:51","slug":"club","status":"publish","type":"page","link":"https:\/\/homologacao.pacoteshyatt.com.br\/sao-paulo\/club\/","title":{"rendered":"Club"},"content":{"rendered":"\n<div class=\"wp-container-6a0836e7ee3ea wp-block-group intro-content-home text-center\"><div class=\"wp-block-group__inner-container\"><div class=\"wp-bootstrap-blocks-container container mb-2\">\n\t\n<div class=\"wp-bootstrap-blocks-row row\">\n\t\n\n<div class=\"col-12 col-md-12 inner-intro-content\">\n\t\t\t\n\n<div class=\"wp-container-6a0836e7ededa wp-block-group inner-content\"><div class=\"wp-block-group__inner-container\">\n<h1>Club<\/h1>\n\n\n\n<p>Possuem 41m\u00b2 e garantem o acesso dos h\u00f3spedes ao andar executivo com caf\u00e9 da manh\u00e3, coquetel e diversos servi\u00e7os exclusivos.<\/p>\n<\/div><\/div>\n\n\t<\/div>\n\n<\/div>\n\n<\/div>\n<\/div><\/div>\n\n\n\n<div class=\"wp-container-6a0836e805670 wp-block-group grand-taste-top-section\"><div class=\"wp-block-group__inner-container\"><div class=\"wp-bootstrap-blocks-container container mb-2 product-descrip-section\">\n\t\n<div class=\"wp-bootstrap-blocks-row row inner-taste-col\">\n\t\n\n<div class=\"col-12 col-md-6\">\n\t\t\t\n                <div class=\"gallery-top-col\">\n                    <div class=\"swiper-container gallery-top\">\n                        <div class=\"swiper-wrapper\">\n                                                            <div class=\"swiper-slide\">\n                                                                    <\/div>\n                                                            <div class=\"swiper-slide\">\n                                                                    <\/div>\n                                                            <div class=\"swiper-slide\">\n                                                                    <\/div>\n                                                            <div class=\"swiper-slide\">\n                                                                    <\/div>\n                                                            <div class=\"swiper-slide\">\n                                                                    <\/div>\n                                                            <div class=\"swiper-slide\">\n                                                                    <\/div>\n                                                            <div class=\"swiper-slide\">\n                                                                    <\/div>\n                                                            <div class=\"swiper-slide\">\n                                                                    <\/div>\n                                                            <div class=\"swiper-slide\">\n                                                                    <\/div>\n                                                    <\/div>\n                    <\/div>\n                    <div class=\"swiper-button-next swiper-button-white\"><\/div>\n                    <div class=\"swiper-button-prev swiper-button-white\"><\/div>\n                <\/div>\n                <div class=\"gallery-thumbs-col\">\n                    <div class=\"swiper-container gallery-thumbs\">\n                        <div class=\"swiper-wrapper\">\n                                                            <div class=\"swiper-slide\">\n                                                                   <\/div>\n                                                            <div class=\"swiper-slide\">\n                                                                   <\/div>\n                                                            <div class=\"swiper-slide\">\n                                                                   <\/div>\n                                                            <div class=\"swiper-slide\">\n                                                                   <\/div>\n                                                            <div class=\"swiper-slide\">\n                                                                   <\/div>\n                                                            <div class=\"swiper-slide\">\n                                                                   <\/div>\n                                                            <div class=\"swiper-slide\">\n                                                                   <\/div>\n                                                            <div class=\"swiper-slide\">\n                                                                   <\/div>\n                                                            <div class=\"swiper-slide\">\n                                                                   <\/div>\n                                                    <\/div>\n                    <\/div>\n                <\/div>\n        \n\t<\/div>\n\n\n\n<div class=\"col-12 col-md-6 description-content\">\n\t\t\t\n\n<h2>APARTAMENTO COM ACESSO AO CLUB LOUNGE<\/h2>\n\n\n\n<p><strong>Algumas das comodidades dispon\u00edveis:<\/strong><\/p>\n\n\n\n<p><strong>NO APARTAMENTO:<\/strong>&nbsp;Cofre Digital; TV LED 43\u2019 e TV a cabo; ar condicionado com controle individual e Wi-Fi gratuito.<\/p>\n\n\n\n<p><strong>NO BANHEIRO:&nbsp;<\/strong>&nbsp;Produtos de banho Granado; banheira e duchas separadas e secador de cabelo.<\/p>\n\n\n\n<p><strong>NA CATEGORIA APARTAMENTO CLUB:&nbsp;<\/strong>Caf\u00e9 da manh\u00e3 continental; concierge exclusivo; coquetel no final da tarde, servido no Grand Club Lounge e servi\u00e7o cortesia de lavanderia ou passadoria (duas pe\u00e7as por estada**).<\/p>\n\n\n\n<p>*Apartamentos dispon\u00edveis com uma cama de casal ou duas camas de solteiro.<\/p>\n\n\n\n<p>**N\u00e3o inclui trajes de festa.<\/p>\n\n\n\n<p><br><\/p>\n\n\t<\/div>\n\n<\/div>\n\n<\/div>\n\n\n<div class=\"wp-bootstrap-blocks-container container mb-2 product-descrip-section\">\n\t\n<div class=\"wp-bootstrap-blocks-row row inner-taste-col\">\n\t\n\n<div class=\"col-12 col-md-6\">\n\t\t\t\n                <div class=\"gallery-top-col\">\n                    <div class=\"swiper-container gallery-top\">\n                        <div class=\"swiper-wrapper\">\n                                                            <div class=\"swiper-slide\">\n                                                                    <\/div>\n                                                            <div class=\"swiper-slide\">\n                                                                    <\/div>\n                                                            <div class=\"swiper-slide\">\n                                                                    <\/div>\n                                                            <div class=\"swiper-slide\">\n                                                                    <\/div>\n                                                            <div class=\"swiper-slide\">\n                                                                    <\/div>\n                                                            <div class=\"swiper-slide\">\n                                                                    <\/div>\n                                                            <div class=\"swiper-slide\">\n                                                                    <\/div>\n                                                            <div class=\"swiper-slide\">\n                                                                    <\/div>\n                                                    <\/div>\n                    <\/div>\n                    <div class=\"swiper-button-next swiper-button-white\"><\/div>\n                    <div class=\"swiper-button-prev swiper-button-white\"><\/div>\n                <\/div>\n                <div class=\"gallery-thumbs-col\">\n                    <div class=\"swiper-container gallery-thumbs\">\n                        <div class=\"swiper-wrapper\">\n                                                            <div class=\"swiper-slide\">\n                                                                   <\/div>\n                                                            <div class=\"swiper-slide\">\n                                                                   <\/div>\n                                                            <div class=\"swiper-slide\">\n                                                                   <\/div>\n                                                            <div class=\"swiper-slide\">\n                                                                   <\/div>\n                                                            <div class=\"swiper-slide\">\n                                                                   <\/div>\n                                                            <div class=\"swiper-slide\">\n                                                                   <\/div>\n                                                            <div class=\"swiper-slide\">\n                                                                   <\/div>\n                                                            <div class=\"swiper-slide\">\n                                                                   <\/div>\n                                                    <\/div>\n                    <\/div>\n                <\/div>\n        \n\t<\/div>\n\n\n\n<div class=\"col-12 col-md-6 description-content\">\n\t\t\t\n\n<h2>APARTAMENTO COM ACESSO AO CLUB LOUNGE E VISTA PONTE<\/h2>\n\n\n\n<p><strong>Algumas das comodidades dispon\u00edveis:<\/strong><\/p>\n\n\n\n<p><strong>NO APARTAMENTO:<\/strong>&nbsp;Vista para a ponte Estaiada**; cofre digital; TV LED 43\u2019 e TV a cabo; ar condicionado com controle individual e Wi-Fi gratuito.<\/p>\n\n\n\n<p><strong>NO BANHEIRO:<\/strong>&nbsp; Produtos de banho Granado; banheira e duchas separadas e secador de cabelo.<\/p>\n\n\n\n<p><strong>NA CATEGORIA APARTAMENTO CLUB:<\/strong>&nbsp;Caf\u00e9 da manh\u00e3 continental; concierge exclusivo; &nbsp;coquetel no final da tarde servido no Grand Club Lounge e servi\u00e7o cortesia de lavanderia ou passadoria (duas pe\u00e7as por estada***).<\/p>\n\n\n\n<p>*Apartamentos dispon\u00edveis com uma cama de casal ou duas camas de solteiro.<\/p>\n\n\n\n<p>**Com custo adicional.<\/p>\n\n\n\n<p>***N\u00e3o inclui trajes de festa.<\/p>\n\n\n\n<p><br><\/p>\n\n\t<\/div>\n\n<\/div>\n\n<\/div>\n<\/div><\/div>\n\n\n        <div class=\"service-section\">\n            <div class=\"container\">\n                <div class=\"row\">\n                    <div class=\"inner-service-col col-12\">\n                                                    <div class=\"all-section-title\">\n                                <h2>Conhe\u00e7a nossas op\u00e7\u00f5es de hospedagem<\/h2>\n                            <\/div>\n                                                <div class=\"d-flex flex-wrap inner-service-section justify-content-center\">\n                                    <div class=\"col-6 col-sm-4 col-lg-3 custom-3-col\">\n                                <a href=\"https:\/\/homologacao.pacoteshyatt.com.br\/sao-paulo\/padrao\/\" class=\"service-image\">\n                                    <div class=\"inner-service-image\">\n                                        <img src=\"https:\/\/homologacao.pacoteshyatt.com.br\/sao-paulo\/wp-content\/uploads\/sites\/3\/2020\/12\/10-2.jpg\" alt=\"PADR\u00c3O\">\n                                    <\/div>\n                                    <div class=\"btn-col\">\n                                        <span class=\"btn with-border\">| PADR\u00c3O<\/span>\n                                    <\/div>\n                                <\/a>\n                            <\/div>\n                                        <div class=\"col-6 col-sm-4 col-lg-3 custom-3-col\">\n                                <a href=\"https:\/\/homologacao.pacoteshyatt.com.br\/sao-paulo\/club\/\" class=\"service-image\">\n                                    <div class=\"inner-service-image\">\n                                        <img src=\"https:\/\/homologacao.pacoteshyatt.com.br\/sao-paulo\/wp-content\/uploads\/sites\/3\/2020\/12\/11-1.jpg\" alt=\"CLUB\">\n                                    <\/div>\n                                    <div class=\"btn-col\">\n                                        <span class=\"btn with-border\">| CLUB<\/span>\n                                    <\/div>\n                                <\/a>\n                            <\/div>\n                                        <div class=\"col-6 col-sm-4 col-lg-3 custom-3-col\">\n                                <a href=\"https:\/\/homologacao.pacoteshyatt.com.br\/sao-paulo\/suites\/\" class=\"service-image\">\n                                    <div class=\"inner-service-image\">\n                                        <img src=\"https:\/\/homologacao.pacoteshyatt.com.br\/sao-paulo\/wp-content\/uploads\/sites\/3\/2020\/12\/12-1.jpg\" alt=\"SU\u00cdTES\">\n                                    <\/div>\n                                    <div class=\"btn-col\">\n                                        <span class=\"btn with-border\">| SU\u00cdTES<\/span>\n                                    <\/div>\n                                <\/a>\n                            <\/div>\n                                    <\/div>\n                    <\/div>\n                <\/div>\n            <\/div>\n        <\/div>\n        ","protected":false},"excerpt":{"rendered":"","protected":false},"author":1,"featured_media":658,"parent":0,"menu_order":0,"comment_status":"closed","ping_status":"closed","template":"","meta":[],"yoast_head":"<!-- This site is optimized with the Yoast SEO plugin v17.2.1 - https:\/\/yoast.com\/wordpress\/plugins\/seo\/ -->\n<title>Club - GRAND HYATT S\u00c3O PAULO<\/title>\n<meta name=\"robots\" content=\"noindex, follow, max-snippet:-1, max-image-preview:large, max-video-preview:-1\" \/>\n<meta property=\"og:locale\" content=\"pt_BR\" \/>\n<meta property=\"og:type\" content=\"article\" \/>\n<meta property=\"og:title\" content=\"Club - GRAND HYATT S\u00c3O PAULO\" \/>\n<meta property=\"og:url\" content=\"https:\/\/homologacao.pacoteshyatt.com.br\/sao-paulo\/club\/\" \/>\n<meta property=\"og:site_name\" content=\"GRAND HYATT S\u00c3O PAULO\" \/>\n<meta property=\"article:modified_time\" content=\"2021-01-17T21:11:51+00:00\" \/>\n<meta property=\"og:image\" content=\"https:\/\/homologacao.pacoteshyatt.com.br\/sao-paulo\/wp-content\/uploads\/sites\/3\/2020\/12\/Screen-Shot-2020-12-04-at-10.35.04-AM.png\" \/>\n\t<meta property=\"og:image:width\" content=\"768\" \/>\n\t<meta property=\"og:image:height\" content=\"422\" \/>\n<meta name=\"twitter:card\" content=\"summary_large_image\" \/>\n<meta name=\"twitter:label1\" content=\"Est. reading time\" \/>\n\t<meta name=\"twitter:data1\" content=\"1 minuto\" \/>\n<script type=\"application\/ld+json\" class=\"yoast-schema-graph\">{\"@context\":\"https:\/\/schema.org\",\"@graph\":[{\"@type\":\"WebSite\",\"@id\":\"https:\/\/homologacao.pacoteshyatt.com.br\/sao-paulo\/#website\",\"url\":\"https:\/\/homologacao.pacoteshyatt.com.br\/sao-paulo\/\",\"name\":\"GRAND HYATT S\\u00c3O PAULO\",\"description\":\"S\\u00f3 mais um site Hot\\u00e9is Grand Hyatt Rio de Janeiro e S\\u00e3o Paulo sites\",\"potentialAction\":[{\"@type\":\"SearchAction\",\"target\":{\"@type\":\"EntryPoint\",\"urlTemplate\":\"https:\/\/homologacao.pacoteshyatt.com.br\/sao-paulo\/?s={search_term_string}\"},\"query-input\":\"required name=search_term_string\"}],\"inLanguage\":\"pt-BR\"},{\"@type\":\"ImageObject\",\"@id\":\"https:\/\/homologacao.pacoteshyatt.com.br\/sao-paulo\/club\/#primaryimage\",\"inLanguage\":\"pt-BR\",\"url\":\"https:\/\/homologacao.pacoteshyatt.com.br\/sao-paulo\/wp-content\/uploads\/sites\/3\/2020\/12\/Screen-Shot-2020-12-04-at-10.35.04-AM.png\",\"contentUrl\":\"https:\/\/homologacao.pacoteshyatt.com.br\/sao-paulo\/wp-content\/uploads\/sites\/3\/2020\/12\/Screen-Shot-2020-12-04-at-10.35.04-AM.png\",\"width\":768,\"height\":422},{\"@type\":\"WebPage\",\"@id\":\"https:\/\/homologacao.pacoteshyatt.com.br\/sao-paulo\/club\/#webpage\",\"url\":\"https:\/\/homologacao.pacoteshyatt.com.br\/sao-paulo\/club\/\",\"name\":\"Club - GRAND HYATT S\\u00c3O PAULO\",\"isPartOf\":{\"@id\":\"https:\/\/homologacao.pacoteshyatt.com.br\/sao-paulo\/#website\"},\"primaryImageOfPage\":{\"@id\":\"https:\/\/homologacao.pacoteshyatt.com.br\/sao-paulo\/club\/#primaryimage\"},\"datePublished\":\"2020-12-04T14:34:38+00:00\",\"dateModified\":\"2021-01-17T21:11:51+00:00\",\"breadcrumb\":{\"@id\":\"https:\/\/homologacao.pacoteshyatt.com.br\/sao-paulo\/club\/#breadcrumb\"},\"inLanguage\":\"pt-BR\",\"potentialAction\":[{\"@type\":\"ReadAction\",\"target\":[\"https:\/\/homologacao.pacoteshyatt.com.br\/sao-paulo\/club\/\"]}]},{\"@type\":\"BreadcrumbList\",\"@id\":\"https:\/\/homologacao.pacoteshyatt.com.br\/sao-paulo\/club\/#breadcrumb\",\"itemListElement\":[{\"@type\":\"ListItem\",\"position\":1,\"name\":\"Home\",\"item\":\"https:\/\/homologacao.pacoteshyatt.com.br\/sao-paulo\/\"},{\"@type\":\"ListItem\",\"position\":2,\"name\":\"Club\"}]}]}<\/script>\n<!-- \/ Yoast SEO plugin. -->","yoast_head_json":{"title":"Club - GRAND HYATT S\u00c3O PAULO","robots":{"index":"noindex","follow":"follow","max-snippet":"max-snippet:-1","max-image-preview":"max-image-preview:large","max-video-preview":"max-video-preview:-1"},"og_locale":"pt_BR","og_type":"article","og_title":"Club - GRAND HYATT S\u00c3O PAULO","og_url":"https:\/\/homologacao.pacoteshyatt.com.br\/sao-paulo\/club\/","og_site_name":"GRAND HYATT S\u00c3O PAULO","article_modified_time":"2021-01-17T21:11:51+00:00","og_image":[{"width":768,"height":422,"url":"https:\/\/homologacao.pacoteshyatt.com.br\/sao-paulo\/wp-content\/uploads\/sites\/3\/2020\/12\/Screen-Shot-2020-12-04-at-10.35.04-AM.png","path":"\/home\/Hyatt\/homologacao.pacoteshyatt.com.br\/public_html\/wp-content\/uploads\/sites\/3\/2020\/12\/Screen-Shot-2020-12-04-at-10.35.04-AM.png","size":"full","id":658,"alt":"","pixels":324096,"type":"image\/png"}],"twitter_card":"summary_large_image","twitter_misc":{"Est. reading time":"1 minuto"},"schema":{"@context":"https:\/\/schema.org","@graph":[{"@type":"WebSite","@id":"https:\/\/homologacao.pacoteshyatt.com.br\/sao-paulo\/#website","url":"https:\/\/homologacao.pacoteshyatt.com.br\/sao-paulo\/","name":"GRAND HYATT S\u00c3O PAULO","description":"S\u00f3 mais um site Hot\u00e9is Grand Hyatt Rio de Janeiro e S\u00e3o Paulo sites","potentialAction":[{"@type":"SearchAction","target":{"@type":"EntryPoint","urlTemplate":"https:\/\/homologacao.pacoteshyatt.com.br\/sao-paulo\/?s={search_term_string}"},"query-input":"required name=search_term_string"}],"inLanguage":"pt-BR"},{"@type":"ImageObject","@id":"https:\/\/homologacao.pacoteshyatt.com.br\/sao-paulo\/club\/#primaryimage","inLanguage":"pt-BR","url":"https:\/\/homologacao.pacoteshyatt.com.br\/sao-paulo\/wp-content\/uploads\/sites\/3\/2020\/12\/Screen-Shot-2020-12-04-at-10.35.04-AM.png","contentUrl":"https:\/\/homologacao.pacoteshyatt.com.br\/sao-paulo\/wp-content\/uploads\/sites\/3\/2020\/12\/Screen-Shot-2020-12-04-at-10.35.04-AM.png","width":768,"height":422},{"@type":"WebPage","@id":"https:\/\/homologacao.pacoteshyatt.com.br\/sao-paulo\/club\/#webpage","url":"https:\/\/homologacao.pacoteshyatt.com.br\/sao-paulo\/club\/","name":"Club - GRAND HYATT S\u00c3O PAULO","isPartOf":{"@id":"https:\/\/homologacao.pacoteshyatt.com.br\/sao-paulo\/#website"},"primaryImageOfPage":{"@id":"https:\/\/homologacao.pacoteshyatt.com.br\/sao-paulo\/club\/#primaryimage"},"datePublished":"2020-12-04T14:34:38+00:00","dateModified":"2021-01-17T21:11:51+00:00","breadcrumb":{"@id":"https:\/\/homologacao.pacoteshyatt.com.br\/sao-paulo\/club\/#breadcrumb"},"inLanguage":"pt-BR","potentialAction":[{"@type":"ReadAction","target":["https:\/\/homologacao.pacoteshyatt.com.br\/sao-paulo\/club\/"]}]},{"@type":"BreadcrumbList","@id":"https:\/\/homologacao.pacoteshyatt.com.br\/sao-paulo\/club\/#breadcrumb","itemListElement":[{"@type":"ListItem","position":1,"name":"Home","item":"https:\/\/homologacao.pacoteshyatt.com.br\/sao-paulo\/"},{"@type":"ListItem","position":2,"name":"Club"}]}]}},"_links":{"self":[{"href":"https:\/\/homologacao.pacoteshyatt.com.br\/sao-paulo\/wp-json\/wp\/v2\/pages\/700"}],"collection":[{"href":"https:\/\/homologacao.pacoteshyatt.com.br\/sao-paulo\/wp-json\/wp\/v2\/pages"}],"about":[{"href":"https:\/\/homologacao.pacoteshyatt.com.br\/sao-paulo\/wp-json\/wp\/v2\/types\/page"}],"author":[{"embeddable":true,"href":"https:\/\/homologacao.pacoteshyatt.com.br\/sao-paulo\/wp-json\/wp\/v2\/users\/1"}],"replies":[{"embeddable":true,"href":"https:\/\/homologacao.pacoteshyatt.com.br\/sao-paulo\/wp-json\/wp\/v2\/comments?post=700"}],"version-history":[{"count":13,"href":"https:\/\/homologacao.pacoteshyatt.com.br\/sao-paulo\/wp-json\/wp\/v2\/pages\/700\/revisions"}],"predecessor-version":[{"id":1051,"href":"https:\/\/homologacao.pacoteshyatt.com.br\/sao-paulo\/wp-json\/wp\/v2\/pages\/700\/revisions\/1051"}],"wp:featuredmedia":[{"embeddable":true,"href":"https:\/\/homologacao.pacoteshyatt.com.br\/sao-paulo\/wp-json\/wp\/v2\/media\/658"}],"wp:attachment":[{"href":"https:\/\/homologacao.pacoteshyatt.com.br\/sao-paulo\/wp-json\/wp\/v2\/media?parent=700"}],"curies":[{"name":"wp","href":"https:\/\/api.w.org\/{rel}","templated":true}]}}