{"id":877,"date":"2020-12-08T09:51:06","date_gmt":"2020-12-08T12:51:06","guid":{"rendered":"https:\/\/homologacao.pacoteshyatt.com.br\/sao-paulo\/?page_id=877"},"modified":"2020-12-30T11:14:54","modified_gmt":"2020-12-30T14:14:54","slug":"fim-de-semana","status":"publish","type":"page","link":"https:\/\/homologacao.pacoteshyatt.com.br\/sao-paulo\/fim-de-semana\/","title":{"rendered":"Fim de semana"},"content":{"rendered":"\n<div class=\"wp-container-69f847f334645 wp-block-group grand-taste-top-section\"><div class=\"wp-block-group__inner-container\"><div class=\"wp-bootstrap-blocks-container container mb-2 product-descrip-section\">\n\t\n<div class=\"wp-bootstrap-blocks-row row inner-taste-col\">\n\t\n\n<div class=\"col-12 col-md-6\">\n\t\t\t\n                <div class=\"gallery-top-col\">\n                    <div class=\"swiper-container gallery-top\">\n                        <div class=\"swiper-wrapper\">\n                                                            <div class=\"swiper-slide\">\n                                                                    <\/div>\n                                                            <div class=\"swiper-slide\">\n                                                                    <\/div>\n                                                    <\/div>\n                    <\/div>\n                    <div class=\"swiper-button-next swiper-button-white\"><\/div>\n                    <div class=\"swiper-button-prev swiper-button-white\"><\/div>\n                <\/div>\n                <div class=\"gallery-thumbs-col\">\n                    <div class=\"swiper-container gallery-thumbs\">\n                        <div class=\"swiper-wrapper\">\n                                                            <div class=\"swiper-slide\">\n                                                                   <\/div>\n                                                            <div class=\"swiper-slide\">\n                                                                   <\/div>\n                                                    <\/div>\n                    <\/div>\n                <\/div>\n        \n\t<\/div>\n\n\n\n<div class=\"col-12 col-md-6 description-content\">\n\t\t\t\n\n<h1>Fim de semana<\/h1>\n\n\n\n<p>A cidade de S\u00e3o Paulo \u00e9 o principal centro financeiro, corporativo e mercantil da Am\u00e9rica Latina. Durante a semana recebe diversos executivos e grandes eventos, enquanto nos finais de semana \u00e9 ideal para quem busca divers\u00e3o, atra\u00e7\u00f5es culturais e gastron\u00f4micas.<\/p>\n\n\n\n<p>\u201cSampa\u201d, como foi apelidada por seus moradores, \u00e9 uma cidade que encanta visitantes que a procuram seja \u00e0 trabalho ou lazer. Se voc\u00ea deseja conhecer um pouco mais desta cidade, uma dica \u00e9 programar um final de semana especial hospedando-se conosco.<\/p>\n\n\n\n<p>Assim, voc\u00ea aproveita o melhor da cidade e nossa prestigiada localiza\u00e7\u00e3o, enquanto desfruta tamb\u00e9m toda a infraestrutura gastronomia e de lazer que o hotel oferece.<\/p>\n\n\n\n<p>S\u00e3o Paulo possui uma vasta quantidade de pontos tur\u00edsticos que voc\u00ea n\u00e3o pode deixar de visitar. Inclua em seu roteiro uma visita aos cart\u00f5es postais como a Esta\u00e7\u00e3o da Luz, Largo de S\u00e3o Bento, Mercado Municipal, Pra\u00e7a da S\u00e9, Edif\u00edcio Copan e a Esta\u00e7\u00e3o J\u00falio Prestes.<\/p>\n\n\n\n<p><strong>Nas proximidades do hotel<\/strong>, os prestigiados teatros Vivo, Santander e Net s\u00e3o uma op\u00e7\u00e3o imperd\u00edvel para os amantes de pe\u00e7as teatrais e musicais. Tamb\u00e9m pr\u00f3ximos ao hotel est\u00e3o os Shoppings Morumbi, Iguatemi Market Place, JK Iguatemi e Cidade Jardim, considerados os mais importantes e completos shoppings centers, ideais para uma experi\u00eancia de compras na cidade. Para os amantes da natureza, os parques Burle Marx, Parque do Povo e Parque do Ibirapuera s\u00e3o a op\u00e7\u00e3o perfeita para praticar esportes, relaxar com a fam\u00edlia ou curtir a natureza.<\/p>\n\n\n\n<p>Al\u00e9m de todas as op\u00e7\u00f5es que a cidade oferece, voc\u00ea tamb\u00e9m pode aproveitar todas as mordomias que um hotel de luxo oferece.<\/p>\n\n\n\n<p>Para os apreciadores da alta gastronomia internacional, oferecemos dois restaurantes: o japon\u00eas Kinu e o restaurante C-Cultura Caseira, que apresenta uma cozinha comfort food com influ\u00eancias italianas, portuguesas e brasileiras. Al\u00e9m disso, o hotel conta com tr\u00eas bares: Wine Library, C-Bar e Nu Bar, este \u00faltimo servindo drinks e aperitivos na piscina para tornar seu fim de semana em S\u00e3o Paulo ainda mais especial.<\/p>\n\n\n\n<p>Se voc\u00ea busca relaxamento e eliminar o estresse do dia a dia, Paulo, voc\u00ea pode aproveitar as confort\u00e1veis acomoda\u00e7\u00f5es do Amanary Spa. Fitness center de \u00faltima gera\u00e7\u00e3o, sauna e piscinas interna aquecida e externa complementam a infraestrutura do spa, que tamb\u00e9m apresenta uma s\u00e9rie de tratamentos especiais e exclusivos como Aromaterapia, Massagem Thai, &nbsp;Reflexologia e outros.<\/p>\n\n\n\n<p>Os\u00a0<strong><a href=\"https:\/\/homologacao.pacoteshyatt.com.br\/sao-paulo\/shop\/\">Pacotes de Hospedagem<\/a>\u00a0<\/strong>s\u00e3o uma \u00f3tima op\u00e7\u00e3o para quem quem busca momentos inesquec\u00edveis: deliciosas experi\u00eancias gastron\u00f4micas, drinks e aperitivos \u00e0 beira da piscina, mimos rom\u00e2nticos e experi\u00eancias pela cidade.\u00a0<\/p>\n\n\n\n<p><strong>Agora que voc\u00ea j\u00e1 conhece todos os encantos da cidade, que tal programar um final de semana especial conosco?<\/strong><\/p>\n\n\t<\/div>\n\n<\/div>\n\n<\/div>\n<\/div><\/div>\n\n\n        <div class=\"service-section\">\n            <div class=\"container\">\n                <div class=\"row\">\n                    <div class=\"inner-service-col col-12\">\n                                                    <div class=\"all-section-title\">\n                                <h2>Nossos servi\u00e7os<\/h2>\n                            <\/div>\n                                                <div class=\"d-flex flex-wrap inner-service-section justify-content-center\">\n                                    <div class=\"col-6 col-sm-4 col-lg-3 custom-3-col\">\n                                <a href=\"https:\/\/homologacao.pacoteshyatt.com.br\/sao-paulo\/product-category\/gastronomia\/\" class=\"service-image\">\n                                    <div class=\"inner-service-image\">\n                                        <img src=\"https:\/\/homologacao.pacoteshyatt.com.br\/sao-paulo\/wp-content\/uploads\/sites\/3\/2020\/10\/service-img2.jpg\" alt=\"GASTRONOMIA\">\n                                    <\/div>\n                                    <div class=\"btn-col\">\n                                        <span class=\"btn with-border\">| GASTRONOMIA<\/span>\n                                    <\/div>\n                                <\/a>\n                            <\/div>\n                                        <div class=\"col-6 col-sm-4 col-lg-3 custom-3-col\">\n                                <a href=\"https:\/\/homologacao.pacoteshyatt.com.br\/sao-paulo\/hotel\/\" class=\"service-image\">\n                                    <div class=\"inner-service-image\">\n                                        <img src=\"https:\/\/homologacao.pacoteshyatt.com.br\/sao-paulo\/wp-content\/uploads\/sites\/3\/2020\/12\/10-2.jpg\" alt=\"HOTEL\">\n                                    <\/div>\n                                    <div class=\"btn-col\">\n                                        <span class=\"btn with-border\">| HOTEL<\/span>\n                                    <\/div>\n                                <\/a>\n                            <\/div>\n                                        <div class=\"col-6 col-sm-4 col-lg-3 custom-3-col\">\n                                <a href=\"https:\/\/homologacao.pacoteshyatt.com.br\/sao-paulo\/product-category\/amanary-spa\/\" class=\"service-image\">\n                                    <div class=\"inner-service-image\">\n                                        <img src=\"https:\/\/homologacao.pacoteshyatt.com.br\/sao-paulo\/wp-content\/uploads\/sites\/3\/2020\/12\/BEM-ESTAR.jpg\" alt=\"BEM-ESTAR\">\n                                    <\/div>\n                                    <div class=\"btn-col\">\n                                        <span class=\"btn with-border\">| BEM-ESTAR<\/span>\n                                    <\/div>\n                                <\/a>\n                            <\/div>\n                                    <\/div>\n                    <\/div>\n                <\/div>\n            <\/div>\n        <\/div>\n        ","protected":false},"excerpt":{"rendered":"","protected":false},"author":1,"featured_media":0,"parent":0,"menu_order":0,"comment_status":"closed","ping_status":"closed","template":"","meta":[],"yoast_head":"<!-- This site is optimized with the Yoast SEO plugin v17.2.1 - https:\/\/yoast.com\/wordpress\/plugins\/seo\/ -->\n<title>Fim de semana - GRAND HYATT S\u00c3O PAULO<\/title>\n<meta name=\"robots\" content=\"noindex, follow, max-snippet:-1, max-image-preview:large, max-video-preview:-1\" \/>\n<meta property=\"og:locale\" content=\"pt_BR\" \/>\n<meta property=\"og:type\" content=\"article\" \/>\n<meta property=\"og:title\" content=\"Fim de semana - GRAND HYATT S\u00c3O PAULO\" \/>\n<meta property=\"og:url\" content=\"https:\/\/homologacao.pacoteshyatt.com.br\/sao-paulo\/fim-de-semana\/\" \/>\n<meta property=\"og:site_name\" content=\"GRAND HYATT S\u00c3O PAULO\" \/>\n<meta property=\"article:modified_time\" content=\"2020-12-30T14:14:54+00:00\" \/>\n<meta name=\"twitter:card\" content=\"summary_large_image\" \/>\n<meta name=\"twitter:label1\" content=\"Est. reading time\" \/>\n\t<meta name=\"twitter:data1\" content=\"2 minutos\" \/>\n<script type=\"application\/ld+json\" class=\"yoast-schema-graph\">{\"@context\":\"https:\/\/schema.org\",\"@graph\":[{\"@type\":\"WebSite\",\"@id\":\"https:\/\/homologacao.pacoteshyatt.com.br\/sao-paulo\/#website\",\"url\":\"https:\/\/homologacao.pacoteshyatt.com.br\/sao-paulo\/\",\"name\":\"GRAND HYATT S\\u00c3O PAULO\",\"description\":\"S\\u00f3 mais um site Hot\\u00e9is Grand Hyatt Rio de Janeiro e S\\u00e3o Paulo sites\",\"potentialAction\":[{\"@type\":\"SearchAction\",\"target\":{\"@type\":\"EntryPoint\",\"urlTemplate\":\"https:\/\/homologacao.pacoteshyatt.com.br\/sao-paulo\/?s={search_term_string}\"},\"query-input\":\"required name=search_term_string\"}],\"inLanguage\":\"pt-BR\"},{\"@type\":\"WebPage\",\"@id\":\"https:\/\/homologacao.pacoteshyatt.com.br\/sao-paulo\/fim-de-semana\/#webpage\",\"url\":\"https:\/\/homologacao.pacoteshyatt.com.br\/sao-paulo\/fim-de-semana\/\",\"name\":\"Fim de semana - GRAND HYATT S\\u00c3O PAULO\",\"isPartOf\":{\"@id\":\"https:\/\/homologacao.pacoteshyatt.com.br\/sao-paulo\/#website\"},\"datePublished\":\"2020-12-08T12:51:06+00:00\",\"dateModified\":\"2020-12-30T14:14:54+00:00\",\"breadcrumb\":{\"@id\":\"https:\/\/homologacao.pacoteshyatt.com.br\/sao-paulo\/fim-de-semana\/#breadcrumb\"},\"inLanguage\":\"pt-BR\",\"potentialAction\":[{\"@type\":\"ReadAction\",\"target\":[\"https:\/\/homologacao.pacoteshyatt.com.br\/sao-paulo\/fim-de-semana\/\"]}]},{\"@type\":\"BreadcrumbList\",\"@id\":\"https:\/\/homologacao.pacoteshyatt.com.br\/sao-paulo\/fim-de-semana\/#breadcrumb\",\"itemListElement\":[{\"@type\":\"ListItem\",\"position\":1,\"name\":\"Home\",\"item\":\"https:\/\/homologacao.pacoteshyatt.com.br\/sao-paulo\/\"},{\"@type\":\"ListItem\",\"position\":2,\"name\":\"Fim de semana\"}]}]}<\/script>\n<!-- \/ Yoast SEO plugin. -->","yoast_head_json":{"title":"Fim de semana - GRAND HYATT S\u00c3O PAULO","robots":{"index":"noindex","follow":"follow","max-snippet":"max-snippet:-1","max-image-preview":"max-image-preview:large","max-video-preview":"max-video-preview:-1"},"og_locale":"pt_BR","og_type":"article","og_title":"Fim de semana - GRAND HYATT S\u00c3O PAULO","og_url":"https:\/\/homologacao.pacoteshyatt.com.br\/sao-paulo\/fim-de-semana\/","og_site_name":"GRAND HYATT S\u00c3O PAULO","article_modified_time":"2020-12-30T14:14:54+00:00","twitter_card":"summary_large_image","twitter_misc":{"Est. reading time":"2 minutos"},"schema":{"@context":"https:\/\/schema.org","@graph":[{"@type":"WebSite","@id":"https:\/\/homologacao.pacoteshyatt.com.br\/sao-paulo\/#website","url":"https:\/\/homologacao.pacoteshyatt.com.br\/sao-paulo\/","name":"GRAND HYATT S\u00c3O PAULO","description":"S\u00f3 mais um site Hot\u00e9is Grand Hyatt Rio de Janeiro e S\u00e3o Paulo sites","potentialAction":[{"@type":"SearchAction","target":{"@type":"EntryPoint","urlTemplate":"https:\/\/homologacao.pacoteshyatt.com.br\/sao-paulo\/?s={search_term_string}"},"query-input":"required name=search_term_string"}],"inLanguage":"pt-BR"},{"@type":"WebPage","@id":"https:\/\/homologacao.pacoteshyatt.com.br\/sao-paulo\/fim-de-semana\/#webpage","url":"https:\/\/homologacao.pacoteshyatt.com.br\/sao-paulo\/fim-de-semana\/","name":"Fim de semana - GRAND HYATT S\u00c3O PAULO","isPartOf":{"@id":"https:\/\/homologacao.pacoteshyatt.com.br\/sao-paulo\/#website"},"datePublished":"2020-12-08T12:51:06+00:00","dateModified":"2020-12-30T14:14:54+00:00","breadcrumb":{"@id":"https:\/\/homologacao.pacoteshyatt.com.br\/sao-paulo\/fim-de-semana\/#breadcrumb"},"inLanguage":"pt-BR","potentialAction":[{"@type":"ReadAction","target":["https:\/\/homologacao.pacoteshyatt.com.br\/sao-paulo\/fim-de-semana\/"]}]},{"@type":"BreadcrumbList","@id":"https:\/\/homologacao.pacoteshyatt.com.br\/sao-paulo\/fim-de-semana\/#breadcrumb","itemListElement":[{"@type":"ListItem","position":1,"name":"Home","item":"https:\/\/homologacao.pacoteshyatt.com.br\/sao-paulo\/"},{"@type":"ListItem","position":2,"name":"Fim de semana"}]}]}},"_links":{"self":[{"href":"https:\/\/homologacao.pacoteshyatt.com.br\/sao-paulo\/wp-json\/wp\/v2\/pages\/877"}],"collection":[{"href":"https:\/\/homologacao.pacoteshyatt.com.br\/sao-paulo\/wp-json\/wp\/v2\/pages"}],"about":[{"href":"https:\/\/homologacao.pacoteshyatt.com.br\/sao-paulo\/wp-json\/wp\/v2\/types\/page"}],"author":[{"embeddable":true,"href":"https:\/\/homologacao.pacoteshyatt.com.br\/sao-paulo\/wp-json\/wp\/v2\/users\/1"}],"replies":[{"embeddable":true,"href":"https:\/\/homologacao.pacoteshyatt.com.br\/sao-paulo\/wp-json\/wp\/v2\/comments?post=877"}],"version-history":[{"count":6,"href":"https:\/\/homologacao.pacoteshyatt.com.br\/sao-paulo\/wp-json\/wp\/v2\/pages\/877\/revisions"}],"predecessor-version":[{"id":1016,"href":"https:\/\/homologacao.pacoteshyatt.com.br\/sao-paulo\/wp-json\/wp\/v2\/pages\/877\/revisions\/1016"}],"wp:attachment":[{"href":"https:\/\/homologacao.pacoteshyatt.com.br\/sao-paulo\/wp-json\/wp\/v2\/media?parent=877"}],"curies":[{"name":"wp","href":"https:\/\/api.w.org\/{rel}","templated":true}]}}