{"id":907,"date":"2020-12-08T11:25:09","date_gmt":"2020-12-08T14:25:09","guid":{"rendered":"https:\/\/homologacao.pacoteshyatt.com.br\/sao-paulo\/?page_id=907"},"modified":"2021-01-06T14:41:09","modified_gmt":"2021-01-06T17:41:09","slug":"amanary-origens","status":"publish","type":"page","link":"https:\/\/homologacao.pacoteshyatt.com.br\/sao-paulo\/amanary-origens\/","title":{"rendered":"AMANARY ORIGENS"},"content":{"rendered":"\n<div class=\"wp-container-69ea900f7ae7e wp-block-group intro-content-home text-center\"><div class=\"wp-block-group__inner-container\"><div class=\"wp-bootstrap-blocks-container container mb-2\">\n\t\n<div class=\"wp-bootstrap-blocks-row row\">\n\t\n\n<div class=\"col-12 col-md-12 inner-intro-content\">\n\t\t\t\n\n<div class=\"wp-container-69ea900f7a65f wp-block-group inner-content\"><div class=\"wp-block-group__inner-container\">\n<h1>AMANARY ORIGENS<\/h1>\n\n\n\n<p class=\"has-text-align-center\"><strong>Esperamos voc\u00ea para desfrutar de uma massagem inesquec\u00edvel!<\/strong><br><\/p>\n\n\n\n<p class=\"has-text-align-center\">O&nbsp;<strong>Amanary Origens<\/strong>&nbsp;nasceu da ideia de resgatar as&nbsp;<strong>ra\u00edzes brasileiras<\/strong>&nbsp;e trazer para as nossas&nbsp;<strong>massagens o toque brasileiro<\/strong>! O tratamento ficar\u00e1 ainda mais natural e agrad\u00e1vel, com&nbsp;<strong>produtos veganos<\/strong>&nbsp;(n\u00e3o testados em animais). O Brasil \u00e9 o pa\u00eds com maior biodiversidade do planeta e nada melhor do que homenage\u00e1-lo.<\/p>\n\n\n\n<p class=\"has-text-align-center\">O Amanary Spa buscou inspira\u00e7\u00e3o para oferecer uma&nbsp;<strong>experi\u00eancia singular<\/strong>, com \u00f3leos vegetais e essenciais, extra\u00eddos de forma sustent\u00e1vel de nossas plantas nativas. Com suas dimens\u00f5es continentais, o Brasil apresenta diferentes ecossistemas (conjunto de seres vivos, animais e vegetais); a Floresta Amaz\u00f4nica, a maior floresta tropical do mundo, a Caatinga, o Cerrado, a Mata Atl\u00e2ntica, entre outros.<\/p>\n\n\n\n<p class=\"has-text-align-center\">Convidamos voc\u00ea a conhecer e desfrutar dos benef\u00edcios de uma massagem com esses&nbsp;<strong>\u00f3leos extraordin\u00e1rios<\/strong>, que os povos ind\u00edgenas de nossas terras j\u00e1 conhecem h\u00e1 milhares de anos. Uma oportunidade incr\u00edvel para aproveitar as propriedades que nossos frutos, plantas e sementes transmitem ao nosso bem-estar.<\/p>\n\n\n\n<p class=\"has-text-align-center\">Ao final da massagem, voc\u00ea ser\u00e1&nbsp;<strong>presenteado com um brinde \u00fanico e especial<\/strong>, que remete a incr\u00edvel natureza de nosso pa\u00eds.<\/p>\n\n\n\n<p class=\"has-text-align-center\"><strong>Massagem 60 ou 90 min &#8211;\u00a0<a href=\"https:\/\/homologacao.pacoteshyatt.com.br\/sao-paulo\/product\/massagem-relaxante-a-escolha\/\">Clique aqui<\/a>\u00a0para comprar<\/strong><br><\/p>\n<\/div><\/div>\n\n\t<\/div>\n\n<\/div>\n\n<\/div>\n<\/div><\/div>\n\n\n\n<div class=\"wp-container-69ea900f8c879 wp-block-group grand-taste-top-section\"><div class=\"wp-block-group__inner-container\"><div class=\"wp-bootstrap-blocks-container container mb-2 product-descrip-section\">\n\t\n<div class=\"wp-bootstrap-blocks-row row inner-taste-col\">\n\t\n\n<div class=\"col-12 col-md-6\">\n\t\t\t\n\n<figure class=\"wp-block-image size-large\"><img loading=\"lazy\" width=\"1024\" height=\"629\" src=\"https:\/\/homologacao.pacoteshyatt.com.br\/sao-paulo\/wp-content\/uploads\/sites\/3\/2020\/12\/Screen-Shot-2020-12-08-at-11.17.38-AM-1-1024x629.png\" alt=\"\" class=\"wp-image-910\" srcset=\"https:\/\/homologacao.pacoteshyatt.com.br\/sao-paulo\/wp-content\/uploads\/sites\/3\/2020\/12\/Screen-Shot-2020-12-08-at-11.17.38-AM-1-1024x629.png 1024w, https:\/\/homologacao.pacoteshyatt.com.br\/sao-paulo\/wp-content\/uploads\/sites\/3\/2020\/12\/Screen-Shot-2020-12-08-at-11.17.38-AM-1-300x184.png 300w, https:\/\/homologacao.pacoteshyatt.com.br\/sao-paulo\/wp-content\/uploads\/sites\/3\/2020\/12\/Screen-Shot-2020-12-08-at-11.17.38-AM-1-768x471.png 768w, https:\/\/homologacao.pacoteshyatt.com.br\/sao-paulo\/wp-content\/uploads\/sites\/3\/2020\/12\/Screen-Shot-2020-12-08-at-11.17.38-AM-1-308x189.png 308w, https:\/\/homologacao.pacoteshyatt.com.br\/sao-paulo\/wp-content\/uploads\/sites\/3\/2020\/12\/Screen-Shot-2020-12-08-at-11.17.38-AM-1-348x214.png 348w, https:\/\/homologacao.pacoteshyatt.com.br\/sao-paulo\/wp-content\/uploads\/sites\/3\/2020\/12\/Screen-Shot-2020-12-08-at-11.17.38-AM-1.png 1186w\" sizes=\"(max-width: 1024px) 100vw, 1024px\" \/><\/figure>\n\n\t<\/div>\n\n\n\n<div class=\"col-12 col-md-6 description-content\">\n\t\t\t\n\n<h1>Buriti<\/h1>\n\n\n\n<p>Origin\u00e1rio do Amazonas, o Buriti \u00e9 da fam\u00edlia das palmeiras brasileiras, na l\u00edngua ind\u00edgena, Buriti significa \u201c\u00e1rvore da vida\u201d. Suas propriedades s\u00e3o deslumbrantes, al\u00e9m de ser \u00f3timo para peles secas e servir de protetor solar natural, \u00e9 um excelente cicatrizante, regenerativo e antioxidante. \u00c9 rico em vitaminas A, B, C, E e \u00e1cidos graxos (\u00f4megas 3, 6 e 9).<\/p>\n\n\t<\/div>\n\n<\/div>\n\n<\/div>\n\n\n<div class=\"wp-bootstrap-blocks-container container mb-2 product-descrip-section\">\n\t\n<div class=\"wp-bootstrap-blocks-row row inner-taste-col\">\n\t\n\n<div class=\"col-12 col-md-6\">\n\t\t\t\n                <div class=\"gallery-top-col\">\n                    <div class=\"swiper-container gallery-top\">\n                        <div class=\"swiper-wrapper\">\n                                                            <div class=\"swiper-slide\">\n                                                                    <\/div>\n                                                    <\/div>\n                    <\/div>\n                    <div class=\"swiper-button-next swiper-button-white\"><\/div>\n                    <div class=\"swiper-button-prev swiper-button-white\"><\/div>\n                <\/div>\n                <div class=\"gallery-thumbs-col\">\n                    <div class=\"swiper-container gallery-thumbs\">\n                        <div class=\"swiper-wrapper\">\n                                                            <div class=\"swiper-slide\">\n                                                                   <\/div>\n                                                    <\/div>\n                    <\/div>\n                <\/div>\n        \n\t<\/div>\n\n\n\n<div class=\"col-12 col-md-6 description-content\">\n\t\t\t\n\n<h1>Castanha do Brasil<\/h1>\n\n\n\n<p>A castanheira-do-Brasil, \u00e9 uma \u00e1rvore alta e famosa na Amaz\u00f4nia. Caso for viajar para conhecer os grandes rios brasileiros (Amazonas, Negro, Oricono, Araguaia) encontrar\u00e1 v\u00e1rias dela. Voc\u00ea sabia que o fruto da castanha pode pesar at\u00e9 2kg? A casca \u00e9 dura e pode abrigar entre 8 e 24 sementes (castanhas). As vitaminas A e E s\u00e3o as mais ricas nesse \u00f3leo, que possui alto poder de hidrata\u00e7\u00e3o, e minimiza flacidez. Al\u00e9m disso, h\u00e1 o querido sel\u00eanio que ajuda a prevenir o envelhecimento da pele.<\/p>\n\n\t<\/div>\n\n<\/div>\n\n<\/div>\n\n\n<div class=\"wp-bootstrap-blocks-container container mb-2 product-descrip-section\">\n\t\n<div class=\"wp-bootstrap-blocks-row row inner-taste-col\">\n\t\n\n<div class=\"col-12 col-md-6\">\n\t\t\t\n                <div class=\"gallery-top-col\">\n                    <div class=\"swiper-container gallery-top\">\n                        <div class=\"swiper-wrapper\">\n                                                            <div class=\"swiper-slide\">\n                                                                    <\/div>\n                                                    <\/div>\n                    <\/div>\n                    <div class=\"swiper-button-next swiper-button-white\"><\/div>\n                    <div class=\"swiper-button-prev swiper-button-white\"><\/div>\n                <\/div>\n                <div class=\"gallery-thumbs-col\">\n                    <div class=\"swiper-container gallery-thumbs\">\n                        <div class=\"swiper-wrapper\">\n                                                            <div class=\"swiper-slide\">\n                                                                   <\/div>\n                                                    <\/div>\n                    <\/div>\n                <\/div>\n        \n\t<\/div>\n\n\n\n<div class=\"col-12 col-md-6 description-content\">\n\t\t\t\n\n<h1>Jaborandi<\/h1>\n\n\n\n<p>Esta planta est\u00e1 localizada em uma zona de transi\u00e7\u00e3o, entre o amazonas e cerrado. Nela, h\u00e1 diversos cachos de flores rosadas, e pode chegar at\u00e9 5 metros de altura. Em suas folhas h\u00e1 gl\u00e2ndulas de \u00f3leos, e o seu ch\u00e1 \u00e9 muito tradicional para os povos ind\u00edgenas e popula\u00e7\u00e3o tradicional brasileira, que fazem uso medicinal dessa folha. Seu \u00f3leo \u00e9 indicado para o tratamento de acne, com a\u00e7\u00e3o tonificante e refrescante, que contribui para a renova\u00e7\u00e3o celular da pele.<\/p>\n\n\t<\/div>\n\n<\/div>\n\n<\/div>\n\n\n<div class=\"wp-bootstrap-blocks-container container mb-2 product-descrip-section\">\n\t\n<div class=\"wp-bootstrap-blocks-row row inner-taste-col\">\n\t\n\n<div class=\"col-12 col-md-6\">\n\t\t\t\n                <div class=\"gallery-top-col\">\n                    <div class=\"swiper-container gallery-top\">\n                        <div class=\"swiper-wrapper\">\n                                                            <div class=\"swiper-slide\">\n                                                                    <\/div>\n                                                    <\/div>\n                    <\/div>\n                    <div class=\"swiper-button-next swiper-button-white\"><\/div>\n                    <div class=\"swiper-button-prev swiper-button-white\"><\/div>\n                <\/div>\n                <div class=\"gallery-thumbs-col\">\n                    <div class=\"swiper-container gallery-thumbs\">\n                        <div class=\"swiper-wrapper\">\n                                                            <div class=\"swiper-slide\">\n                                                                   <\/div>\n                                                    <\/div>\n                    <\/div>\n                <\/div>\n        \n\t<\/div>\n\n\n\n<div class=\"col-12 col-md-6 description-content\">\n\t\t\t\n\n<h1>Urucum<\/h1>\n\n\n\n<p>O Urucum, em tupi significa \u2018\u2019vermelho\u2019\u2019, ele \u00e9 famoso na Bahia e pode atingir at\u00e9 seis metros de altura. Com sua tinta, os ind\u00edgenas tingem seus corpos em cerim\u00f4nias que celebram fatura de alimentos. Seu \u00f3leo \u00e9 rico em minerais como c\u00e1lcio, ferro e f\u00f3sforo, evitando a dilata\u00e7\u00e3o dos poros e o ac\u00famulo de gorduras na pele.<\/p>\n\n\n\n<p><\/p>\n\n\t<\/div>\n\n<\/div>\n\n<\/div>\n\n\n<div class=\"wp-bootstrap-blocks-container container mb-2 product-descrip-section\">\n\t\n<div class=\"wp-bootstrap-blocks-row row inner-taste-col\">\n\t\n\n<div class=\"col-12 col-md-6\">\n\t\t\t\n\n<div class=\"wp-container-69ea900f8c0d7 wp-block-group\"><div class=\"wp-block-group__inner-container\">                <div class=\"gallery-top-col\">\n                    <div class=\"swiper-container gallery-top\">\n                        <div class=\"swiper-wrapper\">\n                                                            <div class=\"swiper-slide\">\n                                                                    <\/div>\n                                                    <\/div>\n                    <\/div>\n                    <div class=\"swiper-button-next swiper-button-white\"><\/div>\n                    <div class=\"swiper-button-prev swiper-button-white\"><\/div>\n                <\/div>\n                <div class=\"gallery-thumbs-col\">\n                    <div class=\"swiper-container gallery-thumbs\">\n                        <div class=\"swiper-wrapper\">\n                                                            <div class=\"swiper-slide\">\n                                                                   <\/div>\n                                                    <\/div>\n                    <\/div>\n                <\/div>\n        <\/div><\/div>\n\n\t<\/div>\n\n\n\n<div class=\"col-12 col-md-6 description-content\">\n\t\t\t\n\n<h1>Pequi<\/h1>\n\n\n\n<p>Pequi significa \u201cpele espinhenta\u201d, \u00e9 uma \u00e1rvore nativa do cerrado brasileiro que possui em seu interior uma polpa amarela comest\u00edvel, muito utilizada na culin\u00e1ria sertaneja. Dele, \u00e9 extra\u00eddo um \u00f3leo denominado &#8220;azeite de pequi&#8221; com propriedades muito ben\u00e9ficas na recupera\u00e7\u00e3o do tecido cut\u00e2neo, auxiliando no tratamento de estrias, rico em vitaminas A, C, E e carotenoides (subst\u00e2ncias antioxidantes que atuam diretamente na respira\u00e7\u00e3o celular).<\/p>\n\n\n\n<p><br><\/p>\n\n\t<\/div>\n\n<\/div>\n\n<\/div>\n<\/div><\/div>\n\n\n\n<div class=\"wp-container-69ea900f9121d wp-block-group\"><div class=\"wp-block-group__inner-container\">        <div class=\"service-section\">\n            <div class=\"container\">\n                <div class=\"row\">\n                    <div class=\"inner-service-col col-12\">\n                                                    <div class=\"all-section-title\">\n                                <h2>Servi\u00e7os SPA e Fitness<\/h2>\n                            <\/div>\n                                                <div class=\"d-flex flex-wrap inner-service-section justify-content-center\">\n                                    <div class=\"col-6 col-sm-4 col-lg-3 custom-3-col\">\n                                <a href=\"https:\/\/homologacao.pacoteshyatt.com.br\/sao-paulo\/spa\/\" class=\"service-image\">\n                                    <div class=\"inner-service-image\">\n                                        <img src=\"https:\/\/homologacao.pacoteshyatt.com.br\/sao-paulo\/wp-content\/uploads\/sites\/3\/2020\/12\/O-SPA_p.jpg\" alt=\"O SPA\">\n                                    <\/div>\n                                    <div class=\"btn-col\">\n                                        <span class=\"btn with-border\">| O SPA<\/span>\n                                    <\/div>\n                                <\/a>\n                            <\/div>\n                                        <div class=\"col-6 col-sm-4 col-lg-3 custom-3-col\">\n                                <a href=\"https:\/\/homologacao.pacoteshyatt.com.br\/sao-paulo\/servicos-2\/\" class=\"service-image\">\n                                    <div class=\"inner-service-image\">\n                                        <img src=\"https:\/\/homologacao.pacoteshyatt.com.br\/sao-paulo\/wp-content\/uploads\/sites\/3\/2020\/10\/2711.jpg\" alt=\"Servi\u00e7os\">\n                                    <\/div>\n                                    <div class=\"btn-col\">\n                                        <span class=\"btn with-border\">| Servi\u00e7os<\/span>\n                                    <\/div>\n                                <\/a>\n                            <\/div>\n                                        <div class=\"col-6 col-sm-4 col-lg-3 custom-3-col\">\n                                <a href=\"https:\/\/homologacao.pacoteshyatt.com.br\/sao-paulo\/fitness\/\" class=\"service-image\">\n                                    <div class=\"inner-service-image\">\n                                        <img src=\"https:\/\/homologacao.pacoteshyatt.com.br\/sao-paulo\/wp-content\/uploads\/sites\/3\/2020\/10\/service-img4-e1607542932491.jpg\" alt=\"FITNESS\">\n                                    <\/div>\n                                    <div class=\"btn-col\">\n                                        <span class=\"btn with-border\">| FITNESS<\/span>\n                                    <\/div>\n                                <\/a>\n                            <\/div>\n                                    <\/div>\n                    <\/div>\n                <\/div>\n            <\/div>\n        <\/div>\n        <\/div><\/div>\n","protected":false},"excerpt":{"rendered":"","protected":false},"author":1,"featured_media":0,"parent":0,"menu_order":0,"comment_status":"closed","ping_status":"closed","template":"","meta":[],"yoast_head":"<!-- This site is optimized with the Yoast SEO plugin v17.2.1 - https:\/\/yoast.com\/wordpress\/plugins\/seo\/ -->\n<title>AMANARY ORIGENS - GRAND HYATT S\u00c3O PAULO<\/title>\n<meta name=\"robots\" content=\"noindex, follow, max-snippet:-1, max-image-preview:large, max-video-preview:-1\" \/>\n<meta property=\"og:locale\" content=\"pt_BR\" \/>\n<meta property=\"og:type\" content=\"article\" \/>\n<meta property=\"og:title\" content=\"AMANARY ORIGENS - GRAND HYATT S\u00c3O PAULO\" \/>\n<meta property=\"og:url\" content=\"https:\/\/homologacao.pacoteshyatt.com.br\/sao-paulo\/amanary-origens\/\" \/>\n<meta property=\"og:site_name\" content=\"GRAND HYATT S\u00c3O PAULO\" \/>\n<meta property=\"article:modified_time\" content=\"2021-01-06T17:41:09+00:00\" \/>\n<meta property=\"og:image\" content=\"https:\/\/homologacao.pacoteshyatt.com.br\/sao-paulo\/wp-content\/uploads\/sites\/3\/2020\/12\/Screen-Shot-2020-12-08-at-11.17.38-AM-1-1024x629.png\" \/>\n<meta name=\"twitter:card\" content=\"summary_large_image\" \/>\n<meta name=\"twitter:label1\" content=\"Est. reading time\" \/>\n\t<meta name=\"twitter:data1\" content=\"3 minutos\" \/>\n<script type=\"application\/ld+json\" class=\"yoast-schema-graph\">{\"@context\":\"https:\/\/schema.org\",\"@graph\":[{\"@type\":\"WebSite\",\"@id\":\"https:\/\/homologacao.pacoteshyatt.com.br\/sao-paulo\/#website\",\"url\":\"https:\/\/homologacao.pacoteshyatt.com.br\/sao-paulo\/\",\"name\":\"GRAND HYATT S\\u00c3O PAULO\",\"description\":\"S\\u00f3 mais um site Hot\\u00e9is Grand Hyatt Rio de Janeiro e S\\u00e3o Paulo sites\",\"potentialAction\":[{\"@type\":\"SearchAction\",\"target\":{\"@type\":\"EntryPoint\",\"urlTemplate\":\"https:\/\/homologacao.pacoteshyatt.com.br\/sao-paulo\/?s={search_term_string}\"},\"query-input\":\"required name=search_term_string\"}],\"inLanguage\":\"pt-BR\"},{\"@type\":\"ImageObject\",\"@id\":\"https:\/\/homologacao.pacoteshyatt.com.br\/sao-paulo\/amanary-origens\/#primaryimage\",\"inLanguage\":\"pt-BR\",\"url\":\"https:\/\/homologacao.pacoteshyatt.com.br\/sao-paulo\/wp-content\/uploads\/sites\/3\/2020\/12\/Screen-Shot-2020-12-08-at-11.17.38-AM-1.png\",\"contentUrl\":\"https:\/\/homologacao.pacoteshyatt.com.br\/sao-paulo\/wp-content\/uploads\/sites\/3\/2020\/12\/Screen-Shot-2020-12-08-at-11.17.38-AM-1.png\",\"width\":1186,\"height\":728},{\"@type\":\"WebPage\",\"@id\":\"https:\/\/homologacao.pacoteshyatt.com.br\/sao-paulo\/amanary-origens\/#webpage\",\"url\":\"https:\/\/homologacao.pacoteshyatt.com.br\/sao-paulo\/amanary-origens\/\",\"name\":\"AMANARY ORIGENS - GRAND HYATT S\\u00c3O PAULO\",\"isPartOf\":{\"@id\":\"https:\/\/homologacao.pacoteshyatt.com.br\/sao-paulo\/#website\"},\"primaryImageOfPage\":{\"@id\":\"https:\/\/homologacao.pacoteshyatt.com.br\/sao-paulo\/amanary-origens\/#primaryimage\"},\"datePublished\":\"2020-12-08T14:25:09+00:00\",\"dateModified\":\"2021-01-06T17:41:09+00:00\",\"breadcrumb\":{\"@id\":\"https:\/\/homologacao.pacoteshyatt.com.br\/sao-paulo\/amanary-origens\/#breadcrumb\"},\"inLanguage\":\"pt-BR\",\"potentialAction\":[{\"@type\":\"ReadAction\",\"target\":[\"https:\/\/homologacao.pacoteshyatt.com.br\/sao-paulo\/amanary-origens\/\"]}]},{\"@type\":\"BreadcrumbList\",\"@id\":\"https:\/\/homologacao.pacoteshyatt.com.br\/sao-paulo\/amanary-origens\/#breadcrumb\",\"itemListElement\":[{\"@type\":\"ListItem\",\"position\":1,\"name\":\"Home\",\"item\":\"https:\/\/homologacao.pacoteshyatt.com.br\/sao-paulo\/\"},{\"@type\":\"ListItem\",\"position\":2,\"name\":\"AMANARY ORIGENS\"}]}]}<\/script>\n<!-- \/ Yoast SEO plugin. -->","yoast_head_json":{"title":"AMANARY ORIGENS - GRAND HYATT S\u00c3O PAULO","robots":{"index":"noindex","follow":"follow","max-snippet":"max-snippet:-1","max-image-preview":"max-image-preview:large","max-video-preview":"max-video-preview:-1"},"og_locale":"pt_BR","og_type":"article","og_title":"AMANARY ORIGENS - GRAND HYATT S\u00c3O PAULO","og_url":"https:\/\/homologacao.pacoteshyatt.com.br\/sao-paulo\/amanary-origens\/","og_site_name":"GRAND HYATT S\u00c3O PAULO","article_modified_time":"2021-01-06T17:41:09+00:00","og_image":[{"url":"https:\/\/homologacao.pacoteshyatt.com.br\/sao-paulo\/wp-content\/uploads\/sites\/3\/2020\/12\/Screen-Shot-2020-12-08-at-11.17.38-AM-1-1024x629.png"}],"twitter_card":"summary_large_image","twitter_misc":{"Est. reading time":"3 minutos"},"schema":{"@context":"https:\/\/schema.org","@graph":[{"@type":"WebSite","@id":"https:\/\/homologacao.pacoteshyatt.com.br\/sao-paulo\/#website","url":"https:\/\/homologacao.pacoteshyatt.com.br\/sao-paulo\/","name":"GRAND HYATT S\u00c3O PAULO","description":"S\u00f3 mais um site Hot\u00e9is Grand Hyatt Rio de Janeiro e S\u00e3o Paulo sites","potentialAction":[{"@type":"SearchAction","target":{"@type":"EntryPoint","urlTemplate":"https:\/\/homologacao.pacoteshyatt.com.br\/sao-paulo\/?s={search_term_string}"},"query-input":"required name=search_term_string"}],"inLanguage":"pt-BR"},{"@type":"ImageObject","@id":"https:\/\/homologacao.pacoteshyatt.com.br\/sao-paulo\/amanary-origens\/#primaryimage","inLanguage":"pt-BR","url":"https:\/\/homologacao.pacoteshyatt.com.br\/sao-paulo\/wp-content\/uploads\/sites\/3\/2020\/12\/Screen-Shot-2020-12-08-at-11.17.38-AM-1.png","contentUrl":"https:\/\/homologacao.pacoteshyatt.com.br\/sao-paulo\/wp-content\/uploads\/sites\/3\/2020\/12\/Screen-Shot-2020-12-08-at-11.17.38-AM-1.png","width":1186,"height":728},{"@type":"WebPage","@id":"https:\/\/homologacao.pacoteshyatt.com.br\/sao-paulo\/amanary-origens\/#webpage","url":"https:\/\/homologacao.pacoteshyatt.com.br\/sao-paulo\/amanary-origens\/","name":"AMANARY ORIGENS - GRAND HYATT S\u00c3O PAULO","isPartOf":{"@id":"https:\/\/homologacao.pacoteshyatt.com.br\/sao-paulo\/#website"},"primaryImageOfPage":{"@id":"https:\/\/homologacao.pacoteshyatt.com.br\/sao-paulo\/amanary-origens\/#primaryimage"},"datePublished":"2020-12-08T14:25:09+00:00","dateModified":"2021-01-06T17:41:09+00:00","breadcrumb":{"@id":"https:\/\/homologacao.pacoteshyatt.com.br\/sao-paulo\/amanary-origens\/#breadcrumb"},"inLanguage":"pt-BR","potentialAction":[{"@type":"ReadAction","target":["https:\/\/homologacao.pacoteshyatt.com.br\/sao-paulo\/amanary-origens\/"]}]},{"@type":"BreadcrumbList","@id":"https:\/\/homologacao.pacoteshyatt.com.br\/sao-paulo\/amanary-origens\/#breadcrumb","itemListElement":[{"@type":"ListItem","position":1,"name":"Home","item":"https:\/\/homologacao.pacoteshyatt.com.br\/sao-paulo\/"},{"@type":"ListItem","position":2,"name":"AMANARY ORIGENS"}]}]}},"_links":{"self":[{"href":"https:\/\/homologacao.pacoteshyatt.com.br\/sao-paulo\/wp-json\/wp\/v2\/pages\/907"}],"collection":[{"href":"https:\/\/homologacao.pacoteshyatt.com.br\/sao-paulo\/wp-json\/wp\/v2\/pages"}],"about":[{"href":"https:\/\/homologacao.pacoteshyatt.com.br\/sao-paulo\/wp-json\/wp\/v2\/types\/page"}],"author":[{"embeddable":true,"href":"https:\/\/homologacao.pacoteshyatt.com.br\/sao-paulo\/wp-json\/wp\/v2\/users\/1"}],"replies":[{"embeddable":true,"href":"https:\/\/homologacao.pacoteshyatt.com.br\/sao-paulo\/wp-json\/wp\/v2\/comments?post=907"}],"version-history":[{"count":26,"href":"https:\/\/homologacao.pacoteshyatt.com.br\/sao-paulo\/wp-json\/wp\/v2\/pages\/907\/revisions"}],"predecessor-version":[{"id":1037,"href":"https:\/\/homologacao.pacoteshyatt.com.br\/sao-paulo\/wp-json\/wp\/v2\/pages\/907\/revisions\/1037"}],"wp:attachment":[{"href":"https:\/\/homologacao.pacoteshyatt.com.br\/sao-paulo\/wp-json\/wp\/v2\/media?parent=907"}],"curies":[{"name":"wp","href":"https:\/\/api.w.org\/{rel}","templated":true}]}}