{"id":100,"date":"2020-10-05T13:04:29","date_gmt":"2020-10-05T16:04:29","guid":{"rendered":"https:\/\/homologacao.pacoteshyatt.com.br\/sao-paulo\/?post_type=product&#038;p=100"},"modified":"2021-01-19T21:18:56","modified_gmt":"2021-01-20T00:18:56","slug":"ritual-ayurveda","status":"publish","type":"product","link":"https:\/\/homologacao.pacoteshyatt.com.br\/sao-paulo\/product\/ritual-ayurveda\/","title":{"rendered":"RITUAL AYURVEDA"},"content":{"rendered":"<p>O Ritual Ayurveda segue os princ\u00edpios da Ayurveda &#8211;\u00a0<strong>\u201cA Ci\u00eancia da Vida\u201d<\/strong>, \u00a0que acredita que toda mat\u00e9ria \u00e9 composta de uma combina\u00e7\u00e3o de 5 elementos b\u00e1sicos: espa\u00e7o, \u00e1gua, fogo, terra e ar, formando os tr\u00eas doshas: Vata, Pita e Kapha.<\/p>\n<p>&nbsp;<\/p>\n<p>Ap\u00f3s uma esfolia\u00e7\u00e3o corporal, o tratamento utiliza uma combina\u00e7\u00e3o de \u00f3leos essenciais que buscam equilibrar e harmonizar o seu dosha predominante, respeitando a individualidade de cada um.\u00a0Esta t\u00e9cnica aumenta a circula\u00e7\u00e3o dos fluidos vitais e as trocas em n\u00edvel celular, ajudando a remover as toxinas. O tratamento atua de modo profundo e abrangente na circula\u00e7\u00e3o em geral, seja sang\u00fc\u00ednea, linf\u00e1tica ou energ\u00e9tica. Assim, promove o aumento da circula\u00e7\u00e3o perif\u00e9rica nos vasos capilares, o que reduz a press\u00e3o arterial e aumenta a oxigena\u00e7\u00e3o nos tecidos.<\/p>\n<p>&nbsp;<\/p>\n<p>No tratamento, ap\u00f3s uma esfolia\u00e7\u00e3o corporal, \u00e9 oferecida uma massagem que utiliza uma combina\u00e7\u00e3o de \u00f3leos essenciais que buscam equilibrar e harmonizar o seu dosha predominante, respeitando a individualidade de cada um e oferecendo relaxamento e bem estar.<\/p>\n<p>&nbsp;<\/p>\n<p><strong>Este voucher inclui um Tratamento Corporal Ritual Ayurveda com dura\u00e7\u00e3o de 90 minutos, tr\u00eas horas de estacionamento cortesia com manobrista e acesso \u00e0 sauna seca.<\/strong><\/p>\n<p>&nbsp;<\/p>\n<p>Conhe\u00e7a tamb\u00e9m a nova massagem Amanary Origens com \u00f3leos nativos brasileiros.\u00a0<u><a href=\"https:\/\/www.pacoteshyatt.com.br\/sao-paulo\/servicos\/22\/amanary-origens\/\">Clique Aqui!<\/a><\/u><\/p>\n","protected":false},"excerpt":{"rendered":"<p>O Ritual Ayurveda segue os princ\u00edpios da Ayurveda &#8211;\u00a0\u201cA Ci\u00eancia da Vida\u201d, \u00a0que acredita que toda mat\u00e9ria \u00e9 composta de uma combina\u00e7\u00e3o de 5 elementos b\u00e1sicos: espa\u00e7o, \u00e1gua, fogo, terra e ar, formando os tr\u00eas doshas: Vata, Pita e Kapha. &nbsp; Ap\u00f3s uma esfolia\u00e7\u00e3o corporal, o tratamento utiliza uma combina\u00e7\u00e3o de \u00f3leos essenciais que buscam [&hellip;]<\/p>\n","protected":false},"featured_media":457,"comment_status":"open","ping_status":"closed","template":"","meta":[],"product_cat":[20,22],"product_tag":[],"yoast_head":"<!-- This site is optimized with the Yoast SEO plugin v17.2.1 - https:\/\/yoast.com\/wordpress\/plugins\/seo\/ -->\n<title>RITUAL AYURVEDA - GRAND HYATT S\u00c3O PAULO<\/title>\n<meta name=\"robots\" content=\"noindex, follow, max-snippet:-1, max-image-preview:large, max-video-preview:-1\" \/>\n<meta property=\"og:locale\" content=\"pt_BR\" \/>\n<meta property=\"og:type\" content=\"article\" \/>\n<meta property=\"og:title\" content=\"RITUAL AYURVEDA - GRAND HYATT S\u00c3O PAULO\" \/>\n<meta property=\"og:description\" content=\"O Ritual Ayurveda segue os princ\u00edpios da Ayurveda &#8211;\u00a0\u201cA Ci\u00eancia da Vida\u201d, \u00a0que acredita que toda mat\u00e9ria \u00e9 composta de uma combina\u00e7\u00e3o de 5 elementos b\u00e1sicos: espa\u00e7o, \u00e1gua, fogo, terra e ar, formando os tr\u00eas doshas: Vata, Pita e Kapha. &nbsp; Ap\u00f3s uma esfolia\u00e7\u00e3o corporal, o tratamento utiliza uma combina\u00e7\u00e3o de \u00f3leos essenciais que buscam [&hellip;]\" \/>\n<meta property=\"og:url\" content=\"https:\/\/homologacao.pacoteshyatt.com.br\/sao-paulo\/product\/ritual-ayurveda\/\" \/>\n<meta property=\"og:site_name\" content=\"GRAND HYATT S\u00c3O PAULO\" \/>\n<meta property=\"article:modified_time\" content=\"2021-01-20T00:18:56+00:00\" \/>\n<meta property=\"og:image\" content=\"https:\/\/homologacao.pacoteshyatt.com.br\/sao-paulo\/wp-content\/uploads\/sites\/3\/2020\/10\/3076.jpg\" \/>\n\t<meta property=\"og:image:width\" content=\"308\" \/>\n\t<meta property=\"og:image:height\" content=\"200\" \/>\n<meta name=\"twitter:card\" content=\"summary_large_image\" \/>\n<meta name=\"twitter:label1\" content=\"Est. reading time\" \/>\n\t<meta name=\"twitter:data1\" content=\"1 minuto\" \/>\n<script type=\"application\/ld+json\" class=\"yoast-schema-graph\">{\"@context\":\"https:\/\/schema.org\",\"@graph\":[{\"@type\":\"WebSite\",\"@id\":\"https:\/\/homologacao.pacoteshyatt.com.br\/sao-paulo\/#website\",\"url\":\"https:\/\/homologacao.pacoteshyatt.com.br\/sao-paulo\/\",\"name\":\"GRAND HYATT S\\u00c3O PAULO\",\"description\":\"S\\u00f3 mais um site Hot\\u00e9is Grand Hyatt Rio de Janeiro e S\\u00e3o Paulo sites\",\"potentialAction\":[{\"@type\":\"SearchAction\",\"target\":{\"@type\":\"EntryPoint\",\"urlTemplate\":\"https:\/\/homologacao.pacoteshyatt.com.br\/sao-paulo\/?s={search_term_string}\"},\"query-input\":\"required name=search_term_string\"}],\"inLanguage\":\"pt-BR\"},{\"@type\":\"ImageObject\",\"@id\":\"https:\/\/homologacao.pacoteshyatt.com.br\/sao-paulo\/product\/ritual-ayurveda\/#primaryimage\",\"inLanguage\":\"pt-BR\",\"url\":\"https:\/\/homologacao.pacoteshyatt.com.br\/sao-paulo\/wp-content\/uploads\/sites\/3\/2020\/10\/3076.jpg\",\"contentUrl\":\"https:\/\/homologacao.pacoteshyatt.com.br\/sao-paulo\/wp-content\/uploads\/sites\/3\/2020\/10\/3076.jpg\",\"width\":308,\"height\":200},{\"@type\":\"WebPage\",\"@id\":\"https:\/\/homologacao.pacoteshyatt.com.br\/sao-paulo\/product\/ritual-ayurveda\/#webpage\",\"url\":\"https:\/\/homologacao.pacoteshyatt.com.br\/sao-paulo\/product\/ritual-ayurveda\/\",\"name\":\"RITUAL AYURVEDA - GRAND HYATT S\\u00c3O PAULO\",\"isPartOf\":{\"@id\":\"https:\/\/homologacao.pacoteshyatt.com.br\/sao-paulo\/#website\"},\"primaryImageOfPage\":{\"@id\":\"https:\/\/homologacao.pacoteshyatt.com.br\/sao-paulo\/product\/ritual-ayurveda\/#primaryimage\"},\"datePublished\":\"2020-10-05T16:04:29+00:00\",\"dateModified\":\"2021-01-20T00:18:56+00:00\",\"breadcrumb\":{\"@id\":\"https:\/\/homologacao.pacoteshyatt.com.br\/sao-paulo\/product\/ritual-ayurveda\/#breadcrumb\"},\"inLanguage\":\"pt-BR\",\"potentialAction\":[{\"@type\":\"ReadAction\",\"target\":[\"https:\/\/homologacao.pacoteshyatt.com.br\/sao-paulo\/product\/ritual-ayurveda\/\"]}]},{\"@type\":\"BreadcrumbList\",\"@id\":\"https:\/\/homologacao.pacoteshyatt.com.br\/sao-paulo\/product\/ritual-ayurveda\/#breadcrumb\",\"itemListElement\":[{\"@type\":\"ListItem\",\"position\":1,\"name\":\"Home\",\"item\":\"https:\/\/homologacao.pacoteshyatt.com.br\/sao-paulo\/\"},{\"@type\":\"ListItem\",\"position\":2,\"name\":\"Shop\",\"item\":\"https:\/\/homologacao.pacoteshyatt.com.br\/sao-paulo\/shop\/\"},{\"@type\":\"ListItem\",\"position\":3,\"name\":\"RITUAL AYURVEDA\"}]}]}<\/script>\n<!-- \/ Yoast SEO plugin. -->","yoast_head_json":{"title":"RITUAL AYURVEDA - GRAND HYATT S\u00c3O PAULO","robots":{"index":"noindex","follow":"follow","max-snippet":"max-snippet:-1","max-image-preview":"max-image-preview:large","max-video-preview":"max-video-preview:-1"},"og_locale":"pt_BR","og_type":"article","og_title":"RITUAL AYURVEDA - GRAND HYATT S\u00c3O PAULO","og_description":"O Ritual Ayurveda segue os princ\u00edpios da Ayurveda &#8211;\u00a0\u201cA Ci\u00eancia da Vida\u201d, \u00a0que acredita que toda mat\u00e9ria \u00e9 composta de uma combina\u00e7\u00e3o de 5 elementos b\u00e1sicos: espa\u00e7o, \u00e1gua, fogo, terra e ar, formando os tr\u00eas doshas: Vata, Pita e Kapha. &nbsp; Ap\u00f3s uma esfolia\u00e7\u00e3o corporal, o tratamento utiliza uma combina\u00e7\u00e3o de \u00f3leos essenciais que buscam [&hellip;]","og_url":"https:\/\/homologacao.pacoteshyatt.com.br\/sao-paulo\/product\/ritual-ayurveda\/","og_site_name":"GRAND HYATT S\u00c3O PAULO","article_modified_time":"2021-01-20T00:18:56+00:00","og_image":[{"width":308,"height":200,"url":"https:\/\/homologacao.pacoteshyatt.com.br\/sao-paulo\/wp-content\/uploads\/sites\/3\/2020\/10\/3076.jpg","path":"\/home\/Hyatt\/homologacao.pacoteshyatt.com.br\/public_html\/wp-content\/uploads\/sites\/3\/2020\/10\/3076.jpg","size":"full","id":457,"alt":"","pixels":61600,"type":"image\/jpeg"}],"twitter_card":"summary_large_image","twitter_misc":{"Est. reading time":"1 minuto"},"schema":{"@context":"https:\/\/schema.org","@graph":[{"@type":"WebSite","@id":"https:\/\/homologacao.pacoteshyatt.com.br\/sao-paulo\/#website","url":"https:\/\/homologacao.pacoteshyatt.com.br\/sao-paulo\/","name":"GRAND HYATT S\u00c3O PAULO","description":"S\u00f3 mais um site Hot\u00e9is Grand Hyatt Rio de Janeiro e S\u00e3o Paulo sites","potentialAction":[{"@type":"SearchAction","target":{"@type":"EntryPoint","urlTemplate":"https:\/\/homologacao.pacoteshyatt.com.br\/sao-paulo\/?s={search_term_string}"},"query-input":"required name=search_term_string"}],"inLanguage":"pt-BR"},{"@type":"ImageObject","@id":"https:\/\/homologacao.pacoteshyatt.com.br\/sao-paulo\/product\/ritual-ayurveda\/#primaryimage","inLanguage":"pt-BR","url":"https:\/\/homologacao.pacoteshyatt.com.br\/sao-paulo\/wp-content\/uploads\/sites\/3\/2020\/10\/3076.jpg","contentUrl":"https:\/\/homologacao.pacoteshyatt.com.br\/sao-paulo\/wp-content\/uploads\/sites\/3\/2020\/10\/3076.jpg","width":308,"height":200},{"@type":"WebPage","@id":"https:\/\/homologacao.pacoteshyatt.com.br\/sao-paulo\/product\/ritual-ayurveda\/#webpage","url":"https:\/\/homologacao.pacoteshyatt.com.br\/sao-paulo\/product\/ritual-ayurveda\/","name":"RITUAL AYURVEDA - GRAND HYATT S\u00c3O PAULO","isPartOf":{"@id":"https:\/\/homologacao.pacoteshyatt.com.br\/sao-paulo\/#website"},"primaryImageOfPage":{"@id":"https:\/\/homologacao.pacoteshyatt.com.br\/sao-paulo\/product\/ritual-ayurveda\/#primaryimage"},"datePublished":"2020-10-05T16:04:29+00:00","dateModified":"2021-01-20T00:18:56+00:00","breadcrumb":{"@id":"https:\/\/homologacao.pacoteshyatt.com.br\/sao-paulo\/product\/ritual-ayurveda\/#breadcrumb"},"inLanguage":"pt-BR","potentialAction":[{"@type":"ReadAction","target":["https:\/\/homologacao.pacoteshyatt.com.br\/sao-paulo\/product\/ritual-ayurveda\/"]}]},{"@type":"BreadcrumbList","@id":"https:\/\/homologacao.pacoteshyatt.com.br\/sao-paulo\/product\/ritual-ayurveda\/#breadcrumb","itemListElement":[{"@type":"ListItem","position":1,"name":"Home","item":"https:\/\/homologacao.pacoteshyatt.com.br\/sao-paulo\/"},{"@type":"ListItem","position":2,"name":"Shop","item":"https:\/\/homologacao.pacoteshyatt.com.br\/sao-paulo\/shop\/"},{"@type":"ListItem","position":3,"name":"RITUAL AYURVEDA"}]}]}},"_links":{"self":[{"href":"https:\/\/homologacao.pacoteshyatt.com.br\/sao-paulo\/wp-json\/wp\/v2\/product\/100"}],"collection":[{"href":"https:\/\/homologacao.pacoteshyatt.com.br\/sao-paulo\/wp-json\/wp\/v2\/product"}],"about":[{"href":"https:\/\/homologacao.pacoteshyatt.com.br\/sao-paulo\/wp-json\/wp\/v2\/types\/product"}],"replies":[{"embeddable":true,"href":"https:\/\/homologacao.pacoteshyatt.com.br\/sao-paulo\/wp-json\/wp\/v2\/comments?post=100"}],"wp:featuredmedia":[{"embeddable":true,"href":"https:\/\/homologacao.pacoteshyatt.com.br\/sao-paulo\/wp-json\/wp\/v2\/media\/457"}],"wp:attachment":[{"href":"https:\/\/homologacao.pacoteshyatt.com.br\/sao-paulo\/wp-json\/wp\/v2\/media?parent=100"}],"wp:term":[{"taxonomy":"product_cat","embeddable":true,"href":"https:\/\/homologacao.pacoteshyatt.com.br\/sao-paulo\/wp-json\/wp\/v2\/product_cat?post=100"},{"taxonomy":"product_tag","embeddable":true,"href":"https:\/\/homologacao.pacoteshyatt.com.br\/sao-paulo\/wp-json\/wp\/v2\/product_tag?post=100"}],"curies":[{"name":"wp","href":"https:\/\/api.w.org\/{rel}","templated":true}]}}