{"id":102,"date":"2020-10-05T13:06:24","date_gmt":"2020-10-05T16:06:24","guid":{"rendered":"https:\/\/homologacao.pacoteshyatt.com.br\/sao-paulo\/?post_type=product&#038;p=102"},"modified":"2021-01-19T21:12:03","modified_gmt":"2021-01-20T00:12:03","slug":"pedras-quentes-facial","status":"publish","type":"product","link":"https:\/\/homologacao.pacoteshyatt.com.br\/sao-paulo\/product\/pedras-quentes-facial\/","title":{"rendered":"PEDRAS QUENTES FACIAL"},"content":{"rendered":"<p>\u00c9 considerado um dos mais poderosos tratamentos faciais e inclui higieniza\u00e7\u00e3o,\u00a0esfolia\u00e7\u00e3o e aplica\u00e7\u00e3o de m\u00e1scara de argila, al\u00e9m da massagem com pedras quentes,\u00a0que provoca relaxamento, estimula a circula\u00e7\u00e3o e abre os poros, facilitando\u00a0a penetra\u00e7\u00e3o e absor\u00e7\u00e3o dos produtos. A finaliza\u00e7\u00e3o \u00e9 feita com a aplica\u00e7\u00e3o de pedras frias que atuam principalmente no contorno do rosto, melhorando o t\u00f4nus dos m\u00fasculos e da pele da face.<\/p>\n<p>&nbsp;<\/p>\n<p><strong>Este voucher inclui um Tratamento Facial de Pedras Quentes com dura\u00e7\u00e3o de 60 minutos, tr\u00eas horas de estacionamento cortesia com manobrista e acesso \u00e0 sauna seca.<\/strong><\/p>\n<p>&nbsp;<\/p>\n<p>Conhe\u00e7a tamb\u00e9m a nova massagem Amanary Origens com \u00f3leos nativos brasileiros.\u00a0<u><a href=\"https:\/\/www.pacoteshyatt.com.br\/sao-paulo\/servicos\/22\/amanary-origens\/\">Clique Aqui!<\/a><\/u><\/p>\n<div class=\"j_more\">\n<p>&nbsp;<\/p>\n<\/div>\n","protected":false},"excerpt":{"rendered":"<p>\u00c9 considerado um dos mais poderosos tratamentos faciais e inclui higieniza\u00e7\u00e3o,\u00a0esfolia\u00e7\u00e3o e aplica\u00e7\u00e3o de m\u00e1scara de argila, al\u00e9m da massagem com pedras quentes,\u00a0que provoca relaxamento, estimula a circula\u00e7\u00e3o e abre os poros, facilitando\u00a0a penetra\u00e7\u00e3o e absor\u00e7\u00e3o dos produtos. A finaliza\u00e7\u00e3o \u00e9 feita com a aplica\u00e7\u00e3o de pedras frias que atuam principalmente no contorno do rosto, [&hellip;]<\/p>\n","protected":false},"featured_media":445,"comment_status":"open","ping_status":"closed","template":"","meta":[],"product_cat":[20,23],"product_tag":[],"yoast_head":"<!-- This site is optimized with the Yoast SEO plugin v17.2.1 - https:\/\/yoast.com\/wordpress\/plugins\/seo\/ -->\n<title>PEDRAS QUENTES FACIAL - GRAND HYATT S\u00c3O PAULO<\/title>\n<meta name=\"robots\" content=\"noindex, follow, max-snippet:-1, max-image-preview:large, max-video-preview:-1\" \/>\n<meta property=\"og:locale\" content=\"pt_BR\" \/>\n<meta property=\"og:type\" content=\"article\" \/>\n<meta property=\"og:title\" content=\"PEDRAS QUENTES FACIAL - GRAND HYATT S\u00c3O PAULO\" \/>\n<meta property=\"og:description\" content=\"\u00c9 considerado um dos mais poderosos tratamentos faciais e inclui higieniza\u00e7\u00e3o,\u00a0esfolia\u00e7\u00e3o e aplica\u00e7\u00e3o de m\u00e1scara de argila, al\u00e9m da massagem com pedras quentes,\u00a0que provoca relaxamento, estimula a circula\u00e7\u00e3o e abre os poros, facilitando\u00a0a penetra\u00e7\u00e3o e absor\u00e7\u00e3o dos produtos. A finaliza\u00e7\u00e3o \u00e9 feita com a aplica\u00e7\u00e3o de pedras frias que atuam principalmente no contorno do rosto, [&hellip;]\" \/>\n<meta property=\"og:url\" content=\"https:\/\/homologacao.pacoteshyatt.com.br\/sao-paulo\/product\/pedras-quentes-facial\/\" \/>\n<meta property=\"og:site_name\" content=\"GRAND HYATT S\u00c3O PAULO\" \/>\n<meta property=\"article:modified_time\" content=\"2021-01-20T00:12:03+00:00\" \/>\n<meta property=\"og:image\" content=\"https:\/\/homologacao.pacoteshyatt.com.br\/sao-paulo\/wp-content\/uploads\/sites\/3\/2020\/10\/3084-2.jpg\" \/>\n\t<meta property=\"og:image:width\" content=\"308\" \/>\n\t<meta property=\"og:image:height\" content=\"200\" \/>\n<meta name=\"twitter:card\" content=\"summary_large_image\" \/>\n<meta name=\"twitter:label1\" content=\"Est. reading time\" \/>\n\t<meta name=\"twitter:data1\" content=\"1 minuto\" \/>\n<script type=\"application\/ld+json\" class=\"yoast-schema-graph\">{\"@context\":\"https:\/\/schema.org\",\"@graph\":[{\"@type\":\"WebSite\",\"@id\":\"https:\/\/homologacao.pacoteshyatt.com.br\/sao-paulo\/#website\",\"url\":\"https:\/\/homologacao.pacoteshyatt.com.br\/sao-paulo\/\",\"name\":\"GRAND HYATT S\\u00c3O PAULO\",\"description\":\"S\\u00f3 mais um site Hot\\u00e9is Grand Hyatt Rio de Janeiro e S\\u00e3o Paulo sites\",\"potentialAction\":[{\"@type\":\"SearchAction\",\"target\":{\"@type\":\"EntryPoint\",\"urlTemplate\":\"https:\/\/homologacao.pacoteshyatt.com.br\/sao-paulo\/?s={search_term_string}\"},\"query-input\":\"required name=search_term_string\"}],\"inLanguage\":\"pt-BR\"},{\"@type\":\"ImageObject\",\"@id\":\"https:\/\/homologacao.pacoteshyatt.com.br\/sao-paulo\/product\/pedras-quentes-facial\/#primaryimage\",\"inLanguage\":\"pt-BR\",\"url\":\"https:\/\/homologacao.pacoteshyatt.com.br\/sao-paulo\/wp-content\/uploads\/sites\/3\/2020\/10\/3084-2.jpg\",\"contentUrl\":\"https:\/\/homologacao.pacoteshyatt.com.br\/sao-paulo\/wp-content\/uploads\/sites\/3\/2020\/10\/3084-2.jpg\",\"width\":308,\"height\":200},{\"@type\":\"WebPage\",\"@id\":\"https:\/\/homologacao.pacoteshyatt.com.br\/sao-paulo\/product\/pedras-quentes-facial\/#webpage\",\"url\":\"https:\/\/homologacao.pacoteshyatt.com.br\/sao-paulo\/product\/pedras-quentes-facial\/\",\"name\":\"PEDRAS QUENTES FACIAL - GRAND HYATT S\\u00c3O PAULO\",\"isPartOf\":{\"@id\":\"https:\/\/homologacao.pacoteshyatt.com.br\/sao-paulo\/#website\"},\"primaryImageOfPage\":{\"@id\":\"https:\/\/homologacao.pacoteshyatt.com.br\/sao-paulo\/product\/pedras-quentes-facial\/#primaryimage\"},\"datePublished\":\"2020-10-05T16:06:24+00:00\",\"dateModified\":\"2021-01-20T00:12:03+00:00\",\"breadcrumb\":{\"@id\":\"https:\/\/homologacao.pacoteshyatt.com.br\/sao-paulo\/product\/pedras-quentes-facial\/#breadcrumb\"},\"inLanguage\":\"pt-BR\",\"potentialAction\":[{\"@type\":\"ReadAction\",\"target\":[\"https:\/\/homologacao.pacoteshyatt.com.br\/sao-paulo\/product\/pedras-quentes-facial\/\"]}]},{\"@type\":\"BreadcrumbList\",\"@id\":\"https:\/\/homologacao.pacoteshyatt.com.br\/sao-paulo\/product\/pedras-quentes-facial\/#breadcrumb\",\"itemListElement\":[{\"@type\":\"ListItem\",\"position\":1,\"name\":\"Home\",\"item\":\"https:\/\/homologacao.pacoteshyatt.com.br\/sao-paulo\/\"},{\"@type\":\"ListItem\",\"position\":2,\"name\":\"Shop\",\"item\":\"https:\/\/homologacao.pacoteshyatt.com.br\/sao-paulo\/shop\/\"},{\"@type\":\"ListItem\",\"position\":3,\"name\":\"PEDRAS QUENTES FACIAL\"}]}]}<\/script>\n<!-- \/ Yoast SEO plugin. -->","yoast_head_json":{"title":"PEDRAS QUENTES FACIAL - GRAND HYATT S\u00c3O PAULO","robots":{"index":"noindex","follow":"follow","max-snippet":"max-snippet:-1","max-image-preview":"max-image-preview:large","max-video-preview":"max-video-preview:-1"},"og_locale":"pt_BR","og_type":"article","og_title":"PEDRAS QUENTES FACIAL - GRAND HYATT S\u00c3O PAULO","og_description":"\u00c9 considerado um dos mais poderosos tratamentos faciais e inclui higieniza\u00e7\u00e3o,\u00a0esfolia\u00e7\u00e3o e aplica\u00e7\u00e3o de m\u00e1scara de argila, al\u00e9m da massagem com pedras quentes,\u00a0que provoca relaxamento, estimula a circula\u00e7\u00e3o e abre os poros, facilitando\u00a0a penetra\u00e7\u00e3o e absor\u00e7\u00e3o dos produtos. A finaliza\u00e7\u00e3o \u00e9 feita com a aplica\u00e7\u00e3o de pedras frias que atuam principalmente no contorno do rosto, [&hellip;]","og_url":"https:\/\/homologacao.pacoteshyatt.com.br\/sao-paulo\/product\/pedras-quentes-facial\/","og_site_name":"GRAND HYATT S\u00c3O PAULO","article_modified_time":"2021-01-20T00:12:03+00:00","og_image":[{"width":308,"height":200,"url":"https:\/\/homologacao.pacoteshyatt.com.br\/sao-paulo\/wp-content\/uploads\/sites\/3\/2020\/10\/3084-2.jpg","path":"\/home\/Hyatt\/homologacao.pacoteshyatt.com.br\/public_html\/wp-content\/uploads\/sites\/3\/2020\/10\/3084-2.jpg","size":"full","id":445,"alt":"","pixels":61600,"type":"image\/jpeg"}],"twitter_card":"summary_large_image","twitter_misc":{"Est. reading time":"1 minuto"},"schema":{"@context":"https:\/\/schema.org","@graph":[{"@type":"WebSite","@id":"https:\/\/homologacao.pacoteshyatt.com.br\/sao-paulo\/#website","url":"https:\/\/homologacao.pacoteshyatt.com.br\/sao-paulo\/","name":"GRAND HYATT S\u00c3O PAULO","description":"S\u00f3 mais um site Hot\u00e9is Grand Hyatt Rio de Janeiro e S\u00e3o Paulo sites","potentialAction":[{"@type":"SearchAction","target":{"@type":"EntryPoint","urlTemplate":"https:\/\/homologacao.pacoteshyatt.com.br\/sao-paulo\/?s={search_term_string}"},"query-input":"required name=search_term_string"}],"inLanguage":"pt-BR"},{"@type":"ImageObject","@id":"https:\/\/homologacao.pacoteshyatt.com.br\/sao-paulo\/product\/pedras-quentes-facial\/#primaryimage","inLanguage":"pt-BR","url":"https:\/\/homologacao.pacoteshyatt.com.br\/sao-paulo\/wp-content\/uploads\/sites\/3\/2020\/10\/3084-2.jpg","contentUrl":"https:\/\/homologacao.pacoteshyatt.com.br\/sao-paulo\/wp-content\/uploads\/sites\/3\/2020\/10\/3084-2.jpg","width":308,"height":200},{"@type":"WebPage","@id":"https:\/\/homologacao.pacoteshyatt.com.br\/sao-paulo\/product\/pedras-quentes-facial\/#webpage","url":"https:\/\/homologacao.pacoteshyatt.com.br\/sao-paulo\/product\/pedras-quentes-facial\/","name":"PEDRAS QUENTES FACIAL - GRAND HYATT S\u00c3O PAULO","isPartOf":{"@id":"https:\/\/homologacao.pacoteshyatt.com.br\/sao-paulo\/#website"},"primaryImageOfPage":{"@id":"https:\/\/homologacao.pacoteshyatt.com.br\/sao-paulo\/product\/pedras-quentes-facial\/#primaryimage"},"datePublished":"2020-10-05T16:06:24+00:00","dateModified":"2021-01-20T00:12:03+00:00","breadcrumb":{"@id":"https:\/\/homologacao.pacoteshyatt.com.br\/sao-paulo\/product\/pedras-quentes-facial\/#breadcrumb"},"inLanguage":"pt-BR","potentialAction":[{"@type":"ReadAction","target":["https:\/\/homologacao.pacoteshyatt.com.br\/sao-paulo\/product\/pedras-quentes-facial\/"]}]},{"@type":"BreadcrumbList","@id":"https:\/\/homologacao.pacoteshyatt.com.br\/sao-paulo\/product\/pedras-quentes-facial\/#breadcrumb","itemListElement":[{"@type":"ListItem","position":1,"name":"Home","item":"https:\/\/homologacao.pacoteshyatt.com.br\/sao-paulo\/"},{"@type":"ListItem","position":2,"name":"Shop","item":"https:\/\/homologacao.pacoteshyatt.com.br\/sao-paulo\/shop\/"},{"@type":"ListItem","position":3,"name":"PEDRAS QUENTES FACIAL"}]}]}},"_links":{"self":[{"href":"https:\/\/homologacao.pacoteshyatt.com.br\/sao-paulo\/wp-json\/wp\/v2\/product\/102"}],"collection":[{"href":"https:\/\/homologacao.pacoteshyatt.com.br\/sao-paulo\/wp-json\/wp\/v2\/product"}],"about":[{"href":"https:\/\/homologacao.pacoteshyatt.com.br\/sao-paulo\/wp-json\/wp\/v2\/types\/product"}],"replies":[{"embeddable":true,"href":"https:\/\/homologacao.pacoteshyatt.com.br\/sao-paulo\/wp-json\/wp\/v2\/comments?post=102"}],"wp:featuredmedia":[{"embeddable":true,"href":"https:\/\/homologacao.pacoteshyatt.com.br\/sao-paulo\/wp-json\/wp\/v2\/media\/445"}],"wp:attachment":[{"href":"https:\/\/homologacao.pacoteshyatt.com.br\/sao-paulo\/wp-json\/wp\/v2\/media?parent=102"}],"wp:term":[{"taxonomy":"product_cat","embeddable":true,"href":"https:\/\/homologacao.pacoteshyatt.com.br\/sao-paulo\/wp-json\/wp\/v2\/product_cat?post=102"},{"taxonomy":"product_tag","embeddable":true,"href":"https:\/\/homologacao.pacoteshyatt.com.br\/sao-paulo\/wp-json\/wp\/v2\/product_tag?post=102"}],"curies":[{"name":"wp","href":"https:\/\/api.w.org\/{rel}","templated":true}]}}