{"id":1075,"date":"2024-10-25T11:17:04","date_gmt":"2024-10-25T14:17:04","guid":{"rendered":"https:\/\/homologacao.pacoteshyatt.com.br\/sao-paulo\/?post_type=product&#038;p=1075"},"modified":"2024-10-25T11:15:49","modified_gmt":"2024-10-25T14:15:49","slug":"pacote-verao-por-codorniu","status":"publish","type":"product","link":"https:\/\/homologacao.pacoteshyatt.com.br\/sao-paulo\/product\/pacote-verao-por-codorniu\/","title":{"rendered":"PACOTE VER\u00c3O POR CODORN\u00cdU"},"content":{"rendered":"<p>25O ver\u00e3o chegou e com ele nada melhor do que desfrutar ao ar livre e curtir um dia de sol a beira da piscina. Viva um fim de semana diferente na cidade e saia da rotina com quem voc\u00ea gosta.<\/p>\n<p>O Pacote Ver\u00e3o foi inspirado no famoso ver\u00e3o Mediterr\u00e2neo, quando os Europeus desfrutam de dias mais longos, quentes e repletos de boa gastronomia. Para isso, o Grand Hyatt S\u00e3o Paulo trouxe a\u00a0atmosfera mediterr\u00e2nea\u00a0para suas \u00e1reas externas, com lounges em meio a muito verde e aos s\u00e1bados, das 17h \u00e0s 21h, um bar especialmente desenvolvido para o ver\u00e3o e muita m\u00fasica.<\/p>\n<p>Al\u00e9m de desfrutar de nossas estruturas, voc\u00ea tamb\u00e9m merece\u00a0brindar\u00a0com\u00a0uma garrafa de espumante Codorn\u00edu, e claro, n\u00e3o podem faltar as tradicionais\u00a0Tapas.<\/p>\n<p>D\u00ea uma escapada da rotina e venha\u00a0Viver para Celebrar a vida em Grand Estilo.<\/p>\n","protected":false},"excerpt":{"rendered":"<p>25O ver\u00e3o chegou e com ele nada melhor do que desfrutar ao ar livre e curtir um dia de sol a beira da piscina. Viva um fim de semana diferente na cidade e saia da rotina com quem voc\u00ea gosta. O Pacote Ver\u00e3o foi inspirado no famoso ver\u00e3o Mediterr\u00e2neo, quando os Europeus desfrutam de dias [&hellip;]<\/p>\n","protected":false},"featured_media":1076,"comment_status":"open","ping_status":"closed","template":"","meta":[],"product_cat":[19],"product_tag":[],"yoast_head":"<!-- This site is optimized with the Yoast SEO plugin v17.2.1 - https:\/\/yoast.com\/wordpress\/plugins\/seo\/ -->\n<title>PACOTE VER\u00c3O POR CODORN\u00cdU - GRAND HYATT S\u00c3O PAULO<\/title>\n<meta name=\"robots\" content=\"noindex, follow, max-snippet:-1, max-image-preview:large, max-video-preview:-1\" \/>\n<meta property=\"og:locale\" content=\"pt_BR\" \/>\n<meta property=\"og:type\" content=\"article\" \/>\n<meta property=\"og:title\" content=\"PACOTE VER\u00c3O POR CODORN\u00cdU - GRAND HYATT S\u00c3O PAULO\" \/>\n<meta property=\"og:description\" content=\"25O ver\u00e3o chegou e com ele nada melhor do que desfrutar ao ar livre e curtir um dia de sol a beira da piscina. Viva um fim de semana diferente na cidade e saia da rotina com quem voc\u00ea gosta. O Pacote Ver\u00e3o foi inspirado no famoso ver\u00e3o Mediterr\u00e2neo, quando os Europeus desfrutam de dias [&hellip;]\" \/>\n<meta property=\"og:url\" content=\"https:\/\/homologacao.pacoteshyatt.com.br\/sao-paulo\/product\/pacote-verao-por-codorniu\/\" \/>\n<meta property=\"og:site_name\" content=\"GRAND HYATT S\u00c3O PAULO\" \/>\n<meta property=\"article:modified_time\" content=\"2024-10-25T14:15:49+00:00\" \/>\n<meta property=\"og:image\" content=\"https:\/\/homologacao.pacoteshyatt.com.br\/sao-paulo\/wp-content\/uploads\/sites\/3\/2021\/01\/Hyatt_FullBanner_Ver\u00e3o2021_SemBot\u00e3o_01.jpg\" \/>\n\t<meta property=\"og:image:width\" content=\"1920\" \/>\n\t<meta property=\"og:image:height\" content=\"450\" \/>\n<meta name=\"twitter:card\" content=\"summary_large_image\" \/>\n<meta name=\"twitter:label1\" content=\"Est. reading time\" \/>\n\t<meta name=\"twitter:data1\" content=\"1 minuto\" \/>\n<script type=\"application\/ld+json\" class=\"yoast-schema-graph\">{\"@context\":\"https:\/\/schema.org\",\"@graph\":[{\"@type\":\"WebSite\",\"@id\":\"https:\/\/homologacao.pacoteshyatt.com.br\/sao-paulo\/#website\",\"url\":\"https:\/\/homologacao.pacoteshyatt.com.br\/sao-paulo\/\",\"name\":\"GRAND HYATT S\\u00c3O PAULO\",\"description\":\"S\\u00f3 mais um site Hot\\u00e9is Grand Hyatt Rio de Janeiro e S\\u00e3o Paulo sites\",\"potentialAction\":[{\"@type\":\"SearchAction\",\"target\":{\"@type\":\"EntryPoint\",\"urlTemplate\":\"https:\/\/homologacao.pacoteshyatt.com.br\/sao-paulo\/?s={search_term_string}\"},\"query-input\":\"required name=search_term_string\"}],\"inLanguage\":\"pt-BR\"},{\"@type\":\"ImageObject\",\"@id\":\"https:\/\/homologacao.pacoteshyatt.com.br\/sao-paulo\/product\/pacote-verao-por-codorniu\/#primaryimage\",\"inLanguage\":\"pt-BR\",\"url\":\"https:\/\/homologacao.pacoteshyatt.com.br\/sao-paulo\/wp-content\/uploads\/sites\/3\/2021\/01\/Hyatt_FullBanner_Ver\\u00e3o2021_SemBot\\u00e3o_01.jpg\",\"contentUrl\":\"https:\/\/homologacao.pacoteshyatt.com.br\/sao-paulo\/wp-content\/uploads\/sites\/3\/2021\/01\/Hyatt_FullBanner_Ver\\u00e3o2021_SemBot\\u00e3o_01.jpg\",\"width\":1920,\"height\":450},{\"@type\":\"WebPage\",\"@id\":\"https:\/\/homologacao.pacoteshyatt.com.br\/sao-paulo\/product\/pacote-verao-por-codorniu\/#webpage\",\"url\":\"https:\/\/homologacao.pacoteshyatt.com.br\/sao-paulo\/product\/pacote-verao-por-codorniu\/\",\"name\":\"PACOTE VER\\u00c3O POR CODORN\\u00cdU - GRAND HYATT S\\u00c3O PAULO\",\"isPartOf\":{\"@id\":\"https:\/\/homologacao.pacoteshyatt.com.br\/sao-paulo\/#website\"},\"primaryImageOfPage\":{\"@id\":\"https:\/\/homologacao.pacoteshyatt.com.br\/sao-paulo\/product\/pacote-verao-por-codorniu\/#primaryimage\"},\"datePublished\":\"2024-10-25T14:17:04+00:00\",\"dateModified\":\"2024-10-25T14:15:49+00:00\",\"breadcrumb\":{\"@id\":\"https:\/\/homologacao.pacoteshyatt.com.br\/sao-paulo\/product\/pacote-verao-por-codorniu\/#breadcrumb\"},\"inLanguage\":\"pt-BR\",\"potentialAction\":[{\"@type\":\"ReadAction\",\"target\":[\"https:\/\/homologacao.pacoteshyatt.com.br\/sao-paulo\/product\/pacote-verao-por-codorniu\/\"]}]},{\"@type\":\"BreadcrumbList\",\"@id\":\"https:\/\/homologacao.pacoteshyatt.com.br\/sao-paulo\/product\/pacote-verao-por-codorniu\/#breadcrumb\",\"itemListElement\":[{\"@type\":\"ListItem\",\"position\":1,\"name\":\"Home\",\"item\":\"https:\/\/homologacao.pacoteshyatt.com.br\/sao-paulo\/\"},{\"@type\":\"ListItem\",\"position\":2,\"name\":\"Shop\",\"item\":\"https:\/\/homologacao.pacoteshyatt.com.br\/sao-paulo\/shop\/\"},{\"@type\":\"ListItem\",\"position\":3,\"name\":\"PACOTE VER\\u00c3O POR CODORN\\u00cdU\"}]}]}<\/script>\n<!-- \/ Yoast SEO plugin. -->","yoast_head_json":{"title":"PACOTE VER\u00c3O POR CODORN\u00cdU - GRAND HYATT S\u00c3O PAULO","robots":{"index":"noindex","follow":"follow","max-snippet":"max-snippet:-1","max-image-preview":"max-image-preview:large","max-video-preview":"max-video-preview:-1"},"og_locale":"pt_BR","og_type":"article","og_title":"PACOTE VER\u00c3O POR CODORN\u00cdU - GRAND HYATT S\u00c3O PAULO","og_description":"25O ver\u00e3o chegou e com ele nada melhor do que desfrutar ao ar livre e curtir um dia de sol a beira da piscina. Viva um fim de semana diferente na cidade e saia da rotina com quem voc\u00ea gosta. O Pacote Ver\u00e3o foi inspirado no famoso ver\u00e3o Mediterr\u00e2neo, quando os Europeus desfrutam de dias [&hellip;]","og_url":"https:\/\/homologacao.pacoteshyatt.com.br\/sao-paulo\/product\/pacote-verao-por-codorniu\/","og_site_name":"GRAND HYATT S\u00c3O PAULO","article_modified_time":"2024-10-25T14:15:49+00:00","og_image":[{"width":1920,"height":450,"url":"https:\/\/homologacao.pacoteshyatt.com.br\/sao-paulo\/wp-content\/uploads\/sites\/3\/2021\/01\/Hyatt_FullBanner_Ver\u00e3o2021_SemBot\u00e3o_01.jpg","path":"\/srv\/www\/htdocs\/homologacao.pacoteshyatt.com.br\/wp-content\/uploads\/sites\/3\/2021\/01\/Hyatt_FullBanner_Ver\u00e3o2021_SemBot\u00e3o_01.jpg","size":"full","id":1076,"alt":"","pixels":864000,"type":"image\/jpeg"}],"twitter_card":"summary_large_image","twitter_misc":{"Est. reading time":"1 minuto"},"schema":{"@context":"https:\/\/schema.org","@graph":[{"@type":"WebSite","@id":"https:\/\/homologacao.pacoteshyatt.com.br\/sao-paulo\/#website","url":"https:\/\/homologacao.pacoteshyatt.com.br\/sao-paulo\/","name":"GRAND HYATT S\u00c3O PAULO","description":"S\u00f3 mais um site Hot\u00e9is Grand Hyatt Rio de Janeiro e S\u00e3o Paulo sites","potentialAction":[{"@type":"SearchAction","target":{"@type":"EntryPoint","urlTemplate":"https:\/\/homologacao.pacoteshyatt.com.br\/sao-paulo\/?s={search_term_string}"},"query-input":"required name=search_term_string"}],"inLanguage":"pt-BR"},{"@type":"ImageObject","@id":"https:\/\/homologacao.pacoteshyatt.com.br\/sao-paulo\/product\/pacote-verao-por-codorniu\/#primaryimage","inLanguage":"pt-BR","url":"https:\/\/homologacao.pacoteshyatt.com.br\/sao-paulo\/wp-content\/uploads\/sites\/3\/2021\/01\/Hyatt_FullBanner_Ver\u00e3o2021_SemBot\u00e3o_01.jpg","contentUrl":"https:\/\/homologacao.pacoteshyatt.com.br\/sao-paulo\/wp-content\/uploads\/sites\/3\/2021\/01\/Hyatt_FullBanner_Ver\u00e3o2021_SemBot\u00e3o_01.jpg","width":1920,"height":450},{"@type":"WebPage","@id":"https:\/\/homologacao.pacoteshyatt.com.br\/sao-paulo\/product\/pacote-verao-por-codorniu\/#webpage","url":"https:\/\/homologacao.pacoteshyatt.com.br\/sao-paulo\/product\/pacote-verao-por-codorniu\/","name":"PACOTE VER\u00c3O POR CODORN\u00cdU - GRAND HYATT S\u00c3O PAULO","isPartOf":{"@id":"https:\/\/homologacao.pacoteshyatt.com.br\/sao-paulo\/#website"},"primaryImageOfPage":{"@id":"https:\/\/homologacao.pacoteshyatt.com.br\/sao-paulo\/product\/pacote-verao-por-codorniu\/#primaryimage"},"datePublished":"2024-10-25T14:17:04+00:00","dateModified":"2024-10-25T14:15:49+00:00","breadcrumb":{"@id":"https:\/\/homologacao.pacoteshyatt.com.br\/sao-paulo\/product\/pacote-verao-por-codorniu\/#breadcrumb"},"inLanguage":"pt-BR","potentialAction":[{"@type":"ReadAction","target":["https:\/\/homologacao.pacoteshyatt.com.br\/sao-paulo\/product\/pacote-verao-por-codorniu\/"]}]},{"@type":"BreadcrumbList","@id":"https:\/\/homologacao.pacoteshyatt.com.br\/sao-paulo\/product\/pacote-verao-por-codorniu\/#breadcrumb","itemListElement":[{"@type":"ListItem","position":1,"name":"Home","item":"https:\/\/homologacao.pacoteshyatt.com.br\/sao-paulo\/"},{"@type":"ListItem","position":2,"name":"Shop","item":"https:\/\/homologacao.pacoteshyatt.com.br\/sao-paulo\/shop\/"},{"@type":"ListItem","position":3,"name":"PACOTE VER\u00c3O POR CODORN\u00cdU"}]}]}},"_links":{"self":[{"href":"https:\/\/homologacao.pacoteshyatt.com.br\/sao-paulo\/wp-json\/wp\/v2\/product\/1075"}],"collection":[{"href":"https:\/\/homologacao.pacoteshyatt.com.br\/sao-paulo\/wp-json\/wp\/v2\/product"}],"about":[{"href":"https:\/\/homologacao.pacoteshyatt.com.br\/sao-paulo\/wp-json\/wp\/v2\/types\/product"}],"replies":[{"embeddable":true,"href":"https:\/\/homologacao.pacoteshyatt.com.br\/sao-paulo\/wp-json\/wp\/v2\/comments?post=1075"}],"wp:featuredmedia":[{"embeddable":true,"href":"https:\/\/homologacao.pacoteshyatt.com.br\/sao-paulo\/wp-json\/wp\/v2\/media\/1076"}],"wp:attachment":[{"href":"https:\/\/homologacao.pacoteshyatt.com.br\/sao-paulo\/wp-json\/wp\/v2\/media?parent=1075"}],"wp:term":[{"taxonomy":"product_cat","embeddable":true,"href":"https:\/\/homologacao.pacoteshyatt.com.br\/sao-paulo\/wp-json\/wp\/v2\/product_cat?post=1075"},{"taxonomy":"product_tag","embeddable":true,"href":"https:\/\/homologacao.pacoteshyatt.com.br\/sao-paulo\/wp-json\/wp\/v2\/product_tag?post=1075"}],"curies":[{"name":"wp","href":"https:\/\/api.w.org\/{rel}","templated":true}]}}