{"id":114,"date":"2020-10-05T13:15:36","date_gmt":"2020-10-05T16:15:36","guid":{"rendered":"https:\/\/homologacao.pacoteshyatt.com.br\/sao-paulo\/?post_type=product&#038;p=114"},"modified":"2021-01-19T19:58:19","modified_gmt":"2021-01-19T22:58:19","slug":"day-spa-seducao","status":"publish","type":"product","link":"https:\/\/homologacao.pacoteshyatt.com.br\/sao-paulo\/product\/day-spa-seducao\/","title":{"rendered":"DAY SPA SEDU\u00c7\u00c3O"},"content":{"rendered":"<p>Que tal\u00a0<strong>sair da rotina\u00a0<\/strong>com uma programa\u00e7\u00e3o rom\u00e2ntica no Amanary Spa? Desfrute do\u00a0<strong>Day Spa Sedu\u00e7\u00e3o<\/strong>\u00a0e viva uma deliciosa e relaxante experi\u00eancia com quem voc\u00ea ama.<\/p>\n<p><strong>Inclui para 02 pessoas:<\/strong><\/p>\n<p>&#8211; Escalda P\u00e9s;<br \/>\n&#8211; Reflexologia (30 min);<br \/>\n&#8211; Candle massagem (90 minutos)<\/p>\n<p>Dura\u00e7\u00e3o aproximada: 2h e realizado em sala casal.<\/p>\n<p>&nbsp;<\/p>\n<p><strong>Este voucher inclui o Day Spa Sedu\u00e7\u00e3o para 02 pessoas, Fitness Center, piscinas interna e externa, e 3h de estacionamento.<\/strong><\/p>\n<p>&nbsp;<\/p>\n","protected":false},"excerpt":{"rendered":"<p>Que tal\u00a0sair da rotina\u00a0com uma programa\u00e7\u00e3o rom\u00e2ntica no Amanary Spa? Desfrute do\u00a0Day Spa Sedu\u00e7\u00e3o\u00a0e viva uma deliciosa e relaxante experi\u00eancia com quem voc\u00ea ama. Inclui para 02 pessoas: &#8211; Escalda P\u00e9s; &#8211; Reflexologia (30 min); &#8211; Candle massagem (90 minutos) Dura\u00e7\u00e3o aproximada: 2h e realizado em sala casal. &nbsp; Este voucher inclui o Day Spa [&hellip;]<\/p>\n","protected":false},"featured_media":115,"comment_status":"open","ping_status":"closed","template":"","meta":[],"product_cat":[20,21],"product_tag":[],"yoast_head":"<!-- This site is optimized with the Yoast SEO plugin v17.2.1 - https:\/\/yoast.com\/wordpress\/plugins\/seo\/ -->\n<title>DAY SPA SEDU\u00c7\u00c3O - GRAND HYATT S\u00c3O PAULO<\/title>\n<meta name=\"robots\" content=\"noindex, follow, max-snippet:-1, max-image-preview:large, max-video-preview:-1\" \/>\n<meta property=\"og:locale\" content=\"pt_BR\" \/>\n<meta property=\"og:type\" content=\"article\" \/>\n<meta property=\"og:title\" content=\"DAY SPA SEDU\u00c7\u00c3O - GRAND HYATT S\u00c3O PAULO\" \/>\n<meta property=\"og:description\" content=\"Que tal\u00a0sair da rotina\u00a0com uma programa\u00e7\u00e3o rom\u00e2ntica no Amanary Spa? Desfrute do\u00a0Day Spa Sedu\u00e7\u00e3o\u00a0e viva uma deliciosa e relaxante experi\u00eancia com quem voc\u00ea ama. Inclui para 02 pessoas: &#8211; Escalda P\u00e9s; &#8211; Reflexologia (30 min); &#8211; Candle massagem (90 minutos) Dura\u00e7\u00e3o aproximada: 2h e realizado em sala casal. &nbsp; Este voucher inclui o Day Spa [&hellip;]\" \/>\n<meta property=\"og:url\" content=\"https:\/\/homologacao.pacoteshyatt.com.br\/sao-paulo\/product\/day-spa-seducao\/\" \/>\n<meta property=\"og:site_name\" content=\"GRAND HYATT S\u00c3O PAULO\" \/>\n<meta property=\"article:modified_time\" content=\"2021-01-19T22:58:19+00:00\" \/>\n<meta property=\"og:image\" content=\"https:\/\/homologacao.pacoteshyatt.com.br\/sao-paulo\/wp-content\/uploads\/sites\/3\/2020\/10\/679.jpg\" \/>\n\t<meta property=\"og:image:width\" content=\"1920\" \/>\n\t<meta property=\"og:image:height\" content=\"433\" \/>\n<meta name=\"twitter:card\" content=\"summary_large_image\" \/>\n<script type=\"application\/ld+json\" class=\"yoast-schema-graph\">{\"@context\":\"https:\/\/schema.org\",\"@graph\":[{\"@type\":\"WebSite\",\"@id\":\"https:\/\/homologacao.pacoteshyatt.com.br\/sao-paulo\/#website\",\"url\":\"https:\/\/homologacao.pacoteshyatt.com.br\/sao-paulo\/\",\"name\":\"GRAND HYATT S\\u00c3O PAULO\",\"description\":\"S\\u00f3 mais um site Hot\\u00e9is Grand Hyatt Rio de Janeiro e S\\u00e3o Paulo sites\",\"potentialAction\":[{\"@type\":\"SearchAction\",\"target\":{\"@type\":\"EntryPoint\",\"urlTemplate\":\"https:\/\/homologacao.pacoteshyatt.com.br\/sao-paulo\/?s={search_term_string}\"},\"query-input\":\"required name=search_term_string\"}],\"inLanguage\":\"pt-BR\"},{\"@type\":\"ImageObject\",\"@id\":\"https:\/\/homologacao.pacoteshyatt.com.br\/sao-paulo\/product\/day-spa-seducao\/#primaryimage\",\"inLanguage\":\"pt-BR\",\"url\":\"https:\/\/homologacao.pacoteshyatt.com.br\/sao-paulo\/wp-content\/uploads\/sites\/3\/2020\/10\/679.jpg\",\"contentUrl\":\"https:\/\/homologacao.pacoteshyatt.com.br\/sao-paulo\/wp-content\/uploads\/sites\/3\/2020\/10\/679.jpg\",\"width\":1920,\"height\":433},{\"@type\":\"WebPage\",\"@id\":\"https:\/\/homologacao.pacoteshyatt.com.br\/sao-paulo\/product\/day-spa-seducao\/#webpage\",\"url\":\"https:\/\/homologacao.pacoteshyatt.com.br\/sao-paulo\/product\/day-spa-seducao\/\",\"name\":\"DAY SPA SEDU\\u00c7\\u00c3O - GRAND HYATT S\\u00c3O PAULO\",\"isPartOf\":{\"@id\":\"https:\/\/homologacao.pacoteshyatt.com.br\/sao-paulo\/#website\"},\"primaryImageOfPage\":{\"@id\":\"https:\/\/homologacao.pacoteshyatt.com.br\/sao-paulo\/product\/day-spa-seducao\/#primaryimage\"},\"datePublished\":\"2020-10-05T16:15:36+00:00\",\"dateModified\":\"2021-01-19T22:58:19+00:00\",\"breadcrumb\":{\"@id\":\"https:\/\/homologacao.pacoteshyatt.com.br\/sao-paulo\/product\/day-spa-seducao\/#breadcrumb\"},\"inLanguage\":\"pt-BR\",\"potentialAction\":[{\"@type\":\"ReadAction\",\"target\":[\"https:\/\/homologacao.pacoteshyatt.com.br\/sao-paulo\/product\/day-spa-seducao\/\"]}]},{\"@type\":\"BreadcrumbList\",\"@id\":\"https:\/\/homologacao.pacoteshyatt.com.br\/sao-paulo\/product\/day-spa-seducao\/#breadcrumb\",\"itemListElement\":[{\"@type\":\"ListItem\",\"position\":1,\"name\":\"Home\",\"item\":\"https:\/\/homologacao.pacoteshyatt.com.br\/sao-paulo\/\"},{\"@type\":\"ListItem\",\"position\":2,\"name\":\"Shop\",\"item\":\"https:\/\/homologacao.pacoteshyatt.com.br\/sao-paulo\/shop\/\"},{\"@type\":\"ListItem\",\"position\":3,\"name\":\"DAY SPA SEDU\\u00c7\\u00c3O\"}]}]}<\/script>\n<!-- \/ Yoast SEO plugin. -->","yoast_head_json":{"title":"DAY SPA SEDU\u00c7\u00c3O - GRAND HYATT S\u00c3O PAULO","robots":{"index":"noindex","follow":"follow","max-snippet":"max-snippet:-1","max-image-preview":"max-image-preview:large","max-video-preview":"max-video-preview:-1"},"og_locale":"pt_BR","og_type":"article","og_title":"DAY SPA SEDU\u00c7\u00c3O - GRAND HYATT S\u00c3O PAULO","og_description":"Que tal\u00a0sair da rotina\u00a0com uma programa\u00e7\u00e3o rom\u00e2ntica no Amanary Spa? Desfrute do\u00a0Day Spa Sedu\u00e7\u00e3o\u00a0e viva uma deliciosa e relaxante experi\u00eancia com quem voc\u00ea ama. Inclui para 02 pessoas: &#8211; Escalda P\u00e9s; &#8211; Reflexologia (30 min); &#8211; Candle massagem (90 minutos) Dura\u00e7\u00e3o aproximada: 2h e realizado em sala casal. &nbsp; Este voucher inclui o Day Spa [&hellip;]","og_url":"https:\/\/homologacao.pacoteshyatt.com.br\/sao-paulo\/product\/day-spa-seducao\/","og_site_name":"GRAND HYATT S\u00c3O PAULO","article_modified_time":"2021-01-19T22:58:19+00:00","og_image":[{"width":1920,"height":433,"url":"https:\/\/homologacao.pacoteshyatt.com.br\/sao-paulo\/wp-content\/uploads\/sites\/3\/2020\/10\/679.jpg","path":"\/home\/Hyatt\/homologacao.pacoteshyatt.com.br\/public_html\/wp-content\/uploads\/sites\/3\/2020\/10\/679.jpg","size":"full","id":115,"alt":"","pixels":831360,"type":"image\/jpeg"}],"twitter_card":"summary_large_image","schema":{"@context":"https:\/\/schema.org","@graph":[{"@type":"WebSite","@id":"https:\/\/homologacao.pacoteshyatt.com.br\/sao-paulo\/#website","url":"https:\/\/homologacao.pacoteshyatt.com.br\/sao-paulo\/","name":"GRAND HYATT S\u00c3O PAULO","description":"S\u00f3 mais um site Hot\u00e9is Grand Hyatt Rio de Janeiro e S\u00e3o Paulo sites","potentialAction":[{"@type":"SearchAction","target":{"@type":"EntryPoint","urlTemplate":"https:\/\/homologacao.pacoteshyatt.com.br\/sao-paulo\/?s={search_term_string}"},"query-input":"required name=search_term_string"}],"inLanguage":"pt-BR"},{"@type":"ImageObject","@id":"https:\/\/homologacao.pacoteshyatt.com.br\/sao-paulo\/product\/day-spa-seducao\/#primaryimage","inLanguage":"pt-BR","url":"https:\/\/homologacao.pacoteshyatt.com.br\/sao-paulo\/wp-content\/uploads\/sites\/3\/2020\/10\/679.jpg","contentUrl":"https:\/\/homologacao.pacoteshyatt.com.br\/sao-paulo\/wp-content\/uploads\/sites\/3\/2020\/10\/679.jpg","width":1920,"height":433},{"@type":"WebPage","@id":"https:\/\/homologacao.pacoteshyatt.com.br\/sao-paulo\/product\/day-spa-seducao\/#webpage","url":"https:\/\/homologacao.pacoteshyatt.com.br\/sao-paulo\/product\/day-spa-seducao\/","name":"DAY SPA SEDU\u00c7\u00c3O - GRAND HYATT S\u00c3O PAULO","isPartOf":{"@id":"https:\/\/homologacao.pacoteshyatt.com.br\/sao-paulo\/#website"},"primaryImageOfPage":{"@id":"https:\/\/homologacao.pacoteshyatt.com.br\/sao-paulo\/product\/day-spa-seducao\/#primaryimage"},"datePublished":"2020-10-05T16:15:36+00:00","dateModified":"2021-01-19T22:58:19+00:00","breadcrumb":{"@id":"https:\/\/homologacao.pacoteshyatt.com.br\/sao-paulo\/product\/day-spa-seducao\/#breadcrumb"},"inLanguage":"pt-BR","potentialAction":[{"@type":"ReadAction","target":["https:\/\/homologacao.pacoteshyatt.com.br\/sao-paulo\/product\/day-spa-seducao\/"]}]},{"@type":"BreadcrumbList","@id":"https:\/\/homologacao.pacoteshyatt.com.br\/sao-paulo\/product\/day-spa-seducao\/#breadcrumb","itemListElement":[{"@type":"ListItem","position":1,"name":"Home","item":"https:\/\/homologacao.pacoteshyatt.com.br\/sao-paulo\/"},{"@type":"ListItem","position":2,"name":"Shop","item":"https:\/\/homologacao.pacoteshyatt.com.br\/sao-paulo\/shop\/"},{"@type":"ListItem","position":3,"name":"DAY SPA SEDU\u00c7\u00c3O"}]}]}},"_links":{"self":[{"href":"https:\/\/homologacao.pacoteshyatt.com.br\/sao-paulo\/wp-json\/wp\/v2\/product\/114"}],"collection":[{"href":"https:\/\/homologacao.pacoteshyatt.com.br\/sao-paulo\/wp-json\/wp\/v2\/product"}],"about":[{"href":"https:\/\/homologacao.pacoteshyatt.com.br\/sao-paulo\/wp-json\/wp\/v2\/types\/product"}],"replies":[{"embeddable":true,"href":"https:\/\/homologacao.pacoteshyatt.com.br\/sao-paulo\/wp-json\/wp\/v2\/comments?post=114"}],"wp:featuredmedia":[{"embeddable":true,"href":"https:\/\/homologacao.pacoteshyatt.com.br\/sao-paulo\/wp-json\/wp\/v2\/media\/115"}],"wp:attachment":[{"href":"https:\/\/homologacao.pacoteshyatt.com.br\/sao-paulo\/wp-json\/wp\/v2\/media?parent=114"}],"wp:term":[{"taxonomy":"product_cat","embeddable":true,"href":"https:\/\/homologacao.pacoteshyatt.com.br\/sao-paulo\/wp-json\/wp\/v2\/product_cat?post=114"},{"taxonomy":"product_tag","embeddable":true,"href":"https:\/\/homologacao.pacoteshyatt.com.br\/sao-paulo\/wp-json\/wp\/v2\/product_tag?post=114"}],"curies":[{"name":"wp","href":"https:\/\/api.w.org\/{rel}","templated":true}]}}