{"id":122,"date":"2020-10-05T13:21:03","date_gmt":"2020-10-05T16:21:03","guid":{"rendered":"https:\/\/homologacao.pacoteshyatt.com.br\/sao-paulo\/?post_type=product&#038;p=122"},"modified":"2021-01-19T20:05:11","modified_gmt":"2021-01-19T23:05:11","slug":"day-spa-pacote-revigorante","status":"publish","type":"product","link":"https:\/\/homologacao.pacoteshyatt.com.br\/sao-paulo\/product\/day-spa-pacote-revigorante\/","title":{"rendered":"DAY SPA | PACOTE REVIGORANTE"},"content":{"rendered":"<p>O<u>\u00a0<a href=\"https:\/\/www.estilohyatt.com.br\/day-spa-grand-hyatt-sao-paulo\/\"><em>Day Spa<\/em><\/a><\/u><em>\u00a0Revigorante<\/em>\u00a0permite que voc\u00ea passe um dia diferente de sua rotina, nas depend\u00eancias do Amanary e do Grand Hyatt S\u00e3o Paulo. Cuide-se e relaxe em grande estilo em um dos melhores\u00a0<em>resorts<\/em>\u00a0urbanos de S\u00e3o Paulo.<\/p>\n<p>O\u00a0<strong><em>Day Spa<\/em>\u00a0Pacote Revigorante\u00a0<\/strong>\u00e9 perfeito para quem gosta de se cuidar, pois inclui drenagem e lifting para deix\u00e1-lo relaxado e bonito por completo.<\/p>\n<p>&nbsp;<\/p>\n<p><strong>I<\/strong><strong>nclui:<\/strong><\/p>\n<p>&#8211; Escalda p\u00e9s;<\/p>\n<p>&#8211; Massagem nos p\u00e9s;<\/p>\n<p>&#8211; Drenagem linf\u00e1tica completa;<\/p>\n<p>&#8211; Beauty lifting;<\/p>\n<p>&#8211; Acesso a \u00e1rea de lazer e piscinas das 08h \u00e0s 22h.<\/p>\n<p>&nbsp;<\/p>\n<p>Dura\u00e7\u00e3o total aproximada: 2h50<\/p>\n<p>&nbsp;<\/p>\n<p><strong>Este voucher inclui o Day Spa Pacote Revigorante, acesso \u00e0 sauna seca, Fitness Center, piscinas interna \u2013 climatizada \u2013 e externa, e 3h de estacionamento com manobrista.<\/strong><\/p>\n<p>&nbsp;<\/p>\n<p>Conhe\u00e7a tamb\u00e9m a nova massagem Amanary Origens com \u00f3leos nativos brasileiros.\u00a0<u><a href=\"https:\/\/www.pacoteshyatt.com.br\/sao-paulo\/servicos\/22\/amanary-origens\/\">Clique Aqui!<\/a><\/u><\/p>\n","protected":false},"excerpt":{"rendered":"<p>O\u00a0Day Spa\u00a0Revigorante\u00a0permite que voc\u00ea passe um dia diferente de sua rotina, nas depend\u00eancias do Amanary e do Grand Hyatt S\u00e3o Paulo. Cuide-se e relaxe em grande estilo em um dos melhores\u00a0resorts\u00a0urbanos de S\u00e3o Paulo. O\u00a0Day Spa\u00a0Pacote Revigorante\u00a0\u00e9 perfeito para quem gosta de se cuidar, pois inclui drenagem e lifting para deix\u00e1-lo relaxado e bonito por [&hellip;]<\/p>\n","protected":false},"featured_media":435,"comment_status":"open","ping_status":"closed","template":"","meta":[],"product_cat":[20,21],"product_tag":[],"yoast_head":"<!-- This site is optimized with the Yoast SEO plugin v17.2.1 - https:\/\/yoast.com\/wordpress\/plugins\/seo\/ -->\n<title>DAY SPA | PACOTE REVIGORANTE - GRAND HYATT S\u00c3O PAULO<\/title>\n<meta name=\"robots\" content=\"noindex, follow, max-snippet:-1, max-image-preview:large, max-video-preview:-1\" \/>\n<meta property=\"og:locale\" content=\"pt_BR\" \/>\n<meta property=\"og:type\" content=\"article\" \/>\n<meta property=\"og:title\" content=\"DAY SPA | PACOTE REVIGORANTE - GRAND HYATT S\u00c3O PAULO\" \/>\n<meta property=\"og:description\" content=\"O\u00a0Day Spa\u00a0Revigorante\u00a0permite que voc\u00ea passe um dia diferente de sua rotina, nas depend\u00eancias do Amanary e do Grand Hyatt S\u00e3o Paulo. Cuide-se e relaxe em grande estilo em um dos melhores\u00a0resorts\u00a0urbanos de S\u00e3o Paulo. O\u00a0Day Spa\u00a0Pacote Revigorante\u00a0\u00e9 perfeito para quem gosta de se cuidar, pois inclui drenagem e lifting para deix\u00e1-lo relaxado e bonito por [&hellip;]\" \/>\n<meta property=\"og:url\" content=\"https:\/\/homologacao.pacoteshyatt.com.br\/sao-paulo\/product\/day-spa-pacote-revigorante\/\" \/>\n<meta property=\"og:site_name\" content=\"GRAND HYATT S\u00c3O PAULO\" \/>\n<meta property=\"article:modified_time\" content=\"2021-01-19T23:05:11+00:00\" \/>\n<meta property=\"og:image\" content=\"https:\/\/homologacao.pacoteshyatt.com.br\/sao-paulo\/wp-content\/uploads\/sites\/3\/2020\/10\/3075.jpg\" \/>\n\t<meta property=\"og:image:width\" content=\"308\" \/>\n\t<meta property=\"og:image:height\" content=\"200\" \/>\n<meta name=\"twitter:card\" content=\"summary_large_image\" \/>\n<meta name=\"twitter:label1\" content=\"Est. reading time\" \/>\n\t<meta name=\"twitter:data1\" content=\"1 minuto\" \/>\n<script type=\"application\/ld+json\" class=\"yoast-schema-graph\">{\"@context\":\"https:\/\/schema.org\",\"@graph\":[{\"@type\":\"WebSite\",\"@id\":\"https:\/\/homologacao.pacoteshyatt.com.br\/sao-paulo\/#website\",\"url\":\"https:\/\/homologacao.pacoteshyatt.com.br\/sao-paulo\/\",\"name\":\"GRAND HYATT S\\u00c3O PAULO\",\"description\":\"S\\u00f3 mais um site Hot\\u00e9is Grand Hyatt Rio de Janeiro e S\\u00e3o Paulo sites\",\"potentialAction\":[{\"@type\":\"SearchAction\",\"target\":{\"@type\":\"EntryPoint\",\"urlTemplate\":\"https:\/\/homologacao.pacoteshyatt.com.br\/sao-paulo\/?s={search_term_string}\"},\"query-input\":\"required name=search_term_string\"}],\"inLanguage\":\"pt-BR\"},{\"@type\":\"ImageObject\",\"@id\":\"https:\/\/homologacao.pacoteshyatt.com.br\/sao-paulo\/product\/day-spa-pacote-revigorante\/#primaryimage\",\"inLanguage\":\"pt-BR\",\"url\":\"https:\/\/homologacao.pacoteshyatt.com.br\/sao-paulo\/wp-content\/uploads\/sites\/3\/2020\/10\/3075.jpg\",\"contentUrl\":\"https:\/\/homologacao.pacoteshyatt.com.br\/sao-paulo\/wp-content\/uploads\/sites\/3\/2020\/10\/3075.jpg\",\"width\":308,\"height\":200},{\"@type\":\"WebPage\",\"@id\":\"https:\/\/homologacao.pacoteshyatt.com.br\/sao-paulo\/product\/day-spa-pacote-revigorante\/#webpage\",\"url\":\"https:\/\/homologacao.pacoteshyatt.com.br\/sao-paulo\/product\/day-spa-pacote-revigorante\/\",\"name\":\"DAY SPA | PACOTE REVIGORANTE - GRAND HYATT S\\u00c3O PAULO\",\"isPartOf\":{\"@id\":\"https:\/\/homologacao.pacoteshyatt.com.br\/sao-paulo\/#website\"},\"primaryImageOfPage\":{\"@id\":\"https:\/\/homologacao.pacoteshyatt.com.br\/sao-paulo\/product\/day-spa-pacote-revigorante\/#primaryimage\"},\"datePublished\":\"2020-10-05T16:21:03+00:00\",\"dateModified\":\"2021-01-19T23:05:11+00:00\",\"breadcrumb\":{\"@id\":\"https:\/\/homologacao.pacoteshyatt.com.br\/sao-paulo\/product\/day-spa-pacote-revigorante\/#breadcrumb\"},\"inLanguage\":\"pt-BR\",\"potentialAction\":[{\"@type\":\"ReadAction\",\"target\":[\"https:\/\/homologacao.pacoteshyatt.com.br\/sao-paulo\/product\/day-spa-pacote-revigorante\/\"]}]},{\"@type\":\"BreadcrumbList\",\"@id\":\"https:\/\/homologacao.pacoteshyatt.com.br\/sao-paulo\/product\/day-spa-pacote-revigorante\/#breadcrumb\",\"itemListElement\":[{\"@type\":\"ListItem\",\"position\":1,\"name\":\"Home\",\"item\":\"https:\/\/homologacao.pacoteshyatt.com.br\/sao-paulo\/\"},{\"@type\":\"ListItem\",\"position\":2,\"name\":\"Shop\",\"item\":\"https:\/\/homologacao.pacoteshyatt.com.br\/sao-paulo\/shop\/\"},{\"@type\":\"ListItem\",\"position\":3,\"name\":\"DAY SPA | PACOTE REVIGORANTE\"}]}]}<\/script>\n<!-- \/ Yoast SEO plugin. -->","yoast_head_json":{"title":"DAY SPA | PACOTE REVIGORANTE - GRAND HYATT S\u00c3O PAULO","robots":{"index":"noindex","follow":"follow","max-snippet":"max-snippet:-1","max-image-preview":"max-image-preview:large","max-video-preview":"max-video-preview:-1"},"og_locale":"pt_BR","og_type":"article","og_title":"DAY SPA | PACOTE REVIGORANTE - GRAND HYATT S\u00c3O PAULO","og_description":"O\u00a0Day Spa\u00a0Revigorante\u00a0permite que voc\u00ea passe um dia diferente de sua rotina, nas depend\u00eancias do Amanary e do Grand Hyatt S\u00e3o Paulo. Cuide-se e relaxe em grande estilo em um dos melhores\u00a0resorts\u00a0urbanos de S\u00e3o Paulo. O\u00a0Day Spa\u00a0Pacote Revigorante\u00a0\u00e9 perfeito para quem gosta de se cuidar, pois inclui drenagem e lifting para deix\u00e1-lo relaxado e bonito por [&hellip;]","og_url":"https:\/\/homologacao.pacoteshyatt.com.br\/sao-paulo\/product\/day-spa-pacote-revigorante\/","og_site_name":"GRAND HYATT S\u00c3O PAULO","article_modified_time":"2021-01-19T23:05:11+00:00","og_image":[{"width":308,"height":200,"url":"https:\/\/homologacao.pacoteshyatt.com.br\/sao-paulo\/wp-content\/uploads\/sites\/3\/2020\/10\/3075.jpg","path":"\/home\/Hyatt\/homologacao.pacoteshyatt.com.br\/public_html\/wp-content\/uploads\/sites\/3\/2020\/10\/3075.jpg","size":"full","id":435,"alt":"","pixels":61600,"type":"image\/jpeg"}],"twitter_card":"summary_large_image","twitter_misc":{"Est. reading time":"1 minuto"},"schema":{"@context":"https:\/\/schema.org","@graph":[{"@type":"WebSite","@id":"https:\/\/homologacao.pacoteshyatt.com.br\/sao-paulo\/#website","url":"https:\/\/homologacao.pacoteshyatt.com.br\/sao-paulo\/","name":"GRAND HYATT S\u00c3O PAULO","description":"S\u00f3 mais um site Hot\u00e9is Grand Hyatt Rio de Janeiro e S\u00e3o Paulo sites","potentialAction":[{"@type":"SearchAction","target":{"@type":"EntryPoint","urlTemplate":"https:\/\/homologacao.pacoteshyatt.com.br\/sao-paulo\/?s={search_term_string}"},"query-input":"required name=search_term_string"}],"inLanguage":"pt-BR"},{"@type":"ImageObject","@id":"https:\/\/homologacao.pacoteshyatt.com.br\/sao-paulo\/product\/day-spa-pacote-revigorante\/#primaryimage","inLanguage":"pt-BR","url":"https:\/\/homologacao.pacoteshyatt.com.br\/sao-paulo\/wp-content\/uploads\/sites\/3\/2020\/10\/3075.jpg","contentUrl":"https:\/\/homologacao.pacoteshyatt.com.br\/sao-paulo\/wp-content\/uploads\/sites\/3\/2020\/10\/3075.jpg","width":308,"height":200},{"@type":"WebPage","@id":"https:\/\/homologacao.pacoteshyatt.com.br\/sao-paulo\/product\/day-spa-pacote-revigorante\/#webpage","url":"https:\/\/homologacao.pacoteshyatt.com.br\/sao-paulo\/product\/day-spa-pacote-revigorante\/","name":"DAY SPA | PACOTE REVIGORANTE - GRAND HYATT S\u00c3O PAULO","isPartOf":{"@id":"https:\/\/homologacao.pacoteshyatt.com.br\/sao-paulo\/#website"},"primaryImageOfPage":{"@id":"https:\/\/homologacao.pacoteshyatt.com.br\/sao-paulo\/product\/day-spa-pacote-revigorante\/#primaryimage"},"datePublished":"2020-10-05T16:21:03+00:00","dateModified":"2021-01-19T23:05:11+00:00","breadcrumb":{"@id":"https:\/\/homologacao.pacoteshyatt.com.br\/sao-paulo\/product\/day-spa-pacote-revigorante\/#breadcrumb"},"inLanguage":"pt-BR","potentialAction":[{"@type":"ReadAction","target":["https:\/\/homologacao.pacoteshyatt.com.br\/sao-paulo\/product\/day-spa-pacote-revigorante\/"]}]},{"@type":"BreadcrumbList","@id":"https:\/\/homologacao.pacoteshyatt.com.br\/sao-paulo\/product\/day-spa-pacote-revigorante\/#breadcrumb","itemListElement":[{"@type":"ListItem","position":1,"name":"Home","item":"https:\/\/homologacao.pacoteshyatt.com.br\/sao-paulo\/"},{"@type":"ListItem","position":2,"name":"Shop","item":"https:\/\/homologacao.pacoteshyatt.com.br\/sao-paulo\/shop\/"},{"@type":"ListItem","position":3,"name":"DAY SPA | PACOTE REVIGORANTE"}]}]}},"_links":{"self":[{"href":"https:\/\/homologacao.pacoteshyatt.com.br\/sao-paulo\/wp-json\/wp\/v2\/product\/122"}],"collection":[{"href":"https:\/\/homologacao.pacoteshyatt.com.br\/sao-paulo\/wp-json\/wp\/v2\/product"}],"about":[{"href":"https:\/\/homologacao.pacoteshyatt.com.br\/sao-paulo\/wp-json\/wp\/v2\/types\/product"}],"replies":[{"embeddable":true,"href":"https:\/\/homologacao.pacoteshyatt.com.br\/sao-paulo\/wp-json\/wp\/v2\/comments?post=122"}],"wp:featuredmedia":[{"embeddable":true,"href":"https:\/\/homologacao.pacoteshyatt.com.br\/sao-paulo\/wp-json\/wp\/v2\/media\/435"}],"wp:attachment":[{"href":"https:\/\/homologacao.pacoteshyatt.com.br\/sao-paulo\/wp-json\/wp\/v2\/media?parent=122"}],"wp:term":[{"taxonomy":"product_cat","embeddable":true,"href":"https:\/\/homologacao.pacoteshyatt.com.br\/sao-paulo\/wp-json\/wp\/v2\/product_cat?post=122"},{"taxonomy":"product_tag","embeddable":true,"href":"https:\/\/homologacao.pacoteshyatt.com.br\/sao-paulo\/wp-json\/wp\/v2\/product_tag?post=122"}],"curies":[{"name":"wp","href":"https:\/\/api.w.org\/{rel}","templated":true}]}}