{"id":126,"date":"2020-10-05T13:24:24","date_gmt":"2020-10-05T16:24:24","guid":{"rendered":"https:\/\/homologacao.pacoteshyatt.com.br\/sao-paulo\/?post_type=product&#038;p=126"},"modified":"2021-01-19T21:06:47","modified_gmt":"2021-01-20T00:06:47","slug":"day-spa-pacote-exuberancia","status":"publish","type":"product","link":"https:\/\/homologacao.pacoteshyatt.com.br\/sao-paulo\/product\/day-spa-pacote-exuberancia\/","title":{"rendered":"DAY SPA | PACOTE EXUBER\u00c2NCIA"},"content":{"rendered":"<p>O\u00a0<u><a href=\"https:\/\/www.estilohyatt.com.br\/day-spa-grand-hyatt-sao-paulo\/\"><em>Day Spa<\/em><\/a><\/u><em>\u00a0Exuber\u00e2ncia<\/em>\u00a0permite que voc\u00ea passe um dia diferente de sua rotina, nas depend\u00eancias do Amanary e do Grand Hyatt S\u00e3o Paulo. Cuide-se e relaxe em grande estilo em um dos melhores\u00a0<em>resorts<\/em>\u00a0urbanos de S\u00e3o Paulo.<\/p>\n<p>O\u00a0<strong><em>Day Spa<\/em>\u00a0Pacote Exuber\u00e2ncia\u00a0<\/strong>\u00e9 ideal para quem gosta de se cuidar por completo, pois inclui tratamentos corporais, faciais e para os p\u00e9s, uma completa experi\u00eancia de relaxamento e bem-estar.<\/p>\n<p>&nbsp;<\/p>\n<p><strong>I<\/strong><strong>nclui:<\/strong><\/p>\n<p>&#8211; Escalda p\u00e9s;<\/p>\n<p>&#8211; Massagem de 90 minutos\u00a0(escolha entre Sueca, Aromaterapia, Shiatsu, Esportiva ou Pedras Quentes);<\/p>\n<p>&#8211; Essential Body Beauty;<\/p>\n<p>&#8211; Essential Beauty.<\/p>\n<p>&nbsp;<\/p>\n<p>Dura\u00e7\u00e3o total aproximada: 4h10<\/p>\n<p>&nbsp;<\/p>\n<p><strong>Este voucher inclui o Day Spa Pacote Exuber\u00e2ncia, acesso \u00e0 sauna seca, Fitness Center, piscinas interna \u2013 climatizada \u2013 e externa, e 3h de estacionamento com manobrista.<\/strong><\/p>\n<p>&nbsp;<\/p>\n<p>Conhe\u00e7a tamb\u00e9m a nova massagem Amanary Origens com \u00f3leos nativos brasileiros.\u00a0<u><a href=\"https:\/\/www.pacoteshyatt.com.br\/sao-paulo\/servicos\/22\/amanary-origens\/\">Clique Aqui!<\/a><\/u><\/p>\n<div class=\"j_more\">\n<div class=\"j_more\">\n<p>&nbsp;<\/p>\n<\/div>\n<\/div>\n","protected":false},"excerpt":{"rendered":"<p>O\u00a0Day Spa\u00a0Exuber\u00e2ncia\u00a0permite que voc\u00ea passe um dia diferente de sua rotina, nas depend\u00eancias do Amanary e do Grand Hyatt S\u00e3o Paulo. Cuide-se e relaxe em grande estilo em um dos melhores\u00a0resorts\u00a0urbanos de S\u00e3o Paulo. O\u00a0Day Spa\u00a0Pacote Exuber\u00e2ncia\u00a0\u00e9 ideal para quem gosta de se cuidar por completo, pois inclui tratamentos corporais, faciais e para os p\u00e9s, [&hellip;]<\/p>\n","protected":false},"featured_media":438,"comment_status":"open","ping_status":"closed","template":"","meta":[],"product_cat":[20,21],"product_tag":[],"yoast_head":"<!-- This site is optimized with the Yoast SEO plugin v17.2.1 - https:\/\/yoast.com\/wordpress\/plugins\/seo\/ -->\n<title>DAY SPA | PACOTE EXUBER\u00c2NCIA - GRAND HYATT S\u00c3O PAULO<\/title>\n<meta name=\"robots\" content=\"noindex, follow, max-snippet:-1, max-image-preview:large, max-video-preview:-1\" \/>\n<meta property=\"og:locale\" content=\"pt_BR\" \/>\n<meta property=\"og:type\" content=\"article\" \/>\n<meta property=\"og:title\" content=\"DAY SPA | PACOTE EXUBER\u00c2NCIA - GRAND HYATT S\u00c3O PAULO\" \/>\n<meta property=\"og:description\" content=\"O\u00a0Day Spa\u00a0Exuber\u00e2ncia\u00a0permite que voc\u00ea passe um dia diferente de sua rotina, nas depend\u00eancias do Amanary e do Grand Hyatt S\u00e3o Paulo. Cuide-se e relaxe em grande estilo em um dos melhores\u00a0resorts\u00a0urbanos de S\u00e3o Paulo. O\u00a0Day Spa\u00a0Pacote Exuber\u00e2ncia\u00a0\u00e9 ideal para quem gosta de se cuidar por completo, pois inclui tratamentos corporais, faciais e para os p\u00e9s, [&hellip;]\" \/>\n<meta property=\"og:url\" content=\"https:\/\/homologacao.pacoteshyatt.com.br\/sao-paulo\/product\/day-spa-pacote-exuberancia\/\" \/>\n<meta property=\"og:site_name\" content=\"GRAND HYATT S\u00c3O PAULO\" \/>\n<meta property=\"article:modified_time\" content=\"2021-01-20T00:06:47+00:00\" \/>\n<meta property=\"og:image\" content=\"https:\/\/homologacao.pacoteshyatt.com.br\/sao-paulo\/wp-content\/uploads\/sites\/3\/2020\/10\/3082.jpg\" \/>\n\t<meta property=\"og:image:width\" content=\"308\" \/>\n\t<meta property=\"og:image:height\" content=\"200\" \/>\n<meta name=\"twitter:card\" content=\"summary_large_image\" \/>\n<meta name=\"twitter:label1\" content=\"Est. reading time\" \/>\n\t<meta name=\"twitter:data1\" content=\"1 minuto\" \/>\n<script type=\"application\/ld+json\" class=\"yoast-schema-graph\">{\"@context\":\"https:\/\/schema.org\",\"@graph\":[{\"@type\":\"WebSite\",\"@id\":\"https:\/\/homologacao.pacoteshyatt.com.br\/sao-paulo\/#website\",\"url\":\"https:\/\/homologacao.pacoteshyatt.com.br\/sao-paulo\/\",\"name\":\"GRAND HYATT S\\u00c3O PAULO\",\"description\":\"S\\u00f3 mais um site Hot\\u00e9is Grand Hyatt Rio de Janeiro e S\\u00e3o Paulo sites\",\"potentialAction\":[{\"@type\":\"SearchAction\",\"target\":{\"@type\":\"EntryPoint\",\"urlTemplate\":\"https:\/\/homologacao.pacoteshyatt.com.br\/sao-paulo\/?s={search_term_string}\"},\"query-input\":\"required name=search_term_string\"}],\"inLanguage\":\"pt-BR\"},{\"@type\":\"ImageObject\",\"@id\":\"https:\/\/homologacao.pacoteshyatt.com.br\/sao-paulo\/product\/day-spa-pacote-exuberancia\/#primaryimage\",\"inLanguage\":\"pt-BR\",\"url\":\"https:\/\/homologacao.pacoteshyatt.com.br\/sao-paulo\/wp-content\/uploads\/sites\/3\/2020\/10\/3082.jpg\",\"contentUrl\":\"https:\/\/homologacao.pacoteshyatt.com.br\/sao-paulo\/wp-content\/uploads\/sites\/3\/2020\/10\/3082.jpg\",\"width\":308,\"height\":200},{\"@type\":\"WebPage\",\"@id\":\"https:\/\/homologacao.pacoteshyatt.com.br\/sao-paulo\/product\/day-spa-pacote-exuberancia\/#webpage\",\"url\":\"https:\/\/homologacao.pacoteshyatt.com.br\/sao-paulo\/product\/day-spa-pacote-exuberancia\/\",\"name\":\"DAY SPA | PACOTE EXUBER\\u00c2NCIA - GRAND HYATT S\\u00c3O PAULO\",\"isPartOf\":{\"@id\":\"https:\/\/homologacao.pacoteshyatt.com.br\/sao-paulo\/#website\"},\"primaryImageOfPage\":{\"@id\":\"https:\/\/homologacao.pacoteshyatt.com.br\/sao-paulo\/product\/day-spa-pacote-exuberancia\/#primaryimage\"},\"datePublished\":\"2020-10-05T16:24:24+00:00\",\"dateModified\":\"2021-01-20T00:06:47+00:00\",\"breadcrumb\":{\"@id\":\"https:\/\/homologacao.pacoteshyatt.com.br\/sao-paulo\/product\/day-spa-pacote-exuberancia\/#breadcrumb\"},\"inLanguage\":\"pt-BR\",\"potentialAction\":[{\"@type\":\"ReadAction\",\"target\":[\"https:\/\/homologacao.pacoteshyatt.com.br\/sao-paulo\/product\/day-spa-pacote-exuberancia\/\"]}]},{\"@type\":\"BreadcrumbList\",\"@id\":\"https:\/\/homologacao.pacoteshyatt.com.br\/sao-paulo\/product\/day-spa-pacote-exuberancia\/#breadcrumb\",\"itemListElement\":[{\"@type\":\"ListItem\",\"position\":1,\"name\":\"Home\",\"item\":\"https:\/\/homologacao.pacoteshyatt.com.br\/sao-paulo\/\"},{\"@type\":\"ListItem\",\"position\":2,\"name\":\"Shop\",\"item\":\"https:\/\/homologacao.pacoteshyatt.com.br\/sao-paulo\/shop\/\"},{\"@type\":\"ListItem\",\"position\":3,\"name\":\"DAY SPA | PACOTE EXUBER\\u00c2NCIA\"}]}]}<\/script>\n<!-- \/ Yoast SEO plugin. -->","yoast_head_json":{"title":"DAY SPA | PACOTE EXUBER\u00c2NCIA - GRAND HYATT S\u00c3O PAULO","robots":{"index":"noindex","follow":"follow","max-snippet":"max-snippet:-1","max-image-preview":"max-image-preview:large","max-video-preview":"max-video-preview:-1"},"og_locale":"pt_BR","og_type":"article","og_title":"DAY SPA | PACOTE EXUBER\u00c2NCIA - GRAND HYATT S\u00c3O PAULO","og_description":"O\u00a0Day Spa\u00a0Exuber\u00e2ncia\u00a0permite que voc\u00ea passe um dia diferente de sua rotina, nas depend\u00eancias do Amanary e do Grand Hyatt S\u00e3o Paulo. Cuide-se e relaxe em grande estilo em um dos melhores\u00a0resorts\u00a0urbanos de S\u00e3o Paulo. O\u00a0Day Spa\u00a0Pacote Exuber\u00e2ncia\u00a0\u00e9 ideal para quem gosta de se cuidar por completo, pois inclui tratamentos corporais, faciais e para os p\u00e9s, [&hellip;]","og_url":"https:\/\/homologacao.pacoteshyatt.com.br\/sao-paulo\/product\/day-spa-pacote-exuberancia\/","og_site_name":"GRAND HYATT S\u00c3O PAULO","article_modified_time":"2021-01-20T00:06:47+00:00","og_image":[{"width":308,"height":200,"url":"https:\/\/homologacao.pacoteshyatt.com.br\/sao-paulo\/wp-content\/uploads\/sites\/3\/2020\/10\/3082.jpg","path":"\/home\/Hyatt\/homologacao.pacoteshyatt.com.br\/public_html\/wp-content\/uploads\/sites\/3\/2020\/10\/3082.jpg","size":"full","id":438,"alt":"","pixels":61600,"type":"image\/jpeg"}],"twitter_card":"summary_large_image","twitter_misc":{"Est. reading time":"1 minuto"},"schema":{"@context":"https:\/\/schema.org","@graph":[{"@type":"WebSite","@id":"https:\/\/homologacao.pacoteshyatt.com.br\/sao-paulo\/#website","url":"https:\/\/homologacao.pacoteshyatt.com.br\/sao-paulo\/","name":"GRAND HYATT S\u00c3O PAULO","description":"S\u00f3 mais um site Hot\u00e9is Grand Hyatt Rio de Janeiro e S\u00e3o Paulo sites","potentialAction":[{"@type":"SearchAction","target":{"@type":"EntryPoint","urlTemplate":"https:\/\/homologacao.pacoteshyatt.com.br\/sao-paulo\/?s={search_term_string}"},"query-input":"required name=search_term_string"}],"inLanguage":"pt-BR"},{"@type":"ImageObject","@id":"https:\/\/homologacao.pacoteshyatt.com.br\/sao-paulo\/product\/day-spa-pacote-exuberancia\/#primaryimage","inLanguage":"pt-BR","url":"https:\/\/homologacao.pacoteshyatt.com.br\/sao-paulo\/wp-content\/uploads\/sites\/3\/2020\/10\/3082.jpg","contentUrl":"https:\/\/homologacao.pacoteshyatt.com.br\/sao-paulo\/wp-content\/uploads\/sites\/3\/2020\/10\/3082.jpg","width":308,"height":200},{"@type":"WebPage","@id":"https:\/\/homologacao.pacoteshyatt.com.br\/sao-paulo\/product\/day-spa-pacote-exuberancia\/#webpage","url":"https:\/\/homologacao.pacoteshyatt.com.br\/sao-paulo\/product\/day-spa-pacote-exuberancia\/","name":"DAY SPA | PACOTE EXUBER\u00c2NCIA - GRAND HYATT S\u00c3O PAULO","isPartOf":{"@id":"https:\/\/homologacao.pacoteshyatt.com.br\/sao-paulo\/#website"},"primaryImageOfPage":{"@id":"https:\/\/homologacao.pacoteshyatt.com.br\/sao-paulo\/product\/day-spa-pacote-exuberancia\/#primaryimage"},"datePublished":"2020-10-05T16:24:24+00:00","dateModified":"2021-01-20T00:06:47+00:00","breadcrumb":{"@id":"https:\/\/homologacao.pacoteshyatt.com.br\/sao-paulo\/product\/day-spa-pacote-exuberancia\/#breadcrumb"},"inLanguage":"pt-BR","potentialAction":[{"@type":"ReadAction","target":["https:\/\/homologacao.pacoteshyatt.com.br\/sao-paulo\/product\/day-spa-pacote-exuberancia\/"]}]},{"@type":"BreadcrumbList","@id":"https:\/\/homologacao.pacoteshyatt.com.br\/sao-paulo\/product\/day-spa-pacote-exuberancia\/#breadcrumb","itemListElement":[{"@type":"ListItem","position":1,"name":"Home","item":"https:\/\/homologacao.pacoteshyatt.com.br\/sao-paulo\/"},{"@type":"ListItem","position":2,"name":"Shop","item":"https:\/\/homologacao.pacoteshyatt.com.br\/sao-paulo\/shop\/"},{"@type":"ListItem","position":3,"name":"DAY SPA | PACOTE EXUBER\u00c2NCIA"}]}]}},"_links":{"self":[{"href":"https:\/\/homologacao.pacoteshyatt.com.br\/sao-paulo\/wp-json\/wp\/v2\/product\/126"}],"collection":[{"href":"https:\/\/homologacao.pacoteshyatt.com.br\/sao-paulo\/wp-json\/wp\/v2\/product"}],"about":[{"href":"https:\/\/homologacao.pacoteshyatt.com.br\/sao-paulo\/wp-json\/wp\/v2\/types\/product"}],"replies":[{"embeddable":true,"href":"https:\/\/homologacao.pacoteshyatt.com.br\/sao-paulo\/wp-json\/wp\/v2\/comments?post=126"}],"wp:featuredmedia":[{"embeddable":true,"href":"https:\/\/homologacao.pacoteshyatt.com.br\/sao-paulo\/wp-json\/wp\/v2\/media\/438"}],"wp:attachment":[{"href":"https:\/\/homologacao.pacoteshyatt.com.br\/sao-paulo\/wp-json\/wp\/v2\/media?parent=126"}],"wp:term":[{"taxonomy":"product_cat","embeddable":true,"href":"https:\/\/homologacao.pacoteshyatt.com.br\/sao-paulo\/wp-json\/wp\/v2\/product_cat?post=126"},{"taxonomy":"product_tag","embeddable":true,"href":"https:\/\/homologacao.pacoteshyatt.com.br\/sao-paulo\/wp-json\/wp\/v2\/product_tag?post=126"}],"curies":[{"name":"wp","href":"https:\/\/api.w.org\/{rel}","templated":true}]}}