{"id":130,"date":"2020-10-05T13:27:55","date_gmt":"2020-10-05T16:27:55","guid":{"rendered":"https:\/\/homologacao.pacoteshyatt.com.br\/sao-paulo\/?post_type=product&#038;p=130"},"modified":"2021-01-19T21:24:32","modified_gmt":"2021-01-20T00:24:32","slug":"essential-body-beauty","status":"publish","type":"product","link":"https:\/\/homologacao.pacoteshyatt.com.br\/sao-paulo\/product\/essential-body-beauty\/","title":{"rendered":"ESSENTIAL BODY BEAUTY"},"content":{"rendered":"<p>Este tratamento utiliza \u00f3leos essenciais, que s\u00e3o subst\u00e2ncias extremamente concentradas caracter\u00edsticas diferenciadas de aroma, cor e densidade. Os \u00f3leos essenciais proporcionam bem estar f\u00edsico e emocional.<\/p>\n<p>&nbsp;<\/p>\n<p>O tratamento Essential Body Beauty \u00e9 um tratamento corporal completo que utiliza m\u00e9todos exclusivos de massagem, associados aos \u00f3leos essenciais, atuando na gordura localizada, reten\u00e7\u00e3o h\u00eddrica, desvitaliza\u00e7\u00e3o provocada pela exposi\u00e7\u00e3o solar e ressecamento da pele.<\/p>\n<p>&nbsp;<\/p>\n<p>Entre os benef\u00edcios principais oferecidos pelo tratamento est\u00e3o a melhora na circula\u00e7\u00e3o sangu\u00ednea, hidrata\u00e7\u00e3o da pele, al\u00e9m de bem estar e relaxamento.<\/p>\n<p>&nbsp;<\/p>\n<p><strong>Este voucher inclui um Tratamento Essential Body Beauty com dura\u00e7\u00e3o de 90 minutos, tr\u00eas horas de estacionamento cortesia com manobrista e acesso \u00e0 sauna seca.<\/strong><\/p>\n<p>&nbsp;<\/p>\n<p>Conhe\u00e7a tamb\u00e9m a nova massagem Amanary Origens com \u00f3leos nativos brasileiros.\u00a0<u><a href=\"https:\/\/homologacao.pacoteshyatt.com.br\/sao-paulo\/amanary-origens\/\">Clique Aqui!<\/a><\/u><\/p>\n<div class=\"j_more\">\n<p>&nbsp;<\/p>\n<\/div>\n","protected":false},"excerpt":{"rendered":"<p>Este tratamento utiliza \u00f3leos essenciais, que s\u00e3o subst\u00e2ncias extremamente concentradas caracter\u00edsticas diferenciadas de aroma, cor e densidade. Os \u00f3leos essenciais proporcionam bem estar f\u00edsico e emocional. &nbsp; O tratamento Essential Body Beauty \u00e9 um tratamento corporal completo que utiliza m\u00e9todos exclusivos de massagem, associados aos \u00f3leos essenciais, atuando na gordura localizada, reten\u00e7\u00e3o h\u00eddrica, desvitaliza\u00e7\u00e3o provocada [&hellip;]<\/p>\n","protected":false},"featured_media":465,"comment_status":"open","ping_status":"closed","template":"","meta":[],"product_cat":[20,22],"product_tag":[],"yoast_head":"<!-- This site is optimized with the Yoast SEO plugin v17.2.1 - https:\/\/yoast.com\/wordpress\/plugins\/seo\/ -->\n<title>ESSENTIAL BODY BEAUTY - GRAND HYATT S\u00c3O PAULO<\/title>\n<meta name=\"robots\" content=\"noindex, follow, max-snippet:-1, max-image-preview:large, max-video-preview:-1\" \/>\n<meta property=\"og:locale\" content=\"pt_BR\" \/>\n<meta property=\"og:type\" content=\"article\" \/>\n<meta property=\"og:title\" content=\"ESSENTIAL BODY BEAUTY - GRAND HYATT S\u00c3O PAULO\" \/>\n<meta property=\"og:description\" content=\"Este tratamento utiliza \u00f3leos essenciais, que s\u00e3o subst\u00e2ncias extremamente concentradas caracter\u00edsticas diferenciadas de aroma, cor e densidade. Os \u00f3leos essenciais proporcionam bem estar f\u00edsico e emocional. &nbsp; O tratamento Essential Body Beauty \u00e9 um tratamento corporal completo que utiliza m\u00e9todos exclusivos de massagem, associados aos \u00f3leos essenciais, atuando na gordura localizada, reten\u00e7\u00e3o h\u00eddrica, desvitaliza\u00e7\u00e3o provocada [&hellip;]\" \/>\n<meta property=\"og:url\" content=\"https:\/\/homologacao.pacoteshyatt.com.br\/sao-paulo\/product\/essential-body-beauty\/\" \/>\n<meta property=\"og:site_name\" content=\"GRAND HYATT S\u00c3O PAULO\" \/>\n<meta property=\"article:modified_time\" content=\"2021-01-20T00:24:32+00:00\" \/>\n<meta property=\"og:image\" content=\"https:\/\/homologacao.pacoteshyatt.com.br\/sao-paulo\/wp-content\/uploads\/sites\/3\/2020\/10\/3083.jpg\" \/>\n\t<meta property=\"og:image:width\" content=\"308\" \/>\n\t<meta property=\"og:image:height\" content=\"200\" \/>\n<meta name=\"twitter:card\" content=\"summary_large_image\" \/>\n<meta name=\"twitter:label1\" content=\"Est. reading time\" \/>\n\t<meta name=\"twitter:data1\" content=\"1 minuto\" \/>\n<script type=\"application\/ld+json\" class=\"yoast-schema-graph\">{\"@context\":\"https:\/\/schema.org\",\"@graph\":[{\"@type\":\"WebSite\",\"@id\":\"https:\/\/homologacao.pacoteshyatt.com.br\/sao-paulo\/#website\",\"url\":\"https:\/\/homologacao.pacoteshyatt.com.br\/sao-paulo\/\",\"name\":\"GRAND HYATT S\\u00c3O PAULO\",\"description\":\"S\\u00f3 mais um site Hot\\u00e9is Grand Hyatt Rio de Janeiro e S\\u00e3o Paulo sites\",\"potentialAction\":[{\"@type\":\"SearchAction\",\"target\":{\"@type\":\"EntryPoint\",\"urlTemplate\":\"https:\/\/homologacao.pacoteshyatt.com.br\/sao-paulo\/?s={search_term_string}\"},\"query-input\":\"required name=search_term_string\"}],\"inLanguage\":\"pt-BR\"},{\"@type\":\"ImageObject\",\"@id\":\"https:\/\/homologacao.pacoteshyatt.com.br\/sao-paulo\/product\/essential-body-beauty\/#primaryimage\",\"inLanguage\":\"pt-BR\",\"url\":\"https:\/\/homologacao.pacoteshyatt.com.br\/sao-paulo\/wp-content\/uploads\/sites\/3\/2020\/10\/3083.jpg\",\"contentUrl\":\"https:\/\/homologacao.pacoteshyatt.com.br\/sao-paulo\/wp-content\/uploads\/sites\/3\/2020\/10\/3083.jpg\",\"width\":308,\"height\":200},{\"@type\":\"WebPage\",\"@id\":\"https:\/\/homologacao.pacoteshyatt.com.br\/sao-paulo\/product\/essential-body-beauty\/#webpage\",\"url\":\"https:\/\/homologacao.pacoteshyatt.com.br\/sao-paulo\/product\/essential-body-beauty\/\",\"name\":\"ESSENTIAL BODY BEAUTY - GRAND HYATT S\\u00c3O PAULO\",\"isPartOf\":{\"@id\":\"https:\/\/homologacao.pacoteshyatt.com.br\/sao-paulo\/#website\"},\"primaryImageOfPage\":{\"@id\":\"https:\/\/homologacao.pacoteshyatt.com.br\/sao-paulo\/product\/essential-body-beauty\/#primaryimage\"},\"datePublished\":\"2020-10-05T16:27:55+00:00\",\"dateModified\":\"2021-01-20T00:24:32+00:00\",\"breadcrumb\":{\"@id\":\"https:\/\/homologacao.pacoteshyatt.com.br\/sao-paulo\/product\/essential-body-beauty\/#breadcrumb\"},\"inLanguage\":\"pt-BR\",\"potentialAction\":[{\"@type\":\"ReadAction\",\"target\":[\"https:\/\/homologacao.pacoteshyatt.com.br\/sao-paulo\/product\/essential-body-beauty\/\"]}]},{\"@type\":\"BreadcrumbList\",\"@id\":\"https:\/\/homologacao.pacoteshyatt.com.br\/sao-paulo\/product\/essential-body-beauty\/#breadcrumb\",\"itemListElement\":[{\"@type\":\"ListItem\",\"position\":1,\"name\":\"Home\",\"item\":\"https:\/\/homologacao.pacoteshyatt.com.br\/sao-paulo\/\"},{\"@type\":\"ListItem\",\"position\":2,\"name\":\"Shop\",\"item\":\"https:\/\/homologacao.pacoteshyatt.com.br\/sao-paulo\/shop\/\"},{\"@type\":\"ListItem\",\"position\":3,\"name\":\"ESSENTIAL BODY BEAUTY\"}]}]}<\/script>\n<!-- \/ Yoast SEO plugin. -->","yoast_head_json":{"title":"ESSENTIAL BODY BEAUTY - GRAND HYATT S\u00c3O PAULO","robots":{"index":"noindex","follow":"follow","max-snippet":"max-snippet:-1","max-image-preview":"max-image-preview:large","max-video-preview":"max-video-preview:-1"},"og_locale":"pt_BR","og_type":"article","og_title":"ESSENTIAL BODY BEAUTY - GRAND HYATT S\u00c3O PAULO","og_description":"Este tratamento utiliza \u00f3leos essenciais, que s\u00e3o subst\u00e2ncias extremamente concentradas caracter\u00edsticas diferenciadas de aroma, cor e densidade. Os \u00f3leos essenciais proporcionam bem estar f\u00edsico e emocional. &nbsp; O tratamento Essential Body Beauty \u00e9 um tratamento corporal completo que utiliza m\u00e9todos exclusivos de massagem, associados aos \u00f3leos essenciais, atuando na gordura localizada, reten\u00e7\u00e3o h\u00eddrica, desvitaliza\u00e7\u00e3o provocada [&hellip;]","og_url":"https:\/\/homologacao.pacoteshyatt.com.br\/sao-paulo\/product\/essential-body-beauty\/","og_site_name":"GRAND HYATT S\u00c3O PAULO","article_modified_time":"2021-01-20T00:24:32+00:00","og_image":[{"width":308,"height":200,"url":"https:\/\/homologacao.pacoteshyatt.com.br\/sao-paulo\/wp-content\/uploads\/sites\/3\/2020\/10\/3083.jpg","path":"\/home\/Hyatt\/homologacao.pacoteshyatt.com.br\/public_html\/wp-content\/uploads\/sites\/3\/2020\/10\/3083.jpg","size":"full","id":465,"alt":"","pixels":61600,"type":"image\/jpeg"}],"twitter_card":"summary_large_image","twitter_misc":{"Est. reading time":"1 minuto"},"schema":{"@context":"https:\/\/schema.org","@graph":[{"@type":"WebSite","@id":"https:\/\/homologacao.pacoteshyatt.com.br\/sao-paulo\/#website","url":"https:\/\/homologacao.pacoteshyatt.com.br\/sao-paulo\/","name":"GRAND HYATT S\u00c3O PAULO","description":"S\u00f3 mais um site Hot\u00e9is Grand Hyatt Rio de Janeiro e S\u00e3o Paulo sites","potentialAction":[{"@type":"SearchAction","target":{"@type":"EntryPoint","urlTemplate":"https:\/\/homologacao.pacoteshyatt.com.br\/sao-paulo\/?s={search_term_string}"},"query-input":"required name=search_term_string"}],"inLanguage":"pt-BR"},{"@type":"ImageObject","@id":"https:\/\/homologacao.pacoteshyatt.com.br\/sao-paulo\/product\/essential-body-beauty\/#primaryimage","inLanguage":"pt-BR","url":"https:\/\/homologacao.pacoteshyatt.com.br\/sao-paulo\/wp-content\/uploads\/sites\/3\/2020\/10\/3083.jpg","contentUrl":"https:\/\/homologacao.pacoteshyatt.com.br\/sao-paulo\/wp-content\/uploads\/sites\/3\/2020\/10\/3083.jpg","width":308,"height":200},{"@type":"WebPage","@id":"https:\/\/homologacao.pacoteshyatt.com.br\/sao-paulo\/product\/essential-body-beauty\/#webpage","url":"https:\/\/homologacao.pacoteshyatt.com.br\/sao-paulo\/product\/essential-body-beauty\/","name":"ESSENTIAL BODY BEAUTY - GRAND HYATT S\u00c3O PAULO","isPartOf":{"@id":"https:\/\/homologacao.pacoteshyatt.com.br\/sao-paulo\/#website"},"primaryImageOfPage":{"@id":"https:\/\/homologacao.pacoteshyatt.com.br\/sao-paulo\/product\/essential-body-beauty\/#primaryimage"},"datePublished":"2020-10-05T16:27:55+00:00","dateModified":"2021-01-20T00:24:32+00:00","breadcrumb":{"@id":"https:\/\/homologacao.pacoteshyatt.com.br\/sao-paulo\/product\/essential-body-beauty\/#breadcrumb"},"inLanguage":"pt-BR","potentialAction":[{"@type":"ReadAction","target":["https:\/\/homologacao.pacoteshyatt.com.br\/sao-paulo\/product\/essential-body-beauty\/"]}]},{"@type":"BreadcrumbList","@id":"https:\/\/homologacao.pacoteshyatt.com.br\/sao-paulo\/product\/essential-body-beauty\/#breadcrumb","itemListElement":[{"@type":"ListItem","position":1,"name":"Home","item":"https:\/\/homologacao.pacoteshyatt.com.br\/sao-paulo\/"},{"@type":"ListItem","position":2,"name":"Shop","item":"https:\/\/homologacao.pacoteshyatt.com.br\/sao-paulo\/shop\/"},{"@type":"ListItem","position":3,"name":"ESSENTIAL BODY BEAUTY"}]}]}},"_links":{"self":[{"href":"https:\/\/homologacao.pacoteshyatt.com.br\/sao-paulo\/wp-json\/wp\/v2\/product\/130"}],"collection":[{"href":"https:\/\/homologacao.pacoteshyatt.com.br\/sao-paulo\/wp-json\/wp\/v2\/product"}],"about":[{"href":"https:\/\/homologacao.pacoteshyatt.com.br\/sao-paulo\/wp-json\/wp\/v2\/types\/product"}],"replies":[{"embeddable":true,"href":"https:\/\/homologacao.pacoteshyatt.com.br\/sao-paulo\/wp-json\/wp\/v2\/comments?post=130"}],"wp:featuredmedia":[{"embeddable":true,"href":"https:\/\/homologacao.pacoteshyatt.com.br\/sao-paulo\/wp-json\/wp\/v2\/media\/465"}],"wp:attachment":[{"href":"https:\/\/homologacao.pacoteshyatt.com.br\/sao-paulo\/wp-json\/wp\/v2\/media?parent=130"}],"wp:term":[{"taxonomy":"product_cat","embeddable":true,"href":"https:\/\/homologacao.pacoteshyatt.com.br\/sao-paulo\/wp-json\/wp\/v2\/product_cat?post=130"},{"taxonomy":"product_tag","embeddable":true,"href":"https:\/\/homologacao.pacoteshyatt.com.br\/sao-paulo\/wp-json\/wp\/v2\/product_tag?post=130"}],"curies":[{"name":"wp","href":"https:\/\/api.w.org\/{rel}","templated":true}]}}