{"id":134,"date":"2020-10-05T13:35:41","date_gmt":"2020-10-05T16:35:41","guid":{"rendered":"https:\/\/homologacao.pacoteshyatt.com.br\/sao-paulo\/?post_type=product&#038;p=134"},"modified":"2021-01-19T21:14:49","modified_gmt":"2021-01-20T00:14:49","slug":"amazonian-sensation","status":"publish","type":"product","link":"https:\/\/homologacao.pacoteshyatt.com.br\/sao-paulo\/product\/amazonian-sensation\/","title":{"rendered":"AMAZONIAN SENSATION"},"content":{"rendered":"<p>Com ingredientes brasileiros, ricos em propriedades ben\u00e9ficas para a pele, o Amanary Spa criou um tratamento exclusivo:\u00a0<strong>Amazonian Sensation<\/strong>.<\/p>\n<p>&nbsp;<\/p>\n<p>A experi\u00eancia inclui uma esfolia\u00e7\u00e3o com a\u00e7\u00facar em \u00f3leo de cupua\u00e7u e castanha do Brasil, que adapta-se \u00e0s necessidades da sua pele, proporcionando uma deliciosa sensa\u00e7\u00e3o de maciez. O cupua\u00e7u e a castanha do Brasil garantem \u00e0 pele uma hidrata\u00e7\u00e3o e nutri\u00e7\u00e3o profunda, deixando-a revitalizada e deliciosamente perfumada.<\/p>\n<p>&nbsp;<\/p>\n<p><strong>Este voucher inclui um tratamento Amazonian Sensation de 60 minutos, tr\u00eas horas de estacionamento cortesia com manobrista e acesso \u00e0 sauna seca.<\/strong><\/p>\n<p>&nbsp;<\/p>\n<p>Conhe\u00e7a tamb\u00e9m a nova massagem Amanary Origens com \u00f3leos nativos brasileiros.\u00a0<u><a href=\"https:\/\/www.pacoteshyatt.com.br\/sao-paulo\/servicos\/22\/amanary-origens\/\">Clique Aqui!<\/a><\/u><\/p>\n<div class=\"j_more\">\n<p>&nbsp;<\/p>\n<\/div>\n","protected":false},"excerpt":{"rendered":"<p>Com ingredientes brasileiros, ricos em propriedades ben\u00e9ficas para a pele, o Amanary Spa criou um tratamento exclusivo:\u00a0Amazonian Sensation. &nbsp; A experi\u00eancia inclui uma esfolia\u00e7\u00e3o com a\u00e7\u00facar em \u00f3leo de cupua\u00e7u e castanha do Brasil, que adapta-se \u00e0s necessidades da sua pele, proporcionando uma deliciosa sensa\u00e7\u00e3o de maciez. O cupua\u00e7u e a castanha do Brasil garantem [&hellip;]<\/p>\n","protected":false},"featured_media":456,"comment_status":"open","ping_status":"closed","template":"","meta":[],"product_cat":[20,22],"product_tag":[],"yoast_head":"<!-- This site is optimized with the Yoast SEO plugin v17.2.1 - https:\/\/yoast.com\/wordpress\/plugins\/seo\/ -->\n<title>AMAZONIAN SENSATION - GRAND HYATT S\u00c3O PAULO<\/title>\n<meta name=\"robots\" content=\"noindex, follow, max-snippet:-1, max-image-preview:large, max-video-preview:-1\" \/>\n<meta property=\"og:locale\" content=\"pt_BR\" \/>\n<meta property=\"og:type\" content=\"article\" \/>\n<meta property=\"og:title\" content=\"AMAZONIAN SENSATION - GRAND HYATT S\u00c3O PAULO\" \/>\n<meta property=\"og:description\" content=\"Com ingredientes brasileiros, ricos em propriedades ben\u00e9ficas para a pele, o Amanary Spa criou um tratamento exclusivo:\u00a0Amazonian Sensation. &nbsp; A experi\u00eancia inclui uma esfolia\u00e7\u00e3o com a\u00e7\u00facar em \u00f3leo de cupua\u00e7u e castanha do Brasil, que adapta-se \u00e0s necessidades da sua pele, proporcionando uma deliciosa sensa\u00e7\u00e3o de maciez. O cupua\u00e7u e a castanha do Brasil garantem [&hellip;]\" \/>\n<meta property=\"og:url\" content=\"https:\/\/homologacao.pacoteshyatt.com.br\/sao-paulo\/product\/amazonian-sensation\/\" \/>\n<meta property=\"og:site_name\" content=\"GRAND HYATT S\u00c3O PAULO\" \/>\n<meta property=\"article:modified_time\" content=\"2021-01-20T00:14:49+00:00\" \/>\n<meta property=\"og:image\" content=\"https:\/\/homologacao.pacoteshyatt.com.br\/sao-paulo\/wp-content\/uploads\/sites\/3\/2020\/10\/3067.jpg\" \/>\n\t<meta property=\"og:image:width\" content=\"308\" \/>\n\t<meta property=\"og:image:height\" content=\"200\" \/>\n<meta name=\"twitter:card\" content=\"summary_large_image\" \/>\n<meta name=\"twitter:label1\" content=\"Est. reading time\" \/>\n\t<meta name=\"twitter:data1\" content=\"1 minuto\" \/>\n<script type=\"application\/ld+json\" class=\"yoast-schema-graph\">{\"@context\":\"https:\/\/schema.org\",\"@graph\":[{\"@type\":\"WebSite\",\"@id\":\"https:\/\/homologacao.pacoteshyatt.com.br\/sao-paulo\/#website\",\"url\":\"https:\/\/homologacao.pacoteshyatt.com.br\/sao-paulo\/\",\"name\":\"GRAND HYATT S\\u00c3O PAULO\",\"description\":\"S\\u00f3 mais um site Hot\\u00e9is Grand Hyatt Rio de Janeiro e S\\u00e3o Paulo sites\",\"potentialAction\":[{\"@type\":\"SearchAction\",\"target\":{\"@type\":\"EntryPoint\",\"urlTemplate\":\"https:\/\/homologacao.pacoteshyatt.com.br\/sao-paulo\/?s={search_term_string}\"},\"query-input\":\"required name=search_term_string\"}],\"inLanguage\":\"pt-BR\"},{\"@type\":\"ImageObject\",\"@id\":\"https:\/\/homologacao.pacoteshyatt.com.br\/sao-paulo\/product\/amazonian-sensation\/#primaryimage\",\"inLanguage\":\"pt-BR\",\"url\":\"https:\/\/homologacao.pacoteshyatt.com.br\/sao-paulo\/wp-content\/uploads\/sites\/3\/2020\/10\/3067.jpg\",\"contentUrl\":\"https:\/\/homologacao.pacoteshyatt.com.br\/sao-paulo\/wp-content\/uploads\/sites\/3\/2020\/10\/3067.jpg\",\"width\":308,\"height\":200},{\"@type\":\"WebPage\",\"@id\":\"https:\/\/homologacao.pacoteshyatt.com.br\/sao-paulo\/product\/amazonian-sensation\/#webpage\",\"url\":\"https:\/\/homologacao.pacoteshyatt.com.br\/sao-paulo\/product\/amazonian-sensation\/\",\"name\":\"AMAZONIAN SENSATION - GRAND HYATT S\\u00c3O PAULO\",\"isPartOf\":{\"@id\":\"https:\/\/homologacao.pacoteshyatt.com.br\/sao-paulo\/#website\"},\"primaryImageOfPage\":{\"@id\":\"https:\/\/homologacao.pacoteshyatt.com.br\/sao-paulo\/product\/amazonian-sensation\/#primaryimage\"},\"datePublished\":\"2020-10-05T16:35:41+00:00\",\"dateModified\":\"2021-01-20T00:14:49+00:00\",\"breadcrumb\":{\"@id\":\"https:\/\/homologacao.pacoteshyatt.com.br\/sao-paulo\/product\/amazonian-sensation\/#breadcrumb\"},\"inLanguage\":\"pt-BR\",\"potentialAction\":[{\"@type\":\"ReadAction\",\"target\":[\"https:\/\/homologacao.pacoteshyatt.com.br\/sao-paulo\/product\/amazonian-sensation\/\"]}]},{\"@type\":\"BreadcrumbList\",\"@id\":\"https:\/\/homologacao.pacoteshyatt.com.br\/sao-paulo\/product\/amazonian-sensation\/#breadcrumb\",\"itemListElement\":[{\"@type\":\"ListItem\",\"position\":1,\"name\":\"Home\",\"item\":\"https:\/\/homologacao.pacoteshyatt.com.br\/sao-paulo\/\"},{\"@type\":\"ListItem\",\"position\":2,\"name\":\"Shop\",\"item\":\"https:\/\/homologacao.pacoteshyatt.com.br\/sao-paulo\/shop\/\"},{\"@type\":\"ListItem\",\"position\":3,\"name\":\"AMAZONIAN SENSATION\"}]}]}<\/script>\n<!-- \/ Yoast SEO plugin. -->","yoast_head_json":{"title":"AMAZONIAN SENSATION - GRAND HYATT S\u00c3O PAULO","robots":{"index":"noindex","follow":"follow","max-snippet":"max-snippet:-1","max-image-preview":"max-image-preview:large","max-video-preview":"max-video-preview:-1"},"og_locale":"pt_BR","og_type":"article","og_title":"AMAZONIAN SENSATION - GRAND HYATT S\u00c3O PAULO","og_description":"Com ingredientes brasileiros, ricos em propriedades ben\u00e9ficas para a pele, o Amanary Spa criou um tratamento exclusivo:\u00a0Amazonian Sensation. &nbsp; A experi\u00eancia inclui uma esfolia\u00e7\u00e3o com a\u00e7\u00facar em \u00f3leo de cupua\u00e7u e castanha do Brasil, que adapta-se \u00e0s necessidades da sua pele, proporcionando uma deliciosa sensa\u00e7\u00e3o de maciez. O cupua\u00e7u e a castanha do Brasil garantem [&hellip;]","og_url":"https:\/\/homologacao.pacoteshyatt.com.br\/sao-paulo\/product\/amazonian-sensation\/","og_site_name":"GRAND HYATT S\u00c3O PAULO","article_modified_time":"2021-01-20T00:14:49+00:00","og_image":[{"width":308,"height":200,"url":"https:\/\/homologacao.pacoteshyatt.com.br\/sao-paulo\/wp-content\/uploads\/sites\/3\/2020\/10\/3067.jpg","path":"\/home\/Hyatt\/homologacao.pacoteshyatt.com.br\/public_html\/wp-content\/uploads\/sites\/3\/2020\/10\/3067.jpg","size":"full","id":456,"alt":"","pixels":61600,"type":"image\/jpeg"}],"twitter_card":"summary_large_image","twitter_misc":{"Est. reading time":"1 minuto"},"schema":{"@context":"https:\/\/schema.org","@graph":[{"@type":"WebSite","@id":"https:\/\/homologacao.pacoteshyatt.com.br\/sao-paulo\/#website","url":"https:\/\/homologacao.pacoteshyatt.com.br\/sao-paulo\/","name":"GRAND HYATT S\u00c3O PAULO","description":"S\u00f3 mais um site Hot\u00e9is Grand Hyatt Rio de Janeiro e S\u00e3o Paulo sites","potentialAction":[{"@type":"SearchAction","target":{"@type":"EntryPoint","urlTemplate":"https:\/\/homologacao.pacoteshyatt.com.br\/sao-paulo\/?s={search_term_string}"},"query-input":"required name=search_term_string"}],"inLanguage":"pt-BR"},{"@type":"ImageObject","@id":"https:\/\/homologacao.pacoteshyatt.com.br\/sao-paulo\/product\/amazonian-sensation\/#primaryimage","inLanguage":"pt-BR","url":"https:\/\/homologacao.pacoteshyatt.com.br\/sao-paulo\/wp-content\/uploads\/sites\/3\/2020\/10\/3067.jpg","contentUrl":"https:\/\/homologacao.pacoteshyatt.com.br\/sao-paulo\/wp-content\/uploads\/sites\/3\/2020\/10\/3067.jpg","width":308,"height":200},{"@type":"WebPage","@id":"https:\/\/homologacao.pacoteshyatt.com.br\/sao-paulo\/product\/amazonian-sensation\/#webpage","url":"https:\/\/homologacao.pacoteshyatt.com.br\/sao-paulo\/product\/amazonian-sensation\/","name":"AMAZONIAN SENSATION - GRAND HYATT S\u00c3O PAULO","isPartOf":{"@id":"https:\/\/homologacao.pacoteshyatt.com.br\/sao-paulo\/#website"},"primaryImageOfPage":{"@id":"https:\/\/homologacao.pacoteshyatt.com.br\/sao-paulo\/product\/amazonian-sensation\/#primaryimage"},"datePublished":"2020-10-05T16:35:41+00:00","dateModified":"2021-01-20T00:14:49+00:00","breadcrumb":{"@id":"https:\/\/homologacao.pacoteshyatt.com.br\/sao-paulo\/product\/amazonian-sensation\/#breadcrumb"},"inLanguage":"pt-BR","potentialAction":[{"@type":"ReadAction","target":["https:\/\/homologacao.pacoteshyatt.com.br\/sao-paulo\/product\/amazonian-sensation\/"]}]},{"@type":"BreadcrumbList","@id":"https:\/\/homologacao.pacoteshyatt.com.br\/sao-paulo\/product\/amazonian-sensation\/#breadcrumb","itemListElement":[{"@type":"ListItem","position":1,"name":"Home","item":"https:\/\/homologacao.pacoteshyatt.com.br\/sao-paulo\/"},{"@type":"ListItem","position":2,"name":"Shop","item":"https:\/\/homologacao.pacoteshyatt.com.br\/sao-paulo\/shop\/"},{"@type":"ListItem","position":3,"name":"AMAZONIAN SENSATION"}]}]}},"_links":{"self":[{"href":"https:\/\/homologacao.pacoteshyatt.com.br\/sao-paulo\/wp-json\/wp\/v2\/product\/134"}],"collection":[{"href":"https:\/\/homologacao.pacoteshyatt.com.br\/sao-paulo\/wp-json\/wp\/v2\/product"}],"about":[{"href":"https:\/\/homologacao.pacoteshyatt.com.br\/sao-paulo\/wp-json\/wp\/v2\/types\/product"}],"replies":[{"embeddable":true,"href":"https:\/\/homologacao.pacoteshyatt.com.br\/sao-paulo\/wp-json\/wp\/v2\/comments?post=134"}],"wp:featuredmedia":[{"embeddable":true,"href":"https:\/\/homologacao.pacoteshyatt.com.br\/sao-paulo\/wp-json\/wp\/v2\/media\/456"}],"wp:attachment":[{"href":"https:\/\/homologacao.pacoteshyatt.com.br\/sao-paulo\/wp-json\/wp\/v2\/media?parent=134"}],"wp:term":[{"taxonomy":"product_cat","embeddable":true,"href":"https:\/\/homologacao.pacoteshyatt.com.br\/sao-paulo\/wp-json\/wp\/v2\/product_cat?post=134"},{"taxonomy":"product_tag","embeddable":true,"href":"https:\/\/homologacao.pacoteshyatt.com.br\/sao-paulo\/wp-json\/wp\/v2\/product_tag?post=134"}],"curies":[{"name":"wp","href":"https:\/\/api.w.org\/{rel}","templated":true}]}}