{"id":61,"date":"2020-08-16T13:29:25","date_gmt":"2020-08-16T16:29:25","guid":{"rendered":"https:\/\/homologacao.pacoteshyatt.com.br\/sao-paulo\/?post_type=product&#038;p=61"},"modified":"2021-06-11T10:41:53","modified_gmt":"2021-06-11T13:41:53","slug":"feijuca-do-hyatt","status":"publish","type":"product","link":"https:\/\/homologacao.pacoteshyatt.com.br\/sao-paulo\/product\/feijuca-do-hyatt\/","title":{"rendered":"FEIJUCA DO HYATT"},"content":{"rendered":"<p>Todos os<strong>\u00a0s\u00e1bados<\/strong>\u00a0o restaurante C-Cultura Caseira oferece a\u00a0<strong>Feijuca do Hyatt<\/strong><strong>,<\/strong> com muita\u00a0<strong>caipirinha \u00e0 vontade<\/strong>.<\/p>\n<p>Aproveite todas as op\u00e7\u00f5es tradicionais da\u00a0<strong>aut\u00eantica feijoada<\/strong>\u00a0brasileira, al\u00e9m\u00a0<strong>saladas<\/strong>\u00a0e\u00a0<strong>petiscos<\/strong>.\u00a0<strong>Esta\u00e7\u00e3o de caipirinhas<\/strong>\u00a0\u00e0 vontade e um\u00a0<strong>buffet de sobremesas<\/strong>\u00a0t\u00edpicas brasileira tornam esta experi\u00eancia ainda mais gostosa. Afinal, quem resiste a um brigadeiro ou uma cocada?<\/p>\n<p>&nbsp;<\/p>\n<p><strong>Garanta j\u00e1 o seu lugar.<\/strong><\/p>\n<p><strong>Todos os s\u00e1bados das 13h \u00e0s 16h<br \/>\nInclui caipirinha \u00e0 vontade<\/strong><\/p>\n","protected":false},"excerpt":{"rendered":"<p>Todos os\u00a0s\u00e1bados\u00a0o restaurante C-Cultura Caseira oferece a\u00a0Feijuca do Hyatt, com muita\u00a0caipirinha \u00e0 vontade. Aproveite todas as op\u00e7\u00f5es tradicionais da\u00a0aut\u00eantica feijoada\u00a0brasileira, al\u00e9m\u00a0saladas\u00a0e\u00a0petiscos.\u00a0Esta\u00e7\u00e3o de caipirinhas\u00a0\u00e0 vontade e um\u00a0buffet de sobremesas\u00a0t\u00edpicas brasileira tornam esta experi\u00eancia ainda mais gostosa. Afinal, quem resiste a um brigadeiro ou uma cocada? &nbsp; Garanta j\u00e1 o seu lugar. Todos os s\u00e1bados das 13h [&hellip;]<\/p>\n","protected":false},"featured_media":469,"comment_status":"open","ping_status":"closed","template":"","meta":[],"product_cat":[27,28],"product_tag":[],"yoast_head":"<!-- This site is optimized with the Yoast SEO plugin v17.2.1 - https:\/\/yoast.com\/wordpress\/plugins\/seo\/ -->\n<title>FEIJUCA DO HYATT - GRAND HYATT S\u00c3O PAULO<\/title>\n<meta name=\"robots\" content=\"noindex, follow, max-snippet:-1, max-image-preview:large, max-video-preview:-1\" \/>\n<meta property=\"og:locale\" content=\"pt_BR\" \/>\n<meta property=\"og:type\" content=\"article\" \/>\n<meta property=\"og:title\" content=\"FEIJUCA DO HYATT - GRAND HYATT S\u00c3O PAULO\" \/>\n<meta property=\"og:description\" content=\"Todos os\u00a0s\u00e1bados\u00a0o restaurante C-Cultura Caseira oferece a\u00a0Feijuca do Hyatt, com muita\u00a0caipirinha \u00e0 vontade. Aproveite todas as op\u00e7\u00f5es tradicionais da\u00a0aut\u00eantica feijoada\u00a0brasileira, al\u00e9m\u00a0saladas\u00a0e\u00a0petiscos.\u00a0Esta\u00e7\u00e3o de caipirinhas\u00a0\u00e0 vontade e um\u00a0buffet de sobremesas\u00a0t\u00edpicas brasileira tornam esta experi\u00eancia ainda mais gostosa. Afinal, quem resiste a um brigadeiro ou uma cocada? &nbsp; Garanta j\u00e1 o seu lugar. Todos os s\u00e1bados das 13h [&hellip;]\" \/>\n<meta property=\"og:url\" content=\"https:\/\/homologacao.pacoteshyatt.com.br\/sao-paulo\/product\/feijuca-do-hyatt\/\" \/>\n<meta property=\"og:site_name\" content=\"GRAND HYATT S\u00c3O PAULO\" \/>\n<meta property=\"article:modified_time\" content=\"2021-06-11T13:41:53+00:00\" \/>\n<meta property=\"og:image\" content=\"https:\/\/homologacao.pacoteshyatt.com.br\/sao-paulo\/wp-content\/uploads\/sites\/3\/2020\/08\/3415-1.jpg\" \/>\n\t<meta property=\"og:image:width\" content=\"308\" \/>\n\t<meta property=\"og:image:height\" content=\"200\" \/>\n<meta name=\"twitter:card\" content=\"summary_large_image\" \/>\n<script type=\"application\/ld+json\" class=\"yoast-schema-graph\">{\"@context\":\"https:\/\/schema.org\",\"@graph\":[{\"@type\":\"WebSite\",\"@id\":\"https:\/\/homologacao.pacoteshyatt.com.br\/sao-paulo\/#website\",\"url\":\"https:\/\/homologacao.pacoteshyatt.com.br\/sao-paulo\/\",\"name\":\"GRAND HYATT S\\u00c3O PAULO\",\"description\":\"S\\u00f3 mais um site Hot\\u00e9is Grand Hyatt Rio de Janeiro e S\\u00e3o Paulo sites\",\"potentialAction\":[{\"@type\":\"SearchAction\",\"target\":{\"@type\":\"EntryPoint\",\"urlTemplate\":\"https:\/\/homologacao.pacoteshyatt.com.br\/sao-paulo\/?s={search_term_string}\"},\"query-input\":\"required name=search_term_string\"}],\"inLanguage\":\"pt-BR\"},{\"@type\":\"ImageObject\",\"@id\":\"https:\/\/homologacao.pacoteshyatt.com.br\/sao-paulo\/product\/feijuca-do-hyatt\/#primaryimage\",\"inLanguage\":\"pt-BR\",\"url\":\"https:\/\/homologacao.pacoteshyatt.com.br\/sao-paulo\/wp-content\/uploads\/sites\/3\/2020\/08\/3415-1.jpg\",\"contentUrl\":\"https:\/\/homologacao.pacoteshyatt.com.br\/sao-paulo\/wp-content\/uploads\/sites\/3\/2020\/08\/3415-1.jpg\",\"width\":308,\"height\":200},{\"@type\":\"WebPage\",\"@id\":\"https:\/\/homologacao.pacoteshyatt.com.br\/sao-paulo\/product\/feijuca-do-hyatt\/#webpage\",\"url\":\"https:\/\/homologacao.pacoteshyatt.com.br\/sao-paulo\/product\/feijuca-do-hyatt\/\",\"name\":\"FEIJUCA DO HYATT - GRAND HYATT S\\u00c3O PAULO\",\"isPartOf\":{\"@id\":\"https:\/\/homologacao.pacoteshyatt.com.br\/sao-paulo\/#website\"},\"primaryImageOfPage\":{\"@id\":\"https:\/\/homologacao.pacoteshyatt.com.br\/sao-paulo\/product\/feijuca-do-hyatt\/#primaryimage\"},\"datePublished\":\"2020-08-16T16:29:25+00:00\",\"dateModified\":\"2021-06-11T13:41:53+00:00\",\"breadcrumb\":{\"@id\":\"https:\/\/homologacao.pacoteshyatt.com.br\/sao-paulo\/product\/feijuca-do-hyatt\/#breadcrumb\"},\"inLanguage\":\"pt-BR\",\"potentialAction\":[{\"@type\":\"ReadAction\",\"target\":[\"https:\/\/homologacao.pacoteshyatt.com.br\/sao-paulo\/product\/feijuca-do-hyatt\/\"]}]},{\"@type\":\"BreadcrumbList\",\"@id\":\"https:\/\/homologacao.pacoteshyatt.com.br\/sao-paulo\/product\/feijuca-do-hyatt\/#breadcrumb\",\"itemListElement\":[{\"@type\":\"ListItem\",\"position\":1,\"name\":\"Home\",\"item\":\"https:\/\/homologacao.pacoteshyatt.com.br\/sao-paulo\/\"},{\"@type\":\"ListItem\",\"position\":2,\"name\":\"Shop\",\"item\":\"https:\/\/homologacao.pacoteshyatt.com.br\/sao-paulo\/shop\/\"},{\"@type\":\"ListItem\",\"position\":3,\"name\":\"FEIJUCA DO HYATT\"}]}]}<\/script>\n<!-- \/ Yoast SEO plugin. -->","yoast_head_json":{"title":"FEIJUCA DO HYATT - GRAND HYATT S\u00c3O PAULO","robots":{"index":"noindex","follow":"follow","max-snippet":"max-snippet:-1","max-image-preview":"max-image-preview:large","max-video-preview":"max-video-preview:-1"},"og_locale":"pt_BR","og_type":"article","og_title":"FEIJUCA DO HYATT - GRAND HYATT S\u00c3O PAULO","og_description":"Todos os\u00a0s\u00e1bados\u00a0o restaurante C-Cultura Caseira oferece a\u00a0Feijuca do Hyatt, com muita\u00a0caipirinha \u00e0 vontade. Aproveite todas as op\u00e7\u00f5es tradicionais da\u00a0aut\u00eantica feijoada\u00a0brasileira, al\u00e9m\u00a0saladas\u00a0e\u00a0petiscos.\u00a0Esta\u00e7\u00e3o de caipirinhas\u00a0\u00e0 vontade e um\u00a0buffet de sobremesas\u00a0t\u00edpicas brasileira tornam esta experi\u00eancia ainda mais gostosa. Afinal, quem resiste a um brigadeiro ou uma cocada? &nbsp; Garanta j\u00e1 o seu lugar. Todos os s\u00e1bados das 13h [&hellip;]","og_url":"https:\/\/homologacao.pacoteshyatt.com.br\/sao-paulo\/product\/feijuca-do-hyatt\/","og_site_name":"GRAND HYATT S\u00c3O PAULO","article_modified_time":"2021-06-11T13:41:53+00:00","og_image":[{"width":308,"height":200,"url":"https:\/\/homologacao.pacoteshyatt.com.br\/sao-paulo\/wp-content\/uploads\/sites\/3\/2020\/08\/3415-1.jpg","path":"\/home\/Hyatt\/homologacao.pacoteshyatt.com.br\/public_html\/wp-content\/uploads\/sites\/3\/2020\/08\/3415-1.jpg","size":"full","id":469,"alt":"","pixels":61600,"type":"image\/jpeg"}],"twitter_card":"summary_large_image","schema":{"@context":"https:\/\/schema.org","@graph":[{"@type":"WebSite","@id":"https:\/\/homologacao.pacoteshyatt.com.br\/sao-paulo\/#website","url":"https:\/\/homologacao.pacoteshyatt.com.br\/sao-paulo\/","name":"GRAND HYATT S\u00c3O PAULO","description":"S\u00f3 mais um site Hot\u00e9is Grand Hyatt Rio de Janeiro e S\u00e3o Paulo sites","potentialAction":[{"@type":"SearchAction","target":{"@type":"EntryPoint","urlTemplate":"https:\/\/homologacao.pacoteshyatt.com.br\/sao-paulo\/?s={search_term_string}"},"query-input":"required name=search_term_string"}],"inLanguage":"pt-BR"},{"@type":"ImageObject","@id":"https:\/\/homologacao.pacoteshyatt.com.br\/sao-paulo\/product\/feijuca-do-hyatt\/#primaryimage","inLanguage":"pt-BR","url":"https:\/\/homologacao.pacoteshyatt.com.br\/sao-paulo\/wp-content\/uploads\/sites\/3\/2020\/08\/3415-1.jpg","contentUrl":"https:\/\/homologacao.pacoteshyatt.com.br\/sao-paulo\/wp-content\/uploads\/sites\/3\/2020\/08\/3415-1.jpg","width":308,"height":200},{"@type":"WebPage","@id":"https:\/\/homologacao.pacoteshyatt.com.br\/sao-paulo\/product\/feijuca-do-hyatt\/#webpage","url":"https:\/\/homologacao.pacoteshyatt.com.br\/sao-paulo\/product\/feijuca-do-hyatt\/","name":"FEIJUCA DO HYATT - GRAND HYATT S\u00c3O PAULO","isPartOf":{"@id":"https:\/\/homologacao.pacoteshyatt.com.br\/sao-paulo\/#website"},"primaryImageOfPage":{"@id":"https:\/\/homologacao.pacoteshyatt.com.br\/sao-paulo\/product\/feijuca-do-hyatt\/#primaryimage"},"datePublished":"2020-08-16T16:29:25+00:00","dateModified":"2021-06-11T13:41:53+00:00","breadcrumb":{"@id":"https:\/\/homologacao.pacoteshyatt.com.br\/sao-paulo\/product\/feijuca-do-hyatt\/#breadcrumb"},"inLanguage":"pt-BR","potentialAction":[{"@type":"ReadAction","target":["https:\/\/homologacao.pacoteshyatt.com.br\/sao-paulo\/product\/feijuca-do-hyatt\/"]}]},{"@type":"BreadcrumbList","@id":"https:\/\/homologacao.pacoteshyatt.com.br\/sao-paulo\/product\/feijuca-do-hyatt\/#breadcrumb","itemListElement":[{"@type":"ListItem","position":1,"name":"Home","item":"https:\/\/homologacao.pacoteshyatt.com.br\/sao-paulo\/"},{"@type":"ListItem","position":2,"name":"Shop","item":"https:\/\/homologacao.pacoteshyatt.com.br\/sao-paulo\/shop\/"},{"@type":"ListItem","position":3,"name":"FEIJUCA DO HYATT"}]}]}},"_links":{"self":[{"href":"https:\/\/homologacao.pacoteshyatt.com.br\/sao-paulo\/wp-json\/wp\/v2\/product\/61"}],"collection":[{"href":"https:\/\/homologacao.pacoteshyatt.com.br\/sao-paulo\/wp-json\/wp\/v2\/product"}],"about":[{"href":"https:\/\/homologacao.pacoteshyatt.com.br\/sao-paulo\/wp-json\/wp\/v2\/types\/product"}],"replies":[{"embeddable":true,"href":"https:\/\/homologacao.pacoteshyatt.com.br\/sao-paulo\/wp-json\/wp\/v2\/comments?post=61"}],"wp:featuredmedia":[{"embeddable":true,"href":"https:\/\/homologacao.pacoteshyatt.com.br\/sao-paulo\/wp-json\/wp\/v2\/media\/469"}],"wp:attachment":[{"href":"https:\/\/homologacao.pacoteshyatt.com.br\/sao-paulo\/wp-json\/wp\/v2\/media?parent=61"}],"wp:term":[{"taxonomy":"product_cat","embeddable":true,"href":"https:\/\/homologacao.pacoteshyatt.com.br\/sao-paulo\/wp-json\/wp\/v2\/product_cat?post=61"},{"taxonomy":"product_tag","embeddable":true,"href":"https:\/\/homologacao.pacoteshyatt.com.br\/sao-paulo\/wp-json\/wp\/v2\/product_tag?post=61"}],"curies":[{"name":"wp","href":"https:\/\/api.w.org\/{rel}","templated":true}]}}