{"id":79,"date":"2020-10-05T12:28:48","date_gmt":"2020-10-05T15:28:48","guid":{"rendered":"https:\/\/homologacao.pacoteshyatt.com.br\/sao-paulo\/?post_type=product&#038;p=79"},"modified":"2021-01-19T12:58:28","modified_gmt":"2021-01-19T15:58:28","slug":"pacote-romance-premium","status":"publish","type":"product","link":"https:\/\/homologacao.pacoteshyatt.com.br\/sao-paulo\/product\/pacote-romance-premium\/","title":{"rendered":"PACOTE ROMANCE PREMIUM"},"content":{"rendered":"<p>Viva\u00a0<strong>momentos inesquec\u00edveis<\/strong>\u00a0com quem voc\u00ea mais ama! Desfrute os\u00a0<strong>servi\u00e7os cinco estrelas<\/strong>\u00a0e\u00a0<strong>amenities especiais<\/strong>\u00a0no pacote Romance Premium<\/p>\n","protected":false},"excerpt":{"rendered":"<p>Viva\u00a0momentos inesquec\u00edveis\u00a0com quem voc\u00ea mais ama! Desfrute os\u00a0servi\u00e7os cinco estrelas\u00a0e\u00a0amenities especiais\u00a0no pacote Romance Premium<\/p>\n","protected":false},"featured_media":80,"comment_status":"open","ping_status":"closed","template":"","meta":[],"product_cat":[19],"product_tag":[],"yoast_head":"<!-- This site is optimized with the Yoast SEO plugin v17.2.1 - https:\/\/yoast.com\/wordpress\/plugins\/seo\/ -->\n<title>PACOTE ROMANCE PREMIUM - GRAND HYATT S\u00c3O PAULO<\/title>\n<meta name=\"robots\" content=\"noindex, follow, max-snippet:-1, max-image-preview:large, max-video-preview:-1\" \/>\n<meta property=\"og:locale\" content=\"pt_BR\" \/>\n<meta property=\"og:type\" content=\"article\" \/>\n<meta property=\"og:title\" content=\"PACOTE ROMANCE PREMIUM - GRAND HYATT S\u00c3O PAULO\" \/>\n<meta property=\"og:description\" content=\"Viva\u00a0momentos inesquec\u00edveis\u00a0com quem voc\u00ea mais ama! Desfrute os\u00a0servi\u00e7os cinco estrelas\u00a0e\u00a0amenities especiais\u00a0no pacote Romance Premium\" \/>\n<meta property=\"og:url\" content=\"https:\/\/homologacao.pacoteshyatt.com.br\/sao-paulo\/product\/pacote-romance-premium\/\" \/>\n<meta property=\"og:site_name\" content=\"GRAND HYATT S\u00c3O PAULO\" \/>\n<meta property=\"article:modified_time\" content=\"2021-01-19T15:58:28+00:00\" \/>\n<meta property=\"og:image\" content=\"https:\/\/homologacao.pacoteshyatt.com.br\/sao-paulo\/wp-content\/uploads\/sites\/3\/2020\/10\/699.jpg\" \/>\n\t<meta property=\"og:image:width\" content=\"1920\" \/>\n\t<meta property=\"og:image:height\" content=\"433\" \/>\n<meta name=\"twitter:card\" content=\"summary_large_image\" \/>\n<script type=\"application\/ld+json\" class=\"yoast-schema-graph\">{\"@context\":\"https:\/\/schema.org\",\"@graph\":[{\"@type\":\"WebSite\",\"@id\":\"https:\/\/homologacao.pacoteshyatt.com.br\/sao-paulo\/#website\",\"url\":\"https:\/\/homologacao.pacoteshyatt.com.br\/sao-paulo\/\",\"name\":\"GRAND HYATT S\\u00c3O PAULO\",\"description\":\"S\\u00f3 mais um site Hot\\u00e9is Grand Hyatt Rio de Janeiro e S\\u00e3o Paulo sites\",\"potentialAction\":[{\"@type\":\"SearchAction\",\"target\":{\"@type\":\"EntryPoint\",\"urlTemplate\":\"https:\/\/homologacao.pacoteshyatt.com.br\/sao-paulo\/?s={search_term_string}\"},\"query-input\":\"required name=search_term_string\"}],\"inLanguage\":\"pt-BR\"},{\"@type\":\"ImageObject\",\"@id\":\"https:\/\/homologacao.pacoteshyatt.com.br\/sao-paulo\/product\/pacote-romance-premium\/#primaryimage\",\"inLanguage\":\"pt-BR\",\"url\":\"https:\/\/homologacao.pacoteshyatt.com.br\/sao-paulo\/wp-content\/uploads\/sites\/3\/2020\/10\/699.jpg\",\"contentUrl\":\"https:\/\/homologacao.pacoteshyatt.com.br\/sao-paulo\/wp-content\/uploads\/sites\/3\/2020\/10\/699.jpg\",\"width\":1920,\"height\":433},{\"@type\":\"WebPage\",\"@id\":\"https:\/\/homologacao.pacoteshyatt.com.br\/sao-paulo\/product\/pacote-romance-premium\/#webpage\",\"url\":\"https:\/\/homologacao.pacoteshyatt.com.br\/sao-paulo\/product\/pacote-romance-premium\/\",\"name\":\"PACOTE ROMANCE PREMIUM - GRAND HYATT S\\u00c3O PAULO\",\"isPartOf\":{\"@id\":\"https:\/\/homologacao.pacoteshyatt.com.br\/sao-paulo\/#website\"},\"primaryImageOfPage\":{\"@id\":\"https:\/\/homologacao.pacoteshyatt.com.br\/sao-paulo\/product\/pacote-romance-premium\/#primaryimage\"},\"datePublished\":\"2020-10-05T15:28:48+00:00\",\"dateModified\":\"2021-01-19T15:58:28+00:00\",\"breadcrumb\":{\"@id\":\"https:\/\/homologacao.pacoteshyatt.com.br\/sao-paulo\/product\/pacote-romance-premium\/#breadcrumb\"},\"inLanguage\":\"pt-BR\",\"potentialAction\":[{\"@type\":\"ReadAction\",\"target\":[\"https:\/\/homologacao.pacoteshyatt.com.br\/sao-paulo\/product\/pacote-romance-premium\/\"]}]},{\"@type\":\"BreadcrumbList\",\"@id\":\"https:\/\/homologacao.pacoteshyatt.com.br\/sao-paulo\/product\/pacote-romance-premium\/#breadcrumb\",\"itemListElement\":[{\"@type\":\"ListItem\",\"position\":1,\"name\":\"Home\",\"item\":\"https:\/\/homologacao.pacoteshyatt.com.br\/sao-paulo\/\"},{\"@type\":\"ListItem\",\"position\":2,\"name\":\"Shop\",\"item\":\"https:\/\/homologacao.pacoteshyatt.com.br\/sao-paulo\/shop\/\"},{\"@type\":\"ListItem\",\"position\":3,\"name\":\"PACOTE ROMANCE PREMIUM\"}]}]}<\/script>\n<!-- \/ Yoast SEO plugin. -->","yoast_head_json":{"title":"PACOTE ROMANCE PREMIUM - GRAND HYATT S\u00c3O PAULO","robots":{"index":"noindex","follow":"follow","max-snippet":"max-snippet:-1","max-image-preview":"max-image-preview:large","max-video-preview":"max-video-preview:-1"},"og_locale":"pt_BR","og_type":"article","og_title":"PACOTE ROMANCE PREMIUM - GRAND HYATT S\u00c3O PAULO","og_description":"Viva\u00a0momentos inesquec\u00edveis\u00a0com quem voc\u00ea mais ama! Desfrute os\u00a0servi\u00e7os cinco estrelas\u00a0e\u00a0amenities especiais\u00a0no pacote Romance Premium","og_url":"https:\/\/homologacao.pacoteshyatt.com.br\/sao-paulo\/product\/pacote-romance-premium\/","og_site_name":"GRAND HYATT S\u00c3O PAULO","article_modified_time":"2021-01-19T15:58:28+00:00","og_image":[{"width":1920,"height":433,"url":"https:\/\/homologacao.pacoteshyatt.com.br\/sao-paulo\/wp-content\/uploads\/sites\/3\/2020\/10\/699.jpg","path":"\/home\/Hyatt\/homologacao.pacoteshyatt.com.br\/public_html\/wp-content\/uploads\/sites\/3\/2020\/10\/699.jpg","size":"full","id":80,"alt":"","pixels":831360,"type":"image\/jpeg"}],"twitter_card":"summary_large_image","schema":{"@context":"https:\/\/schema.org","@graph":[{"@type":"WebSite","@id":"https:\/\/homologacao.pacoteshyatt.com.br\/sao-paulo\/#website","url":"https:\/\/homologacao.pacoteshyatt.com.br\/sao-paulo\/","name":"GRAND HYATT S\u00c3O PAULO","description":"S\u00f3 mais um site Hot\u00e9is Grand Hyatt Rio de Janeiro e S\u00e3o Paulo sites","potentialAction":[{"@type":"SearchAction","target":{"@type":"EntryPoint","urlTemplate":"https:\/\/homologacao.pacoteshyatt.com.br\/sao-paulo\/?s={search_term_string}"},"query-input":"required name=search_term_string"}],"inLanguage":"pt-BR"},{"@type":"ImageObject","@id":"https:\/\/homologacao.pacoteshyatt.com.br\/sao-paulo\/product\/pacote-romance-premium\/#primaryimage","inLanguage":"pt-BR","url":"https:\/\/homologacao.pacoteshyatt.com.br\/sao-paulo\/wp-content\/uploads\/sites\/3\/2020\/10\/699.jpg","contentUrl":"https:\/\/homologacao.pacoteshyatt.com.br\/sao-paulo\/wp-content\/uploads\/sites\/3\/2020\/10\/699.jpg","width":1920,"height":433},{"@type":"WebPage","@id":"https:\/\/homologacao.pacoteshyatt.com.br\/sao-paulo\/product\/pacote-romance-premium\/#webpage","url":"https:\/\/homologacao.pacoteshyatt.com.br\/sao-paulo\/product\/pacote-romance-premium\/","name":"PACOTE ROMANCE PREMIUM - GRAND HYATT S\u00c3O PAULO","isPartOf":{"@id":"https:\/\/homologacao.pacoteshyatt.com.br\/sao-paulo\/#website"},"primaryImageOfPage":{"@id":"https:\/\/homologacao.pacoteshyatt.com.br\/sao-paulo\/product\/pacote-romance-premium\/#primaryimage"},"datePublished":"2020-10-05T15:28:48+00:00","dateModified":"2021-01-19T15:58:28+00:00","breadcrumb":{"@id":"https:\/\/homologacao.pacoteshyatt.com.br\/sao-paulo\/product\/pacote-romance-premium\/#breadcrumb"},"inLanguage":"pt-BR","potentialAction":[{"@type":"ReadAction","target":["https:\/\/homologacao.pacoteshyatt.com.br\/sao-paulo\/product\/pacote-romance-premium\/"]}]},{"@type":"BreadcrumbList","@id":"https:\/\/homologacao.pacoteshyatt.com.br\/sao-paulo\/product\/pacote-romance-premium\/#breadcrumb","itemListElement":[{"@type":"ListItem","position":1,"name":"Home","item":"https:\/\/homologacao.pacoteshyatt.com.br\/sao-paulo\/"},{"@type":"ListItem","position":2,"name":"Shop","item":"https:\/\/homologacao.pacoteshyatt.com.br\/sao-paulo\/shop\/"},{"@type":"ListItem","position":3,"name":"PACOTE ROMANCE PREMIUM"}]}]}},"_links":{"self":[{"href":"https:\/\/homologacao.pacoteshyatt.com.br\/sao-paulo\/wp-json\/wp\/v2\/product\/79"}],"collection":[{"href":"https:\/\/homologacao.pacoteshyatt.com.br\/sao-paulo\/wp-json\/wp\/v2\/product"}],"about":[{"href":"https:\/\/homologacao.pacoteshyatt.com.br\/sao-paulo\/wp-json\/wp\/v2\/types\/product"}],"replies":[{"embeddable":true,"href":"https:\/\/homologacao.pacoteshyatt.com.br\/sao-paulo\/wp-json\/wp\/v2\/comments?post=79"}],"wp:featuredmedia":[{"embeddable":true,"href":"https:\/\/homologacao.pacoteshyatt.com.br\/sao-paulo\/wp-json\/wp\/v2\/media\/80"}],"wp:attachment":[{"href":"https:\/\/homologacao.pacoteshyatt.com.br\/sao-paulo\/wp-json\/wp\/v2\/media?parent=79"}],"wp:term":[{"taxonomy":"product_cat","embeddable":true,"href":"https:\/\/homologacao.pacoteshyatt.com.br\/sao-paulo\/wp-json\/wp\/v2\/product_cat?post=79"},{"taxonomy":"product_tag","embeddable":true,"href":"https:\/\/homologacao.pacoteshyatt.com.br\/sao-paulo\/wp-json\/wp\/v2\/product_tag?post=79"}],"curies":[{"name":"wp","href":"https:\/\/api.w.org\/{rel}","templated":true}]}}